{"id":2406,"date":"2024-06-02T09:32:33","date_gmt":"2024-06-02T12:32:33","guid":{"rendered":"http:\/\/justlaser.com.br\/alugueldelasers\/?page_id=2406"},"modified":"2025-03-05T13:26:35","modified_gmt":"2025-03-05T16:26:35","slug":"locacao-aluguel-do-laser-plataforma-etherea-mx-sao-paulo","status":"publish","type":"page","link":"https:\/\/justlaser.com.br\/alugueldelasers\/aluguel-locacao-de-lasers\/locacao-aluguel-do-laser-plataforma-etherea-mx-sao-paulo\/","title":{"rendered":"Aluguel do Etherea MX"},"content":{"rendered":"<h1>Aluguel do Etherea MX<\/h1>\n<p><span style=\"font-size: 20px;\">Saiba tudo sobre Aluguel do Etherea MX aqui, logo abaixo.\u00a0<\/span><\/p>\n<p><img decoding=\"async\" class=\"aligncenter size-full wp-image-2712\" src=\"https:\/\/justlaser.com.br\/alugueldelasers\/wp-content\/uploads\/2021\/07\/LOCACAO-ETHEREA-ALUGUEL-HARMONY-2.png\" alt=\"LOCACAO ETHEREA ALUGUEL HARMONY\" width=\"1911\" height=\"712\" title=\"\" srcset=\"https:\/\/justlaser.com.br\/alugueldelasers\/wp-content\/uploads\/2021\/07\/LOCACAO-ETHEREA-ALUGUEL-HARMONY-2-50x19.png 50w, https:\/\/justlaser.com.br\/alugueldelasers\/wp-content\/uploads\/2021\/07\/LOCACAO-ETHEREA-ALUGUEL-HARMONY-2-150x56.png 150w, https:\/\/justlaser.com.br\/alugueldelasers\/wp-content\/uploads\/2021\/07\/LOCACAO-ETHEREA-ALUGUEL-HARMONY-2-260x97.png 260w, https:\/\/justlaser.com.br\/alugueldelasers\/wp-content\/uploads\/2021\/07\/LOCACAO-ETHEREA-ALUGUEL-HARMONY-2-300x112.png 300w, https:\/\/justlaser.com.br\/alugueldelasers\/wp-content\/uploads\/2021\/07\/LOCACAO-ETHEREA-ALUGUEL-HARMONY-2-500x186.png 500w, https:\/\/justlaser.com.br\/alugueldelasers\/wp-content\/uploads\/2021\/07\/LOCACAO-ETHEREA-ALUGUEL-HARMONY-2-700x261.png 700w, https:\/\/justlaser.com.br\/alugueldelasers\/wp-content\/uploads\/2021\/07\/LOCACAO-ETHEREA-ALUGUEL-HARMONY-2-768x286.png 768w, https:\/\/justlaser.com.br\/alugueldelasers\/wp-content\/uploads\/2021\/07\/LOCACAO-ETHEREA-ALUGUEL-HARMONY-2-1024x382.png 1024w, https:\/\/justlaser.com.br\/alugueldelasers\/wp-content\/uploads\/2021\/07\/LOCACAO-ETHEREA-ALUGUEL-HARMONY-2.png 1911w\" sizes=\"(max-width: 1911px) 100vw, 1911px\" \/><\/p>\n<p>&nbsp;<\/p>\n<ul>\n<li><span style=\"font-size: 14pt;\">Vers\u00e1til: mais de 70 indica\u00e7\u00f5es de tratamentos cl\u00ednicos e est\u00e9ticos.<\/span><\/li>\n<li><span style=\"font-size: 14pt;\">Compat\u00edvel com o handPICO<sup><strong>\u00ae<\/strong><\/sup>, o primeiro e \u00fanico handpiece em picossegundos do mundo.<\/span><\/li>\n<li><span style=\"font-size: 14pt;\">Tecnologia de ponta, presente em mais de 30 pa\u00edses incluindo USA e Canad\u00e1.<\/span><\/li>\n<li><span style=\"font-size: 14pt;\">L\u00edder absoluto em vendas no mercado brasileiro com quase 2.000 unidades vendidas.<\/span><\/li>\n<li><span style=\"font-size: 14pt;\">Estabilidade, seguran\u00e7a e robustez.<\/span><\/li>\n<li><span style=\"font-size: 14pt;\">Reconhecido pela classe m\u00e9dica por sua qualidade e garantia de resultados.<\/span><\/li>\n<li><span style=\"font-size: 14pt;\">2 anos de garantia para a plataforma*.<\/span><\/li>\n<\/ul>\n<h2>Se voc\u00ea procura aluguel do Etherea MX, entre em contato agora !<\/h2>\n<p><span style=\"font-size: 14pt;\">Somos especialistas em treinamento e aluguel do Etherea MX em S\u00e3o Paulo e arredores.<\/span><\/p>\n<h3>\u00a0<strong>A PLATAFORMA LASER BRASILEIRA MAIS VENDIDA NO MUNDO, DISPON\u00cdVEL PARA ALUGUEL\u00a0<\/strong><\/h3>\n<p>&nbsp;<\/p>\n<p><iframe src=\"\/\/www.youtube.com\/embed\/JHCT89RbAS8\" width=\"560\" height=\"314\" allowfullscreen=\"allowfullscreen\"><\/iframe><\/p>\n<div id=\"rd-text-kfwxnui0\" class=\"bricks--component bricks--component-text rd-text\">\n<h3><span style=\"font-size: 18pt;\"><strong>Aluguel do laser Etherea MX &#8211; Por que?\u00a0 \u00a0Mais de\u00a0 1.800+ unidades vendidas<\/strong><\/span><\/h3>\n<p><span style=\"font-size: 14pt;\">Uma conquista t\u00e3o robusta quanto a plataforma.<\/span><\/p>\n<\/div>\n<div id=\"rd-text-kfwxoi1m\" class=\"bricks--component bricks--component-text rd-text\">\n<p><span style=\"font-size: 14pt;\">Atingir a lideran\u00e7a e permanecer no topo s\u00f3 \u00e9 poss\u00edvel atrav\u00e9s de muita dedica\u00e7\u00e3o ao mais alto n\u00edvel de pesquisa e desenvolvimento.<\/span><br \/>\n<span style=\"font-size: 14pt;\">O <a href=\"https:\/\/www.vydence.com\/pt\/home\/\" target=\"_blank\" rel=\"noopener\">ETHEREA MX<\/a>\u00ae continua conquistando a confian\u00e7a de m\u00e9dicos e de pacientes em todo o mundo, devido a essa dedica\u00e7\u00e3o, sempre com foco em projetos de amplo espectro.<\/span><\/p>\n<div class=\"et_pb_module et_pb_text et_pb_text_13 et_pb_text_align_left et_pb_bg_layout_light\">\n<div class=\"et_pb_text_inner\">\n<h3><span style=\"font-size: 18pt;\">ETHEREA MX \u00c9 SIM LIDERAN\u00c7A COMPROVADA EM N\u00daMEROS<\/span><\/h3>\n<\/div>\n<\/div>\n<div class=\"et_pb_module et_pb_text et_pb_text_14 et_pb_text_align_left et_pb_bg_layout_light et_had_animation\">\n<div class=\"et_pb_text_inner\">\n<div class=\"icon_t\"><img decoding=\"async\" class=\"alignleft wp-image-2664 size-medium\" title=\"ALUGUEL ETHEREA MX\" src=\"https:\/\/justlaser.com.br\/alugueldelasers\/wp-content\/uploads\/2021\/07\/ALUGUEL-ETHEREA-MX-300x300.jpg\" alt=\"ALUGUEL ETHEREA MX\" width=\"300\" height=\"300\" srcset=\"https:\/\/justlaser.com.br\/alugueldelasers\/wp-content\/uploads\/2021\/07\/ALUGUEL-ETHEREA-MX-50x50.jpg 50w, https:\/\/justlaser.com.br\/alugueldelasers\/wp-content\/uploads\/2021\/07\/ALUGUEL-ETHEREA-MX-75x75.jpg 75w, https:\/\/justlaser.com.br\/alugueldelasers\/wp-content\/uploads\/2021\/07\/ALUGUEL-ETHEREA-MX-80x80.jpg 80w, https:\/\/justlaser.com.br\/alugueldelasers\/wp-content\/uploads\/2021\/07\/ALUGUEL-ETHEREA-MX-85x85.jpg 85w, https:\/\/justlaser.com.br\/alugueldelasers\/wp-content\/uploads\/2021\/07\/ALUGUEL-ETHEREA-MX-146x146.jpg 146w, https:\/\/justlaser.com.br\/alugueldelasers\/wp-content\/uploads\/2021\/07\/ALUGUEL-ETHEREA-MX-150x150.jpg 150w, https:\/\/justlaser.com.br\/alugueldelasers\/wp-content\/uploads\/2021\/07\/ALUGUEL-ETHEREA-MX-200x200.jpg 200w, https:\/\/justlaser.com.br\/alugueldelasers\/wp-content\/uploads\/2021\/07\/ALUGUEL-ETHEREA-MX-300x300.jpg 300w, https:\/\/justlaser.com.br\/alugueldelasers\/wp-content\/uploads\/2021\/07\/ALUGUEL-ETHEREA-MX-500x500.jpg 500w, https:\/\/justlaser.com.br\/alugueldelasers\/wp-content\/uploads\/2021\/07\/ALUGUEL-ETHEREA-MX-700x700.jpg 700w, https:\/\/justlaser.com.br\/alugueldelasers\/wp-content\/uploads\/2021\/07\/ALUGUEL-ETHEREA-MX-768x768.jpg 768w, https:\/\/justlaser.com.br\/alugueldelasers\/wp-content\/uploads\/2021\/07\/ALUGUEL-ETHEREA-MX-1024x1024.jpg 1024w, https:\/\/justlaser.com.br\/alugueldelasers\/wp-content\/uploads\/2021\/07\/ALUGUEL-ETHEREA-MX.jpg 1200w\" sizes=\"(max-width: 300px) 100vw, 300px\" \/><\/div>\n<div class=\"topico_ethera\">\n<h6 class=\"titulo_altura\"><span style=\"font-size: 14pt;\"><strong>UM MARCO DE MAIS DE 1000 ETHEREA\u00ae VENDIDOS AT\u00c9 2018<\/strong><\/span><\/h6>\n<p><span style=\"font-size: 14pt;\">S\u00e3o mais de 1.000 aparelhos vendidos e mais de 750.000 tratamentos realizados, consolidando ETHEREA como a plataforma laser brasileira mais vendida no mundo;.<\/span><\/p>\n<\/div>\n<\/div>\n<\/div>\n<div class=\"et_pb_module et_pb_text et_pb_text_15 et_pb_text_align_left et_pb_bg_layout_light et_had_animation\">\n<div class=\"et_pb_text_inner\">\n<div class=\"icon_t\"><\/div>\n<div class=\"topico_ethera\">\n<h6 class=\"titulo_altura\"><span style=\"font-size: 20px;\"><strong>A TECNOLOGIA ETHEREA\u00ae PRESENTE EM TODOS OS 5 CONTINENTES<\/strong><\/span><\/h6>\n<p><span style=\"font-size: 20px;\">Uma tecnologia genuinamente brasileira que hoje est\u00e1 presente na Am\u00e9rica do Norte, Europa, Oriente M\u00e9dio, \u00c1sia e Oceania, consolidando seu espa\u00e7o como marca de valor, confian\u00e7a e alta performance.<\/span><\/p>\n<\/div>\n<\/div>\n<\/div>\n<div class=\"et_pb_module et_pb_text et_pb_text_16 et_pb_text_align_left et_pb_bg_layout_light et_had_animation\">\n<div class=\"et_pb_text_inner\">\n<div class=\"icon_t\"><span style=\"font-size: 20px;\"><strong>Temos nas m\u00e1quinas novas 2 ANOS DE GARANTIA E AINDA MAIS ESTABILIDADE E ROBUSTEZ<\/strong><\/span><\/div>\n<div class=\"topico_ethera\">\n<p><span style=\"font-size: 20px;\">ETHEREA-MX\u00ae traz um sistema ainda mais completo que oferece um plano de garantia \u00fanico e exclusivo no mercado de plataformas LASERS no Brasil.<\/span><\/p>\n<\/div>\n<\/div>\n<\/div>\n<div class=\"et_pb_module et_pb_text et_pb_text_17 et_pb_text_align_left et_pb_bg_layout_light et_had_animation\">\n<div class=\"et_pb_text_inner\">\n<div class=\"icon_t\"><span style=\"font-size: 20px;\"><img decoding=\"async\" class=\"alignright wp-image-2423 size-medium\" title=\"ALUGUEL ETHEREA MX\" src=\"https:\/\/justlaser.com.br\/alugueldelasers\/wp-content\/uploads\/2017\/11\/etherea-aluguel-ponteiras-1024x684-300x200.jpg\" alt=\"ALUGUEL ETHEREA MX\" width=\"300\" height=\"200\" srcset=\"https:\/\/justlaser.com.br\/alugueldelasers\/wp-content\/uploads\/2017\/11\/etherea-aluguel-ponteiras-1024x684-50x33.jpg 50w, https:\/\/justlaser.com.br\/alugueldelasers\/wp-content\/uploads\/2017\/11\/etherea-aluguel-ponteiras-1024x684-112x75.jpg 112w, https:\/\/justlaser.com.br\/alugueldelasers\/wp-content\/uploads\/2017\/11\/etherea-aluguel-ponteiras-1024x684-219x146.jpg 219w, https:\/\/justlaser.com.br\/alugueldelasers\/wp-content\/uploads\/2017\/11\/etherea-aluguel-ponteiras-1024x684-300x200.jpg 300w, https:\/\/justlaser.com.br\/alugueldelasers\/wp-content\/uploads\/2017\/11\/etherea-aluguel-ponteiras-1024x684-500x334.jpg 500w, https:\/\/justlaser.com.br\/alugueldelasers\/wp-content\/uploads\/2017\/11\/etherea-aluguel-ponteiras-1024x684-700x468.jpg 700w, https:\/\/justlaser.com.br\/alugueldelasers\/wp-content\/uploads\/2017\/11\/etherea-aluguel-ponteiras-1024x684-768x513.jpg 768w, https:\/\/justlaser.com.br\/alugueldelasers\/wp-content\/uploads\/2017\/11\/etherea-aluguel-ponteiras-1024x684.jpg 1024w\" sizes=\"(max-width: 300px) 100vw, 300px\" \/><\/span><\/div>\n<div class=\"topico_ethera\">\n<h3 class=\"titulo_altura\"><span style=\"font-size: 20px;\"><strong>UMA \u00daNICA PLATAFORMA COM MAIS DE 70 INDICA\u00c7\u00d5ES DE TRATAMENTO<\/strong><\/span><\/h3>\n<p><span style=\"font-size: 20px;\">ETHEREA-MX\u00ae busca atender \u00e0s necessidades espec\u00edficas de m\u00e9dicos e pacientes, oferecendo ampla variedade em indica\u00e7\u00f5es de tratamento cl\u00ednicos e est\u00e9ticos.<\/span><\/p>\n<\/div>\n<\/div>\n<\/div>\n<div class=\"et_pb_module et_pb_text et_pb_text_18 et_pb_text_align_left et_pb_bg_layout_light et_had_animation\">\n<div class=\"et_pb_text_inner\">\n<div class=\"icon_t\"><span style=\"font-size: 20px;\"><strong>A MESMA VERSATILIDADE COM A EXCLUSIVA TECNOLOGIA DE FILTROS E SPOTS ALL-IN-ONE NO ALUGUEL DO EQUIPAMENTO<\/strong><\/span><\/div>\n<div class=\"topico_ethera\">\n<p><span style=\"font-size: 20px;\">Al\u00e9m da mais completa tecnologia de IPL do mercado, com 6 diferentes comprimentos de onda, os handpieces LASER de ETHEREA-MX\u00ae possuem ainda todos os tamanhos de spot ajust\u00e1veis dispon\u00edveis.<\/span><\/p>\n<\/div>\n<\/div>\n<\/div>\n<div class=\"et_pb_module et_pb_text et_pb_text_19 et_pb_text_align_left et_pb_bg_layout_light et_had_animation\">\n<div class=\"et_pb_text_inner\">\n<h4 class=\"icon_t\"><span style=\"font-size: 20px;\"><strong>SUPORTE E SERVI\u00c7OS T\u00c9CNICOS QUE REVOLUCIONARAM O MERCADO DE ALGUEL DO ETHEREA<\/strong><\/span><\/h4>\n<div class=\"topico_ethera\">\n<p><span style=\"font-size: 14pt;\">Al\u00e9m do reconhecido pioneirismo no mercado nacional, ETHEREA-MX\u00ae conta com assist\u00eancia t\u00e9cnica e reposi\u00e7\u00e3o permanente de pe\u00e7as, tornando a VYDENCE refer\u00eancia no p\u00f3s-vendas.<\/span><\/p>\n<\/div>\n<\/div>\n<\/div>\n<p><img decoding=\"async\" class=\"aligncenter wp-image-2699 size-full\" title=\"ALUGUEL ETHEREA MX\" src=\"https:\/\/justlaser.com.br\/alugueldelasers\/wp-content\/uploads\/2021\/07\/ETEHREA-LOCACAO.png\" alt=\"ETEHREA LOCACAO\" width=\"1200\" height=\"500\" srcset=\"https:\/\/justlaser.com.br\/alugueldelasers\/wp-content\/uploads\/2021\/07\/ETEHREA-LOCACAO-50x21.png 50w, https:\/\/justlaser.com.br\/alugueldelasers\/wp-content\/uploads\/2021\/07\/ETEHREA-LOCACAO-150x63.png 150w, https:\/\/justlaser.com.br\/alugueldelasers\/wp-content\/uploads\/2021\/07\/ETEHREA-LOCACAO-260x108.png 260w, https:\/\/justlaser.com.br\/alugueldelasers\/wp-content\/uploads\/2021\/07\/ETEHREA-LOCACAO-300x125.png 300w, https:\/\/justlaser.com.br\/alugueldelasers\/wp-content\/uploads\/2021\/07\/ETEHREA-LOCACAO-500x208.png 500w, https:\/\/justlaser.com.br\/alugueldelasers\/wp-content\/uploads\/2021\/07\/ETEHREA-LOCACAO-700x292.png 700w, https:\/\/justlaser.com.br\/alugueldelasers\/wp-content\/uploads\/2021\/07\/ETEHREA-LOCACAO-768x320.png 768w, https:\/\/justlaser.com.br\/alugueldelasers\/wp-content\/uploads\/2021\/07\/ETEHREA-LOCACAO-1024x427.png 1024w, https:\/\/justlaser.com.br\/alugueldelasers\/wp-content\/uploads\/2021\/07\/ETEHREA-LOCACAO.png 1200w\" sizes=\"(max-width: 1200px) 100vw, 1200px\" \/><\/p>\n<\/div>\n<p>&nbsp;<\/p>\n<p><span style=\"font-size: 28px;\"><strong>Veja links de outros aparelhos para loca\u00e7\u00e3o:<\/strong><\/span><\/p>\n<p><span style=\"font-size: 20px;\"><a href=\"https:\/\/justlaser.com.br\/alugueldelasers\/aluguel-locacao-de-lasers\/locacao-aluguel-do-laser-plataforma-ethereamx-sao-paulo\/\">Aluguel Etherea MX<\/a><\/span><\/p>\n<p><span style=\"font-size: 20px;\"><a href=\"https:\/\/justlaser.com.br\/alugueldelasers\/aluguel-e-locacao-de-laser-para-depilacao-a-laser\/aluguel-soprano-platinum\">Aluguel\u00a0 Soprano Platinum<\/a><\/span><\/p>\n<p><span style=\"font-size: 20px;\"><a href=\"https:\/\/justlaser.com.br\/alugueldelasers\/aluguel-e-locacao-de-laser-para-depilacao-a-laser\/locacao-de-soprano-platinum\/\"><strong>Loca\u00e7\u00e3o de Soprano Platinum<\/strong><\/a><\/span><\/p>\n<p><span style=\"font-size: 20px;\"><a href=\"https:\/\/endoliftacademy.com.br\/\" target=\"_blank\" rel=\"noopener\">Curso de Endolaser<\/a><\/span><\/p>\n<p><span style=\"font-size: 20px;\"><strong><a href=\"https:\/\/www.instagram.com\/endoliftacademybrasil\/\" target=\"_blank\" rel=\"noopener\">Tudo sobre Endolaser &#8211; dicas e cursos no Instagram\u00a0<\/a><\/strong><\/span><\/p>\n<p><span style=\"font-size: 20px;\"><a href=\"https:\/\/justlaser.com.br\/alugueldelasers\/aluguel-de-endolift\/\"><strong>J\u00e1 pensou em aluguel do ENDOLASER\u00a0\u00a0<\/strong><\/a><\/span><\/p>\n<p><span style=\"font-size: 14pt;\"><a href=\"https:\/\/justlaser.com.br\/alugueldelasers\/aluguel-ultrassom-macro-focado-scizer\/aluguel-do-scizer\/\">Aluguel do Scizer\u00a0<\/a><\/span><\/p>\n<p><span style=\"font-size: 14pt;\"><a href=\"https:\/\/justlaser.com.br\/alugueldelasers\/aluguel-ultrassom-macro-focado-scizer\/locacao-scizer\">Loca\u00e7\u00e3o do Scizer pelo Brasil\u00a0<\/a><\/span><\/p>\n<p><span style=\"font-size: 14pt;\"><a href=\"https:\/\/justlaser.com.br\/alugueldelasers\/aluguel-locacao-de-lasers\/locacao-aluguel-do-laser-plataforma-ethereamx-sao-paulo\/\">Aluguel Etherea MX<\/a><\/span><\/p>\n<p>&nbsp;<\/p>\n<p><span style=\"font-size: 20px;\"><strong>N\u00e3o perca tempo!<\/strong> <\/span><\/p>\n<p><span style=\"font-size: 20px;\">Traga a tecnologia de depila\u00e7\u00e3o a laser mais avan\u00e7ada do mundo para o seu espa\u00e7o e ofere\u00e7a aos seus clientes <strong>seguran\u00e7a, efic\u00e1cia e conforto<\/strong> com o Soprano Platinum da Just Laser.<\/span><\/p>\n<blockquote><p><span style=\"font-size: 28px;\"><strong>Chame a gente agora, pelo Whatsapp.<br \/>\nO link est\u00e1 logo aqui: abaixo \u00e0 direita!<\/strong><\/span><\/p><\/blockquote>\n<p>&nbsp;<\/p>\n<p><span style=\"font-size: 14pt;\"><em><strong>Se voc\u00ea procura <a href=\"https:\/\/justlaser.com.br\/alugueldelasers\/aluguel-locacao-de-lasers\/locacao-aluguel-do-laser-plataforma-etherea-mx-sao-paulo\/\">aluguel loca\u00e7\u00e3o do Etherea MX<\/a><br \/>\n<\/strong><\/em><em><strong>ou treinamento de Etherea MX: entre em contato !<\/strong><\/em><\/span><\/p>\n<h2><span style=\"font-size: 18pt;\">Procurando <a href=\"https:\/\/justlaser.com.br\/alugueldelasers\/aluguel-locacao-de-lasers\/locacao-aluguel-do-laser-plataforma-etherea-mx-sao-paulo\/\">aluguel e treinamento do\u00a0<em><strong>Etherea MX<\/strong><\/em><\/a>?<br \/>\n<\/span><\/h2>\n<h2><span style=\"font-size: 18pt;\"><a href=\"https:\/\/api.whatsapp.com\/send?phone=5511940843111\" target=\"_blank\" rel=\"nofollow noopener\"><img decoding=\"async\" class=\"alignleft\" title=\"Aluguel ETHEREA\" src=\"https:\/\/justlaser.com.br\/alugueldelasers\/wp-content\/uploads\/2022\/02\/aluguel-uthera-3.jpg\" alt=\"Aluguel ETHEREA\" width=\"400\" height=\"186\" \/><\/a><\/span><\/h2>\n<h2><span style=\"font-size: 18pt;\">Entre em contato ! Agora pelo whatsapp aqui do lado !<br \/>\n<\/span><span style=\"font-size: 18pt;\">Geralmente cobrimos todos os or\u00e7amentos !<\/span><\/h2>\n","protected":false},"excerpt":{"rendered":"<p>Aluguel do Etherea MX Saiba tudo sobre Aluguel do Etherea MX aqui, logo abaixo.\u00a0 [&hellip;]<\/p>\n","protected":false},"author":1,"featured_media":0,"parent":2405,"menu_order":0,"comment_status":"closed","ping_status":"closed","template":"","meta":{"footnotes":""},"_links":{"self":[{"href":"https:\/\/justlaser.com.br\/alugueldelasers\/wp-json\/wp\/v2\/pages\/2406"}],"collection":[{"href":"https:\/\/justlaser.com.br\/alugueldelasers\/wp-json\/wp\/v2\/pages"}],"about":[{"href":"https:\/\/justlaser.com.br\/alugueldelasers\/wp-json\/wp\/v2\/types\/page"}],"author":[{"embeddable":true,"href":"https:\/\/justlaser.com.br\/alugueldelasers\/wp-json\/wp\/v2\/users\/1"}],"replies":[{"embeddable":true,"href":"https:\/\/justlaser.com.br\/alugueldelasers\/wp-json\/wp\/v2\/comments?post=2406"}],"version-history":[{"count":0,"href":"https:\/\/justlaser.com.br\/alugueldelasers\/wp-json\/wp\/v2\/pages\/2406\/revisions"}],"up":[{"embeddable":true,"href":"https:\/\/justlaser.com.br\/alugueldelasers\/wp-json\/wp\/v2\/pages\/2405"}],"wp:attachment":[{"href":"https:\/\/justlaser.com.br\/alugueldelasers\/wp-json\/wp\/v2\/media?parent=2406"}],"curies":[{"name":"wp","href":"https:\/\/api.w.org\/{rel}","templated":true}]}}