{"id":2408,"date":"2021-11-01T10:00:35","date_gmt":"2021-11-01T13:00:35","guid":{"rendered":"http:\/\/justlaser.com.br\/alugueldelasers\/?page_id=2408"},"modified":"2022-01-05T21:24:35","modified_gmt":"2022-01-06T00:24:35","slug":"aluguel-locacao-lightsheer-et-depilacao","status":"publish","type":"page","link":"https:\/\/justlaser.com.br\/alugueldelasers\/aluguel-locacao-lightsheer-et-depilacao\/","title":{"rendered":"Aluguel \/ Loca\u00e7\u00e3o do laser  Light Sheer ET \u2013 SP"},"content":{"rendered":"<h1>Aluguel \/ Loca\u00e7\u00e3o do laser Light Sheer ET \u2013 SP<\/h1>\n<p><img decoding=\"async\" class=\"aligncenter size-full wp-image-2766\" src=\"https:\/\/justlaser.com.br\/alugueldelasers\/wp-content\/uploads\/2021\/11\/aluguel-sao-paulo-locacao-light-sheer-et-400.jpg\" alt=\"aluguel sao paulo locacao-light-sheer-et-400\" width=\"800\" height=\"250\" title=\"\" srcset=\"https:\/\/justlaser.com.br\/alugueldelasers\/wp-content\/uploads\/2021\/11\/aluguel-sao-paulo-locacao-light-sheer-et-400-200x63.jpg 200w, https:\/\/justlaser.com.br\/alugueldelasers\/wp-content\/uploads\/2021\/11\/aluguel-sao-paulo-locacao-light-sheer-et-400-300x94.jpg 300w, https:\/\/justlaser.com.br\/alugueldelasers\/wp-content\/uploads\/2021\/11\/aluguel-sao-paulo-locacao-light-sheer-et-400-400x125.jpg 400w, https:\/\/justlaser.com.br\/alugueldelasers\/wp-content\/uploads\/2021\/11\/aluguel-sao-paulo-locacao-light-sheer-et-400-500x156.jpg 500w, https:\/\/justlaser.com.br\/alugueldelasers\/wp-content\/uploads\/2021\/11\/aluguel-sao-paulo-locacao-light-sheer-et-400-600x188.jpg 600w, https:\/\/justlaser.com.br\/alugueldelasers\/wp-content\/uploads\/2021\/11\/aluguel-sao-paulo-locacao-light-sheer-et-400-700x219.jpg 700w, https:\/\/justlaser.com.br\/alugueldelasers\/wp-content\/uploads\/2021\/11\/aluguel-sao-paulo-locacao-light-sheer-et-400-768x240.jpg 768w, https:\/\/justlaser.com.br\/alugueldelasers\/wp-content\/uploads\/2021\/11\/aluguel-sao-paulo-locacao-light-sheer-et-400.jpg 800w\" sizes=\"(max-width: 800px) 100vw, 800px\" \/><\/p>\n<h2 id=\"tw-target-text\" class=\"tw-data-text tw-text-large XcVN5d tw-ta\" dir=\"ltr\" data-placeholder=\"Tradu\u00e7\u00e3o\"><span class=\"Y2IQFc\" lang=\"pt\">Laser de depila\u00e7\u00e3o padr\u00e3o ouro mundialmente reconhecido Light Sheer<br \/>\n<\/span><\/h2>\n<p>Tecnologia de <a href=\"https:\/\/lumenis.com\/\" target=\"_blank\" rel=\"noopener\"><strong>depila\u00e7\u00e3o a laser LightSheer<\/strong><\/a> \u00e9 clinicamente documentado e comprovado para fornecer resultados, e trata com efic\u00e1cia a mais ampla popula\u00e7\u00e3o de pacientes.<br \/>\nO sistema trata com seguran\u00e7a todos os tipos de pele (Fitzpatrick I \u2013 VI), incluindo a pele bronzeada. Alta pot\u00eancia e controle de sa\u00edda exclusivo permitem o tratamento de quase qualquer di\u00e2metro ou cor de cabelo.<\/p>\n<p class=\"tw-data-text tw-text-large XcVN5d tw-ta\" dir=\"ltr\" data-placeholder=\"Tradu\u00e7\u00e3o\"><span class=\"Y2IQFc\" lang=\"pt\">Com milhares de unidades em campo, LightSheer se tornou o sistema de fotoepila\u00e7\u00e3o mais popular do mundo e o melhor solu\u00e7\u00e3o para expandir a pr\u00e1tica est\u00e9tica de hoje. LightSheer ET &#8211; Uma entrada port\u00e1til e acess\u00edvel para o laser em crescimento mercado de depila\u00e7\u00e3o. Oferece mais energia, o dobro da velocidade para tempos de tratamento mais curtos e at\u00e9 400 ms de largura de pulso para seguran\u00e7a nos tipos de pele mais escuros.<\/span><\/p>\n<p dir=\"ltr\" data-placeholder=\"Tradu\u00e7\u00e3o\"><iframe src=\"\/\/www.youtube.com\/embed\/YYkMQmEB2dg\" width=\"560\" height=\"314\" allowfullscreen=\"allowfullscreen\"><\/iframe><\/p>\n<p>A fam\u00edlia de lasers Lumenis LightSheer vem em tr\u00eas (3) modelos para o profissional escolher, ST, ET e XC. Os Lasers LightSheer s\u00e3o projetados para fornecer aos pacientes solu\u00e7\u00f5es permanentes de redu\u00e7\u00e3o de pelo. Esses lasers utilizam tecnologia de laser de diodo para fornecer esses resultados a todos os tipos de pele (I-VI) e at\u00e9 mesmo em peles bronzeadas.<\/p>\n<p>O LightSheer ET \u00e9 o modelo intermedi\u00e1rio da fam\u00edlia de lasers LightSheer. \u00c9 um modelo de mesa, mas oferece maior energia em compara\u00e7\u00e3o com o modelo ST.<\/p>\n<p>Opera com o dobro da velocidade do ST permitindo tempos de tratamento mais curtos.<\/p>\n<p>Ele tamb\u00e9m oferece uma largura de pulso de 400 ms para o tratamento mais seguro poss\u00edvel em tipos de pele escura.<\/p>\n<p>Voc\u00ea pode comprar o carrinho de rodas opcional para mover facilmente o ET de uma sala para outra.<\/p>\n<p>Os requisitos el\u00e9tricos s\u00e3o padr\u00e3o, basta conectar em qualquer tomada comum, nenhuma configura\u00e7\u00e3o especial \u00e9 necess\u00e1ria para a fonte de alimenta\u00e7\u00e3o.<\/p>\n<p>Lumenis light sheer etO LightSheer ET, como todos os modelos LightSheer, vem com uma pe\u00e7a de m\u00e3o ChillTip. A pe\u00e7a de m\u00e3o oferece excelente resfriamento e compress\u00e3o de contato epid\u00e9rmico. Isso ajuda a aumentar a capacidade de penetra\u00e7\u00e3o da energia do laser \u00e0 medida que \u00e9 direcionado para a base do fol\u00edculo.<\/p>\n<h2>Outros benef\u00edcios do sistema Light Sheer depila\u00e7\u00e3o a laser, para alugul\u00a0 loca\u00e7\u00e3o , incluem:<\/h2>\n<ul>\n<li>Praticamente nenhum tempo de inatividade do paciente. Sem Downtime<br \/>\nN\u00e3o s\u00e3o necess\u00e1rios consum\u00edveis.<br \/>\nO Lightsheer tamb\u00e9m pode ser usado para tratar: veias da perna, les\u00f5es pigmentadas benignas e pseudofoliculite barba (PFB) .<\/li>\n<\/ul>\n<p>&nbsp;<\/p>\n<p><strong><a href=\"https:\/\/justlaser.com.br\/alugueldelasers\/aluguel-e-locacao-de-laser-para-depilacao-a-laser\/aluguel-soprano-ice\/\">ALUGUEL DE APARELHO DE DEPILA\u00c7\u00c3O A LASER SOPRANO ICE<\/a><\/strong><\/p>\n<p><strong><a href=\"https:\/\/justlaser.com.br\/alugueldelasers\/locacao-do-soprano-ice\/\">LOCA\u00c7\u00c3O DE SOPRANO ICE\u00a0<\/a><\/strong><\/p>\n<p><strong><a href=\"https:\/\/justlaser.com.br\/alugueldelasers\/locacao-do-soprano-ice\/aluguel-soprano-xl\/\">ALUGUEL SOPRANO XL\u00a0<\/a><\/strong><\/p>\n<p><a href=\"https:\/\/justlaser.com.br\/alugueldelasers\/aluguel-e-locacao-de-laser-para-depilacao-a-laser\/aluguel-locacao-de-laser-light-sheer-duet-sp\/\">Aluguel Loca\u00e7\u00e3o de Laser Light Sheer Duet<\/a><\/p>\n<p><a href=\"https:\/\/justlaser.com.br\/alugueldelasers\/aluguel-locacao-depilacao-milesman\"><strong>Aluguel Milesman<\/strong><\/a><\/p>\n<h3><span style=\"font-size: 18pt;\">Aluguel e loca\u00e7\u00e3o de lightSheer, entre em contato conosco, para aluguel mensal ou di\u00e1rio.\u00a0<\/span><\/h3>\n","protected":false},"excerpt":{"rendered":"<p>Aluguel \/ Loca\u00e7\u00e3o do laser Light Sheer ET \u2013 SP Laser de depila\u00e7\u00e3o padr\u00e3o [&hellip;]<\/p>\n","protected":false},"author":1,"featured_media":0,"parent":0,"menu_order":0,"comment_status":"closed","ping_status":"closed","template":"","meta":{"footnotes":""},"_links":{"self":[{"href":"https:\/\/justlaser.com.br\/alugueldelasers\/wp-json\/wp\/v2\/pages\/2408"}],"collection":[{"href":"https:\/\/justlaser.com.br\/alugueldelasers\/wp-json\/wp\/v2\/pages"}],"about":[{"href":"https:\/\/justlaser.com.br\/alugueldelasers\/wp-json\/wp\/v2\/types\/page"}],"author":[{"embeddable":true,"href":"https:\/\/justlaser.com.br\/alugueldelasers\/wp-json\/wp\/v2\/users\/1"}],"replies":[{"embeddable":true,"href":"https:\/\/justlaser.com.br\/alugueldelasers\/wp-json\/wp\/v2\/comments?post=2408"}],"version-history":[{"count":0,"href":"https:\/\/justlaser.com.br\/alugueldelasers\/wp-json\/wp\/v2\/pages\/2408\/revisions"}],"wp:attachment":[{"href":"https:\/\/justlaser.com.br\/alugueldelasers\/wp-json\/wp\/v2\/media?parent=2408"}],"curies":[{"name":"wp","href":"https:\/\/api.w.org\/{rel}","templated":true}]}}