{"id":2411,"date":"2020-06-20T10:27:15","date_gmt":"2020-06-20T13:27:15","guid":{"rendered":"http:\/\/justlaser.com.br\/alugueldelasers\/?page_id=2411"},"modified":"2022-01-05T21:22:27","modified_gmt":"2022-01-06T00:22:27","slug":"aluguel-locacao-de-laser-light-sheer-duet-sp","status":"publish","type":"page","link":"https:\/\/justlaser.com.br\/alugueldelasers\/aluguel-e-locacao-de-laser-para-depilacao-a-laser\/aluguel-locacao-de-laser-light-sheer-duet-sp\/","title":{"rendered":"Aluguel Loca\u00e7\u00e3o de Laser Light Sheer Duet \u2013 SP"},"content":{"rendered":"<h1>EST\u00c1 NA HORA DE TRABALHAR COM ALUGUEL E LOCA\u00c7\u00c3O DO LASER LIGHTSHEER DUET ?<\/h1>\n<p>&nbsp;<\/p>\n<p><iframe src=\"\/\/www.youtube.com\/embed\/gTghxqQkAMs\" width=\"560\" height=\"314\" allowfullscreen=\"allowfullscreen\"><\/iframe><\/p>\n<p>Queremos te ajudar, somos<strong> especialistas em aluguel e loca\u00e7\u00e3o de lasers<\/strong>, e venda de aparelhos semi-novos para todo Brasil.<\/p>\n<p>Ainda , apesar de antigo , muito requisitado na loca\u00e7\u00e3o o LightSheer.<\/p>\n<p>Foi no passado o aparelho que mais faz\u00edamos loca\u00e7\u00f5es no Brasil !<\/p>\n<p>&nbsp;<\/p>\n<div class=\"vc_row wpb_row vc_row-fluid mpc-row\">\n<div class=\"wpb_column vc_column_container vc_col-sm-12 mpc-column\" data-column-id=\"mpc_column-2961813bd8ad64f\">\n<div class=\"vc_column-inner\">\n<div class=\"wpb_wrapper\">\n<div class=\"wpb_text_column wpb_content_element vc_custom_1536136072196\">\n<div class=\"wpb_wrapper\">\n<h3>Depth Of Penetration &#8211; entenda a penetra\u00e7\u00e3o do Light Sheer na pele, para loca\u00e7\u00e3o<\/h3>\n<\/div>\n<\/div>\n<div class=\"wpb_text_column wpb_content_element \">\n<div class=\"wpb_wrapper\">\n<p>Larger spot size enables greater depth of penetration, for improved absorption of energy at the target follicle.1<br \/>\nThe only laser with unique and dedicated technology for pain reduction, enhanced efficacy, safety.<\/p>\n<\/div>\n<\/div>\n<div class=\"wpb_single_image wpb_content_element vc_align_center\">\n<figure class=\"wpb_wrapper vc_figure\">\n<div class=\"vc_single_image-wrapper vc_box_border_grey\"><img decoding=\"async\" class=\"vc_single_image-img attachment-full\" src=\"https:\/\/cdn.shortpixel.ai\/spai\/w_705+q_lossy+ret_img+to_auto\/https:\/\/lumenis.com\/wp-content\/uploads\/2018\/07\/lsd300X100_new.png\" alt=\"\" width=\"564\" height=\"318\" data-spai=\"1\" data-spai-upd=\"564\" title=\"\"><\/div>\n<\/figure>\n<\/div>\n<div class=\"wpb_text_column wpb_content_element vc_custom_1536136098215\">\n<div class=\"wpb_wrapper\">\n<h3>Versatile<\/h3>\n<\/div>\n<\/div>\n<div class=\"wpb_text_column wpb_content_element \">\n<div class=\"wpb_wrapper\">\n<p>The LightSheer DUET includes two optimal wavelength 800 nm diode hair removal systems on one versatile platform.<\/p>\n<p>The LightSheer\u2019s dual heads enables permanent hair reduction from all areas of the body. Its advanced technology reduces pain while increasing efficacy, enabling fast and comfortable treatments for patients and practitioners.<\/p>\n<\/div>\n<\/div>\n<\/div>\n<\/div>\n<\/div>\n<\/div>\n<section class=\"vc_section\">\n<div class=\"vc_row wpb_row vc_row-fluid mpc-row\">\n<div class=\"wpb_column vc_column_container vc_col-sm-4 mpc-column\" data-column-id=\"mpc_column-8461813bd8aeac2\">\n<div class=\"vc_column-inner\">\n<div class=\"wpb_wrapper\">\n<div class=\"wpb_single_image wpb_content_element vc_align_center\">\n<figure class=\"wpb_wrapper vc_figure\">\n<div class=\"vc_single_image-wrapper vc_box_border_grey\"><img decoding=\"async\" class=\"vc_single_image-img attachment-full alignleft\" src=\"https:\/\/cdn.shortpixel.ai\/spai\/w_557+q_lossy+ret_img+to_auto\/https:\/\/lumenis.com\/wp-content\/uploads\/2018\/07\/duet_hand_p_1_new-1.png\" alt=\"\" width=\"446\" height=\"450\" data-spai=\"1\" data-spai-upd=\"446\" title=\"\"><\/div>\n<\/figure>\n<\/div>\n<\/div>\n<\/div>\n<\/div>\n<div class=\"wpb_column vc_column_container vc_col-sm-4 mpc-column\" data-column-id=\"mpc_column-9361813bd8af3d2\">\n<div class=\"vc_column-inner\">\n<div class=\"wpb_wrapper\">\n<div class=\"wpb_single_image wpb_content_element vc_align_center\">\n<figure class=\"wpb_wrapper vc_figure\">\n<div class=\"vc_single_image-wrapper vc_box_border_grey\"><img decoding=\"async\" class=\"vc_single_image-img attachment-full alignright\" src=\"https:\/\/cdn.shortpixel.ai\/spai\/w_557+q_lossy+ret_img+to_auto\/https:\/\/lumenis.com\/wp-content\/uploads\/2018\/07\/duet_hand_p_2_new.png\" alt=\"\" width=\"446\" height=\"457\" data-spai=\"1\" data-spai-upd=\"446\" title=\"\"><\/div>\n<\/figure>\n<\/div>\n<\/div>\n<\/div>\n<\/div>\n<div class=\"wpb_column vc_column_container vc_col-sm-4 mpc-column\" data-column-id=\"mpc_column-6161813bd8afd7e\">\n<div class=\"vc_column-inner\">\n<div class=\"wpb_wrapper\">\n<div class=\"wpb_single_image wpb_content_element vc_align_center\">\n<figure class=\"wpb_wrapper vc_figure\">\n<div class=\"vc_single_image-wrapper vc_box_border_grey\"><img decoding=\"async\" class=\"vc_single_image-img attachment-full aligncenter\" src=\"https:\/\/cdn.shortpixel.ai\/spai\/w_268+q_lossy+ret_img+to_auto\/https:\/\/lumenis.com\/wp-content\/uploads\/2018\/07\/duet_hand_p_3_new.png\" alt=\"\" width=\"214\" height=\"347\" data-spai=\"1\" data-spai-upd=\"214\" title=\"\"><\/div>\n<\/figure>\n<\/div>\n<\/div>\n<\/div>\n<\/div>\n<\/div>\n<div class=\"vc_row wpb_row vc_row-fluid mpc-row\">\n<div class=\"wpb_column vc_column_container vc_col-sm-6 mpc-column\" data-column-id=\"mpc_column-4461813bd8b07b2\">\n<div class=\"vc_column-inner\">\n<div class=\"wpb_wrapper\">\n<div class=\"wpb_text_column wpb_content_element \">\n<div class=\"wpb_wrapper\">\n<p><strong>LightSheer ET<\/strong><br \/>\n9 x 9 mm spot size<\/p>\n<\/div>\n<\/div>\n<div id=\"mpc_icon_list-8961813bd8b065e\" class=\"mpc-icon-list mpc-icon--left mpc-typography--default mpc-inited\">\n<ul class=\"mpc-list__ul\">\n<li class=\"mpc-list__item mpc-parent-hover mpc-transition\" data-index=\"0\">\n<div class=\"mpc-list__icon\">\n<div class=\"mpc-icon mpc-transition mpc-effect-fade mpc-icon-hover mpc-inited\" data-id=\"mpc_icon-6561813bd8b069f\">\n<div class=\"mpc-icon-wrap\"><\/div>\n<\/div>\n<\/div>\n<p><span class=\"mpc-list__title\">Fluence up to 100 J\/cm2<\/span><\/li>\n<li class=\"mpc-list__item mpc-parent-hover mpc-transition\" data-index=\"1\">\n<div class=\"mpc-list__icon\">\n<div class=\"mpc-icon mpc-transition mpc-effect-fade mpc-icon-hover mpc-inited\" data-id=\"mpc_icon-6561813bd8b069f\">\n<div class=\"mpc-icon-wrap\"><\/div>\n<\/div>\n<\/div>\n<p><span class=\"mpc-list__title\">ChillTip\u2122 continuous contact cooling<\/span><\/li>\n<li class=\"mpc-list__item mpc-parent-hover mpc-transition\" data-index=\"2\">\n<div class=\"mpc-list__icon\">\n<div class=\"mpc-icon mpc-transition mpc-effect-fade mpc-icon-hover mpc-inited\" data-id=\"mpc_icon-6561813bd8b069f\">\n<div class=\"mpc-icon-wrap\"><\/div>\n<\/div>\n<\/div>\n<p><span class=\"mpc-list__title\">Pulse widths up to 400 ms<\/span><\/li>\n<\/ul>\n<\/div>\n<\/div>\n<\/div>\n<\/div>\n<div class=\"wpb_column vc_column_container vc_col-sm-6 mpc-column\" data-column-id=\"mpc_column-6561813bd8b0d37\">\n<div class=\"vc_column-inner\">\n<div class=\"wpb_wrapper\">\n<div class=\"wpb_text_column wpb_content_element \">\n<div class=\"wpb_wrapper\">\n<p><a href=\"https:\/\/www.lightsheer.com\/\" target=\"_blank\" rel=\"noopener\"><strong>LightSheer HS<\/strong><\/a><br \/>\n22 x 35 mm spot size<\/p>\n<\/div>\n<\/div>\n<div id=\"mpc_icon_list-6361813bd8b0bd8\" class=\"mpc-icon-list mpc-icon--left mpc-typography--default mpc-inited\">\n<ul class=\"mpc-list__ul\">\n<li class=\"mpc-list__item mpc-parent-hover mpc-transition\" data-index=\"0\">\n<div class=\"mpc-list__icon\">\n<div class=\"mpc-icon mpc-transition mpc-effect-fade mpc-icon-hover mpc-inited\" data-id=\"mpc_icon-2361813bd8b0c11\">\n<div class=\"mpc-icon-wrap\"><\/div>\n<\/div>\n<\/div>\n<p><span class=\"mpc-list__title\">Largest spot size of any diode<\/span><\/li>\n<li class=\"mpc-list__item mpc-parent-hover mpc-transition\" data-index=\"1\">\n<div class=\"mpc-list__icon\">\n<div class=\"mpc-icon mpc-transition mpc-effect-fade mpc-icon-hover mpc-inited\" data-id=\"mpc_icon-2361813bd8b0c11\">\n<div class=\"mpc-icon-wrap\"><\/div>\n<\/div>\n<\/div>\n<p><span class=\"mpc-list__title\">Integrated vacuum-assist technology<\/span><\/li>\n<li class=\"mpc-list__item mpc-parent-hover mpc-transition\" data-index=\"2\">\n<div class=\"mpc-list__icon\">\n<div class=\"mpc-icon mpc-transition mpc-effect-fade mpc-icon-hover mpc-inited\" data-id=\"mpc_icon-2361813bd8b0c11\">\n<div class=\"mpc-icon-wrap\"><\/div>\n<\/div>\n<\/div>\n<p><span class=\"mpc-list__title\">Pulse widths up to 400 ms<\/span><\/li>\n<li class=\"mpc-list__item mpc-parent-hover mpc-transition\" data-index=\"3\">\n<div class=\"mpc-list__icon\">\n<div class=\"mpc-icon mpc-transition mpc-effect-fade mpc-icon-hover mpc-inited\" data-id=\"mpc_icon-2361813bd8b0c11\">\n<div class=\"mpc-icon-wrap\"><\/div>\n<\/div>\n<\/div>\n<p><span class=\"mpc-list__title\">No cooling or anesthetics required<\/span><\/li>\n<\/ul>\n<\/div>\n<\/div>\n<\/div>\n<\/div>\n<\/div>\n<div class=\"vc_row wpb_row vc_row-fluid mpc-row\">\n<div class=\"wpb_column vc_column_container vc_col-sm-6 mpc-column\" data-column-id=\"mpc_column-861813bd8b1a94\">\n<div class=\"vc_column-inner\">\n<div class=\"wpb_wrapper\">\n<div class=\"wpb_text_column wpb_content_element \">\n<div class=\"wpb_wrapper\">\n<p><strong>Intuitive touchscreens<\/strong><\/p>\n<\/div>\n<\/div>\n<div id=\"mpc_icon_list-9561813bd8b181e\" class=\"mpc-icon-list mpc-icon--left mpc-typography--default mpc-inited\">\n<ul class=\"mpc-list__ul\">\n<li class=\"mpc-list__item mpc-parent-hover mpc-transition\" data-index=\"0\">\n<div class=\"mpc-list__icon\"><\/div>\n<p><span class=\"mpc-list__title\">Recommended treatment settings<\/span><\/li>\n<li class=\"mpc-list__item mpc-parent-hover mpc-transition\" data-index=\"1\">\n<div class=\"mpc-list__icon\"><\/div>\n<p><span class=\"mpc-list__title\">Customizable treatment presets<\/span><\/li>\n<\/ul>\n<\/div>\n<div class=\"wpb_text_column wpb_content_element \">\n<div class=\"wpb_wrapper\">\n<p>Simple and intuitive operation of the device due to recommended treatment settings and customizable treatment presets.<\/p>\n<\/div>\n<\/div>\n<\/div>\n<\/div>\n<\/div>\n<div class=\"wpb_column vc_column_container vc_col-sm-6 mpc-column\" data-column-id=\"mpc_column-3061813bd8b237a\">\n<div class=\"vc_column-inner\">\n<div class=\"wpb_wrapper\">\n<div class=\"wpb_single_image wpb_content_element vc_align_center\">\n<figure class=\"wpb_wrapper vc_figure\">\n<div class=\"vc_single_image-wrapper vc_box_border_grey\"><img decoding=\"async\" class=\"vc_single_image-img attachment-full\" src=\"https:\/\/cdn.shortpixel.ai\/spai\/w_571+q_lossy+ret_img+to_auto\/https:\/\/lumenis.com\/wp-content\/uploads\/2018\/07\/duet_screens_new.png\" alt=\"\" width=\"457\" height=\"364\" data-spai=\"1\" data-spai-upd=\"457\" title=\"\"><\/div>\n<\/figure>\n<\/div>\n<\/div>\n<\/div>\n<\/div>\n<\/div>\n<div class=\"vc_row wpb_row vc_row-fluid vc_custom_1531636390922 mpc-row\">\n<div class=\"wpb_column vc_column_container vc_col-sm-12 mpc-column\" data-column-id=\"mpc_column-1761813bd8b34aa\">\n<div class=\"vc_column-inner\">\n<div class=\"wpb_wrapper\">\n<div class=\"wpb_text_column wpb_content_element vc_custom_1536136189037\">\n<div class=\"wpb_wrapper\">\n<h3>Differentiate Your Practice<\/h3>\n<\/div>\n<\/div>\n<div id=\"mpc_icon_list-9361813bd8b2ec3\" class=\"mpc-icon-list mpc-icon--left mpc-typography--default mpc-inited\">\n<ul class=\"mpc-list__ul\">\n<li class=\"mpc-list__item mpc-parent-hover mpc-transition\" data-index=\"0\">\n<div class=\"mpc-list__icon\"><\/div>\n<p><span class=\"mpc-list__title\">Treat with 1\/10 the pulses\u2013save time and effort<\/span><\/li>\n<li class=\"mpc-list__item mpc-parent-hover mpc-transition\" data-index=\"1\">\n<div class=\"mpc-list__icon\"><\/div>\n<p><span class=\"mpc-list__title\">Make large-area treatments affordable for your patients<\/span><\/li>\n<\/ul>\n<\/div>\n<div class=\"wpb_text_column wpb_content_element \">\n<div class=\"wpb_wrapper\">\n<p><strong>Estimated Pulses per Treated Site:<\/strong><\/p>\n<\/div>\n<\/div>\n<div class=\"wpb_raw_code wpb_content_element wpb_raw_html\">\n<div class=\"wpb_wrapper\">\n<div class=\"resp_margin\">\n<div class=\"table-responsive\">\n<table class=\"table table-bordered table-hover\">\n<tbody>\n<tr>\n<th colspan=\"3\"><\/th>\n<th>ET<\/th>\n<th>XC<sup>*<\/sup><\/th>\n<th>HS<\/th>\n<\/tr>\n<tr>\n<th>Treatment Site<\/th>\n<th>Est.Area(cm<sup>2<\/sup>)<\/th>\n<th>Spotsize:<\/th>\n<td>9X9 mm<\/td>\n<td>12X12 mm<\/td>\n<td>22X35 mm<\/td>\n<\/tr>\n<tr>\n<td>Bikini Area<\/td>\n<td>125<\/td>\n<td><\/td>\n<td>154<\/td>\n<td>87<\/td>\n<td>16<\/td>\n<\/tr>\n<tr>\n<td>Under Arm(2)<\/td>\n<td>190<\/td>\n<td><\/td>\n<td>235<\/td>\n<td>132<\/td>\n<td>25<\/td>\n<\/tr>\n<tr>\n<td>Man&#8217;s back<\/td>\n<td>2750<\/td>\n<td><\/td>\n<td>3395<\/td>\n<td>1910<\/td>\n<td>357<\/td>\n<\/tr>\n<tr>\n<td>Full Legs(2)<\/td>\n<td>8100<\/td>\n<td><\/td>\n<td>10000<\/td>\n<td>5695<\/td>\n<td>1052<\/td>\n<\/tr>\n<tr>\n<td colspan=\"6\"><sup>*<\/sup>12X12 mm spotsize available on LightSheer DESIRE platform only.<\/td>\n<\/tr>\n<\/tbody>\n<\/table>\n<\/div>\n<\/div>\n<\/div>\n<\/div>\n<\/div>\n<\/div>\n<\/div>\n<\/div>\n<\/section>\n<h3>Veja a diferen\u00e7a de velocidade entre a aplica\u00e7\u00e3o do:<\/h3>\n<h3>lightsheer Et e LightSheer DUET , NO ALUGUEL E LOCA\u00c7\u00c3O DE LASER PARA DEPILA\u00c7\u00c3O.<\/h3>\n<p><iframe src=\"\/\/www.youtube.com\/embed\/ZC3Z2tzLSEA\" width=\"560\" height=\"314\" allowfullscreen=\"allowfullscreen\"><\/iframe><\/p>\n<p>&nbsp;<\/p>\n<p><strong><span style=\"font-size: 14pt;\"><a href=\"https:\/\/justlaser.com.br\/alugueldelasers\/aluguel-e-locacao-de-laser-para-depilacao-a-laser\/aluguel-soprano-ice\/\">ALUGUEL DE APARELHO DE DEPILA\u00c7\u00c3O A LASER SOPRANO ICE<\/a><\/span><\/strong><\/p>\n<p><strong><span style=\"font-size: 14pt;\"><a href=\"https:\/\/justlaser.com.br\/alugueldelasers\/locacao-do-soprano-ice\/\">LOCA\u00c7\u00c3O DE SOPRANO ICE\u00a0<\/a><\/span><\/strong><\/p>\n<p><strong><span style=\"font-size: 14pt;\"><a href=\"https:\/\/justlaser.com.br\/alugueldelasers\/locacao-do-soprano-ice\/aluguel-soprano-xl\/\">ALUGUEL SOPRANO XL\u00a0<\/a><\/span><\/strong><\/p>\n<p><span style=\"font-size: 14pt;\"><a href=\"https:\/\/justlaser.com.br\/alugueldelasers\/aluguel-e-locacao-de-laser-para-depilacao-a-laser\/aluguel-locacao-de-laser-light-sheer-duet-sp\/\">Aluguel Loca\u00e7\u00e3o de Laser Light Sheer Duet<\/a><\/span><\/p>\n<p><span style=\"font-size: 18pt;\">Entre em contato para <a href=\"https:\/\/justlaser.com.br\/alugueldelasers\/aluguel-e-locacao-de-laser-para-depilacao-a-laser\/aluguel-soprano-ice\/\"><strong>aluguel do aparelho SOPRANO ICE<\/strong><\/a>\u00a0 ou para treinamento de Soprano<\/span><\/p>\n<p>&nbsp;<\/p>\n","protected":false},"excerpt":{"rendered":"<p>EST\u00c1 NA HORA DE TRABALHAR COM ALUGUEL E LOCA\u00c7\u00c3O DO LASER LIGHTSHEER DUET ? [&hellip;]<\/p>\n","protected":false},"author":1,"featured_media":0,"parent":2616,"menu_order":0,"comment_status":"closed","ping_status":"closed","template":"","meta":{"footnotes":""},"_links":{"self":[{"href":"https:\/\/justlaser.com.br\/alugueldelasers\/wp-json\/wp\/v2\/pages\/2411"}],"collection":[{"href":"https:\/\/justlaser.com.br\/alugueldelasers\/wp-json\/wp\/v2\/pages"}],"about":[{"href":"https:\/\/justlaser.com.br\/alugueldelasers\/wp-json\/wp\/v2\/types\/page"}],"author":[{"embeddable":true,"href":"https:\/\/justlaser.com.br\/alugueldelasers\/wp-json\/wp\/v2\/users\/1"}],"replies":[{"embeddable":true,"href":"https:\/\/justlaser.com.br\/alugueldelasers\/wp-json\/wp\/v2\/comments?post=2411"}],"version-history":[{"count":0,"href":"https:\/\/justlaser.com.br\/alugueldelasers\/wp-json\/wp\/v2\/pages\/2411\/revisions"}],"up":[{"embeddable":true,"href":"https:\/\/justlaser.com.br\/alugueldelasers\/wp-json\/wp\/v2\/pages\/2616"}],"wp:attachment":[{"href":"https:\/\/justlaser.com.br\/alugueldelasers\/wp-json\/wp\/v2\/media?parent=2411"}],"curies":[{"name":"wp","href":"https:\/\/api.w.org\/{rel}","templated":true}]}}