{"id":2413,"date":"2020-08-20T11:16:00","date_gmt":"2020-08-20T14:16:00","guid":{"rendered":"http:\/\/justlaser.com.br\/alugueldelasers\/?page_id=2413"},"modified":"2024-02-25T12:17:34","modified_gmt":"2024-02-25T15:17:34","slug":"aluguel-de-ultrassom-microfocado-ulthera-e-ultraformer","status":"publish","type":"page","link":"https:\/\/justlaser.com.br\/alugueldelasers\/aluguel-locacao-ultrassom-microfocado-ulthera-ultraformer\/aluguel-locacao-ulthera\/aluguel-de-ultrassom-microfocado-ulthera-e-ultraformer\/","title":{"rendered":"Aluguel de Ultraformer MPT &#8211; Liftera &#8211; Ulthera"},"content":{"rendered":"<p><img decoding=\"async\" class=\"alignnone wp-image-2724 size-large\" title=\"ULTRAFORMER-aluguel locacao\" src=\"https:\/\/justlaser.com.br\/alugueldelasers\/wp-content\/uploads\/2021\/07\/ULTRAFORMER-aluguel-locacao-1024x363.png\" alt=\"ULTRAFORMER-aluguel locacao\" width=\"1024\" height=\"363\" srcset=\"https:\/\/justlaser.com.br\/alugueldelasers\/wp-content\/uploads\/2021\/07\/ULTRAFORMER-aluguel-locacao-50x18.png 50w, https:\/\/justlaser.com.br\/alugueldelasers\/wp-content\/uploads\/2021\/07\/ULTRAFORMER-aluguel-locacao-150x53.png 150w, https:\/\/justlaser.com.br\/alugueldelasers\/wp-content\/uploads\/2021\/07\/ULTRAFORMER-aluguel-locacao-260x92.png 260w, https:\/\/justlaser.com.br\/alugueldelasers\/wp-content\/uploads\/2021\/07\/ULTRAFORMER-aluguel-locacao-300x106.png 300w, https:\/\/justlaser.com.br\/alugueldelasers\/wp-content\/uploads\/2021\/07\/ULTRAFORMER-aluguel-locacao-500x177.png 500w, https:\/\/justlaser.com.br\/alugueldelasers\/wp-content\/uploads\/2021\/07\/ULTRAFORMER-aluguel-locacao-700x248.png 700w, https:\/\/justlaser.com.br\/alugueldelasers\/wp-content\/uploads\/2021\/07\/ULTRAFORMER-aluguel-locacao-768x272.png 768w, https:\/\/justlaser.com.br\/alugueldelasers\/wp-content\/uploads\/2021\/07\/ULTRAFORMER-aluguel-locacao-1024x363.png 1024w, https:\/\/justlaser.com.br\/alugueldelasers\/wp-content\/uploads\/2021\/07\/ULTRAFORMER-aluguel-locacao.png 1850w\" sizes=\"(max-width: 1024px) 100vw, 1024px\" \/><\/p>\n<h1>Aluguel de Ultraformer\u00a0 MPT- Ulthera &#8211; Liftera &#8211; Ultraformer III<\/h1>\n<p><span style=\"font-size: 14pt;\">Voc\u00ea est\u00e1 a um passo de iniciar uma revolu\u00e7\u00e3o em sua cl\u00ednica. J\u00e1 conhece o Ultraformer MPT, o queridinho para 204 e 2025 ?<\/span><br \/>\n<span style=\"font-size: 14pt;\">Ultraformer e seus pares de HIFU s\u00e3o a tecnologia est\u00e9tico-dermatol\u00f3gica mais desejada no mercado.<\/span><\/p>\n<h2>Tratamentos faciais e corporais<\/h2>\n<p><span style=\"font-size: 14pt;\">Os transdutores microfocados s\u00e3o utilizados para procedimentos na face, promovendo um efeito lifting, melhorando a apar\u00eancia de linhas e rugas. Os transdutores macrofocados s\u00e3o indicados para o corpo, reduzindo a flacidez e at\u00e9 20% da gordura localizada no abd\u00f4men e na regi\u00e3o interna das coxas.<\/span><\/p>\n<h3>Tipos de tratamentos de Ultraformer MPT<\/h3>\n<p><span style=\"font-size: 14pt;\">O Ulthera e seus parceiros oferecem\u00a0 um tratamento que auxilia na flacidez, contorno corporal e ancoragem muscular.<\/span><\/p>\n<div class=\"mcnTextBlock\">\n<div class=\"mcnTextBlockInner\">\n<div>\n<div class=\"mcnTextContent\"><span style=\"font-size: 14pt;\">A tecnologia combina o<strong> ultrassom micro e macrofocado<\/strong> que podem ser tanto facial, promovendo um efeito lifting, melhorando a apar\u00eancia de linhas e rugas e corporal atuando na gordura localizada.<\/span><\/div>\n<blockquote>\n<div class=\"mcnTextContent\"><span style=\"font-size: 14pt;\">N\u00e3o invasivo, sem cortes, sem pontos e sem downtime.<\/span><\/div>\n<\/blockquote>\n<\/div>\n<\/div>\n<\/div>\n<div class=\"mcnTextBlock\">\n<div class=\"mcnTextBlockInner\">\n<div>\n<h2 class=\"mcnTextContent\"><strong>Vantagens do aluguel de Ultraformer\u00a0 ou Ulthera\u00a0<\/strong><\/h2>\n<div class=\"mcnTextContent\"><span style=\"font-size: 14pt;\">&#8211; N\u00e3o h\u00e1 cicatriza\u00e7\u00e3o.<\/span><\/div>\n<\/div>\n<div>\n<div class=\"mcnTextContent\"><span style=\"font-size: 14pt;\">&#8211; N\u00e3o h\u00e1 risco de infec\u00e7\u00e3o.<\/span><br \/>\n<span style=\"font-size: 14pt;\">&#8211; N\u00e3o h\u00e1 necessidade de se ausentar das atividades profissionais.<\/span><br \/>\n<span style=\"font-size: 14pt;\">&#8211; Melhora a textura da pele.<\/span><br \/>\n<span style=\"font-size: 14pt;\">&#8211; Age sobre rugas saliente.<\/span><br \/>\n<span style=\"font-size: 14pt;\">&#8211; N\u00e3o \u00e9 necess\u00e1rio uso de antibi\u00f3ticos p\u00f3s sess\u00e3o.<\/span><br \/>\n<span style=\"font-size: 14pt;\">&#8211; Sem curativos.<\/span><\/div>\n<div><span style=\"font-size: 14pt;\">&#8211; Sem anestesia ou interna\u00e7\u00e3o<\/span><\/div>\n<\/div>\n<\/div>\n<\/div>\n<h2><span style=\"font-size: 24pt;\">E Aluguel de Ultraformer MPT ?\u00a0<\/span><\/h2>\n<p><span style=\"font-size: 14pt;\">Abaixo vamos te dar uma aula sobre o aparelho, que tem encantado os dermatologistas.<\/span><\/p>\n<p><span style=\"font-size: 14pt;\"><strong>Muitos acham Ultraformer MPT melhor que o Ultraformer III !\u00a0<\/strong><\/span><\/p>\n<h3><span style=\"font-size: 14pt;\">ULTHERA &#8211; ULTRAFORMER III- ALuGUEL DO ULTRAFORMER MPT &#8211;\u00a0 LIFTERA<\/span><br \/>\n<span style=\"font-size: 14pt;\">ALUGUEL E LOCA\u00c7\u00d5ES DE HIFU, O QUE VOC\u00ca PRECISA SABER SOBRE O OS APARELHOS ?<\/span><\/h3>\n<p><span style=\"font-size: 14pt;\">A novidade em 2015 no mundo das loca\u00e7\u00f5es foi o inicio das loca\u00e7\u00f5es e aluguel dos aparelhos de HIFU , o <strong>Aluguel de Ultrassom Microfocado<\/strong>, como os aparelhos <b>Ulthera, Ultraformer <\/b>III, <strong>Doblo<\/strong> e, recente no Brasil em 2023, o famoso <strong>ULTRAFORMER MPT.<\/strong><\/span><\/p>\n<h3><\/h3>\n<p><img decoding=\"async\" class=\"aligncenter size-fusion-1200 wp-image-3906\" src=\"https:\/\/justlaser.com.br\/alugueldelasers\/wp-content\/uploads\/2024\/02\/ALUGUEL-ULTRAFORMER-MPT-1200x431.png\" alt=\"ALUGUEL ULTRAFORMER MPT\" width=\"1200\" height=\"431\" title=\"\" srcset=\"https:\/\/justlaser.com.br\/alugueldelasers\/wp-content\/uploads\/2024\/02\/ALUGUEL-ULTRAFORMER-MPT-200x72.png 200w, https:\/\/justlaser.com.br\/alugueldelasers\/wp-content\/uploads\/2024\/02\/ALUGUEL-ULTRAFORMER-MPT-300x108.png 300w, https:\/\/justlaser.com.br\/alugueldelasers\/wp-content\/uploads\/2024\/02\/ALUGUEL-ULTRAFORMER-MPT-400x144.png 400w, https:\/\/justlaser.com.br\/alugueldelasers\/wp-content\/uploads\/2024\/02\/ALUGUEL-ULTRAFORMER-MPT-500x179.png 500w, https:\/\/justlaser.com.br\/alugueldelasers\/wp-content\/uploads\/2024\/02\/ALUGUEL-ULTRAFORMER-MPT-600x215.png 600w, https:\/\/justlaser.com.br\/alugueldelasers\/wp-content\/uploads\/2024\/02\/ALUGUEL-ULTRAFORMER-MPT-700x251.png 700w, https:\/\/justlaser.com.br\/alugueldelasers\/wp-content\/uploads\/2024\/02\/ALUGUEL-ULTRAFORMER-MPT-768x276.png 768w, https:\/\/justlaser.com.br\/alugueldelasers\/wp-content\/uploads\/2024\/02\/ALUGUEL-ULTRAFORMER-MPT-800x287.png 800w, https:\/\/justlaser.com.br\/alugueldelasers\/wp-content\/uploads\/2024\/02\/ALUGUEL-ULTRAFORMER-MPT-1024x368.png 1024w, https:\/\/justlaser.com.br\/alugueldelasers\/wp-content\/uploads\/2024\/02\/ALUGUEL-ULTRAFORMER-MPT-1200x431.png 1200w, https:\/\/justlaser.com.br\/alugueldelasers\/wp-content\/uploads\/2024\/02\/ALUGUEL-ULTRAFORMER-MPT.png 1535w\" sizes=\"(max-width: 1200px) 100vw, 1200px\" \/><\/p>\n<h3><span style=\"font-size: 14pt;\"><em><strong>Produzido na Cor\u00e9ia, na f\u00e1brica da Classys, o\u00a0 ULTRAFORMER MPT, concorre com ULTRAFORMER III com:<\/strong><\/em><\/span><\/h3>\n<ol>\n<li><span style=\"font-size: 14pt;\"><em><strong> maior rapidez, <\/strong><\/em><\/span><\/li>\n<li><span style=\"font-size: 14pt;\"><em><b style=\"font-size: 14pt;\">maior n\u00famero de ponteiras, ( 10 VERSUS 7 <\/b><span style=\"font-size: 18.6667px;\"><b>ponteiras<\/b><\/span><b style=\"font-size: 14pt;\">)\u00a0<\/b><\/em><\/span><\/li>\n<li><span style=\"font-size: 14pt;\"><em><strong>menos dor, <\/strong><\/em><\/span><\/li>\n<li><span style=\"font-size: 14pt;\"><em><strong>ponteiras booster, novidade em rela\u00e7\u00e3o ao Ultraformer III<\/strong><\/em><\/span><\/li>\n<\/ol>\n<p><span style=\"font-size: 14pt;\">Parece que o aluguel-loca\u00e7\u00e3o do aparelhoUltraformer MPT, entrou como a melhor op\u00e7\u00e3o para tratamento e loca\u00e7\u00e3o.<\/span><\/p>\n<p>&nbsp;<\/p>\n<p><span style=\"font-size: 14pt;\">ATEN\u00c7\u00c3O: ULTRAFORMER MPT \u00c9 PARA USO M\u00c9DICO E AINDA N\u00c3O FOI EM 2023 LIBERADO\u00a0 PARA LOCA\u00c7\u00c3O PELA MEDSYSTEMS<br \/>\n<\/span><br \/>\n<span style=\"font-size: 14pt;\">Entre outras altera\u00e7\u00f5es quando comparado com <b>Ulthera e Ultraformer, tamb\u00e9m queridinhos da loca\u00e7\u00e3o e aluguel de ultrassom microfocado<\/b>, Ultraformer MPT \u00e9 mais r\u00e1pido, menos dolorido, t\u00e3o potente quanto e bem mais r\u00e1pido !<\/span><\/p>\n<p><span style=\"font-size: 14pt;\">Assim, no Brasil houve menos procura para a loca\u00e7\u00e3o (aluguel) do Ulthera e Ultraformer e temos recomendado experimentar o <strong>ULTRAFORME MPT para loca\u00e7\u00e3o.<\/strong><\/span><\/p>\n<p><span style=\"font-size: 14pt;\">Mais barato em todos os sentidos, e pela experi\u00eancia dos usu\u00e1rios entrega resultados um pouco mais expressivos (e com menos dor no procedimento) fica nossa sugest\u00e3o que voc\u00ea teste o <strong>ULTRAFORME MPT <\/strong>\u00a0antes de pensar em locar outro aparelho de Ultrassom Microfocado no Brasil.<\/span><\/p>\n<p><span style=\"font-size: 14pt;\">Alugamos para toda GRANDE S\u00e3o Paulo e arredores pr\u00f3ximos.<\/span><\/p>\n<p>&nbsp;<\/p>\n<h2>Aluguel de Ultrassom Microfocado<br \/>\nConhe\u00e7a mais sobre Ulthera -Ultraformer &#8211; <span style=\"font-size: 14pt;\"><strong>ULTRAFORME MPT<\/strong><\/span><\/h2>\n<p><em><strong>Exemplos de aparelhos de HIFU refer\u00eancia no Brasil, nem todos poss\u00edveis de loca\u00e7\u00e3o.\u00a0<\/strong><\/em><\/p>\n<p>&nbsp;<\/p>\n","protected":false},"excerpt":{"rendered":"<p>Aluguel de Ultraformer\u00a0 MPT- Ulthera &#8211; Liftera &#8211; Ultraformer III Voc\u00ea est\u00e1 a um [&hellip;]<\/p>\n","protected":false},"author":1,"featured_media":0,"parent":2498,"menu_order":0,"comment_status":"closed","ping_status":"closed","template":"","meta":{"footnotes":""},"_links":{"self":[{"href":"https:\/\/justlaser.com.br\/alugueldelasers\/wp-json\/wp\/v2\/pages\/2413"}],"collection":[{"href":"https:\/\/justlaser.com.br\/alugueldelasers\/wp-json\/wp\/v2\/pages"}],"about":[{"href":"https:\/\/justlaser.com.br\/alugueldelasers\/wp-json\/wp\/v2\/types\/page"}],"author":[{"embeddable":true,"href":"https:\/\/justlaser.com.br\/alugueldelasers\/wp-json\/wp\/v2\/users\/1"}],"replies":[{"embeddable":true,"href":"https:\/\/justlaser.com.br\/alugueldelasers\/wp-json\/wp\/v2\/comments?post=2413"}],"version-history":[{"count":0,"href":"https:\/\/justlaser.com.br\/alugueldelasers\/wp-json\/wp\/v2\/pages\/2413\/revisions"}],"up":[{"embeddable":true,"href":"https:\/\/justlaser.com.br\/alugueldelasers\/wp-json\/wp\/v2\/pages\/2498"}],"wp:attachment":[{"href":"https:\/\/justlaser.com.br\/alugueldelasers\/wp-json\/wp\/v2\/media?parent=2413"}],"curies":[{"name":"wp","href":"https:\/\/api.w.org\/{rel}","templated":true}]}}