{"id":2438,"date":"2024-11-20T16:16:09","date_gmt":"2024-11-20T19:16:09","guid":{"rendered":"http:\/\/justlaser.com.br\/alugueldelasers\/?page_id=2438"},"modified":"2025-03-05T14:00:54","modified_gmt":"2025-03-05T17:00:54","slug":"aluguel-locacao-de-criolipolise-coolshaping-sp","status":"publish","type":"page","link":"https:\/\/justlaser.com.br\/alugueldelasers\/aluguel-locacao-de-criolipolise-coolshaping-sp\/","title":{"rendered":"Aluguel Loca\u00e7\u00e3o de Criolip\u00f3lise Coolshaping \u2013 SP"},"content":{"rendered":"<h1 data-pm-slice=\"1 1 []\" data-en-clipboard=\"true\"><span style=\"font-size: 28px;\"><span style=\"color: #ff0000;\">ATEN\u00c7\u00c3O :\u00a0 N\u00c3O FAZEMOS MAIS LOCA\u00c7\u00c3O DE CMSLIM E <\/span><span style=\"color: #ff0000;\">CRIOLIP\u00d3LISES.<br \/>\n<\/span><\/span><span style=\"color: #ff0000; font-size: 28px;\">NEM OUTROS SIMILARES.<\/span><\/h1>\n<h1 data-pm-slice=\"1 1 []\" data-en-clipboard=\"true\"><span style=\"color: #ff0000; font-size: 20px;\">N\u00c3O DISPOMOS MAIS DE CMSLIM\u00a0 E CRIOLIP\u00d3LISES PARA LOCA\u00c7\u00c3O !<\/span><\/h1>\n<p><span style=\"font-size: 28px;\"><strong>Veja links de outros aparelhos para loca\u00e7\u00e3o:<\/strong><\/span><\/p>\n<p><span style=\"font-size: 20px;\"><a href=\"https:\/\/justlaser.com.br\/alugueldelasers\/aluguel-locacao-de-lasers\/locacao-aluguel-do-laser-plataforma-ethereamx-sao-paulo\/\">Aluguel Etherea MX<\/a><\/span><\/p>\n<p><span style=\"font-size: 20px;\"><a href=\"https:\/\/justlaser.com.br\/alugueldelasers\/aluguel-e-locacao-de-laser-para-depilacao-a-laser\/aluguel-soprano-platinum\">Aluguel\u00a0 Soprano Platinum<\/a><\/span><\/p>\n<p><span style=\"font-size: 20px;\"><a href=\"https:\/\/justlaser.com.br\/alugueldelasers\/aluguel-e-locacao-de-laser-para-depilacao-a-laser\/locacao-de-soprano-platinum\/\"><strong>Loca\u00e7\u00e3o de Soprano Platinum<\/strong><\/a><\/span><\/p>\n<p>&nbsp;<\/p>\n<blockquote><p><strong><span style=\"font-size: 24px;\">Que tal fazer uns cursos de aprimoramento, com m\u00e9dicos famosos e conhecidos que realmente ensinam?<\/span><\/strong><\/p>\n<p><span style=\"font-size: 20px;\"><a href=\"https:\/\/endoliftacademy.com.br\/\" target=\"_blank\" rel=\"noopener\">Curso de Endolaser<\/a><\/span><\/p>\n<p><span style=\"font-size: 20px;\"><strong><a href=\"https:\/\/www.instagram.com\/endoliftacademybrasil\/\" target=\"_blank\" rel=\"noopener\">Tudo sobre Endolaser &#8211; dicas e cursos no Instagram\u00a0<\/a><\/strong><\/span><\/p>\n<p><span style=\"font-size: 20px;\"><a href=\"https:\/\/justlaser.com.br\/alugueldelasers\/aluguel-de-endolift\/\"><strong>J\u00e1 pensou em aluguel do ENDOLASER\u00a0\u00a0<\/strong><\/a><\/span><\/p><\/blockquote>\n<p>&nbsp;<\/p>\n<p><span style=\"font-size: 20px;\"><strong>N\u00e3o perca tempo!<\/strong> <\/span><\/p>\n<p><span style=\"font-size: 20px;\">Traga a tecnologia de depila\u00e7\u00e3o a laser mais avan\u00e7ada do mundo para o seu espa\u00e7o e ofere\u00e7a aos seus clientes <strong>seguran\u00e7a, efic\u00e1cia e conforto<\/strong> com o Soprano Platinum da Just Laser.<\/span><\/p>\n<blockquote><p><span style=\"font-size: 28px;\"><strong>Chame a gente agora, pelo Whatsapp.<br \/>\nO link est\u00e1 logo aqui: abaixo \u00e0 direita!<\/strong><\/span><\/p><\/blockquote>\n","protected":false},"excerpt":{"rendered":"<p>ATEN\u00c7\u00c3O :\u00a0 N\u00c3O FAZEMOS MAIS LOCA\u00c7\u00c3O DE CMSLIM E CRIOLIP\u00d3LISES. NEM OUTROS SIMILARES. N\u00c3O [&hellip;]<\/p>\n","protected":false},"author":1,"featured_media":0,"parent":0,"menu_order":0,"comment_status":"closed","ping_status":"closed","template":"","meta":{"footnotes":""},"_links":{"self":[{"href":"https:\/\/justlaser.com.br\/alugueldelasers\/wp-json\/wp\/v2\/pages\/2438"}],"collection":[{"href":"https:\/\/justlaser.com.br\/alugueldelasers\/wp-json\/wp\/v2\/pages"}],"about":[{"href":"https:\/\/justlaser.com.br\/alugueldelasers\/wp-json\/wp\/v2\/types\/page"}],"author":[{"embeddable":true,"href":"https:\/\/justlaser.com.br\/alugueldelasers\/wp-json\/wp\/v2\/users\/1"}],"replies":[{"embeddable":true,"href":"https:\/\/justlaser.com.br\/alugueldelasers\/wp-json\/wp\/v2\/comments?post=2438"}],"version-history":[{"count":0,"href":"https:\/\/justlaser.com.br\/alugueldelasers\/wp-json\/wp\/v2\/pages\/2438\/revisions"}],"wp:attachment":[{"href":"https:\/\/justlaser.com.br\/alugueldelasers\/wp-json\/wp\/v2\/media?parent=2438"}],"curies":[{"name":"wp","href":"https:\/\/api.w.org\/{rel}","templated":true}]}}