{"id":2447,"date":"2020-08-20T18:46:29","date_gmt":"2020-08-20T21:46:29","guid":{"rendered":"http:\/\/justlaser.com.br\/alugueldelasers\/?page_id=2447"},"modified":"2022-01-11T21:51:59","modified_gmt":"2022-01-12T00:51:59","slug":"alugar-power-shape-sp-locacao-e-aluguel-powershape","status":"publish","type":"page","link":"https:\/\/justlaser.com.br\/alugueldelasers\/alugar-power-shape-sp-locacao-e-aluguel-powershape\/","title":{"rendered":"Alugar Power Shape Sp"},"content":{"rendered":"<h1>Alugar Power Shape\u00a0 &#8211; Todo Brasil<\/h1>\n<blockquote><p><strong><span style=\"font-size: 14pt;\">Pensando em alugar o PowerShape para sua Cl\u00ednica ? Temos op\u00e7\u00f5es di\u00e1ria e semanal<\/span><\/strong><\/p><\/blockquote>\n<p>&nbsp;<\/p>\n<p>Consagrado, h\u00e1 mais de 15 anos,\u00a0 buscas para alugar Power Shapen ainda \u00e9 nossa busca\u00a0 n\u00famero um para tratamento de flacidez e celulite.<\/p>\n<p>Milhares de cl\u00ednicas tem e usam h\u00e1 mais de 15 anos !<\/p>\n<p><em>COM POWER SHAPE&#8230;\u00a0 A CELULITE DIZ: <\/em><\/p>\n<p><em>BYE&#8230;. BYE<\/em><\/p>\n<h2>Power Shape \u00e9 tratamento ouro contra a celulite.<\/h2>\n<p>A celulite \u00e9 um dos maiores inimigo das mulheres.<br \/>\nPor conta da rotina corrida, a alimenta\u00e7\u00e3o n\u00e3o \u00e9 t\u00e3o saud\u00e1vel, a pr\u00e1tica de exerc\u00edcios deixa a desejar e o consumo de bebidas alco\u00f3licas&#8230; resulta nas t\u00e3o temidas celulites.<br \/>\nMas para esse mal agora tem cura, POWER SHAPE!<\/p>\n<h3>T\u00e1 esperando o que? Ofere\u00e7a a SOLU\u00c7\u00c3O\u00a0 PARA SEUS CLIENTES, QUE TAL ALUGAR O POWER ?<\/h3>\n<p>Alugue agora mesmo o POWER SHAPE!<img decoding=\"async\" class=\"alignright size-full wp-image-3006\" src=\"http:\/\/justlaser.com.br\/alugueldelasers\/wp-content\/uploads\/2022\/01\/alugar-power-shape.png\" alt=\"alugar power shape\" width=\"492\" height=\"492\" title=\"\" srcset=\"https:\/\/justlaser.com.br\/alugueldelasers\/wp-content\/uploads\/2022\/01\/alugar-power-shape-66x66.png 66w, https:\/\/justlaser.com.br\/alugueldelasers\/wp-content\/uploads\/2022\/01\/alugar-power-shape-150x150.png 150w, https:\/\/justlaser.com.br\/alugueldelasers\/wp-content\/uploads\/2022\/01\/alugar-power-shape-200x200.png 200w, https:\/\/justlaser.com.br\/alugueldelasers\/wp-content\/uploads\/2022\/01\/alugar-power-shape-300x300.png 300w, https:\/\/justlaser.com.br\/alugueldelasers\/wp-content\/uploads\/2022\/01\/alugar-power-shape-400x400.png 400w, https:\/\/justlaser.com.br\/alugueldelasers\/wp-content\/uploads\/2022\/01\/alugar-power-shape.png 492w\" sizes=\"(max-width: 492px) 100vw, 492px\" \/><br \/>\nPara maiores informa\u00e7\u00f5es e agendamentos, nos contate via WhatsApp.<br \/>\n(11) 94084-3111<br \/>\n\ud83d\udc46\ud83c\udffb<\/p>\n<p>Na Just Laser voc\u00ea encontra as melhores tecnologias, e aparelhos para os mais diversos tratamentos.<br \/>\nFicaremos felizes em atend\u00ea-lo!<\/p>\n<h2 align=\"left\"><span style=\"color: #333333; font-family: Arial;\">Aluguel do Power Shape<br \/>\nPlatform (6 em 1)<\/span><\/h2>\n<p align=\"left\"><span style=\"color: #333333;\"><span style=\"font-family: Arial;\">(Aparelho de Radiofrequ\u00eancia)<\/span><span style=\"color: #333333; font-family: Arial;\">\u00a0<\/span><span style=\"color: #333333; font-family: Arial;\">\u00a0<\/span><\/span><\/p>\n<p align=\"left\"><span style=\"color: #333333; font-family: Arial;\"><br \/>\nPower Shape Platform \u00e9 um inovador sistema 6 em 1 que associa um poderoso ultrassom cavitacional, radiofrequ\u00eancia (RF) multipolar, LED e sistema pneum\u00e1tico de endermologia.<\/span><\/p>\n<p><b>Indica\u00e7\u00f5es<\/b><br \/>\n\u2022 Contorno corporal;<br \/>\n\u2022 Redu\u00e7\u00e3o de celulite;<br \/>\n\u2022 Redu\u00e7\u00e3o de medidas;<br \/>\n\u2022 Skin Tightening;<br \/>\n\u2022 Est\u00edmulo de col\u00e1geno;<br \/>\n\u2022 Tratamento da acne ativa;<br \/>\n\u2022 Tratamento da flacidez em qualquer parte do corpo.<\/p>\n<p><b>Caracter\u00edsiticas do equipamento<\/b><br \/>\n\u2022 Ultrassom cavitacional est\u00e1vel e seguro (30-40 KHz);<br \/>\n\u2022 Fun\u00e7\u00e3o integrada de RF com V\u00e1cuo;<br \/>\n\u2022 Nova tecnologia RF Multipolar e Tripolar;<br \/>\n\u2022 Novo sistema pneum\u00e1tico patenteado de endermologia;<br \/>\n\u2022 Sistema de LED vermelho e azul;<br \/>\n\u2022 4 tipos de pulsos para o Sistema de V\u00e1cuo;<br \/>\n\u2022 Monitor 7&#8243; LCD Touch Screen;<br \/>\n\u2022 Conveniente interruptor no p\u00e9 (pedal);<br \/>\n\u2022 Compacto;<br \/>\n\u2022 Sem Consum\u00edveis;<br \/>\n\u2022 Extremamente vers\u00e1til.<\/p>\n<p><a href=\"https:\/\/lmg.com.br\/\" target=\"_blank\" rel=\"noopener\"><b>Site do fabricante LMG\u00a0 e importador\u00a0<\/b><\/a><\/p>\n<p><b>Registro na ANVISA:<\/b><br \/>\n80520090005<\/p>\n<p><iframe src=\"\/\/www.youtube.com\/embed\/80L3PpLGfdQ\" width=\"560\" height=\"314\" allowfullscreen=\"allowfullscreen\"><\/iframe><\/p>\n<p>Como voc\u00ea est\u00e1 pesquisando por aluguel\u00a0 de power shape facial e corporal para S\u00e3o Paulo, Santos,\u00a0 Sorocaba,\u00a0 resto do Brasil ?<br \/>\nFazemos o <strong>aluguel de equipamento Power Shape<\/strong>\u00a0para diversos tratamentos.<\/p>\n<p>Caso queira mais informa\u00e7\u00f5es sobre aluguel de power shape , lembre que ele serve para\u00a0 tratar contorno corporal, redu\u00e7\u00e3o de celulite, redu\u00e7\u00e3o de medidas, skin tightening, est\u00edmulo de col\u00e1geno, tratamento de acne ativa, tratamento de flacidez em qualquer local.<\/p>\n<h4>Veja mais op\u00e7\u00f5es com rela\u00e7\u00e3o ao aluguel de power shape a seguir, di\u00e1rio ou mensal.<\/h4>\n<p>Just Laser conta com um time de profissionais qualificados para o servi\u00e7o, al\u00e9m de investir em equipamentos modernos, que se ajustam a sua necessidade.<\/p>\n<p>Desenvolvemos cada trabalho de loca\u00e7\u00e3o e aluguel de m\u00e1quina,\u00a0 de uma forma profissional e objetiva.<\/p>\n<p>Com isso, conseguimos disponibilizar outros trabalhos, como <a href=\"https:\/\/justlaser.com.br\/alugueldelasers\/aluguel-locacao-de-lasers\/locacao-aluguel-do-laser-plataforma-etherea-mx-sao-paulo\/\">Loca\u00e7\u00e3o de Laser Etherea Mx<\/a> , <a href=\"https:\/\/justlaser.com.br\/alugueldelasers\/aluguel-locacao-ultraformer-iii\/\">Ultraformer<\/a>, <a href=\"https:\/\/justlaser.com.br\/alugueldelasers\/aluguel-ultrassom-macro-focado-scizer\/\">Scizer<\/a> .<\/p>\n<h3><\/h3>\n<h3>Veja mais sobre aluguel e loca\u00e7\u00e3o de laser de Thulium 1927 Lavieen<\/h3>\n<h3><strong><a href=\"https:\/\/justlaser.com.br\/alugueldelasers\/curso-treinamento-aparelhos-de-laser-depilacao-ultrassom\/treinamento-e-curso-lavieen\">Conhe\u00e7a no treinamento que ensina como tratar e combinar tratamentos\u00a0 diversos e melasma com o Lavieen<\/a><\/strong><\/h3>\n<h3><a href=\"https:\/\/justlaser.com.br\/alugueldelasers\/alugar-power-shape-sp-locacao-e-aluguel-powershape\/\">Que tal alugar Power Shape ?<\/a><\/h3>\n<h2><span style=\"font-size: 14pt;\"><a href=\"https:\/\/justlaser.com.br\/alugueldelasers\/alugar-power-shape-sp-locacao-e-aluguel-powershape\/aluguel-powershape\/\">aluguel de Power Shape<\/a><\/span><\/h2>\n<h2><a href=\"https:\/\/justlaser.com.br\/alugueldelasers\/alugar-power-shape-sp-locacao-e-aluguel-powershape\/locacao-de-power-shape\/\">Loca\u00e7\u00e3o do PowerShape<\/a><\/h2>\n<h3><strong><a href=\"https:\/\/justlaser.com.br\/alugueldelasers\/aluguel-laser-lavieen\/\">Aluguel do Lavieen<\/a><\/strong><\/h3>\n<h3><strong><a href=\"https:\/\/justlaser.com.br\/alugueldelasers\/aluguel-laser-lavieen\/locacao-lavieen\/\">Loca\u00e7\u00e3o do Laser Lavieen Tulio 1927 nm<\/a><\/strong><\/h3>\n<h2><\/h2>\n<blockquote><p><span style=\"font-size: 14pt;\">Na Just Laser voc\u00ea encontra as melhores tecnologias<strong> para loca\u00e7\u00e3o,<\/strong> e aparelhos para os mais diversos tratamentos.<\/span><br \/>\n<span style=\"font-size: 24pt;\"><strong>Ficaremos felizes em atend\u00ea-lo!<\/strong><\/span><br \/>\n<span style=\"font-size: 14pt;\">\u00a0<\/span><\/p><\/blockquote>\n<h2>Saiba mais entrando em contato pelo whatsapp sobre <a href=\"https:\/\/justlaser.com.br\/alugueldelasers\/alugar-power-shape-sp-locacao-e-aluguel-powershape\/aluguel-powershape\/\">alugar de Power Shape<\/a><\/h2>\n","protected":false},"excerpt":{"rendered":"<p>Alugar Power Shape\u00a0 &#8211; Todo Brasil Pensando em alugar o PowerShape para sua Cl\u00ednica [&hellip;]<\/p>\n","protected":false},"author":1,"featured_media":0,"parent":0,"menu_order":0,"comment_status":"closed","ping_status":"closed","template":"","meta":{"footnotes":""},"_links":{"self":[{"href":"https:\/\/justlaser.com.br\/alugueldelasers\/wp-json\/wp\/v2\/pages\/2447"}],"collection":[{"href":"https:\/\/justlaser.com.br\/alugueldelasers\/wp-json\/wp\/v2\/pages"}],"about":[{"href":"https:\/\/justlaser.com.br\/alugueldelasers\/wp-json\/wp\/v2\/types\/page"}],"author":[{"embeddable":true,"href":"https:\/\/justlaser.com.br\/alugueldelasers\/wp-json\/wp\/v2\/users\/1"}],"replies":[{"embeddable":true,"href":"https:\/\/justlaser.com.br\/alugueldelasers\/wp-json\/wp\/v2\/comments?post=2447"}],"version-history":[{"count":0,"href":"https:\/\/justlaser.com.br\/alugueldelasers\/wp-json\/wp\/v2\/pages\/2447\/revisions"}],"wp:attachment":[{"href":"https:\/\/justlaser.com.br\/alugueldelasers\/wp-json\/wp\/v2\/media?parent=2447"}],"curies":[{"name":"wp","href":"https:\/\/api.w.org\/{rel}","templated":true}]}}