{"id":2498,"date":"2020-10-03T08:10:38","date_gmt":"2020-10-03T11:10:38","guid":{"rendered":"http:\/\/justlaser.com.br\/alugueldelasers\/?page_id=2498"},"modified":"2022-06-01T17:47:26","modified_gmt":"2022-06-01T20:47:26","slug":"aluguel-locacao-ulthera","status":"publish","type":"page","link":"https:\/\/justlaser.com.br\/alugueldelasers\/aluguel-locacao-ultrassom-microfocado-ulthera-ultraformer\/aluguel-locacao-ulthera\/","title":{"rendered":"Aluguel Locacao Ulthera"},"content":{"rendered":"<p><img decoding=\"async\" class=\"alignnone wp-image-2503 size-full\" title=\"Aluguel Loca\u00e7\u00e3o Ulthera\" src=\"https:\/\/justlaser.com.br\/alugueldelasers\/wp-content\/uploads\/2020\/08\/aplicacao-de-ulthera-aluguel.png\" alt=\"Aluguel Loca\u00e7\u00e3o Ulthera\" width=\"900\" height=\"404\" srcset=\"https:\/\/justlaser.com.br\/alugueldelasers\/wp-content\/uploads\/2020\/08\/aplicacao-de-ulthera-aluguel-50x22.png 50w, https:\/\/justlaser.com.br\/alugueldelasers\/wp-content\/uploads\/2020\/08\/aplicacao-de-ulthera-aluguel-150x67.png 150w, https:\/\/justlaser.com.br\/alugueldelasers\/wp-content\/uploads\/2020\/08\/aplicacao-de-ulthera-aluguel-260x117.png 260w, https:\/\/justlaser.com.br\/alugueldelasers\/wp-content\/uploads\/2020\/08\/aplicacao-de-ulthera-aluguel-300x135.png 300w, https:\/\/justlaser.com.br\/alugueldelasers\/wp-content\/uploads\/2020\/08\/aplicacao-de-ulthera-aluguel-500x224.png 500w, https:\/\/justlaser.com.br\/alugueldelasers\/wp-content\/uploads\/2020\/08\/aplicacao-de-ulthera-aluguel-700x314.png 700w, https:\/\/justlaser.com.br\/alugueldelasers\/wp-content\/uploads\/2020\/08\/aplicacao-de-ulthera-aluguel-768x345.png 768w, https:\/\/justlaser.com.br\/alugueldelasers\/wp-content\/uploads\/2020\/08\/aplicacao-de-ulthera-aluguel.png 900w\" sizes=\"(max-width: 900px) 100vw, 900px\" \/><\/p>\n<h1>Aluguel Loca\u00e7\u00e3o Ulthera<\/h1>\n<p>J\u00e1 pensou no<a href=\"https:\/\/ultherapy.com\/\" target=\"_blank\" rel=\"noopener\"> Aluguel ou loca\u00e7\u00e3o\u00a0 de um super aparelho Ulthera<\/a> ?<\/p>\n<p>O primeiro HIFU do mundo, disruptivo e revolucion\u00e1rio. Sua loca\u00e7\u00e3o revolucionou cl\u00ednica pelo Brasil afora. Flacidez de face e pesco\u00e7o, HIFU e similares \u00e9 a melhor op\u00e7\u00e3o n\u00e3o cir\u00fargica.<\/p>\n<div class=\"elementor-element elementor-element-e4b1633 elementor-widget elementor-widget-heading\" data-id=\"e4b1633\" data-element_type=\"widget\" data-widget_type=\"heading.default\">\n<div class=\"elementor-widget-container\">\n<h2 class=\"elementor-heading-title elementor-size-default\">LOCA\u00c7\u00c3O DO ULTHERA\u00ae &#8211; PRIMEIRA TECNOLOGIA BASEADA EM ULTRASSOM MICROFOCADO<\/h2>\n<\/div>\n<\/div>\n<div class=\"elementor-element elementor-element-27b18ab elementor-widget elementor-widget-text-editor\" data-id=\"27b18ab\" data-element_type=\"widget\" data-widget_type=\"text-editor.default\">\n<div class=\"elementor-widget-container\">\n<div class=\"elementor-text-editor elementor-clearfix\"><strong>\u00danico com aprova\u00e7\u00e3o do FDA, para lifting\u00a0 facial n\u00e3o cirurgico.\u00a0<\/strong><\/div>\n<div class=\"elementor-text-editor elementor-clearfix\">\n<p>Claro, no Brasil temos diversas outras op\u00e7\u00f5es , algumas melhores e mais baratas, mas a marca Ulthera ainda reina em muitos consult\u00f3rios.<\/p>\n<p>Com tecnologia baseada em\u00a0<strong>ultrassom micro focado<\/strong>, O\u00a0<strong>Ulthera\u00ae<\/strong>\u00a0tem tecnologia de ultrassom que alcan\u00e7a 4,5mm, quase na camada MUSCULAR, fazendo reposicionamento do tecido.<\/p>\n<h3>O que\u00a0 \u00e9 Ulthera e como funciona o Aluguel\u00a0 &#8211;\u00a0 Super op\u00e7\u00e3o para loca\u00e7\u00e3o<\/h3>\n<\/div>\n<\/div>\n<\/div>\n<p>Ulthera \u00ae, Ultherapy \u00ae. Primeira e \u00fanica tecnologia aprovada pelo FDA como lifting facial n\u00e3o cir\u00fargico. Baseada em ultrassom focado, proporciona contra\u00e7\u00e3o tecidual de forma n\u00e3o-cir\u00fargica e n\u00e3o-invasiva, aprovada pelo FDA e ANVISA, para flacidez da pele.<\/p>\n<p>Durante o procedimento com o Ulthera \u00ae,o ultrassom micro focado entrega pontos de coagula\u00e7\u00e3o t\u00e9rmica (PCT) em uma s\u00e9rie de linhas em 2 profundidades, derme profunda a 3mm de profundidade e na camada muscular \u2013 SMAS (sistema m\u00fasculo aponeur\u00f3tico) a 4,5 mil\u00edmetros de profundidade. A energia de ultrassom \u00e9 focada em um ponto abaixo da superf\u00edcie da pele, concentrando-se em uma \u00e1rea de cerca de 1mm c\u00fabico por ponto, provocando a contra\u00e7\u00e3o imediata do colag\u00e9no e dando in\u00edcio a s\u00edntese de colag\u00e9no novo, enquanto o tecido retrai e fica mais firme. Ap\u00f3s o tratamento a epiderme (superf\u00edcie da pele) n\u00e3o fica marcada, por isso n\u00e3o h\u00e1 restri\u00e7\u00f5es a exposi\u00e7\u00e3o solar e a rotina de trabalho.<\/p>\n<p>Mais de 10.000 pontos de coagula\u00e7\u00e3o t\u00e9rmica feitos em diferentes profundidades no tratamento Ulthera.<\/p>\n<p><img decoding=\"async\" class=\"aligncenter wp-image-2676 size-large\" title=\"locacao de ultera em sao paulo aluguel locacao de ultera em sao paulo aluguel\" src=\"https:\/\/justlaser.com.br\/alugueldelasers\/wp-content\/uploads\/2021\/07\/locacao-de-ultera-em-sao-paulo-aluguel-1024x409.jpg\" alt=\"locacao de ultera em sao paulo aluguel locacao de ultera em sao paulo aluguel\" width=\"1024\" height=\"409\" srcset=\"https:\/\/justlaser.com.br\/alugueldelasers\/wp-content\/uploads\/2021\/07\/locacao-de-ultera-em-sao-paulo-aluguel-50x20.jpg 50w, https:\/\/justlaser.com.br\/alugueldelasers\/wp-content\/uploads\/2021\/07\/locacao-de-ultera-em-sao-paulo-aluguel-150x60.jpg 150w, https:\/\/justlaser.com.br\/alugueldelasers\/wp-content\/uploads\/2021\/07\/locacao-de-ultera-em-sao-paulo-aluguel-260x104.jpg 260w, https:\/\/justlaser.com.br\/alugueldelasers\/wp-content\/uploads\/2021\/07\/locacao-de-ultera-em-sao-paulo-aluguel-300x120.jpg 300w, https:\/\/justlaser.com.br\/alugueldelasers\/wp-content\/uploads\/2021\/07\/locacao-de-ultera-em-sao-paulo-aluguel-500x200.jpg 500w, https:\/\/justlaser.com.br\/alugueldelasers\/wp-content\/uploads\/2021\/07\/locacao-de-ultera-em-sao-paulo-aluguel-700x280.jpg 700w, https:\/\/justlaser.com.br\/alugueldelasers\/wp-content\/uploads\/2021\/07\/locacao-de-ultera-em-sao-paulo-aluguel-768x307.jpg 768w, https:\/\/justlaser.com.br\/alugueldelasers\/wp-content\/uploads\/2021\/07\/locacao-de-ultera-em-sao-paulo-aluguel-1024x409.jpg 1024w, https:\/\/justlaser.com.br\/alugueldelasers\/wp-content\/uploads\/2021\/07\/locacao-de-ultera-em-sao-paulo-aluguel-1200x480.jpg 1200w, https:\/\/justlaser.com.br\/alugueldelasers\/wp-content\/uploads\/2021\/07\/locacao-de-ultera-em-sao-paulo-aluguel.jpg 1374w\" sizes=\"(max-width: 1024px) 100vw, 1024px\" \/><\/p>\n<h2>\u00a0ENTRE EM CONTATO PELO WHATSAPP para sabe sobre loca\u00e7\u00f5es de aparelhos de est\u00e9tica em ultrassom microfocado em S\u00e3o Paulo , ou atrav\u00e9s de nossos parceiros ou envio da maquina via transportadora pelo resto do Brasil<\/h2>\n<p><iframe src=\"\/\/www.youtube.com\/embed\/dr7IMmaDmy8\" width=\"560\" height=\"314\" allowfullscreen=\"allowfullscreen\"><\/iframe><\/p>\n<p>&nbsp;<\/p>\n<h3>Indica\u00e7\u00f5es e resultados do na loca\u00e7\u00e3o e aluguel do Ulthera no Brasil :<\/h3>\n<p><img decoding=\"async\" class=\"alignright wp-image-2675\" title=\"ulthera_aluguel sao paulo\" src=\"https:\/\/justlaser.com.br\/alugueldelasers\/wp-content\/uploads\/2021\/07\/ulthera_aluguel-sao-paulo.png\" alt=\"ulthera_aluguel sao paulo\" width=\"179\" height=\"358\" srcset=\"https:\/\/justlaser.com.br\/alugueldelasers\/wp-content\/uploads\/2021\/07\/ulthera_aluguel-sao-paulo-25x50.png 25w, https:\/\/justlaser.com.br\/alugueldelasers\/wp-content\/uploads\/2021\/07\/ulthera_aluguel-sao-paulo-38x75.png 38w, https:\/\/justlaser.com.br\/alugueldelasers\/wp-content\/uploads\/2021\/07\/ulthera_aluguel-sao-paulo-73x146.png 73w, https:\/\/justlaser.com.br\/alugueldelasers\/wp-content\/uploads\/2021\/07\/ulthera_aluguel-sao-paulo-150x300.png 150w, https:\/\/justlaser.com.br\/alugueldelasers\/wp-content\/uploads\/2021\/07\/ulthera_aluguel-sao-paulo.png 300w\" sizes=\"(max-width: 179px) 100vw, 179px\" \/><\/p>\n<ul class=\"list\">\n<li>Ulthera combina \u00f3tima profundidade, temperatura e precis\u00e3o sem afetar a epiderme;<\/li>\n<li>Pode ser utilizado em fototipos de I-VI durante o ano todo;<\/li>\n<li>Tratamento completo em uma \u00fanica sess\u00e3o de 45-60 minutos;<\/li>\n<li>Excelente alternativa para pacientes com flacidez de leve a moderada que n\u00e3o est\u00e3o prontos para um lifting ou cirurgia.<\/li>\n<\/ul>\n<p>&nbsp;<\/p>\n<div class=\"elementor-element elementor-element-1d3014d6 elementor-widget elementor-widget-heading\" data-id=\"1d3014d6\" data-element_type=\"widget\" data-widget_type=\"heading.default\">\n<div class=\"elementor-widget-container\">\n<h2 class=\"elementor-heading-title elementor-size-default\">O Tratamento com Ulthera no Brasil<\/h2>\n<\/div>\n<\/div>\n<section class=\"elementor-section elementor-inner-section elementor-element elementor-element-df0c9a4 elementor-section-boxed elementor-section-height-default elementor-section-height-default\" data-id=\"df0c9a4\" data-element_type=\"section\">\n<div class=\"elementor-container elementor-column-gap-default\">\n<div class=\"elementor-row\">\n<div class=\"elementor-column elementor-col-50 elementor-inner-column elementor-element elementor-element-c8e352f\" data-id=\"c8e352f\" data-element_type=\"column\">\n<div class=\"elementor-column-wrap elementor-element-populated\">\n<div class=\"elementor-widget-wrap\">\n<div class=\"elementor-element elementor-element-24022728 elementor-widget elementor-widget-text-editor\" data-id=\"24022728\" data-element_type=\"widget\" data-widget_type=\"text-editor.default\">\n<div class=\"elementor-widget-container\">\n<div class=\"elementor-text-editor elementor-clearfix\">\n<p><strong>Ulthera\u00ae<\/strong>\u00a0\u00e9 um novo tipo de procedimento n\u00e3o-cir\u00fargico e n\u00e3o-invasivo que usa ultrassom para est\u00edmulo de col\u00e1geno e reposicionamento de tecido, sustentando, tonificando e melhorando a flacidez da pele. O equipamento utiliza a energia baseada na profundidade que o ultrassom micro focado atinge para estimular as camadas profundas de suporte estruturais da pele, incluindo aquelas tipicamente abordadas em um restauro cir\u00fargico, sem afetar a superf\u00edcie da pele.<\/p>\n<p>Este tratamento \u00e9 indicado principalmente para o contorno facial, \u00e1rea dos olhos e pesco\u00e7o. Pode ser realizado em qualquer \u00e9poca do ano e por pessoas de diferentes fototipos.<\/p>\n<\/div>\n<\/div>\n<\/div>\n<\/div>\n<\/div>\n<\/div>\n<div class=\"elementor-column elementor-col-50 elementor-inner-column elementor-element elementor-element-93bf4a6\" data-id=\"93bf4a6\" data-element_type=\"column\">\n<div class=\"elementor-column-wrap elementor-element-populated\">\n<div class=\"elementor-widget-wrap\">\n<div class=\"elementor-element elementor-element-70d3eb9 elementor-widget elementor-widget-text-editor\" data-id=\"70d3eb9\" data-element_type=\"widget\" data-widget_type=\"text-editor.default\">\n<div class=\"elementor-widget-container\">\n<div class=\"elementor-text-editor elementor-clearfix\">\n<p>Durante o procedimento com o\u00a0<strong>Ulthera\u00ae<\/strong>, o ultrassom micro focado \u00e9 entregue em uma s\u00e9rie de linhas. Cada linha cont\u00e9m 17 pontos de coagula\u00e7\u00e3o t\u00e9rmica (TCP) e aproximadamente 1mm de espa\u00e7amento para promover o resultado. O TCP \u00e9 formado quando a energia de ultrassom \u00e9 focada em um ponto abaixo da superf\u00edcie da pele, concentrando-se 95% da energia fornecida em uma \u00e1rea de cerca de 1mm3. No ponto focal, o tecido \u00e9 aquecido a aproximadamente 65 \u00b0 C, provocando a contra\u00e7\u00e3o imediata do col\u00e1geno dando in\u00edcio a s\u00edntese de col\u00e1geno agressivo, enquanto o tecido, incluindo a superf\u00edcie da pele, n\u00e3o s\u00e3o afetados.<\/p>\n<\/div>\n<\/div>\n<\/div>\n<\/div>\n<\/div>\n<\/div>\n<\/div>\n<\/div>\n<\/section>\n<p>&nbsp;<\/p>\n<h2><a href=\"https:\/\/justlaser.com.br\/alugueldelasers\/aluguel-locacao-ulthera\/\">Aluguel Loca\u00e7\u00e3o Ulthera Sao Paulo\u00a0 &#8211; Brasil<\/a><\/h2>\n<p>&nbsp;<\/p>\n<h2>Aluguel de aparelhos de est\u00e9tica ?<\/h2>\n<p><a href=\"https:\/\/justlaser.com.br\/alugueldelasers\/aluguel-locacao-ulthera\/\"><strong>J\u00e1 pensou em aluguel ou loca\u00e7\u00e3o de Ulthera ?\u00a0<\/strong><\/a><\/p>\n<p><strong><a href=\"https:\/\/justlaser.com.br\/alugueldelasers\/aluguel-locacao-ultraformer-iii\/\">J\u00e1 pensou em aluguel de Ultraformer ?<\/a><\/strong><\/p>\n<p><strong><a href=\"https:\/\/justlaser.com.br\/alugueldelasers\/aluguel-locacao-ultraformer-iii\/locacao-vzet\/\">Que tal loca\u00e7\u00e3o\u00a0 do VZET ?<\/a><\/strong><\/p>\n<p><a href=\"https:\/\/justlaser.com.br\/alugueldelasers\/aluguel-locacao-ultraformer-iii\/aluguel-do-vzet\"><strong>E alugar ou aluguel do VZET<\/strong><\/a><\/p>\n<h3><strong>Entre em contato pelo WhatsApp para or\u00e7amento de aluguel de Ultraformer\/VZET\/LAVIEEN\u00a0 para S\u00e3o Paulo e Brasil\u00a0<\/strong><\/h3>\n<p>&nbsp;<\/p>\n","protected":false},"excerpt":{"rendered":"<p>Aluguel Loca\u00e7\u00e3o Ulthera J\u00e1 pensou no Aluguel ou loca\u00e7\u00e3o\u00a0 de um super aparelho Ulthera [&hellip;]<\/p>\n","protected":false},"author":2,"featured_media":0,"parent":2518,"menu_order":0,"comment_status":"closed","ping_status":"closed","template":"","meta":{"footnotes":""},"_links":{"self":[{"href":"https:\/\/justlaser.com.br\/alugueldelasers\/wp-json\/wp\/v2\/pages\/2498"}],"collection":[{"href":"https:\/\/justlaser.com.br\/alugueldelasers\/wp-json\/wp\/v2\/pages"}],"about":[{"href":"https:\/\/justlaser.com.br\/alugueldelasers\/wp-json\/wp\/v2\/types\/page"}],"author":[{"embeddable":true,"href":"https:\/\/justlaser.com.br\/alugueldelasers\/wp-json\/wp\/v2\/users\/2"}],"replies":[{"embeddable":true,"href":"https:\/\/justlaser.com.br\/alugueldelasers\/wp-json\/wp\/v2\/comments?post=2498"}],"version-history":[{"count":0,"href":"https:\/\/justlaser.com.br\/alugueldelasers\/wp-json\/wp\/v2\/pages\/2498\/revisions"}],"up":[{"embeddable":true,"href":"https:\/\/justlaser.com.br\/alugueldelasers\/wp-json\/wp\/v2\/pages\/2518"}],"wp:attachment":[{"href":"https:\/\/justlaser.com.br\/alugueldelasers\/wp-json\/wp\/v2\/media?parent=2498"}],"curies":[{"name":"wp","href":"https:\/\/api.w.org\/{rel}","templated":true}]}}