{"id":2499,"date":"2024-06-01T11:19:16","date_gmt":"2024-06-01T14:19:16","guid":{"rendered":"http:\/\/justlaser.com.br\/alugueldelasers\/?page_id=2499"},"modified":"2024-08-21T19:04:46","modified_gmt":"2024-08-21T22:04:46","slug":"aluguel-locacao-ultraformer-iii","status":"publish","type":"page","link":"https:\/\/justlaser.com.br\/alugueldelasers\/aluguel-locacao-ultraformer-iii\/","title":{"rendered":"Aluguel Ultraformer III"},"content":{"rendered":"<h1>Aluguel do Ultraformer III<\/h1>\n<p><strong><span style=\"font-size: 14pt;\">Fa\u00e7a o aluguel do Ultraformer III na empresa que mais compra cartuchos originais na Medsystems no Brasil!<\/span><\/strong><\/p>\n<h1><img decoding=\"async\" class=\"alignnone wp-image-3062\" title=\"Aluguel Ultraformer III\" src=\"https:\/\/justlaser.com.br\/alugueldelasers\/wp-content\/uploads\/2022\/02\/ULTRAFORMER-aluguel-locacao.jpg\" alt=\"Aluguel de ULTRAFORMER\" width=\"863\" height=\"306\" srcset=\"https:\/\/justlaser.com.br\/alugueldelasers\/wp-content\/uploads\/2022\/02\/ULTRAFORMER-aluguel-locacao-200x71.jpg 200w, https:\/\/justlaser.com.br\/alugueldelasers\/wp-content\/uploads\/2022\/02\/ULTRAFORMER-aluguel-locacao-300x106.jpg 300w, https:\/\/justlaser.com.br\/alugueldelasers\/wp-content\/uploads\/2022\/02\/ULTRAFORMER-aluguel-locacao-400x142.jpg 400w, https:\/\/justlaser.com.br\/alugueldelasers\/wp-content\/uploads\/2022\/02\/ULTRAFORMER-aluguel-locacao-500x177.jpg 500w, https:\/\/justlaser.com.br\/alugueldelasers\/wp-content\/uploads\/2022\/02\/ULTRAFORMER-aluguel-locacao-600x213.jpg 600w, https:\/\/justlaser.com.br\/alugueldelasers\/wp-content\/uploads\/2022\/02\/ULTRAFORMER-aluguel-locacao-700x248.jpg 700w, https:\/\/justlaser.com.br\/alugueldelasers\/wp-content\/uploads\/2022\/02\/ULTRAFORMER-aluguel-locacao-768x272.jpg 768w, https:\/\/justlaser.com.br\/alugueldelasers\/wp-content\/uploads\/2022\/02\/ULTRAFORMER-aluguel-locacao-800x284.jpg 800w, https:\/\/justlaser.com.br\/alugueldelasers\/wp-content\/uploads\/2022\/02\/ULTRAFORMER-aluguel-locacao.jpg 1024w\" sizes=\"(max-width: 863px) 100vw, 863px\" \/><\/h1>\n<h2>Aluguel do <strong>Ultraformer III<\/strong> para todo Brasil, com a empresa mais s\u00e9ria do pa\u00eds.<\/h2>\n<p><span style=\"font-size: 14pt;\">Um pacote completo para sua tranquilidade:<\/span><br \/>\n<span style=\"font-size: 14pt;\">* <span style=\"color: #ff0000;\"><strong>Credibilidade: Somos a maior empresa em compra de cartuchos originais do Ultraformer III da MEDSYSTEMS , reconhecidos pela equipe de vendas.<\/strong><\/span><\/span><br \/>\n<span style=\"font-size: 14pt;\">* <span style=\"color: #ff0000;\"><strong>Originalidade: Utilizamos apenas cartuchos originais, garantindo resultados superiores e seguran\u00e7a para seus pacientes.<\/strong><\/span><\/span><br \/>\n<span style=\"color: #ff0000;\"><strong><span style=\"font-size: 14pt;\">* Suporte T\u00e9cnico: Nossa equipe est\u00e1 pronta para te auxiliar em todas as etapas do processo de loca\u00e7\u00e3o, desde a instala\u00e7\u00e3o at\u00e9 o uso do equipamento.<\/span><\/strong><\/span><br \/>\n<span style=\"color: #ff0000;\"><strong><span style=\"font-size: 14pt;\">* Suporte M\u00e9dico: Conte com o apoio de profissionais especializados para esclarecer d\u00favidas e auxiliar em eventuais intercorr\u00eancias, garantindo a seguran\u00e7a dos seus pacientes.<\/span><\/strong><\/span><\/p>\n<p><span style=\"font-size: 14pt;\">A import\u00e2ncia de escolher uma empresa s\u00e9ria e honesta<\/span><br \/>\n<span style=\"font-size: 14pt;\">A loca\u00e7\u00e3o de equipamentos est\u00e9ticos exige cuidado e aten\u00e7\u00e3o. <\/span><\/p>\n<blockquote><p><strong><span style=\"font-size: 14pt;\">Empresas s\u00e9rias garantem:<\/span><\/strong><br \/>\n<strong><span style=\"font-size: 14pt;\">* Equipamentos em perfeito estado: Manuten\u00e7\u00e3o e calibragem em dia para resultados ideais.<\/span><\/strong><br \/>\n<strong><span style=\"font-size: 14pt;\">* Proced\u00eancia dos cartuchos: Cartuchos originais garantem a seguran\u00e7a e efic\u00e1cia dos tratamentos.<\/span><\/strong><br \/>\n<strong><span style=\"font-size: 14pt;\">* Suporte t\u00e9cnico e m\u00e9dico: Assist\u00eancia completa para sua tranquilidade e a seguran\u00e7a dos seus pacientes.<\/span><\/strong><\/p><\/blockquote>\n<h3><span style=\"font-size: 14pt;\"><strong>Ultrassom microfocado, e o aluguel do Ultraformer III,\u00a0<\/strong> veio para ficar.<\/span><\/h3>\n<p><span style=\"font-size: 14pt;\">E toda cl\u00ednica que trabalha com est\u00e9tica eventualmente ter\u00e1 em sua cl\u00ednica uma m\u00e1quina de ultrassom.<\/span><\/p>\n<h3><span style=\"font-size: 14pt;\"><strong>Seja Ulthera, Liftera, Doblo, Accutyte, Ultraformer III ou os chineses.<\/strong><\/span><\/h3>\n<p><span style=\"font-size: 14pt;\">Se voc\u00ea trabalha na \u00e1rea, sabe bem quais s\u00e3o as melhores m\u00e1quinas para o seu p\u00fablico.<\/span><\/p>\n<p><span style=\"font-size: 14pt;\">N\u00f3s queremos te ajudar, temos todas as tecnologias dispon\u00edveis conosco ou com parceiros pelo pa\u00eds.<\/span><\/p>\n<h2><span style=\"font-size: 14pt;\">Aluguel do Ultraformer III, Liftera ou Ulthera \u00e9 algo que muita gente j\u00e1 pensou em fazer, mas&#8230;<\/span><\/h2>\n<p><span style=\"font-size: 14pt;\">O Aparelho de ultrassom microfocado <a href=\"https:\/\/ultraformer.com\/\" target=\"_blank\" rel=\"noopener\">Ultraformer III<\/a> revolucionou,\u00a0 junto com seu par\u00a0 Ulthera, os tratamentos para flacidez do rosto.<\/span><\/p>\n<p><span style=\"font-size: 14pt;\">Ultraformer III \u00e9 a queridinha das m\u00e1quinas para flacidez facial, e muitas vezes corporal.<\/span><\/p>\n<p><span style=\"font-size: 14pt;\">V\u00e1rias cl\u00ednicas buscam <a href=\"https:\/\/justlaser.com.br\/alugueldelasers\/aluguel-de-ultrassom-microfocado-ulthera-e-ultraformer\/aluguel-e-aplicacao-de-ultraformer\">aluguel ou loca\u00e7\u00e3o do Ultraformer III<\/a> pela sua praticidade.<\/span><\/p>\n<p><span style=\"font-size: 14pt;\">E, pelo forte apelo na m\u00eddia e nas revistas, a marca <strong>Ultraformer III<\/strong> virou sin\u00f4nimo,\u00a0junto com o nome <a href=\"https:\/\/ultherapy.com\/\" target=\"_blank\" rel=\"noopener\">Ulthera<\/a>, de aparelhos de est\u00e9tica de qualidade e resultados.<\/span><\/p>\n<h3><span style=\"font-size: 14pt;\">Nova ponteira de 2 mm do Ultraformer III, veja suas indica\u00e7\u00f5es<\/span><\/h3>\n<p><iframe src=\"\/\/www.youtube.com\/embed\/UScnTOS8tN0\" width=\"560\" height=\"314\" allowfullscreen=\"allowfullscreen\"><\/iframe><\/p>\n<h2>Vale a pena o <a href=\"https:\/\/justlaser.com.br\/alugueldelasers\/aluguel-de-ultrassom-microfocado-ulthera-e-ultraformer\/aluguel-e-aplicacao-de-ultraformer\">aluguel do Ultraformer III<\/a> ?<\/h2>\n<p><span style=\"font-size: 14pt;\">No mundo da est\u00e9tica, os aparelhos car\u00edssimos, na ordem de centenas de milhares de reais, muitos profissionais compram e tem dificuldade \u00e0s vezes para pagar suas parcelas.<\/span><\/p>\n<p><span style=\"font-size: 14pt;\">Por outro lado, outros <em>profissionais preferem alugar ou fazer a loca\u00e7\u00e3o de m\u00e1quinas<\/em> ao inv\u00e9s de comprar.<\/span><\/p>\n<p><span style=\"font-size: 14pt;\"><em><strong>Aluguel<\/strong> do Ultraformer III ou loca\u00e7\u00e3o de m\u00e1quinas, como Ultraformer MPT, <\/em>\u00a0que custam pequenas fortunas pode ser muitas vezes mais vantajoso do que se endividar por anos para um aparelho que depois de 4-5 anos fica obsoleto.<\/span><\/p>\n<p><span style=\"font-size: 14pt;\">Se voc\u00ea tem alguma dessas m\u00e1quinas maravilhosas do mundo da est\u00e9tica, ou busca op\u00e7\u00f5es para te ajudar a alugar, ou fazer loca\u00e7\u00e3o em S\u00e3o Paulo, Campinas, Santos ou qualquer cidade do Brasil entre em contato.<\/span><\/p>\n<h3><span style=\"font-size: 14pt;\">Creio que podemos te ajudar a planejar aluguel do UF III ou venda de suas m\u00e1quinas.<\/span><\/h3>\n<p><span style=\"font-size: 14pt;\">Aplica\u00e7\u00e3o do ultrassom pode ser feita em qualquer paciente com sinais iniciais de flacidez, a partir dos 30 anos praticamente todo mundo j\u00e1 pode se beneficiar da aplica\u00e7\u00e3o.\u00a0 As indica\u00e7\u00f5es s\u00e3o ilimitadas!<\/span><\/p>\n<p><img decoding=\"async\" class=\"aligncenter wp-image-2660 size-full\" title=\"Aluguel ultraformer\" src=\"https:\/\/justlaser.com.br\/alugueldelasers\/wp-content\/uploads\/2021\/07\/ultraformer-aluguel.jpeg\" alt=\"Aluguel ultraformer\" width=\"1000\" height=\"634\" srcset=\"https:\/\/justlaser.com.br\/alugueldelasers\/wp-content\/uploads\/2021\/07\/ultraformer-aluguel-50x32.jpeg 50w, https:\/\/justlaser.com.br\/alugueldelasers\/wp-content\/uploads\/2021\/07\/ultraformer-aluguel-118x75.jpeg 118w, https:\/\/justlaser.com.br\/alugueldelasers\/wp-content\/uploads\/2021\/07\/ultraformer-aluguel-230x146.jpeg 230w, https:\/\/justlaser.com.br\/alugueldelasers\/wp-content\/uploads\/2021\/07\/ultraformer-aluguel-300x190.jpeg 300w, https:\/\/justlaser.com.br\/alugueldelasers\/wp-content\/uploads\/2021\/07\/ultraformer-aluguel-500x317.jpeg 500w, https:\/\/justlaser.com.br\/alugueldelasers\/wp-content\/uploads\/2021\/07\/ultraformer-aluguel-700x444.jpeg 700w, https:\/\/justlaser.com.br\/alugueldelasers\/wp-content\/uploads\/2021\/07\/ultraformer-aluguel-768x487.jpeg 768w, https:\/\/justlaser.com.br\/alugueldelasers\/wp-content\/uploads\/2021\/07\/ultraformer-aluguel.jpeg 1000w\" sizes=\"(max-width: 1000px) 100vw, 1000px\" \/><\/p>\n<p><span style=\"font-size: 14pt;\"><a href=\"https:\/\/justlaser.com.br\/alugueldelasers\/aluguel-de-endolift\/\"><strong>J\u00e1 pensou em aluguel ou loca\u00e7\u00e3o do laser ENDOLIFT LASER\u00a0\u00a0<\/strong><\/a><\/span><\/p>\n<p><span style=\"font-size: 14pt;\"><a href=\"https:\/\/justlaser.com.br\/alugueldelasers\/aluguel-locacao-ulthera\/\"><strong>J\u00e1 pensou em aluguel ou loca\u00e7\u00e3o de Ulthera ?\u00a0<\/strong><\/a><\/span><\/p>\n<p><span style=\"font-size: 14pt;\"><strong><a href=\"https:\/\/justlaser.com.br\/alugueldelasers\/aluguel-locacao-ultraformer-iii\/\">J\u00e1 pensou em aluguel de Ultraformer III ?<\/a><\/strong><\/span><\/p>\n<ul id=\"menu-endolift\" class=\"menu\">\n<li id=\"menu-item-3563\" class=\"menu-item menu-item-type-post_type menu-item-object-page menu-item-3563\"><span style=\"font-size: 14pt;\"><a href=\"https:\/\/justlaser.com.br\/alugueldelasers\/locacao-de-laser-para-endolift\/\">Loca\u00e7\u00e3o de laser para Endolift<\/a><\/span><\/li>\n<li id=\"menu-item-3564\" class=\"menu-item menu-item-type-post_type menu-item-object-page menu-item-3564\"><span style=\"font-size: 14pt;\"><a href=\"https:\/\/justlaser.com.br\/alugueldelasers\/locacao-de-laser-para-endolift\/aluguel-do-delight-endolift\/\">Aluguel do Delight Endolift<\/a><\/span><\/li>\n<li><span style=\"font-size: 14pt;\"><a href=\"https:\/\/justlaser.com.br\/alugueldelasers\/locacao-do-ultraformer-mpt\/\">Loca\u00e7\u00e3o do Ultraformer MPT<\/a><\/span><\/li>\n<li id=\"menu-item-3565\" class=\"menu-item menu-item-type-post_type menu-item-object-page current-menu-item page_item page-item-3492 current_page_item menu-item-3565\"><span style=\"font-size: 14pt;\"><a href=\"https:\/\/justlaser.com.br\/alugueldelasers\/aluguel-de-endolift\/\" aria-current=\"page\">Aluguel de Endolift<\/a><\/span><\/li>\n<li id=\"menu-item-3561\" class=\"menu-item menu-item-type-post_type menu-item-object-page menu-item-has-children menu-item-3561\"><span style=\"font-size: 14pt;\"><a href=\"https:\/\/justlaser.com.br\/alugueldelasers\/locacao-do-endymed\/\">Loca\u00e7\u00e3o do Endymed<\/a><\/span>\n<ul class=\"sub-menu\">\n<li id=\"menu-item-3562\" class=\"menu-item menu-item-type-post_type menu-item-object-page menu-item-3562\"><span style=\"font-size: 14pt;\"><a href=\"https:\/\/justlaser.com.br\/alugueldelasers\/aluguel-do-endymed\/\">Aluguel do ENDYMED<\/a><\/span><\/li>\n<\/ul>\n<\/li>\n<\/ul>\n<h2><span style=\"color: #ff0000; font-size: 18pt;\"><strong><a title=\"Clique para WhatsApp\" href=\"https:\/\/api.whatsapp.com\/send?phone=5511940843111\" target=\"_blank\" rel=\"nofollow noopener\"><img decoding=\"async\" class=\"wp-image-3064 alignnone\" title=\"Aluguel Ultraformer III\" src=\"https:\/\/justlaser.com.br\/alugueldelasers\/wp-content\/uploads\/2022\/02\/aluguel-uthera-3.jpg\" alt=\"Aluguel Ultraformer III\" width=\"344\" height=\"160\" srcset=\"https:\/\/justlaser.com.br\/alugueldelasers\/wp-content\/uploads\/2022\/02\/aluguel-uthera-3-200x93.jpg 200w, https:\/\/justlaser.com.br\/alugueldelasers\/wp-content\/uploads\/2022\/02\/aluguel-uthera-3-300x140.jpg 300w, https:\/\/justlaser.com.br\/alugueldelasers\/wp-content\/uploads\/2022\/02\/aluguel-uthera-3.jpg 400w\" sizes=\"(max-width: 344px) 100vw, 344px\" \/><\/a><\/strong><\/span><span style=\"color: #ff0000; font-size: 18pt;\"><strong>Entre em contato pelo WhatsApp para or\u00e7amento de treinamentos e de aluguel de Ultraformer para S\u00e3o Paulo e Brasil\u00a0<\/strong><\/span><\/h2>\n<p>&nbsp;<\/p>\n<p>&nbsp;<\/p>\n<p>&nbsp;<\/p>\n","protected":false},"excerpt":{"rendered":"<p>Aluguel do Ultraformer III Fa\u00e7a o aluguel do Ultraformer III na empresa que mais [&hellip;]<\/p>\n","protected":false},"author":2,"featured_media":0,"parent":0,"menu_order":0,"comment_status":"closed","ping_status":"closed","template":"","meta":{"footnotes":""},"_links":{"self":[{"href":"https:\/\/justlaser.com.br\/alugueldelasers\/wp-json\/wp\/v2\/pages\/2499"}],"collection":[{"href":"https:\/\/justlaser.com.br\/alugueldelasers\/wp-json\/wp\/v2\/pages"}],"about":[{"href":"https:\/\/justlaser.com.br\/alugueldelasers\/wp-json\/wp\/v2\/types\/page"}],"author":[{"embeddable":true,"href":"https:\/\/justlaser.com.br\/alugueldelasers\/wp-json\/wp\/v2\/users\/2"}],"replies":[{"embeddable":true,"href":"https:\/\/justlaser.com.br\/alugueldelasers\/wp-json\/wp\/v2\/comments?post=2499"}],"version-history":[{"count":0,"href":"https:\/\/justlaser.com.br\/alugueldelasers\/wp-json\/wp\/v2\/pages\/2499\/revisions"}],"wp:attachment":[{"href":"https:\/\/justlaser.com.br\/alugueldelasers\/wp-json\/wp\/v2\/media?parent=2499"}],"curies":[{"name":"wp","href":"https:\/\/api.w.org\/{rel}","templated":true}]}}