{"id":2518,"date":"2020-09-05T14:03:36","date_gmt":"2020-09-05T17:03:36","guid":{"rendered":"http:\/\/justlaser.com.br\/alugueldelasers\/?page_id=2518"},"modified":"2022-06-01T17:47:36","modified_gmt":"2022-06-01T20:47:36","slug":"aluguel-locacao-ultrassom-microfocado-ulthera-ultraformer","status":"publish","type":"page","link":"https:\/\/justlaser.com.br\/alugueldelasers\/aluguel-locacao-ultrassom-microfocado-ulthera-ultraformer\/","title":{"rendered":"Aluguel Locacao Ultrassom Microfocado Ulthera Ultraformer"},"content":{"rendered":"<h1><img decoding=\"async\" class=\"alignnone wp-image-2519\" title=\"aluguel de ultraformer ulthera\" src=\"http:\/\/justlaser.com.br\/alugueldelasers\/wp-content\/uploads\/2020\/09\/aluguel-de-ultraformer-ulthera.jpg\" alt=\"aluguel de ultraformer ulthera\" width=\"1045\" height=\"547\" srcset=\"https:\/\/justlaser.com.br\/alugueldelasers\/wp-content\/uploads\/2020\/09\/aluguel-de-ultraformer-ulthera-50x26.jpg 50w, https:\/\/justlaser.com.br\/alugueldelasers\/wp-content\/uploads\/2020\/09\/aluguel-de-ultraformer-ulthera-143x75.jpg 143w, https:\/\/justlaser.com.br\/alugueldelasers\/wp-content\/uploads\/2020\/09\/aluguel-de-ultraformer-ulthera-260x136.jpg 260w, https:\/\/justlaser.com.br\/alugueldelasers\/wp-content\/uploads\/2020\/09\/aluguel-de-ultraformer-ulthera-300x157.jpg 300w, https:\/\/justlaser.com.br\/alugueldelasers\/wp-content\/uploads\/2020\/09\/aluguel-de-ultraformer-ulthera-500x262.jpg 500w, https:\/\/justlaser.com.br\/alugueldelasers\/wp-content\/uploads\/2020\/09\/aluguel-de-ultraformer-ulthera-700x366.jpg 700w, https:\/\/justlaser.com.br\/alugueldelasers\/wp-content\/uploads\/2020\/09\/aluguel-de-ultraformer-ulthera-768x402.jpg 768w, https:\/\/justlaser.com.br\/alugueldelasers\/wp-content\/uploads\/2020\/09\/aluguel-de-ultraformer-ulthera-1024x536.jpg 1024w, https:\/\/justlaser.com.br\/alugueldelasers\/wp-content\/uploads\/2020\/09\/aluguel-de-ultraformer-ulthera.jpg 1200w\" sizes=\"(max-width: 1045px) 100vw, 1045px\" \/><\/h1>\n<h1>Aluguel\u00a0 e Loca\u00e7\u00e3o Aparelhos de Ultrassom Microfocado<\/h1>\n<p>J\u00e1 pensou em aluguel de Ultrassom Microfocado , m\u00e1quinas como :<\/p>\n<ol>\n<li>Ulthera,<\/li>\n<li>Ultraformer,<\/li>\n<li>Doblo,<\/li>\n<li>Accutyte Ultra,<\/li>\n<li>\u00a0VZET.<\/li>\n<\/ol>\n<p><strong>Pois, aliados ao <a href=\"https:\/\/justlaser.com.br\/alugueldelasers\/aluguel-laser-lavieen\/\">aluguel do laser\u00a0 LAVIEEN<\/a> , o BB LASER,\u00a0 s\u00e3o em 2022 as op\u00e7\u00f5es mais buscadas pelos pacientes na cl\u00ednica de refer\u00eancia em dermatologia est\u00e9tica.<\/strong><\/p>\n<h1>Ultrassom Microfocado Ulthera:<\/h1>\n<p><strong>Ulthera, a m\u00e3e dos aparelhos de tecnologia microfocada, revolucionou o tratamento\u00a0 da flacidez facial\u00a0 para aluguel .<\/strong><\/p>\n<div>Impeditivo para a maioria da popula\u00e7\u00e3o no come\u00e7o, pelo seu pre\u00e7o, teve o tempo como aliado a seu favor.<\/div>\n<div>Novos aparelho de ultrassom microfocado, como o\u00a0 <strong>Ultraformer<\/strong> mudaram o mercado de clinicas de est\u00e9tica,\u00a0 e\u00a0 junto com seus pares da aparelhos m\u00e9dicos de est\u00e9tica\u00a0 <strong>Ulthera<\/strong> e Accutyte Ultra (lan\u00e7ado em 2020)\u00a0 os tratamentos para flacidez do rosto.<\/div>\n<div><\/div>\n<h2>E aluguel do UltraFormer ?<\/h2>\n<div><\/div>\n<div>Ultraformer logo se tornou \u00e9 a queridinha das m\u00e1quinas para flacidez\u00a0 facial, e muitas vezes corporal.<\/div>\n<div><\/div>\n<div>V\u00e1rias\u00a0 cl\u00ednicas buscam <em>aluguel ou loca\u00e7\u00e3o do Ultraformer<\/em> pela sua praticidade\u00a0 resultado.<\/div>\n<div><\/div>\n<div>E\u00a0tamb\u00e9m, pelo forte apelo na m\u00eddia e nas revistas, a marca <strong>Ultraformer<\/strong> virou sin\u00f4nimo,\u00a0junto com o nome <strong>Ulthera<\/strong>, de aparelhos de est\u00e9tica de qualidade e resultados.<\/div>\n<div>\n<h3>V\u00eddeo institucional do UltraFormer , para voc\u00ea conhecer o que o fabricante apresenta<\/h3>\n<\/div>\n<div><\/div>\n<div>\u00a0<iframe src=\"\/\/www.youtube.com\/embed\/dXrg-58qLu8\" width=\"560\" height=\"314\" allowfullscreen=\"allowfullscreen\"><\/iframe><\/div>\n<div><\/div>\n<div>No mundo da est\u00e9tica, os aparelhos car\u00edssimos, na ordem de centenas de milhares de reais,\u00a0 muitos profissionais compram e tem dificuldade \u00e0s vezes para pagar suas parcelas.<\/div>\n<div>Por outro lado, outros profissionais preferem alugar ou fazer a loca\u00e7\u00e3o de m\u00e1quinas ao inv\u00e9s de comprar.<\/div>\n<h3><\/h3>\n<h3>Aluguel de equipamentos de est\u00e9tica como Ultrassom Microfocado<\/h3>\n<div><\/div>\n<div><strong>Aluguel ou loca\u00e7\u00e3o de m\u00e1quinas<\/strong> que custam pequenas fortunas\u00a0 pode ser muitas vezes mais vantajoso do que se endividar por anos para um aparelho que depois de 4-5 anos fica obsoleto.<\/div>\n<p><img decoding=\"async\" class=\"alignright wp-image-2520 size-medium\" title=\"locacao de ultera e ultraformer\" src=\"https:\/\/justlaser.com.br\/alugueldelasers\/wp-content\/uploads\/2020\/09\/locacao-de-ultera-e-ultraformer-300x200.jpg\" alt=\"locacao de ultera e ultraformer\" width=\"300\" height=\"200\" srcset=\"https:\/\/justlaser.com.br\/alugueldelasers\/wp-content\/uploads\/2020\/09\/locacao-de-ultera-e-ultraformer-50x33.jpg 50w, https:\/\/justlaser.com.br\/alugueldelasers\/wp-content\/uploads\/2020\/09\/locacao-de-ultera-e-ultraformer-113x75.jpg 113w, https:\/\/justlaser.com.br\/alugueldelasers\/wp-content\/uploads\/2020\/09\/locacao-de-ultera-e-ultraformer-219x146.jpg 219w, https:\/\/justlaser.com.br\/alugueldelasers\/wp-content\/uploads\/2020\/09\/locacao-de-ultera-e-ultraformer-300x200.jpg 300w, https:\/\/justlaser.com.br\/alugueldelasers\/wp-content\/uploads\/2020\/09\/locacao-de-ultera-e-ultraformer-500x333.jpg 500w, https:\/\/justlaser.com.br\/alugueldelasers\/wp-content\/uploads\/2020\/09\/locacao-de-ultera-e-ultraformer-700x467.jpg 700w, https:\/\/justlaser.com.br\/alugueldelasers\/wp-content\/uploads\/2020\/09\/locacao-de-ultera-e-ultraformer-768x512.jpg 768w, https:\/\/justlaser.com.br\/alugueldelasers\/wp-content\/uploads\/2020\/09\/locacao-de-ultera-e-ultraformer-1024x683.jpg 1024w, https:\/\/justlaser.com.br\/alugueldelasers\/wp-content\/uploads\/2020\/09\/locacao-de-ultera-e-ultraformer.jpg 1200w\" sizes=\"(max-width: 300px) 100vw, 300px\" \/><\/p>\n<div><\/div>\n<div><\/div>\n<div>Se voc\u00ea tem alguma dessas m\u00e1quinas maravilhosa\u00a0 do mundo da est\u00e9tica\u00a0, ou busca op\u00e7\u00f5es para te ajudar a <strong>alugar, ou fazer loca\u00e7\u00e3o em S\u00e3o Paulo,Campinas,\u00a0 Santos ou qualquer cidade do Brasil<\/strong> entre em contato.<\/div>\n<div><\/div>\n<div>Creio que podemos te ajudar a planejar <strong>aluguel ou venda de suas m\u00e1quinas.<\/strong><\/div>\n<h4>Ulthera, Ultraformer, Accutyte, Herus e outros s\u00e3o marcas conhecidas de aparelhos de Ultrassom Microfocado.<\/h4>\n<div><\/div>\n<blockquote>\n<div><strong>Just Laser \u00e9 sin\u00f4nimo de confiabilidade para fazer neg\u00f3cios de compra e venda de aparelhos, assim como aluguel e loca\u00e7\u00e3o de m\u00e1quinas para cl\u00ednicas de est\u00e9tica<\/strong>.<\/div>\n<\/blockquote>\n<div>\u00a0<img decoding=\"async\" class=\"alignnone wp-image-2713 size-large\" title=\"ULTRAFORMER ALUGUEL LOCACAO\" src=\"https:\/\/justlaser.com.br\/alugueldelasers\/wp-content\/uploads\/2021\/07\/ULTRAFORMER-ALUGUEL-LOCACAO-1024x683.jpg\" alt=\"ULTRAFORMER ALUGUEL LOCACAO\" width=\"1024\" height=\"683\" srcset=\"https:\/\/justlaser.com.br\/alugueldelasers\/wp-content\/uploads\/2021\/07\/ULTRAFORMER-ALUGUEL-LOCACAO-50x33.jpg 50w, https:\/\/justlaser.com.br\/alugueldelasers\/wp-content\/uploads\/2021\/07\/ULTRAFORMER-ALUGUEL-LOCACAO-113x75.jpg 113w, https:\/\/justlaser.com.br\/alugueldelasers\/wp-content\/uploads\/2021\/07\/ULTRAFORMER-ALUGUEL-LOCACAO-219x146.jpg 219w, https:\/\/justlaser.com.br\/alugueldelasers\/wp-content\/uploads\/2021\/07\/ULTRAFORMER-ALUGUEL-LOCACAO-300x200.jpg 300w, https:\/\/justlaser.com.br\/alugueldelasers\/wp-content\/uploads\/2021\/07\/ULTRAFORMER-ALUGUEL-LOCACAO-500x333.jpg 500w, https:\/\/justlaser.com.br\/alugueldelasers\/wp-content\/uploads\/2021\/07\/ULTRAFORMER-ALUGUEL-LOCACAO-700x467.jpg 700w, https:\/\/justlaser.com.br\/alugueldelasers\/wp-content\/uploads\/2021\/07\/ULTRAFORMER-ALUGUEL-LOCACAO-768x512.jpg 768w, https:\/\/justlaser.com.br\/alugueldelasers\/wp-content\/uploads\/2021\/07\/ULTRAFORMER-ALUGUEL-LOCACAO-1024x683.jpg 1024w, https:\/\/justlaser.com.br\/alugueldelasers\/wp-content\/uploads\/2021\/07\/ULTRAFORMER-ALUGUEL-LOCACAO.jpg 1920w\" sizes=\"(max-width: 1024px) 100vw, 1024px\" \/><\/div>\n<div><\/div>\n<div><\/div>\n<div>\n<p>&nbsp;<\/p>\n<h3 style=\"line-height: 18.0pt;\"><span style=\"font-family: 'Georgia','serif'; color: #333333;\">Veja tamb\u00e9m outras op\u00e7\u00f5es de aluguel\u00a0 de Ultrassom Microfocado ou de equipamentos de est\u00e9tica<\/span><\/h3>\n<p style=\"margin: 0cm; margin-bottom: .0001pt;\"><strong><a href=\"https:\/\/justlaser.com.br\/alugueldelasers\/alugar-power-shape-sp-locacao-e-aluguel-powershape\/\"><span style=\"font-family: Georgia, serif;\">Aluguel loca\u00e7ao do PowerShape Power Shape<\/span><\/a><\/strong><br \/>\n<strong><a href=\"https:\/\/justlaser.com.br\/alugueldelasers\/locacao-de-aparelho-de-ondas-de-choque\/\">Loca\u00e7\u00e3o ou Aluguel de aparelho de Ondas de choque<\/a><\/strong><\/p>\n<p><strong><a href=\"http:\/\/www.alugueldelasers.com.br\/aluguel-e-locacao-de-ponteiras-de-lasers-em-sao-paulo\/\" target=\"_blank\" rel=\"noopener\"><span style=\"font-family: 'Georgia','serif';\">Aluguel e loca\u00e7\u00e3o de ponteiras de lasers em S\u00e3o Paulo.<\/span><\/a><\/strong><\/p>\n<p><strong><a href=\"https:\/\/justlaser.com.br\/alugueldelasers\/aluguel-laser-lavieen\/\">Aluguel do laser\u00a0 LAVIEEN<\/a><\/strong><\/p>\n<p><strong><a href=\"https:\/\/justlaser.com.br\/alugueldelasers\/aluguel-locacao-ultraformer-iii\/locacao-vzet\/\">Que tal loca\u00e7\u00e3o\u00a0 do VZET ?<\/a><\/strong><\/p>\n<p><a href=\"https:\/\/justlaser.com.br\/alugueldelasers\/aluguel-locacao-ultraformer-iii\/aluguel-do-vzet\"><strong>E alugar ou aluguel do VZET<\/strong><\/a><\/p>\n<h3><strong>Entre em contato pelo WhatsApp para or\u00e7amento de aluguel de Ultraformer e outros para S\u00e3o Paulo e Brasil\u00a0<\/strong><\/h3>\n<p>&nbsp;<\/p>\n<\/div>\n<div><\/div>\n<div><\/div>\n<div><\/div>\n<div><\/div>\n","protected":false},"excerpt":{"rendered":"<p>Aluguel\u00a0 e Loca\u00e7\u00e3o Aparelhos de Ultrassom Microfocado J\u00e1 pensou em aluguel de Ultrassom Microfocado [&hellip;]<\/p>\n","protected":false},"author":2,"featured_media":0,"parent":0,"menu_order":0,"comment_status":"closed","ping_status":"closed","template":"","meta":{"footnotes":""},"_links":{"self":[{"href":"https:\/\/justlaser.com.br\/alugueldelasers\/wp-json\/wp\/v2\/pages\/2518"}],"collection":[{"href":"https:\/\/justlaser.com.br\/alugueldelasers\/wp-json\/wp\/v2\/pages"}],"about":[{"href":"https:\/\/justlaser.com.br\/alugueldelasers\/wp-json\/wp\/v2\/types\/page"}],"author":[{"embeddable":true,"href":"https:\/\/justlaser.com.br\/alugueldelasers\/wp-json\/wp\/v2\/users\/2"}],"replies":[{"embeddable":true,"href":"https:\/\/justlaser.com.br\/alugueldelasers\/wp-json\/wp\/v2\/comments?post=2518"}],"version-history":[{"count":0,"href":"https:\/\/justlaser.com.br\/alugueldelasers\/wp-json\/wp\/v2\/pages\/2518\/revisions"}],"wp:attachment":[{"href":"https:\/\/justlaser.com.br\/alugueldelasers\/wp-json\/wp\/v2\/media?parent=2518"}],"curies":[{"name":"wp","href":"https:\/\/api.w.org\/{rel}","templated":true}]}}