{"id":2523,"date":"2020-09-07T14:18:34","date_gmt":"2020-09-07T17:18:34","guid":{"rendered":"http:\/\/justlaser.com.br\/alugueldelasers\/?page_id=2523"},"modified":"2020-09-23T12:22:49","modified_gmt":"2020-09-23T15:22:49","slug":"aluguel-locacao-etherea-mx-ponteira-athena-atena","status":"publish","type":"page","link":"https:\/\/justlaser.com.br\/alugueldelasers\/aluguel-locacao-etherea-mx-ponteira-athena-atena\/","title":{"rendered":"Aluguel Locacao Etherea MX ponteira Athena Atena"},"content":{"rendered":"<h1>Aluguel loca\u00e7\u00e3o Etherea MX ponteira Athena Atena<\/h1>\n<p><img decoding=\"async\" class=\"aligncenter\" src=\"https:\/\/www.vydence.com\/wp-content\/uploads\/2018\/09\/logo-3.png\" title=\"\"><\/p>\n<h2>Trabalhamos agora com a fant\u00e1stica\u00a0ponteira Athena Atena do\u00a0\u00a0Etherea MX, para loca\u00e7\u00e3o e aluguel tamb\u00e9m, pelo Brasil.<\/h2>\n<p>&nbsp;<\/p>\n<p><img decoding=\"async\" class=\"alignleft\" src=\"https:\/\/www.vydence.com\/wp-content\/uploads\/2018\/12\/prod.png\" width=\"657\" height=\"1192\" title=\"\"><\/p>\n<div class=\"et_pb_module et_pb_text et_pb_text_45 et_pb_text_align_left et_pb_bg_layout_light\">\n<div class=\"et_pb_text_inner\">\n<h2>ATHENA &#8211;\u00a0 LASER IDEAL PARA O CUIDADO DA REGI\u00c3O \u00cdNTIMA<\/h2>\n<\/div>\n<\/div>\n<div class=\"et_pb_module et_pb_text et_pb_text_46 et_pb_text_align_left et_pb_bg_layout_light et_had_animation\">\n<div class=\"et_pb_text_inner\">\n<div class=\"icone_corpo\">\n<div class=\"icone_agnis hvr-grow\"><img decoding=\"async\" src=\"https:\/\/www.vydence.com\/wp-content\/uploads\/2018\/12\/tecnologia_integrada_a_plataforma_03.png\" width=\"108\" title=\"\"><\/div>\n<h6 class=\"icone_text titulo\"><strong>TECNOLOGIA INTEGRADA \u00c0 PLATAFORMA LASER BRASILEIRA MAIS VENDIDA NO MUNDO<\/strong><\/h6>\n<div class=\"icone_text\">ATHENA \u00e9 uma tecnologia integrada ao LASER DualMode, da plataforma ETHEREA-MX. ATHENA oferece uma modalidade inovadora de tratamento mas n\u00e3o dispensa toda a versatilidade de uma plataforma LASER.<\/div>\n<\/div>\n<\/div>\n<\/div>\n<div class=\"et_pb_module et_pb_text et_pb_text_47 et_pb_text_align_left et_pb_bg_layout_light et_had_animation\">\n<div class=\"et_pb_text_inner\">\n<div class=\"icone_corpo\">\n<div class=\"icone_agnis hvr-grow\"><img decoding=\"async\" src=\"https:\/\/www.vydence.com\/wp-content\/uploads\/2018\/12\/icon2-3.png\" width=\"108\" title=\"\"><\/div>\n<h6 class=\"icone_text titulo\"><\/h6>\n<h6 class=\"icone_text titulo\"><strong>PORQUE ATHENA \u00c9 PERFEITO PARA A SA\u00daDE \u00cdNTIMA DA MULHER<\/strong><\/h6>\n<div class=\"icone_text\">ATHENA incorpora a tecnologia padr\u00e3o ouro mundial no tratamento a LASER para a atrofia vulvovaginal, ressecamento vaginal e incontin\u00eancia urin\u00e1ria. Trata ainda flacidez e escurecimento dos grandes l\u00e1bios.<\/div>\n<\/div>\n<\/div>\n<\/div>\n<div class=\"et_pb_module et_pb_text et_pb_text_48 et_pb_text_align_left et_pb_bg_layout_light et_had_animation\">\n<div class=\"et_pb_text_inner\">\n<div class=\"icone_corpo\">\n<div class=\"icone_agnis hvr-grow\"><img decoding=\"async\" src=\"https:\/\/www.vydence.com\/wp-content\/uploads\/2018\/12\/icon3-3.png\" width=\"108\" title=\"\"><\/div>\n<h6 class=\"icone_text titulo\"><strong>CONTROLE DE ABLA\u00c7\u00c3O ATRAV\u00c9S DA TECNOLOGIA DUALMODE\u00ae DE PULSO LONGO<\/strong><\/h6>\n<div class=\"icone_text\">ATHENA conta com a tecnologia de pulso longo, de DualMode, mitigando o efeito ablativo inerente ao LASER de Er:YAG em 2940 nm e aumentando a coagula\u00e7\u00e3o e consequente indu\u00e7\u00e3o \u00e0 neocolag\u00eanese local.<\/div>\n<\/div>\n<\/div>\n<\/div>\n<div class=\"et_pb_module et_pb_text et_pb_text_49 et_pb_text_align_left et_pb_bg_layout_light et_had_animation\">\n<div class=\"et_pb_text_inner\">\n<div class=\"icone_corpo\"><\/div>\n<\/div>\n<\/div>\n<div class=\"et_pb_module et_pb_text et_pb_text_50 et_pb_text_align_left et_pb_bg_layout_light et_had_animation\">\n<div class=\"et_pb_text_inner\">\n<div class=\"icone_corpo\">\n<div class=\"icone_agnis hvr-grow\"><img decoding=\"async\" src=\"https:\/\/www.vydence.com\/wp-content\/uploads\/2018\/12\/icon5-1.png\" width=\"108\" title=\"\"><\/div>\n<h6 class=\"icone_text titulo\"><strong>CENTENAS DE ESTUDOS PUBLICADOS ATESTAM A EFIC\u00c1CIA E SEGURAN\u00c7A DA TECNOLOGIA<\/strong><\/h6>\n<div class=\"icone_text\">O LASER Er:YAG em 2940 nm possui ampla refer\u00eancia na literatura cient\u00edfica e \u00e9 atualmente o mais utilizado para as indica\u00e7\u00f5es relacionadas ao tratamento da sa\u00fade \u00edntima da mulher. Aprovado pelo FDA.<\/div>\n<\/div>\n<\/div>\n<\/div>\n<div class=\"et_pb_module et_pb_text et_pb_text_49 et_pb_text_align_left et_pb_bg_layout_light et_had_animation\">\n<div class=\"et_pb_text_inner\">\n<div class=\"icone_corpo\">\n<div class=\"icone_agnis hvr-grow\"><img decoding=\"async\" src=\"https:\/\/www.vydence.com\/wp-content\/uploads\/2018\/12\/icon4-1.png\" width=\"108\" title=\"\"><\/div>\n<h6 class=\"icone_text titulo\"><strong>PONTEIRA ATHENA DO ETHEREA MX VERS\u00c1TIL, COM DIFERENTES SPOTS PARA ATENDER A TODAS AS QUEIXAS DAS MULHERES<br \/>\n<\/strong><\/h6>\n<div class=\"icone_text\">Contando spots colimados e fracionados com emiss\u00e3o em 90\u00ba\u00a0e 360\u00ba e o spot inLift para skin tightening, ATHENA contempla um amplo conjunto de spots para diferentes indica\u00e7\u00f5es com alt\u00edssima efic\u00e1cia cl\u00ednica.<\/div>\n<\/div>\n<\/div>\n<\/div>\n<div class=\"et_pb_module et_pb_text et_pb_text_51 et_pb_text_align_left et_pb_bg_layout_light et_had_animation\">\n<div class=\"et_pb_text_inner\">\n<div class=\"icone_corpo\">\n<div class=\"icone_agnis hvr-grow\"><\/div>\n<h6 class=\"icone_text titulo\"><\/h6>\n<h6 class=\"icone_text titulo\"><strong>PONTEIRA ATHENA DO ETHEREA MX\u00a0<\/strong><strong>A PROCURA PELO TRATAMENTO \u00cdNTIMO \u00c9 O QUE MAIS CRESCE NO MUNDO<\/strong><\/h6>\n<div class=\"icone_text\">Uma pesquisa da Sociedade Internacional de Cirurgia Pl\u00e1stica mostrou que o Brasil \u00e9 campe\u00e3o na procura por tratamentos relacionados \u00e0 est\u00e9tica \u00edntima da mulher \u2013 cerca de 13 mil interven\u00e7\u00f5es s\u00f3 em 2016.<\/div>\n<\/div>\n<\/div>\n<\/div>\n<div class=\"et_pb_module et_pb_text et_pb_text_52 et_pb_text_align_left et_pb_bg_layout_light et_had_animation\">\n<div class=\"et_pb_text_inner\">\n<div class=\"icone_agnis hvr-grow\"><\/div>\n<div class=\"icone_corpo\">\n<h6 class=\"icone_text titulo\"><strong>UM EXCLUSIVO PROGRAMA DE MARKETING M\u00c9DICO E DE EDUCA\u00c7\u00c3O AO PACIENTE<br \/>\n<\/strong><\/h6>\n<div class=\"icone_text\">Voc\u00ea pode participar no canal TRATAMENTO \u00cdNTIMO A LASER assinando mat\u00e9rias do portal atrav\u00e9s de artigos cl\u00ednicos e conte\u00fado elucidativo informativo voltado ao paciente, aproximando voc\u00ea do seu p\u00fablico-alvo.<\/div>\n<\/div>\n<\/div>\n<\/div>\n<div><\/div>\n<div><\/div>\n<div><\/div>\n<div><\/div>\n<div>\n<div class=\"et_pb_module et_pb_text et_pb_text_42 et_pb_text_align_left et_pb_bg_layout_light et_had_animation\" data-animation-style=\"slideLeft\" data-animation-repeat=\"\" data-animation-duration=\"1000ms\" data-animation-delay=\"0ms\" data-animation-intensity=\"50%\" data-animation-starting-opacity=\"0%\" data-animation-speed-curve=\"ease-in-out\">\n<div class=\"et_pb_text_inner\">\n<h1 class=\"titulo_altura\">LASER para o tratamento da sa\u00fade \u00edntima da mulher<\/h1>\n<p>REGISTRO ANVISA N\u00b0 80058589006<\/p>\n<\/div>\n<\/div>\n<div class=\"et_pb_module et_pb_text et_pb_text_43 et_pb_text_align_left et_pb_bg_layout_light et_had_animation\" data-animation-style=\"slideLeft\" data-animation-repeat=\"\" data-animation-duration=\"1000ms\" data-animation-delay=\"0ms\" data-animation-intensity=\"50%\" data-animation-starting-opacity=\"0%\" data-animation-speed-curve=\"ease-in-out\">\n<div class=\"et_pb_text_inner\">\n<p>ATHENA incorpora a tecnologia LASER padr\u00e3o ouro mundial no tratamento da incontin\u00eancia urin\u00e1ria, ressecamento \u00edntimo e rejuvenescimento vaginal. Acoplado \u00e0 plataforma ETHEREA-MX e com diferentes tipos de spot, ATHENA oferece um tratamento vers\u00e1til que abrange as queixas mais frequentes das pacientes, levando at\u00e9 sua cl\u00ednica um procedimento diferenciado e exclusivo, focado nos cuidados da mulher.<\/p>\n<\/div>\n<\/div>\n<div class=\"et_pb_row et_pb_row_30\">\n<div class=\"et_pb_column et_pb_column_1_2 et_pb_column_65 et_pb_css_mix_blend_mode_passthrough\">\n<div class=\"et_pb_module et_pb_text et_pb_text_53 et_pb_text_align_left et_pb_bg_layout_dark et_had_animation\">\n<div class=\"et_pb_text_inner\">\n<h4>PULSO LONGO PARA EFEITO COAGULATIVO CONTROLADO<\/h4>\n<p>O sistema de pulso longo, com 400 ms, de ATHENA induz ao efeito t\u00e9rmico ampliado, mitigando o efeito ablativo inerente ao LASER de Er:YAG em 2940 nm. Na pr\u00e1tica, o pulso mais longo aumenta o efeito de contra\u00e7\u00e3o de col\u00e1geno e mant\u00e9m a difus\u00e3o de calor sob controle, evitando assim riscos de efeitos adversos, como queimaduras.<\/p>\n<\/div>\n<\/div>\n<div><\/div>\n<div><\/div>\n<div class=\"et_pb_button_module_wrapper et_pb_button_13_wrapper et_pb_module et_had_animation\"><img decoding=\"async\" class=\"alignleft\" title=\"\" src=\"https:\/\/www.vydence.com\/wp-content\/uploads\/2018\/12\/icone1-3.png\" sizes=\"(max-width: 978px) 100vw, 978px\" srcset=\"https:\/\/www.vydence.com\/wp-content\/uploads\/2018\/12\/icone1-3.png 978w, https:\/\/www.vydence.com\/wp-content\/uploads\/2018\/12\/icone1-3-300x192.png 300w, https:\/\/www.vydence.com\/wp-content\/uploads\/2018\/12\/icone1-3-768x492.png 768w\" alt=\"\" width=\"344\" height=\"220\"><\/div>\n<\/div>\n<\/div>\n<div class=\"et_pb_row et_pb_row_31\">\n<div class=\"et_pb_column et_pb_column_1_2 et_pb_column_68 et_pb_css_mix_blend_mode_passthrough et-last-child\">\n<div class=\"et_pb_module et_pb_text et_pb_text_54 et_pb_text_align_left et_pb_bg_layout_dark et_had_animation\">\n<div class=\"et_pb_text_inner\">\n<p>O efeito do LASER no trato genital induz ao aumento da velocidade das mitoses e da taxa de epiteliza\u00e7\u00e3o local do tecido interno do canal vaginal e vulva, estimulando o col\u00e1geno e tamb\u00e9m aumentando a circula\u00e7\u00e3o local e angiog\u00eanese.<\/p>\n<p>&nbsp;<\/p>\n<\/div>\n<\/div>\n<\/div>\n<\/div>\n<div class=\"et_pb_row et_pb_row_32\">\n<div class=\"et_pb_column et_pb_column_1_2 et_pb_column_69 et_pb_css_mix_blend_mode_passthrough\">\n<div class=\"et_pb_module et_pb_text et_pb_text_55 et_pb_text_align_left et_pb_bg_layout_dark et_had_animation\">\n<div class=\"et_pb_text_inner\">\n<p><img decoding=\"async\" class=\"alignleft\" title=\"\" src=\"https:\/\/www.vydence.com\/wp-content\/uploads\/2018\/12\/01.png\" sizes=\"(max-width: 899px) 100vw, 899px\" srcset=\"https:\/\/www.vydence.com\/wp-content\/uploads\/2018\/12\/01.png 899w, https:\/\/www.vydence.com\/wp-content\/uploads\/2018\/12\/01-300x282.png 300w, https:\/\/www.vydence.com\/wp-content\/uploads\/2018\/12\/01-768x723.png 768w\" alt=\"\" width=\"342\" height=\"322\">Al\u00e9m do tratamento da incontin\u00eancia urin\u00e1ria de esfor\u00e7o leve \u00e0 moderada, ATHENA tamb\u00e9m pode ser usado para o clareamento da regi\u00e3o \u00edntima da mulher (hiperpigmenta\u00e7\u00e3o vulvar), incluindo os grandes l\u00e1bios. ATHENA \u00e9 indicado ainda para o tratamento dos sintomas relacionados \u00e0 fase p\u00f3s-menopausa, tais como ressecamento vaginal, atrofia vulvovaginal e flacidez dos grandes l\u00e1bios.<\/p>\n<\/div>\n<\/div>\n<\/div>\n<div class=\"et_pb_column et_pb_column_1_2 et_pb_column_70 et_pb_css_mix_blend_mode_passthrough et-last-child\">\n<div class=\"et_pb_module et_pb_image et_pb_image_30 hvr-grow et-animated et_had_animation\"><span class=\"et_pb_image_wrap \"><img decoding=\"async\" class=\"alignleft\" title=\"\" src=\"https:\/\/www.vydence.com\/wp-content\/uploads\/2018\/12\/icone3-3.png\" sizes=\"(max-width: 673px) 100vw, 673px\" srcset=\"https:\/\/www.vydence.com\/wp-content\/uploads\/2018\/12\/icone3-3.png 673w, https:\/\/www.vydence.com\/wp-content\/uploads\/2018\/12\/icone3-3-300x296.png 300w\" alt=\"\" width=\"352\" height=\"347\"><\/span><\/div>\n<\/div>\n<\/div>\n<\/div>\n","protected":false},"excerpt":{"rendered":"<p>Aluguel loca\u00e7\u00e3o Etherea MX ponteira Athena Atena Trabalhamos agora com a fant\u00e1stica\u00a0ponteira Athena Atena [&hellip;]<\/p>\n","protected":false},"author":2,"featured_media":0,"parent":0,"menu_order":0,"comment_status":"closed","ping_status":"closed","template":"","meta":{"footnotes":""},"_links":{"self":[{"href":"https:\/\/justlaser.com.br\/alugueldelasers\/wp-json\/wp\/v2\/pages\/2523"}],"collection":[{"href":"https:\/\/justlaser.com.br\/alugueldelasers\/wp-json\/wp\/v2\/pages"}],"about":[{"href":"https:\/\/justlaser.com.br\/alugueldelasers\/wp-json\/wp\/v2\/types\/page"}],"author":[{"embeddable":true,"href":"https:\/\/justlaser.com.br\/alugueldelasers\/wp-json\/wp\/v2\/users\/2"}],"replies":[{"embeddable":true,"href":"https:\/\/justlaser.com.br\/alugueldelasers\/wp-json\/wp\/v2\/comments?post=2523"}],"version-history":[{"count":0,"href":"https:\/\/justlaser.com.br\/alugueldelasers\/wp-json\/wp\/v2\/pages\/2523\/revisions"}],"wp:attachment":[{"href":"https:\/\/justlaser.com.br\/alugueldelasers\/wp-json\/wp\/v2\/media?parent=2523"}],"curies":[{"name":"wp","href":"https:\/\/api.w.org\/{rel}","templated":true}]}}