{"id":2536,"date":"2020-09-13T21:42:39","date_gmt":"2020-09-14T00:42:39","guid":{"rendered":"http:\/\/justlaser.com.br\/alugueldelasers\/?page_id=2536"},"modified":"2022-01-05T21:18:38","modified_gmt":"2022-01-06T00:18:38","slug":"aluguel-locacao-depilacao-milesman","status":"publish","type":"page","link":"https:\/\/justlaser.com.br\/alugueldelasers\/aluguel-locacao-depilacao-milesman\/","title":{"rendered":"ALUGUEL LOCA\u00c7\u00c3O DEPILA\u00c7\u00c3O MILESMAN"},"content":{"rendered":"<h1><strong>Loca\u00e7\u00e3o\/\u00a0 Aluguel Milesman Premium<\/strong><strong>\u00a0<\/strong><\/h1>\n<h2>Voc\u00ea precisa ALUGAR o aparelho de depila\u00e7\u00e3o luz de diodo MILESMAN ?<\/h2>\n<p>O aparelho de depila\u00e7\u00e3o <a href=\"https:\/\/www.milesman.com\/en\/\" target=\"_blank\" rel=\"noopener\">luz de diodo <strong>Milesman<\/strong> <strong>Premium<\/strong>,<\/a> \u00e9 uma das mais indicadas e potentes para a remo\u00e7\u00e3o definitiva de pelos em qualquer regi\u00e3o do corpo e em qualquer tom de pele. O procedimento realizado com o <strong>Milesman<\/strong> proporciona resultados na primeira sess\u00e3o e elimina at\u00e9 90% dos pelos.<br \/>\n<img decoding=\"async\" class=\"alignright wp-image-2546 size-medium\" style=\"text-align: center;\" title=\"ALUGUEL LOCA\u00c7AO MILESMAN\" src=\"https:\/\/justlaser.com.br\/alugueldelasers\/wp-content\/uploads\/2020\/09\/ALUGUEL-LOCA\u00c7AO-MILESMAN-300x171.png\" alt=\"ALUGUEL LOCA\u00c7AO MILESMAN\" width=\"300\" height=\"171\" srcset=\"https:\/\/justlaser.com.br\/alugueldelasers\/wp-content\/uploads\/2020\/09\/ALUGUEL-LOCA\u00c7AO-MILESMAN-50x29.png 50w, https:\/\/justlaser.com.br\/alugueldelasers\/wp-content\/uploads\/2020\/09\/ALUGUEL-LOCA\u00c7AO-MILESMAN-132x75.png 132w, https:\/\/justlaser.com.br\/alugueldelasers\/wp-content\/uploads\/2020\/09\/ALUGUEL-LOCA\u00c7AO-MILESMAN-256x146.png 256w, https:\/\/justlaser.com.br\/alugueldelasers\/wp-content\/uploads\/2020\/09\/ALUGUEL-LOCA\u00c7AO-MILESMAN-300x171.png 300w, https:\/\/justlaser.com.br\/alugueldelasers\/wp-content\/uploads\/2020\/09\/ALUGUEL-LOCA\u00c7AO-MILESMAN.png 400w\" sizes=\"(max-width: 300px) 100vw, 300px\" \/> Novo e inovador, o Laser de Diodo <strong>Milesman<\/strong> foi desenvolvido com a mesma tecnologia do Light Sheer, por\u00e9m mais moderno e com a vantagem de possuir uma ponteira de safira resfriada, que alivia a dor. O Laser de Diodo <strong>Milesman<\/strong> possui um sistema eficiente de resfriamento na ponteira que protege a pele durante a depila\u00e7\u00e3o. Desta forma, \u00e9 um procedimento pouco doloroso e com resultados satisfat\u00f3rios em peles brancas, morenas e negras, com a aplica\u00e7\u00e3o mais r\u00e1pida proporcionada pela velocidade dos disparos do laser, em curto intervalo de tempo. As principais caracter\u00edsticas que o fazem \u00fanico e o coloca em destaque como o melhor equipamento de depila\u00e7\u00e3o definitiva:<\/p>\n<ul>\n<li>Tecnologia laser de DIODO, avaliada pela comunidade cient\u00edfica internacional;<\/li>\n<li>Sistema de prote\u00e7\u00e3o ultra refrigerada que protege a pele, causando menos sensa\u00e7\u00e3o de dor;<\/li>\n<li>R\u00e1pido, at\u00e9 3 disparos por segundo (para \u00e1reas grandes em pouco tempo);<\/li>\n<li>Sem consum\u00edveis;<\/li>\n<li>Trata todos os tipos de fototipos: peles brancas, bronzeadas e escuras;<\/li>\n<li>F\u00e1cil manuseio;<\/li>\n<li>Com certifica\u00e7\u00f5es de qualidade Internacional: CE 0120, ISSO 134885, ISSO 9001.<\/li>\n<\/ul>\n<p>&nbsp;<\/p>\n<p>Registro ANVISA n\u00ba<br \/>\n80102510445<\/p>\n<p><strong><span style=\"font-size: 14pt;\"><a href=\"https:\/\/justlaser.com.br\/alugueldelasers\/aluguel-e-locacao-de-laser-para-depilacao-a-laser\/aluguel-soprano-ice\/\">ALUGUEL DE APARELHO DE DEPILA\u00c7\u00c3O A LASER SOPRANO ICE<\/a><\/span><\/strong><\/p>\n<p><strong><span style=\"font-size: 14pt;\"><a href=\"https:\/\/justlaser.com.br\/alugueldelasers\/locacao-do-soprano-ice\/\">LOCA\u00c7\u00c3O DE SOPRANO ICE\u00a0<\/a><\/span><\/strong><\/p>\n<p><strong><span style=\"font-size: 14pt;\"><a href=\"https:\/\/justlaser.com.br\/alugueldelasers\/locacao-do-soprano-ice\/aluguel-soprano-xl\/\">ALUGUEL SOPRANO XL\u00a0<\/a><\/span><\/strong><\/p>\n<p><span style=\"font-size: 14pt;\"><a href=\"https:\/\/justlaser.com.br\/alugueldelasers\/aluguel-e-locacao-de-laser-para-depilacao-a-laser\/aluguel-locacao-de-laser-light-sheer-duet-sp\/\">Aluguel Loca\u00e7\u00e3o de Laser Light Sheer Duet<\/a><\/span><\/p>\n<p><a href=\"https:\/\/justlaser.com.br\/alugueldelasers\/aluguel-locacao-depilacao-milesman\"><span style=\"font-size: 14pt;\"><strong>Aluguel Milesman<\/strong><\/span><\/a><\/p>\n<p><span style=\"font-size: 18pt;\">Entre em contato para <a href=\"https:\/\/justlaser.com.br\/alugueldelasers\/aluguel-e-locacao-de-laser-para-depilacao-a-laser\/aluguel-soprano-ice\/\"><strong>aluguel do aparelho SOPRANO ICE<\/strong><\/a>\u00a0 ou para treinamento de Soprano<\/span><\/p>\n<h2>ALUGUEL \/ LOCA\u00c7\u00c3O do aparelho de depila\u00e7\u00e3o luz de diodo MILESMAN<\/h2>\n<p style=\"text-align: center;\">Contato: (11) 94084-3111<\/p>\n<p>&nbsp;<\/p>\n","protected":false},"excerpt":{"rendered":"<p>Loca\u00e7\u00e3o\/\u00a0 Aluguel Milesman Premium\u00a0 Voc\u00ea precisa ALUGAR o aparelho de depila\u00e7\u00e3o luz de diodo [&hellip;]<\/p>\n","protected":false},"author":2,"featured_media":2546,"parent":0,"menu_order":0,"comment_status":"closed","ping_status":"closed","template":"","meta":{"footnotes":""},"_links":{"self":[{"href":"https:\/\/justlaser.com.br\/alugueldelasers\/wp-json\/wp\/v2\/pages\/2536"}],"collection":[{"href":"https:\/\/justlaser.com.br\/alugueldelasers\/wp-json\/wp\/v2\/pages"}],"about":[{"href":"https:\/\/justlaser.com.br\/alugueldelasers\/wp-json\/wp\/v2\/types\/page"}],"author":[{"embeddable":true,"href":"https:\/\/justlaser.com.br\/alugueldelasers\/wp-json\/wp\/v2\/users\/2"}],"replies":[{"embeddable":true,"href":"https:\/\/justlaser.com.br\/alugueldelasers\/wp-json\/wp\/v2\/comments?post=2536"}],"version-history":[{"count":0,"href":"https:\/\/justlaser.com.br\/alugueldelasers\/wp-json\/wp\/v2\/pages\/2536\/revisions"}],"wp:featuredmedia":[{"embeddable":true,"href":"https:\/\/justlaser.com.br\/alugueldelasers\/wp-json\/wp\/v2\/media\/2546"}],"wp:attachment":[{"href":"https:\/\/justlaser.com.br\/alugueldelasers\/wp-json\/wp\/v2\/media?parent=2536"}],"curies":[{"name":"wp","href":"https:\/\/api.w.org\/{rel}","templated":true}]}}