{"id":2537,"date":"2020-09-13T21:52:59","date_gmt":"2020-09-14T00:52:59","guid":{"rendered":"http:\/\/justlaser.com.br\/alugueldelasers\/?page_id=2537"},"modified":"2020-09-13T21:54:12","modified_gmt":"2020-09-14T00:54:12","slug":"aluguel-locacao-depilacao-soprano-xl-soprano-ice","status":"publish","type":"page","link":"https:\/\/justlaser.com.br\/alugueldelasers\/aluguel-locacao-depilacao-soprano-xl-soprano-ice\/","title":{"rendered":"ALUGUEL LOCA\u00c7\u00c3O DEPILA\u00c7\u00c3O SOPRANO XL SOPRANO ICE"},"content":{"rendered":"<h1><strong>Aluguel \/ Loca\u00e7\u00e3o SOPRANO XL\u00a0 ICE <\/strong><\/h1>\n<h2><strong>\u00a0Voc\u00ea procura alugar o SOPRANO ice ?<\/strong><\/h2>\n<p>O equipamento de depila\u00e7\u00e3o de alta performance\u00a0 <strong>SOPRANO<\/strong>, trabalha nos modos HR (m\u00e9todo tradicional, ponto a ponto) e SHR (m\u00e9todo avan\u00e7ado de fototerm\u00f3lise volum\u00e9trica) que possibilita realizar procedimentos r\u00e1pidos, indolores, totalmente seguro e para <strong>todos os fototipos de pele<\/strong>.<\/p>\n<p><strong>Indica\u00e7\u00f5es:<\/strong> costas, perna, virilha, axila, peito, ombros<\/p>\n<p>Ponteira\u00a0<strong>N I R<\/strong>\u00a0\u2013 Infravermelho\u00a0<em>(opcional)<\/em>: tratamentos da flacidez facial e corporal.<\/p>\n<p><strong>PONTEIRA\u00a0ICE<\/strong>\u00a0\u00e9 a mais completa e eficiente solu\u00e7\u00e3o para remo\u00e7\u00e3o de pelos existentes no mercado. Incorporando m\u00faltiplos comprimentos de ondas e tecnologias que somente a ALMA Lasers possui, permite assim tratar uma maior variedade de pacientes de acordo com os tipos de pelos e de pele. O tratamento pode ser realizado durante o ano todo, com sess\u00f5es r\u00e1pidas e com m\u00ednimo desconforto, apresentando os melhores resultados cl\u00ednicos e assim, maior satisfa\u00e7\u00e3o dos seus pacientes.<\/p>\n<p>A t<strong>ecnologia ICE\u2122\u00a0&#8211; <\/strong><strong>Safira SUPER Resfriada \u00e0 -3\u00baC<\/strong><\/p>\n<p>A tecnologia <strong>ICE\u2122 <\/strong>de refrigera\u00e7\u00e3o faz o resfriamento da pele durante todo o processo, minimizando o risco de queimaduras, mantendo o calor da derme, onde est\u00e3o localizados os fol\u00edculos capilares atingidos pelo calor. Tornando o tratamento extremamente confort\u00e1vel.<\/p>\n<p><strong>\u00a0<\/strong><strong>\u00a0<\/strong><\/p>\n<p><strong>Registro ANVISA:<\/strong><br \/>\n80336740011<\/p>\n<p>&nbsp;<\/p>\n<h3 style=\"text-align: center;\"><strong>Agende a loca\u00e7\u00e3o do equipamento SOPRANO XL +\u00a0 ICE para sua<\/strong> <strong>cl\u00ednica.<\/strong><\/h3>\n<p style=\"text-align: center;\">Contato: (11) 94084-3111<\/p>\n","protected":false},"excerpt":{"rendered":"<p>Aluguel \/ Loca\u00e7\u00e3o SOPRANO XL\u00a0 ICE \u00a0Voc\u00ea procura alugar o SOPRANO ice ? O [&hellip;]<\/p>\n","protected":false},"author":2,"featured_media":2547,"parent":0,"menu_order":0,"comment_status":"closed","ping_status":"closed","template":"","meta":{"footnotes":""},"_links":{"self":[{"href":"https:\/\/justlaser.com.br\/alugueldelasers\/wp-json\/wp\/v2\/pages\/2537"}],"collection":[{"href":"https:\/\/justlaser.com.br\/alugueldelasers\/wp-json\/wp\/v2\/pages"}],"about":[{"href":"https:\/\/justlaser.com.br\/alugueldelasers\/wp-json\/wp\/v2\/types\/page"}],"author":[{"embeddable":true,"href":"https:\/\/justlaser.com.br\/alugueldelasers\/wp-json\/wp\/v2\/users\/2"}],"replies":[{"embeddable":true,"href":"https:\/\/justlaser.com.br\/alugueldelasers\/wp-json\/wp\/v2\/comments?post=2537"}],"version-history":[{"count":0,"href":"https:\/\/justlaser.com.br\/alugueldelasers\/wp-json\/wp\/v2\/pages\/2537\/revisions"}],"wp:featuredmedia":[{"embeddable":true,"href":"https:\/\/justlaser.com.br\/alugueldelasers\/wp-json\/wp\/v2\/media\/2547"}],"wp:attachment":[{"href":"https:\/\/justlaser.com.br\/alugueldelasers\/wp-json\/wp\/v2\/media?parent=2537"}],"curies":[{"name":"wp","href":"https:\/\/api.w.org\/{rel}","templated":true}]}}