{"id":2551,"date":"2020-09-22T11:15:45","date_gmt":"2020-09-22T14:15:45","guid":{"rendered":"http:\/\/justlaser.com.br\/alugueldelasers\/?page_id=2551"},"modified":"2021-08-01T19:00:09","modified_gmt":"2021-08-01T22:00:09","slug":"aluguel-locacao-ponteira-etherea-mx-nd-yag-1064-pulso-longo-vascular","status":"publish","type":"page","link":"https:\/\/justlaser.com.br\/alugueldelasers\/aluguel-locacao-ponteira-etherea-mx-nd-yag-1064-pulso-longo-vascular\/","title":{"rendered":"ALUGUEL LOCA\u00c7\u00c3O PONTEIRA ETHEREA MX ND YAG 1064 PULSO LONGO VASCULAR"},"content":{"rendered":"<h1><strong>ETHEREA-MX\u00ae PONTEIRA ND YAG 1064 PULSO LONGO\u00ae VASCULAR\u00a0\u00a0<\/strong><\/h1>\n<p>A mais moderna e expandida tecnologia desenvolvida para cuidar da sua sa\u00fade e bem-estar, o <strong>LASER<\/strong>\u00a0<strong>LONGPULSE\u00ae<\/strong>\u00a0do\u00a0<strong>ETHEREA-MX\u00ae<\/strong>\u00a0agrega uma completa plataforma de tratamentos, oferecendo um procedimento de ampla indica\u00e7\u00e3o cl\u00ednica e cosm\u00e9tica garantindo extrema seguran\u00e7a e satisfa\u00e7\u00e3o de resultados.<\/p>\n<p>&nbsp;<\/p>\n<h2>Loca\u00e7\u00e3o da ponteira LongPulse Vascular 1064 Etherea MX<\/h2>\n<p><strong>O LASER Nd:YAG de Pulso Longo e Pulso Curto, em 1.064\u00ae nm, <\/strong>possibilita a remo\u00e7\u00e3o n\u00e3o invasiva de les\u00f5es vasculares profundas e superficiais de face e membros inferiores agora com indica\u00e7\u00e3o expandida em dermatologia. Trata tamb\u00e9m telangiectasia, e ainda disponibiliza o Protocolo Gemini, que associa o\u00a0<strong>ACROMA-QS\u00ae\u00a0<\/strong>+\u00a0<strong>LONGPULSE 1064\u00ae<\/strong>\u00a0para rejuvenescimento o ano todo, gra\u00e7as a versatilidade no modo\u00a0<strong>DYNAMICS\u00ae<\/strong>.<\/p>\n<div style=\"width: 640px;\" class=\"wp-video\"><!--[if lt IE 9]><script>document.createElement('video');<\/script><![endif]-->\n<video class=\"wp-video-shortcode\" id=\"video-2551-1\" width=\"640\" height=\"352\" preload=\"metadata\" controls=\"controls\"><source type=\"video\/mp4\" src=\"https:\/\/justlaser.com.br\/alugueldelasers\/wp-content\/uploads\/2021\/07\/alugue-etherea-mx.mp4?_=1\" \/><a href=\"https:\/\/justlaser.com.br\/alugueldelasers\/wp-content\/uploads\/2021\/07\/alugue-etherea-mx.mp4\">https:\/\/justlaser.com.br\/alugueldelasers\/wp-content\/uploads\/2021\/07\/alugue-etherea-mx.mp4<\/a><\/video><\/div>\n<ul>\n<li><strong>Depila\u00e7\u00e3o Progressiva<\/strong>\u00a0com\u00a0<strong>LASER\u00a0<\/strong>em pele negra;<\/li>\n<li><strong>LASER<\/strong>\u00a0para\u00a0<strong>combate \u00e0 Onicomicose<\/strong>, com manuten\u00e7\u00e3o de resultados;<\/li>\n<li>Tratamento a\u00a0<strong>LASER de vasos e les\u00f5es vasculares<\/strong>\u00a0e pernas e face;<\/li>\n<li><strong>Peeling T\u00e9rmico a LASER<\/strong>\u00a0para o tratamento de ros\u00e1cea e rejuvenescimento.<\/li>\n<\/ul>\n<h2>Vamos falar um pouco sobre a ponteira\u00a0 LongPulse Etherea para laser toning ?<\/h2>\n<div class=\"et_pb_row et_pb_row_1 et_pb_gutters1\">\n<div class=\"et_pb_column et_pb_column_1_3 et_pb_column_1 et_pb_css_mix_blend_mode_passthrough\">\n<div class=\"et_pb_module et_pb_text et_pb_text_1 et_pb_text_align_left et_pb_bg_layout_dark\">\n<div class=\"et_pb_text_inner\">\u00a0Em 2013, mais de 11,5 milh\u00f5es de procedimentos est\u00e9ticos foram realizados no mundo, sendo 12,9% deles no Brasil (1,49 milh\u00e3o). Os EUA ficaram em segundo lugar, com 1,45 milh\u00e3o, seguidos do M\u00e9xico, com 486 mil, e da Alemanha, com 343 mil.O mercado brasileiro de beleza, o terceiro do mundo, atr\u00e1s apenas dos Estados Unidos e do Jap\u00e3o, quintuplicou seu faturamento entre 1996 e 2009, segundo dados da Associa\u00e7\u00e3o Brasileira de Ind\u00fastrias de Higiene Pessoal, Perfumaria e Cosm\u00e9ticos (ABIHPEC). Em 2012, foram movimentados R$ 36,24 bilh\u00f5es, e a estimativa da ABIHPEC aponta um salto, em valores, para R$ 50 bilh\u00f5es em 2015\u00b9.<\/div>\n<\/div>\n<\/div>\n<\/div>\n<div class=\"et_pb_row et_pb_row_2\">\n<div class=\"et_pb_column et_pb_column_4_4 et_pb_column_4 et_pb_css_mix_blend_mode_passthrough et-last-child\">\n<div class=\"et_pb_module et_pb_text et_pb_text_4 et_pb_text_align_left et_pb_bg_layout_light\">\n<div class=\"et_pb_text_inner\">\n<p>Em 2009, foram divulgados na revista eletr\u00f4nica Fator Brasil dados identificando os h\u00e1bitos de consumo do brasileiro e seu respectivo comportamento diante da crise financeira ocorrida em 2008 e in\u00edcio de 2009. Na pesquisa, os consumidores responderam a uma pergunta direta sobre a altera\u00e7\u00e3o de seus h\u00e1bitos de consumo frente ao momento de crise, indicando se tais h\u00e1bitos seriam alterados ou n\u00e3o. Os resultados mostraram que o gasto com beleza e sa\u00fade est\u00e9tica sofreram pouco impacto com a crise, oscilando de 49%, em 2008, a 51%, em 2009\u00b9.<\/p>\n<p>O Euromonitor divulgou crescimento de 11% no segmento da beleza, com faturamento de R$ 101,7 bilh\u00f5es ano passado\u00b2.<\/p>\n<p>[1] http:\/\/www.surgicalcosmetic.org.br\/detalhe-artigo\/281\/A-cosmiatria-na-perspectiva-das-mulheres\u2013estudopiloto-em-tres-estados-do-Brasil[2] http:\/\/biomedicinaestetica.bmd.br\/acredite-o-mercado-da-estetica-vai-crescer-ainda-mais\/#.V6zRVjVzDHE<\/p>\n<p><strong>Aten\u00e7\u00e3o:<\/strong><\/p>\n<p><strong>As informa\u00e7\u00f5es contidas nesse site s\u00e3o destinadas a m\u00e9dicos e especialistas.<\/strong><br \/>\n<strong>Consulte sempre um profissional qualificado para saber mais sobre os tratamentos indicados.<\/strong><\/p>\n<\/div>\n<\/div>\n<\/div>\n<\/div>\n<h2>Veja mais sobre loca\u00e7\u00e3o as ponteiras Etherea MX abaixo<\/h2>\n<p><a href=\"https:\/\/justlaser.com.br\/alugueldelasers\/aluguel-locacao-ponteira-etherea-mx-1340-prodeep-fracionado-nao-ablativo\/\">Aluguel ponteira Etherea MX\u00a0 ProDeep 1340<\/a><\/p>\n<p><a href=\"https:\/\/justlaser.com.br\/alugueldelasers\/aluguel-locacao-ponteira-etherea-mx-nd-yag-1064-pulso-longo-vascular\">Aluguel ponteira Etherea MX Long Pulse 1064 Vascular\u00a0<\/a><\/p>\n<p><a href=\"https:\/\/justlaser.com.br\/alugueldelasers\/aluguel-e-locacao-de-ponteiras-de-lasers-em-sao-paulo\/aluguel-locacao-etherea-mx-ponteira-dualmode-erbium-2940\">Aluguel ponteira Etherea MX\u00a0 2940 Fracionado ablativo Dual Mode Erbium<\/a><\/p>\n<p><a href=\"https:\/\/justlaser.com.br\/alugueldelasers\/aluguel-e-locacao-de-ponteiras-de-lasers-em-sao-paulo\/aluguel-da-ponteira-acroma-q-switched-1064-do-etherea\/\">Aluguel ponteira Etherea MX\u00a0 Acroma 1064 QS<\/a><\/p>\n<p>&nbsp;<\/p>\n","protected":false},"excerpt":{"rendered":"<p>ETHEREA-MX\u00ae PONTEIRA ND YAG 1064 PULSO LONGO\u00ae VASCULAR\u00a0\u00a0 A mais moderna e expandida tecnologia [&hellip;]<\/p>\n","protected":false},"author":2,"featured_media":0,"parent":0,"menu_order":0,"comment_status":"closed","ping_status":"closed","template":"","meta":{"footnotes":""},"_links":{"self":[{"href":"https:\/\/justlaser.com.br\/alugueldelasers\/wp-json\/wp\/v2\/pages\/2551"}],"collection":[{"href":"https:\/\/justlaser.com.br\/alugueldelasers\/wp-json\/wp\/v2\/pages"}],"about":[{"href":"https:\/\/justlaser.com.br\/alugueldelasers\/wp-json\/wp\/v2\/types\/page"}],"author":[{"embeddable":true,"href":"https:\/\/justlaser.com.br\/alugueldelasers\/wp-json\/wp\/v2\/users\/2"}],"replies":[{"embeddable":true,"href":"https:\/\/justlaser.com.br\/alugueldelasers\/wp-json\/wp\/v2\/comments?post=2551"}],"version-history":[{"count":0,"href":"https:\/\/justlaser.com.br\/alugueldelasers\/wp-json\/wp\/v2\/pages\/2551\/revisions"}],"wp:attachment":[{"href":"https:\/\/justlaser.com.br\/alugueldelasers\/wp-json\/wp\/v2\/media?parent=2551"}],"curies":[{"name":"wp","href":"https:\/\/api.w.org\/{rel}","templated":true}]}}