{"id":2552,"date":"2020-09-22T11:16:50","date_gmt":"2020-09-22T14:16:50","guid":{"rendered":"http:\/\/justlaser.com.br\/alugueldelasers\/?page_id=2552"},"modified":"2021-08-01T19:00:03","modified_gmt":"2021-08-01T22:00:03","slug":"aluguel-locacao-ponteira-etherea-mx-1340-prodeep-fracionado-nao-ablativo","status":"publish","type":"page","link":"https:\/\/justlaser.com.br\/alugueldelasers\/aluguel-locacao-ponteira-etherea-mx-1340-prodeep-fracionado-nao-ablativo\/","title":{"rendered":"ALUGUEL LOCA\u00c7\u00c3O PONTEIRA ETHEREA MX 1340 PRODEEP FRACIONADO NAO ABLATIVO"},"content":{"rendered":"<h1>Aluguel e loca\u00e7\u00e3o de ponteira 1340 laser fracionado Etherea MX<\/h1>\n<p>O laser 1340 Prodeep \u00e9 um Laser fracionado n\u00e3o-ablativo (ou seja, n\u00e3o provocar remo\u00e7\u00e3o da epiderme), que alcan\u00e7a grande penetra\u00e7\u00e3o no tecido, assegurando tratamentos com muito mais efic\u00e1cia e profundidade de a\u00e7\u00e3o.<\/p>\n<p><img decoding=\"async\" class=\"alignright\" title=\"Aluquel ponteira etherea 1340 prodeep \" src=\"https:\/\/d335luupugsy2.cloudfront.net\/cms\/files\/40895\/1601920840\/$1xepgeb0jdw\" alt=\"Aluquel ponteira etherea 1340 prodeep \" width=\"204\" height=\"204\" \/><\/p>\n<div id=\"rd-column-kfxve6ga\" class=\"bricks--column rd-column\">\n<div id=\"rd-text-kfxvfigo\" class=\"bricks--component bricks--component-text rd-text\">\n<h2><strong>ProDeep<\/strong><sup><strong>\u00ae<\/strong><\/sup><strong>\u00a0<\/strong>REJUVENESCIMENTO FRACIONADO SUBD\u00c9RMICO<\/h2>\n<p>Nd:YAP 1340 nm agrega a mais recente gera\u00e7\u00e3o de sistemas LASER para plataformas e leva at\u00e9 seu consult\u00f3rio uma tecnologia exclusiva para o rejuvenescimento fracionado n\u00e3o ablativo subd\u00e9rmico.<\/p>\n<p><em>Tratamentos de excel\u00eancia com a ponteira 1340 :<\/em><\/p>\n<ol>\n<li><em> Estrias\u00a0 &#8211; provavelmente o melhor laser do Brasil para sua abordagem !\u00a0<\/em><\/li>\n<li><em>Cicatrizes,<\/em><\/li>\n<li><em> Rejuvenescimento<\/em><\/li>\n<li>Hidradenite<\/li>\n<li>Acne inflamat\u00f3ria<\/li>\n<li>Melasma com a ponteira 400mtz<\/li>\n<li>Poros e rugas fina<\/li>\n<\/ol>\n<\/div>\n<p><b>LASER FRACIONADO:<\/b><b>MAIS SEGURAN\u00c7A<\/b><\/p>\n<p>Os lasers fracionados atuam no tecido atrav\u00e9s da cria\u00e7\u00e3o de zonas microsc\u00f3pias de tratamento, intercaladas entre pontos de pele intacta e vi\u00e1vel. Isso acelera a processo de recupera\u00e7\u00e3o \u00a0e a efic\u00e1cia do tratamento. O procedimento atua no tecido profundo, gerando aquecimento intrad\u00e9rmico na derme e epiderme, estimulando a produ\u00e7\u00e3o das fibras\u00a0 de col\u00e1geno e elastina. O resultado \u00e9 a suaviza\u00e7\u00e3o das irregularidades do tecido, devolvendo novo aspecto de pele firme e bem delineada, com textura renovada e apar\u00eancia verdadeiramente saud\u00e1vel.<\/p>\n<p>O laser leva a um rejuvenescimento extremamente natural, pois \u00e9 o pr\u00f3prio paciente que produz o col\u00e1geno em resposta ao laser, reestruturando a pele, melhorando sua firmeza e luminosidade, prevenindo e tratando os sinais do tempo.<\/p>\n<h3><b>REJUVENESCIMENTO FRACIONADO COM A PONTEIRA\u00a0 1340 PRODEEP<\/b><\/h3>\n<p><b>O Novo Laser ETHEREA ProDeep 1340\u00a0<\/b>\u00a0atua no tecido com muito mais precis\u00e3o e efic\u00e1cia e pode ser utilizado pela maioria dos pacientes e tipos de pele, sem restri\u00e7\u00f5es. Os procedimentos s\u00e3o totalmente seguros e oferecem resultados vis\u00edveis j\u00e1 nas primeiras sess\u00f5es do tratamento, variando de acordo com a intensidade do tratamento.<\/p>\n<div id=\"rd-text-kfxvfigo\" class=\"bricks--component bricks--component-text rd-text\">\n<p><img decoding=\"async\" class=\"size-medium wp-image-2744 aligncenter\" src=\"https:\/\/justlaser.com.br\/alugueldelasers\/wp-content\/uploads\/2021\/08\/aluguel-locacao-laser-1340-prodeep-etehrea-mx-300x296.png\" alt=\"aluguel locacao laser 1340 prodeep etehrea mx\" width=\"300\" height=\"296\" title=\"\" srcset=\"https:\/\/justlaser.com.br\/alugueldelasers\/wp-content\/uploads\/2021\/08\/aluguel-locacao-laser-1340-prodeep-etehrea-mx-50x50.png 50w, https:\/\/justlaser.com.br\/alugueldelasers\/wp-content\/uploads\/2021\/08\/aluguel-locacao-laser-1340-prodeep-etehrea-mx-76x75.png 76w, https:\/\/justlaser.com.br\/alugueldelasers\/wp-content\/uploads\/2021\/08\/aluguel-locacao-laser-1340-prodeep-etehrea-mx-80x80.png 80w, https:\/\/justlaser.com.br\/alugueldelasers\/wp-content\/uploads\/2021\/08\/aluguel-locacao-laser-1340-prodeep-etehrea-mx-85x85.png 85w, https:\/\/justlaser.com.br\/alugueldelasers\/wp-content\/uploads\/2021\/08\/aluguel-locacao-laser-1340-prodeep-etehrea-mx-148x146.png 148w, https:\/\/justlaser.com.br\/alugueldelasers\/wp-content\/uploads\/2021\/08\/aluguel-locacao-laser-1340-prodeep-etehrea-mx-300x296.png 300w, https:\/\/justlaser.com.br\/alugueldelasers\/wp-content\/uploads\/2021\/08\/aluguel-locacao-laser-1340-prodeep-etehrea-mx.png 346w\" sizes=\"(max-width: 300px) 100vw, 300px\" \/><\/p>\n<\/div>\n<\/div>\n<h2>Veja mais sobre loca\u00e7\u00e3o as ponteiras Etherea MX abaixo<\/h2>\n<p><a href=\"https:\/\/justlaser.com.br\/alugueldelasers\/aluguel-locacao-ponteira-etherea-mx-1340-prodeep-fracionado-nao-ablativo\/\">Aluguel ponteira Etherea MX\u00a0 ProDeep 1340<\/a><\/p>\n<p><a href=\"https:\/\/justlaser.com.br\/alugueldelasers\/aluguel-locacao-ponteira-etherea-mx-nd-yag-1064-pulso-longo-vascular\">Aluguel ponteira Etherea MX Long Pulse 1064 Vascular\u00a0<\/a><\/p>\n<p><a href=\"https:\/\/justlaser.com.br\/alugueldelasers\/aluguel-e-locacao-de-ponteiras-de-lasers-em-sao-paulo\/aluguel-locacao-etherea-mx-ponteira-dualmode-erbium-2940\">Aluguel ponteira Etherea MX\u00a0 2940 Fracionado ablativo Dual Mode Erbium<\/a><\/p>\n<p><a href=\"https:\/\/justlaser.com.br\/alugueldelasers\/aluguel-e-locacao-de-ponteiras-de-lasers-em-sao-paulo\/aluguel-da-ponteira-acroma-q-switched-1064-do-etherea\/\">Aluguel ponteira Etherea MX\u00a0 Acroma 1064 QS<\/a><\/p>\n<p><strong><a href=\"https:\/\/justlaser.com.br\/alugueldelasers\/aluguel-locacao-de-lasers\/aluguel-locacao-de-laser-fracionado-co2-smartxide-dot-deka\">J\u00e1 pensou em aluguel ou loca\u00e7\u00e3o do laser de CO2\u00a0 ?\u00a0<\/a><br \/>\n<\/strong><\/p>\n<p style=\"margin: 0cm; margin-bottom: .0001pt;\"><strong><a href=\"http:\/\/www.alugueldelasers.com.br\/aluguel-de-ultrassom-microfocado-ulthera-accutyte-sao-paulo\/\" target=\"_blank\" rel=\"noopener\"><span style=\"font-family: 'Georgia','serif';\">Loca\u00e7\u00e3o e Aluguel de Ultrassom Microfocado \u2013 Ulthera e Accutyte.<\/span><\/a><\/strong><\/p>\n<p>&nbsp;<\/p>\n","protected":false},"excerpt":{"rendered":"<p>Aluguel e loca\u00e7\u00e3o de ponteira 1340 laser fracionado Etherea MX O laser 1340 Prodeep [&hellip;]<\/p>\n","protected":false},"author":2,"featured_media":0,"parent":0,"menu_order":0,"comment_status":"closed","ping_status":"closed","template":"","meta":{"footnotes":""},"_links":{"self":[{"href":"https:\/\/justlaser.com.br\/alugueldelasers\/wp-json\/wp\/v2\/pages\/2552"}],"collection":[{"href":"https:\/\/justlaser.com.br\/alugueldelasers\/wp-json\/wp\/v2\/pages"}],"about":[{"href":"https:\/\/justlaser.com.br\/alugueldelasers\/wp-json\/wp\/v2\/types\/page"}],"author":[{"embeddable":true,"href":"https:\/\/justlaser.com.br\/alugueldelasers\/wp-json\/wp\/v2\/users\/2"}],"replies":[{"embeddable":true,"href":"https:\/\/justlaser.com.br\/alugueldelasers\/wp-json\/wp\/v2\/comments?post=2552"}],"version-history":[{"count":0,"href":"https:\/\/justlaser.com.br\/alugueldelasers\/wp-json\/wp\/v2\/pages\/2552\/revisions"}],"wp:attachment":[{"href":"https:\/\/justlaser.com.br\/alugueldelasers\/wp-json\/wp\/v2\/media?parent=2552"}],"curies":[{"name":"wp","href":"https:\/\/api.w.org\/{rel}","templated":true}]}}