{"id":2556,"date":"2020-09-24T10:01:21","date_gmt":"2020-09-24T13:01:21","guid":{"rendered":"http:\/\/justlaser.com.br\/alugueldelasers\/?page_id=2556"},"modified":"2021-08-01T18:59:33","modified_gmt":"2021-08-01T21:59:33","slug":"aluguel-locacao-etherea-mx-ponteira-dualmode-erbium-2940","status":"publish","type":"page","link":"https:\/\/justlaser.com.br\/alugueldelasers\/aluguel-e-locacao-de-ponteiras-de-lasers-em-sao-paulo\/aluguel-locacao-etherea-mx-ponteira-dualmode-erbium-2940\/","title":{"rendered":"ALUGUEL LOCACAO ETHEREA MX PONTEIRA ETHEREA-MX DUALMODE ERBIUM 2.940"},"content":{"rendered":"<h1 class=\"alignnone\" title=\"LASER 2940 para o tratamento da sa\u00fade \u00edntima \">ALUGUEL LOCA\u00c7\u00c3O DA PONTEIRA Dual MODE\u00ae: LASER ERBIUM:YAG 2.940 nm<\/h1>\n<blockquote><p><strong>VAMOS FALAR SOBRE LASER FRACIONADO PARA PELE E PARA REJUVENSCIMENTO INTIMO AQUI\u00a0<\/strong><\/p><\/blockquote>\n<p>O LASER peel \u00e9 um procedimento de \u00faltima gera\u00e7\u00e3o em tecnologia que atua pelo uso da energia LASER entregue no tecido de forma controlada e microfacionada.<\/p>\n<p>Realizado com ponteiras de lasers fracionados ablativos, os peelings a laser s\u00e3o MUITO procurados pelos pacientes.<\/p>\n<blockquote><p><strong>Aqui\u00a0 se destaca o aluguel ou loca\u00e7\u00e3o da ponteira do Etherea MX, 2940 Dual Mode fracionado ablativo.<\/strong><\/p>\n<p><img decoding=\"async\" class=\"alignright wp-image-2557\" src=\"http:\/\/justlaser.com.br\/alugueldelasers\/wp-content\/uploads\/2020\/09\/DUALMODE-300x130.jpg\" alt=\"ALUGUEL LOCA\u00c7\u00c3O PONTEIRA 2940 ERBIUM DUALMODE \" width=\"355\" height=\"154\" title=\"\" srcset=\"https:\/\/justlaser.com.br\/alugueldelasers\/wp-content\/uploads\/2020\/09\/DUALMODE-50x22.jpg 50w, https:\/\/justlaser.com.br\/alugueldelasers\/wp-content\/uploads\/2020\/09\/DUALMODE-150x65.jpg 150w, https:\/\/justlaser.com.br\/alugueldelasers\/wp-content\/uploads\/2020\/09\/DUALMODE-260x113.jpg 260w, https:\/\/justlaser.com.br\/alugueldelasers\/wp-content\/uploads\/2020\/09\/DUALMODE-300x130.jpg 300w, https:\/\/justlaser.com.br\/alugueldelasers\/wp-content\/uploads\/2020\/09\/DUALMODE-500x217.jpg 500w, https:\/\/justlaser.com.br\/alugueldelasers\/wp-content\/uploads\/2020\/09\/DUALMODE-700x303.jpg 700w, https:\/\/justlaser.com.br\/alugueldelasers\/wp-content\/uploads\/2020\/09\/DUALMODE-768x333.jpg 768w, https:\/\/justlaser.com.br\/alugueldelasers\/wp-content\/uploads\/2020\/09\/DUALMODE.jpg 900w\" sizes=\"(max-width: 355px) 100vw, 355px\" \/><\/p><\/blockquote>\n<p>Sua fun\u00e7\u00e3o \u00e9 remover a camada epitelial induzindo \u00e0 neocolag\u00eanese da regi\u00e3o, enquanto promove o desbaste de les\u00f5es superficiais. \u00c9 indicado para o tratamento de condi\u00e7\u00f5es de pele leves, tais como rugas e linhas finas, les\u00f5es de pele e cicatrizes superficiais, poros dilatados, tonning e fotoenvelhecimento.<\/p>\n<p>A maior parte do rosto e membros, incluindo pesco\u00e7o, m\u00e3os, bra\u00e7os e at\u00e9 colo, pode ser tratada com grande sucesso e sem restri\u00e7\u00f5es.<\/p>\n<p>\u00c9 que a preocupa\u00e7\u00e3o com a autoimagem e o bem-estar vem crescendo vertiginosamente nos \u00faltimos anos com a procura de novas op\u00e7\u00f5es de tratamento n\u00e3o invasivos capazes de devolver \u00e0 pele um aspecto jovem e renovado. O maior avan\u00e7o nesse aspecto foi a cria\u00e7\u00e3o dos LASERs fracionados ablativos. Pela divis\u00e3o da energia em micropontos, eles promovem a vaporiza\u00e7\u00e3o do tecido tratado eliminando rugas, cicatrizes, les\u00f5es pigmentares benignas e uma s\u00e9rie de indica\u00e7\u00f5es amplamente difundidas na medicina. Este \u00e9 o princ\u00edpio b\u00e1sico do resurfacing: tratar a pele como um todo, em diferentes n\u00edveis de abla\u00e7\u00e3o e, em alguns casos, com efeito coagulativo combinado, como ocorre na tecnologia DUALMODE\u00ae, que estimula o col\u00e1geno em profundidade.<\/p>\n<p>&nbsp;<\/p>\n<h2>LOCA\u00c7\u00c3O PONTEIRA COM RESURFACING FRACIONADO COMO VOC\u00ca NUNCA VIU<\/h2>\n<p class=\"alignnone\" title=\"ALUGUEL PONTEIRA LASER 2940 ERBIUM\"><img decoding=\"async\" class=\"alignright size-medium wp-image-2745\" src=\"https:\/\/justlaser.com.br\/alugueldelasers\/wp-content\/uploads\/2021\/08\/ALUGUEL-PONTEIRA-LASER-2940-ERBIUM-300x258.png\" alt=\"ALUGUEL PONTEIRA LASER 2940 ERBIUM\" width=\"300\" height=\"258\" title=\"\" srcset=\"https:\/\/justlaser.com.br\/alugueldelasers\/wp-content\/uploads\/2021\/08\/ALUGUEL-PONTEIRA-LASER-2940-ERBIUM-50x43.png 50w, https:\/\/justlaser.com.br\/alugueldelasers\/wp-content\/uploads\/2021\/08\/ALUGUEL-PONTEIRA-LASER-2940-ERBIUM-87x75.png 87w, https:\/\/justlaser.com.br\/alugueldelasers\/wp-content\/uploads\/2021\/08\/ALUGUEL-PONTEIRA-LASER-2940-ERBIUM-170x146.png 170w, https:\/\/justlaser.com.br\/alugueldelasers\/wp-content\/uploads\/2021\/08\/ALUGUEL-PONTEIRA-LASER-2940-ERBIUM-300x258.png 300w, https:\/\/justlaser.com.br\/alugueldelasers\/wp-content\/uploads\/2021\/08\/ALUGUEL-PONTEIRA-LASER-2940-ERBIUM.png 396w\" sizes=\"(max-width: 300px) 100vw, 300px\" \/>A nova gera\u00e7\u00e3o de <strong>LASER Erbium:YAG<\/strong>\u00a02.940 NM que combina indica\u00e7\u00f5es de tratamentos ablativos e coagulativos em pulso duplo na tecnologia <strong>DualMode<\/strong>\u00ae. O conceito em tecnologia LASER que traz o real poder do <strong>resurfacing fracionado e LASER peel<\/strong>\u00a0 em menos de um minuto para sua pr\u00e1tica cl\u00ednica.<\/p>\n<p><strong>DualMode Erbium:YAG LASER:<\/strong> pulsos duplos com efeitos de vaporiza\u00e7\u00e3o e coagula\u00e7\u00e3o no mesmo disparo, aumentando a forma\u00e7\u00e3o de RTD* sobre o tecido tratado. O RTD estimula a contra\u00e7\u00e3o do col\u00e1geno em profundidade, assegurando efeitos simult\u00e2neos combinados e resultados muito mais eficazes e satisfat\u00f3rios.\u00a0O princ\u00edpio de forma\u00e7\u00e3o de RTD pela tecnologia <strong>DUALMODE<\/strong> visa os resultados ben\u00e9ficos conseguidos com os <strong>lasers de CO2<\/strong> \u2013 no entanto, o downtime e riscos de complica\u00e7\u00e3o e efeitos adversos s\u00e3o muito inferiores.<\/p>\n<p>A combina\u00e7\u00e3o entre os pulsos ablativos e coagulativos do sistema <strong>DUALMODE<\/strong> aumentam o RTD e o conseq\u00fcente est\u00edmulo direto do laser sobre o col\u00e1geno. Na figura acima, a intensidade da coagula\u00e7\u00e3o \u00e9 demonstrada com diferentes larguras de pulso secund\u00e1rio (n\u00edveis 1, 2 e 3).<\/p>\n<p>Tratamentos Seguros e Eficazes: quando comparado ao <strong>laser de CO2<\/strong>, o <strong>laser Erbium:YAG<\/strong> fracionado oferece tratamentos seguros e eficazes, com menor risco de complica\u00e7\u00f5es e efeitos adversos, al\u00e9m do downtime reduzido e da melhora r\u00e1pida no p\u00f3s-tratamento.<\/p>\n<p><strong>Erbium:YAG<\/strong> <strong>Superficial:<\/strong> a alta absor\u00e7\u00e3o do laser pela \u00e1gua no comprimento de onda em 2940 nm associado a disparos puramente ablativos (300-500 \u0447s), resulta na op\u00e7\u00e3o de tratamentos superficiais controlados e com baixo downtime. Al\u00e9m de aumentar a versatilidade de uso do laser e promover diferentes op\u00e7\u00f5es de tratamento, a aplica\u00e7\u00e3o tamb\u00e9m pode ser utilizada em perfeita sinergia com outras tecnologias, melhorando resultados obtidos e aumentando a satisfa\u00e7\u00e3o do paciente.<br \/>\nIndicado para o tratamento de rugas finas e manchas solares, esta tecnologia remove a camada superior da pele com extrema precis\u00e3o e efic\u00e1cia, melhorando a textura e renovando o tecido danificado.<\/p>\n<p><strong>Erbium:YAG Face &amp; Corpo:<\/strong> em contraposi\u00e7\u00e3o ao LASER de CO2, estudos publicados indicam o tratamento com Erbium:YAG em \u00e1reas extra-faciais [1] com a mesma seguran\u00e7a, benef\u00edcios e efic\u00e1cia.<br \/>\nTratamentos Variados: ponteiras fracionadas em 100 e 400 mtz e colimada, possibilitando tratamentos com diferentes n\u00edveis de abla\u00e7\u00e3o.<\/p>\n<p>INDICA\u00c7\u00d5ES DA <strong>PONTEIRA Dual MODE<\/strong>\u00ae: <strong>LASER ERBIUM:YAG 2.940 nm<\/strong> \u2022 rejuvenescimento ablativo, estrias, cicatrizes de acne, cicatrizes cir\u00fargicas (mais tardias ou hipertr\u00f3ficas);<br \/>\n\u2022 <strong>LASER peel<\/strong>: les\u00f5es pigmentares, ceratoses, acrocordons, seringomas<br \/>\n\u2022 drug delivery; \u2022 tratamento intra oral e labios;<br \/>\n\u2022 associa\u00e7\u00e3o com outros tratamentos ou tecnologias.\\<\/p>\n<p>*RTD significa Residual Thermal Damage, em ingl\u00eas.<\/p>\n<p>REGISTRO ANVISA N \u00b080058580015<\/p>\n<p>&nbsp;<\/p>\n<h3>COMO FUNCIONA\u00a0 ALUGUEL LASER FRACIONADO 2940 DUAL DEEP PONTEIRA?<\/h3>\n<p>O tratamento funciona como um peeling profundo que incentiva a produ\u00e7\u00e3o intensa de col\u00e1geno na pele. Gra\u00e7as \u00e0 tecnologia fracionada, pode-se causar um dano seletivo e controlado na \u00e1rea a ser tratada, de modo a se obter um grande resultado com pouca agress\u00e3o.<\/p>\n<p>O Etherea 2940 nm \u00e9 uma ponteira de laser fracionado ablativo que faz parte da plataforma de laser Etherea.<\/p>\n<p>A tecnologia de laser fracionado relaciona-se a emiss\u00e3o dos raios em pequenas colunas com \u00e1reas de pele s\u00e3 ao redor. O fracionamento dos raios torna o tempo de recupera\u00e7\u00e3o menor e o procedimento mais seguro. O laser atua na superf\u00edcie da pele tratando manchas, poros, cicatrizes e imperfei\u00e7\u00f5es. Na profundidade, as pequenas colunas geram est\u00edmulo para prolifera\u00e7\u00e3o de col\u00e1geno.<\/p>\n<h3>Indica\u00e7\u00f5es de tratamentos com ponteira fracionada 2940nm :<\/h3>\n<p>\u2022 Tratamento de rugas,<br \/>\n\u2022 Manchas solares,<br \/>\n\u2022 Cicatrizes de acne,<br \/>\n\u2022 Cicatrizes cir\u00fargicas,<br \/>\n\u2022 Estrias antigas,<br \/>\n\u2022 Redu\u00e7\u00e3o de poros,<br \/>\n\u2022 Melhora do t\u00f4nus da pele.<br \/>\nPode ser utilizado na face e em \u00e1reas extrafaciais, como: pesco\u00e7o, colo, abd\u00f4men, coxas.<\/p>\n<p>&nbsp;<\/p>\n<div class=\"et_pb_module et_pb_image et_pb_image_0 et-animated et_had_animation\"><span class=\"et_pb_image_wrap \"><img decoding=\"async\" class=\"alignnone wp-image-1678\" title=\"LASER 2940 para o tratamento da sa\u00fade \u00edntima \" src=\"https:\/\/www.vydence.com\/wp-content\/uploads\/2018\/09\/logo-3.png\" sizes=\"(max-width: 390px) 100vw, 390px\" srcset=\"https:\/\/www.vydence.com\/wp-content\/uploads\/2018\/09\/logo-3.png 390w, https:\/\/www.vydence.com\/wp-content\/uploads\/2018\/09\/logo-3-300x55.png 300w\" alt=\"LASER 2940 para o tratamento da sa\u00fade \u00edntima \" width=\"390\" height=\"71\" \/><\/span><\/div>\n<div class=\"et_pb_module et_pb_text et_pb_text_0 et_pb_text_align_left et_pb_bg_layout_light et_had_animation\">\n<div class=\"et_pb_text_inner\">\n<h1 class=\"titulo_altura\">LASER 2940 para o tratamento da sa\u00fade \u00edntima da mulher<\/h1>\n<p>REGISTRO ANVISA N\u00b0 80058589006<\/p>\n<\/div>\n<\/div>\n<div class=\"et_pb_module et_pb_text et_pb_text_1 et_pb_text_align_left et_pb_bg_layout_light et_had_animation\">\n<div class=\"et_pb_text_inner\">\n<p>ATHENA incorpora a tecnologia LASER padr\u00e3o ouro mundial no tratamento da:<\/p>\n<ol>\n<li>incontin\u00eancia urin\u00e1ria,<\/li>\n<li>ressecamento \u00edntimo e<\/li>\n<li>rejuvenescimento vaginal.<\/li>\n<\/ol>\n<p>Acoplado \u00e0 plataforma ETHEREA-MX e com diferentes tipos de spot, ATHENA oferece um tratamento vers\u00e1til que abrange as queixas mais frequentes das pacientes, levando at\u00e9 sua cl\u00ednica um procedimento diferenciado e exclusivo, focado nos cuidados da mulher.<\/p>\n<\/div>\n<\/div>\n<p>&nbsp;<\/p>\n<h2>Veja mais sobre loca\u00e7\u00e3o as ponteiras Etherea MX abaixo<\/h2>\n<p><a href=\"https:\/\/justlaser.com.br\/alugueldelasers\/aluguel-locacao-ponteira-etherea-mx-1340-prodeep-fracionado-nao-ablativo\/\">Aluguel ponteira Etherea MX\u00a0 ProDeep 1340<\/a><\/p>\n<p><a href=\"https:\/\/justlaser.com.br\/alugueldelasers\/aluguel-locacao-ponteira-etherea-mx-nd-yag-1064-pulso-longo-vascular\">Aluguel ponteira Etherea MX Long Pulse 1064 Vascular\u00a0<\/a><\/p>\n<p><a href=\"https:\/\/justlaser.com.br\/alugueldelasers\/aluguel-e-locacao-de-ponteiras-de-lasers-em-sao-paulo\/aluguel-locacao-etherea-mx-ponteira-dualmode-erbium-2940\">Aluguel ponteira Etherea MX\u00a0 2940 Fracionado ablativo Dual Mode Erbium<\/a><\/p>\n<p><a href=\"https:\/\/justlaser.com.br\/alugueldelasers\/aluguel-e-locacao-de-ponteiras-de-lasers-em-sao-paulo\/aluguel-da-ponteira-acroma-q-switched-1064-do-etherea\/\">Aluguel ponteira Etherea MX\u00a0 Acroma 1064 QS<\/a><\/p>\n<p><strong><a href=\"https:\/\/justlaser.com.br\/alugueldelasers\/aluguel-locacao-de-lasers\/aluguel-locacao-de-laser-fracionado-co2-smartxide-dot-deka\">J\u00e1 pensou em aluguel ou loca\u00e7\u00e3o do laser de CO2\u00a0 ?\u00a0<\/a><br \/>\n<\/strong><\/p>\n<p style=\"margin: 0cm; margin-bottom: .0001pt;\"><strong><a href=\"http:\/\/www.alugueldelasers.com.br\/aluguel-de-ultrassom-microfocado-ulthera-accutyte-sao-paulo\/\" target=\"_blank\" rel=\"noopener\"><span style=\"font-family: 'Georgia','serif';\">Loca\u00e7\u00e3o e Aluguel de Ultrassom Microfocado \u2013 Ulthera e Accutyte.<\/span><\/a><\/strong><\/p>\n<p>&nbsp;<\/p>\n<p>&nbsp;<\/p>\n","protected":false},"excerpt":{"rendered":"<p>ALUGUEL LOCA\u00c7\u00c3O DA PONTEIRA Dual MODE\u00ae: LASER ERBIUM:YAG 2.940 nm VAMOS FALAR SOBRE LASER [&hellip;]<\/p>\n","protected":false},"author":2,"featured_media":0,"parent":2415,"menu_order":0,"comment_status":"closed","ping_status":"closed","template":"","meta":{"footnotes":""},"_links":{"self":[{"href":"https:\/\/justlaser.com.br\/alugueldelasers\/wp-json\/wp\/v2\/pages\/2556"}],"collection":[{"href":"https:\/\/justlaser.com.br\/alugueldelasers\/wp-json\/wp\/v2\/pages"}],"about":[{"href":"https:\/\/justlaser.com.br\/alugueldelasers\/wp-json\/wp\/v2\/types\/page"}],"author":[{"embeddable":true,"href":"https:\/\/justlaser.com.br\/alugueldelasers\/wp-json\/wp\/v2\/users\/2"}],"replies":[{"embeddable":true,"href":"https:\/\/justlaser.com.br\/alugueldelasers\/wp-json\/wp\/v2\/comments?post=2556"}],"version-history":[{"count":0,"href":"https:\/\/justlaser.com.br\/alugueldelasers\/wp-json\/wp\/v2\/pages\/2556\/revisions"}],"up":[{"embeddable":true,"href":"https:\/\/justlaser.com.br\/alugueldelasers\/wp-json\/wp\/v2\/pages\/2415"}],"wp:attachment":[{"href":"https:\/\/justlaser.com.br\/alugueldelasers\/wp-json\/wp\/v2\/media?parent=2556"}],"curies":[{"name":"wp","href":"https:\/\/api.w.org\/{rel}","templated":true}]}}