{"id":2559,"date":"2020-09-24T18:06:04","date_gmt":"2020-09-24T21:06:04","guid":{"rendered":"http:\/\/justlaser.com.br\/alugueldelasers\/?page_id=2559"},"modified":"2021-07-30T13:01:26","modified_gmt":"2021-07-30T16:01:26","slug":"aluguel-locacao-ponteira-etherea-mx-dualmode-athena","status":"publish","type":"page","link":"https:\/\/justlaser.com.br\/alugueldelasers\/aluguel-locacao-ponteira-etherea-mx-dualmode-athena\/","title":{"rendered":"ALUGUEL LOCA\u00c7\u00c3O PONTEIRA ETHEREA-MX\u00ae DUALMODE\u00ae ATHENA\u00ae"},"content":{"rendered":"<h1 class=\"alignnone\" title=\"locacao etherea athena fraxx laser intimo rejuvenescimento\"><img decoding=\"async\" class=\"alignright size-medium wp-image-2561\" src=\"http:\/\/justlaser.com.br\/alugueldelasers\/wp-content\/uploads\/2020\/09\/PONTEIRA-ATHENA-211x300.png\" alt=\"ALUGUEL LOCA\u00c7\u00c3O ETHEREA-MX PONTEIRA ATHENA\" width=\"211\" height=\"300\" title=\"\" srcset=\"https:\/\/justlaser.com.br\/alugueldelasers\/wp-content\/uploads\/2020\/09\/PONTEIRA-ATHENA-35x50.png 35w, https:\/\/justlaser.com.br\/alugueldelasers\/wp-content\/uploads\/2020\/09\/PONTEIRA-ATHENA-53x75.png 53w, https:\/\/justlaser.com.br\/alugueldelasers\/wp-content\/uploads\/2020\/09\/PONTEIRA-ATHENA-103x146.png 103w, https:\/\/justlaser.com.br\/alugueldelasers\/wp-content\/uploads\/2020\/09\/PONTEIRA-ATHENA-211x300.png 211w, https:\/\/justlaser.com.br\/alugueldelasers\/wp-content\/uploads\/2020\/09\/PONTEIRA-ATHENA-500x711.png 500w, https:\/\/justlaser.com.br\/alugueldelasers\/wp-content\/uploads\/2020\/09\/PONTEIRA-ATHENA-700x996.png 700w, https:\/\/justlaser.com.br\/alugueldelasers\/wp-content\/uploads\/2020\/09\/PONTEIRA-ATHENA-720x1024.png 720w, https:\/\/justlaser.com.br\/alugueldelasers\/wp-content\/uploads\/2020\/09\/PONTEIRA-ATHENA.png 736w\" sizes=\"(max-width: 211px) 100vw, 211px\" \/>ALUGUEL LOCA\u00c7\u00c3O PONTEIRA ETHEREA- ATHENA\u00ae GINECOL\u00d3GICA<\/h1>\n<p>A ponteira Athena da plataforma Etherea MX \u00e9 usada para rejuvenescimento \u00edntimo, ou genital.<\/p>\n<p>Athena \u00e9 um\u00a0 Laser de Erbium ablativo. \u00c9 um LASER para o tratamento da sa\u00fade \u00edntima da mulher<\/p>\n<div class=\"et_pb_module et_pb_text et_pb_text_0 et_pb_text_align_left et_pb_bg_layout_light et_had_animation\">\n<div class=\"et_pb_text_inner\">\n<p>REGISTRO ANVISA N\u00b0 80058589006<\/p>\n<\/div>\n<\/div>\n<div class=\"et_pb_module et_pb_text et_pb_text_1 et_pb_text_align_left et_pb_bg_layout_light et_had_animation\">\n<div class=\"et_pb_text_inner\">\n<h3>ATHENA incorpora a tecnologia LASER padr\u00e3o ouro mundial no tratamento da:<\/h3>\n<ul>\n<li>incontin\u00eancia urin\u00e1ria,<\/li>\n<li>ressecamento \u00edntimo<\/li>\n<li>melhora da textura externa\u00a0 e interna da regi\u00e3o genital<\/li>\n<li>e rejuvenescimento vaginal.<\/li>\n<\/ul>\n<p>A ponteira \u00e9 acoplada \u00e0 plataforma ETHEREA-MX e com diferentes tipos de spots.<\/p>\n<p>ATHENA oferece um tratamento vers\u00e1til que abrange as queixas mais frequentes das pacientes, levando at\u00e9 sua cl\u00ednica um procedimento diferenciado e exclusivo, focado nos cuidados da mulher.<\/p>\n<\/div>\n<\/div>\n<h2><strong>ALUGUEL LOCA\u00c7\u00c3O DA PLATAFORMA ETHEREA-MX\u00ae PONTEIRA ATHENA\u00ae PARA O REJUVENESCIMENTO \u00cdNTIMO A LASER<\/strong><\/h2>\n<p><img decoding=\"async\" class=\"alignright size-medium wp-image-2742\" src=\"https:\/\/justlaser.com.br\/alugueldelasers\/wp-content\/uploads\/2021\/07\/aluguel-laser-intimo-300x282.png\" alt=\"aluguel laser intimo athena co2\" width=\"300\" height=\"282\" title=\"\" srcset=\"https:\/\/justlaser.com.br\/alugueldelasers\/wp-content\/uploads\/2021\/07\/aluguel-laser-intimo-50x47.png 50w, https:\/\/justlaser.com.br\/alugueldelasers\/wp-content\/uploads\/2021\/07\/aluguel-laser-intimo-80x75.png 80w, https:\/\/justlaser.com.br\/alugueldelasers\/wp-content\/uploads\/2021\/07\/aluguel-laser-intimo-155x146.png 155w, https:\/\/justlaser.com.br\/alugueldelasers\/wp-content\/uploads\/2021\/07\/aluguel-laser-intimo-300x282.png 300w, https:\/\/justlaser.com.br\/alugueldelasers\/wp-content\/uploads\/2021\/07\/aluguel-laser-intimo-500x471.png 500w, https:\/\/justlaser.com.br\/alugueldelasers\/wp-content\/uploads\/2021\/07\/aluguel-laser-intimo-700x659.png 700w, https:\/\/justlaser.com.br\/alugueldelasers\/wp-content\/uploads\/2021\/07\/aluguel-laser-intimo-768x723.png 768w, https:\/\/justlaser.com.br\/alugueldelasers\/wp-content\/uploads\/2021\/07\/aluguel-laser-intimo.png 899w\" sizes=\"(max-width: 300px) 100vw, 300px\" \/>ALUGUEL LOCA\u00c7\u00c3O DO LASER ETHEREA-MX COM A PONTEIRA ATHENA\u00ae PARA TRATAMENTO \u00cdNTIMO<\/p>\n<p>DualMode\u00ae PONTEIRA ATHENA\u00ae \u00e9 um m\u00e9todo de tratamento revolucion\u00e1rio que promove a melhoria da sa\u00fade da mulher na fase da p\u00f3s-menopausa, atuando com precis\u00e3o, seguran\u00e7a e efic\u00e1cia no tratamento da atrofia vulvovaginal, ressecamento vaginal e combate \u00e0 incontin\u00eancia urin\u00e1ria. Al\u00e9m de oferecer um procedimento r\u00e1pido, virtualmente indolor, sem efeitos colaterais ou downtime relativo, a PLATAFORMA ETHEREA-MX\u00ae PONTEIRA ATHENA\u00ae promete resultados duradouros e com ampla refer\u00eancia cl\u00ednica.<\/p>\n<h5>O handpiece <strong>DualMode\u00ae ATHENA\u00ae<\/strong> foi projetado para ampla usabilidade, com 2 modelos diferentes capazes de atender a todas as indica\u00e7\u00f5es relativas ao procedimento:<\/h5>\n<h3><strong>Aluguel ponteira ATHENA\u00ae<\/strong>90+<\/h3>\n<ul>\n<li>Handpiece fracionado, com emiss\u00e3o angular em 90\u00ba, indicada principalmente para o tratamento da incontin\u00eancia urin\u00e1ria na s\u00edndrome g\u00eanito-urin\u00e1ria da menopausa.<\/li>\n<\/ul>\n<h3><strong>Aluguel ponteira<\/strong><strong> PONTEIRA ATHENA\u00ae<\/strong>360<\/h3>\n<ul>\n<li>Handpiece fracionado, com emiss\u00e3o em 360\u00ba, \u00e9 indicada para o tratamento da atrofia vulvovaginal e o ressecamento do canal vaginal, devolvendo \u00e0 regi\u00e3o a lubrifica\u00e7\u00e3o local.<\/li>\n<\/ul>\n<p><strong>A PONTEIRA ATHENA\u00ae<\/strong> oferece ainda um procedimento:<\/p>\n<ul>\n<li>minimamente invasivo e praticamente indolor;<\/li>\n<li>tratamento suave e seguro, com sistema de amplo controle;<\/li>\n<li>m\u00e1xima precis\u00e3o atrav\u00e9s da tecnologia <strong>DualMode\u00ae<\/strong>;<\/li>\n<li>sem downtime relativo no p\u00f3s-tratamento;<\/li>\n<li>satisfa\u00e7\u00e3o do paciente garantida, com resultados comprovados;<\/li>\n<li>procedimento r\u00e1pido, com dura\u00e7\u00e3o de cerca de 30 minutos.<\/li>\n<\/ul>\n<p>A aplica\u00e7\u00e3o da <strong>PONTEIRA ATHENA\u00ae<\/strong> no tratamento \u00edntimo, tamb\u00e9m age:<\/p>\n<ul>\n<li style=\"font-style: inherit;\"><span style=\"font-style: inherit;\">Estimulando a lubrifica\u00e7\u00e3o do canal vaginal, auxiliando na melhoria da vida sexual;<\/span><\/li>\n<li style=\"font-style: inherit;\"><span style=\"font-style: inherit;\">Melhorando a flacidez externa dos pequenos l\u00e1bios;<\/span><\/li>\n<li style=\"font-style: inherit;\"><span style=\"font-style: inherit;\">Clareando a pele da regi\u00e3o \u00edntima.<\/span><\/li>\n<\/ul>\n<p><iframe src=\"\/\/www.youtube.com\/embed\/A-M8TkHRgxo\" width=\"560\" height=\"314\" allowfullscreen=\"allowfullscreen\"><\/iframe><\/p>\n<p>CONHE\u00c7A TODOS OS TRATAMENTOS QUE<br \/>\nA TECNOLOGIA LASER ATHENA\u00ae PODE<br \/>\nFAZER PELA REGI\u00c3O \u00cdNTIMA FEMININA<\/p>\n<p>Aumento da lubrifica\u00e7\u00e3o<br \/>\nClareamento da regi\u00e3o \u00edntima e virilha<br \/>\nRemodelamento dos pequenos e grandes<br \/>\nl\u00e1bios<br \/>\nRedu\u00e7\u00e3o da atrofia ou da frouxid\u00e3o do canal<br \/>\nvaginal<br \/>\nCombate \u00e0 incontin\u00eancia urin\u00e1ria de esfor\u00e7o<br \/>\nleve a moderada<br \/>\nRedu\u00e7\u00e3o da dor ou desconforto durante a<br \/>\nrela\u00e7\u00e3o sexual<br \/>\nManuten\u00e7\u00e3o da flora e pH vaginal<\/p>\n<p><span style=\"font-style: inherit;\">Acoplado \u00e0 <strong>plataforma ETHEREA-MX<\/strong><\/span><strong>\u00ae<\/strong> e com diferentes tipos de spot, a <strong>PONTEIRA<\/strong> <strong>ATHENA<\/strong><strong>\u00ae<\/strong> oferece um tratamento completo que abrange as queixas mais frequentes das pacientes, levando at\u00e9 sua cl\u00ednica um procedimento diferenciado e exclusivo, focado nos cuidados da mulher.<\/p>\n<p>&nbsp;<\/p>\n<h6 style=\"text-align: center;\"><span style=\"font-size: 18pt;\"><strong>Agende sua loca\u00e7\u00e3o da plataforma ETHEREA-MX\u00ae PONTEIRA ATHENA\u00ae<\/strong><\/span><\/h6>\n<p>&nbsp;<\/p>\n<p>REGISTRO ANVISA N\u00b0 80058589006<\/p>\n","protected":false},"excerpt":{"rendered":"<p>ALUGUEL LOCA\u00c7\u00c3O PONTEIRA ETHEREA- ATHENA\u00ae GINECOL\u00d3GICA A ponteira Athena da plataforma Etherea MX \u00e9 [&hellip;]<\/p>\n","protected":false},"author":2,"featured_media":2561,"parent":0,"menu_order":0,"comment_status":"closed","ping_status":"closed","template":"","meta":{"footnotes":""},"_links":{"self":[{"href":"https:\/\/justlaser.com.br\/alugueldelasers\/wp-json\/wp\/v2\/pages\/2559"}],"collection":[{"href":"https:\/\/justlaser.com.br\/alugueldelasers\/wp-json\/wp\/v2\/pages"}],"about":[{"href":"https:\/\/justlaser.com.br\/alugueldelasers\/wp-json\/wp\/v2\/types\/page"}],"author":[{"embeddable":true,"href":"https:\/\/justlaser.com.br\/alugueldelasers\/wp-json\/wp\/v2\/users\/2"}],"replies":[{"embeddable":true,"href":"https:\/\/justlaser.com.br\/alugueldelasers\/wp-json\/wp\/v2\/comments?post=2559"}],"version-history":[{"count":0,"href":"https:\/\/justlaser.com.br\/alugueldelasers\/wp-json\/wp\/v2\/pages\/2559\/revisions"}],"wp:featuredmedia":[{"embeddable":true,"href":"https:\/\/justlaser.com.br\/alugueldelasers\/wp-json\/wp\/v2\/media\/2561"}],"wp:attachment":[{"href":"https:\/\/justlaser.com.br\/alugueldelasers\/wp-json\/wp\/v2\/media?parent=2559"}],"curies":[{"name":"wp","href":"https:\/\/api.w.org\/{rel}","templated":true}]}}