{"id":2577,"date":"2024-06-03T08:25:52","date_gmt":"2024-06-03T11:25:52","guid":{"rendered":"http:\/\/justlaser.com.br\/alugueldelasers\/?page_id=2577"},"modified":"2024-08-06T17:14:02","modified_gmt":"2024-08-06T20:14:02","slug":"aluguel-locacao-harmony-xl","status":"publish","type":"page","link":"https:\/\/justlaser.com.br\/alugueldelasers\/aluguel-locacao-harmony-xl\/","title":{"rendered":"ALUGUEL LOCA\u00c7\u00c3O HARMONY XL"},"content":{"rendered":"<h1><strong>ALUGUEL LOCA\u00c7\u00c3O do<\/strong> <strong>Harmony XL\u00a0<\/strong><\/h1>\n<p><img decoding=\"async\" class=\"aligncenter wp-image-2877\" title=\"LOCA\u00c7\u00c3O do laser Harmony\" src=\"https:\/\/justlaser.com.br\/alugueldelasers\/wp-content\/uploads\/2021\/12\/aluguel-harmony-locacao.jpg\" alt=\"aluguel harmony locacao\" width=\"820\" height=\"287\" srcset=\"https:\/\/justlaser.com.br\/alugueldelasers\/wp-content\/uploads\/2021\/12\/aluguel-harmony-locacao-200x70.jpg 200w, https:\/\/justlaser.com.br\/alugueldelasers\/wp-content\/uploads\/2021\/12\/aluguel-harmony-locacao-300x105.jpg 300w, https:\/\/justlaser.com.br\/alugueldelasers\/wp-content\/uploads\/2021\/12\/aluguel-harmony-locacao-400x140.jpg 400w, https:\/\/justlaser.com.br\/alugueldelasers\/wp-content\/uploads\/2021\/12\/aluguel-harmony-locacao-500x175.jpg 500w, https:\/\/justlaser.com.br\/alugueldelasers\/wp-content\/uploads\/2021\/12\/aluguel-harmony-locacao.jpg 600w\" sizes=\"(max-width: 820px) 100vw, 820px\" \/><\/p>\n<h2>Voc\u00ea pode <strong>alugar<\/strong> com a Just Laser a multiplataforma\u00a0<strong>Harmony XL.<\/strong><\/h2>\n<blockquote><p><strong><span style=\"font-size: 14pt;\"><em>OBS: Mas agora, sinceramente,\u00a0 indicamos e preferimos o Etherea MX, mais moderno e\u00a0 com mais versatilidade e seguran\u00e7a, que os antigos Harmony&#8217;s<\/em><\/span><\/strong><\/p><\/blockquote>\n<p><span style=\"font-size: 14pt;\"><strong>A plataforma\u00a0<\/strong>oferece uma grande variedade de tecnologia a laser e luz pulsada. Diferente de outras tecnologias, o tratamento \u00e9 mais eficiente e trata todas as \u00e1reas com maior rapidez.<\/span><\/p>\n<p><span style=\"font-size: 14pt;\">O <strong>Harmony XL<\/strong> de forma eficaz trata as cicatrizes de acne, manchas solares, rugas finas, olheiras, estrias, entre outros.<\/span><\/p>\n<p><span style=\"font-size: 14pt;\">A energia do laser gera micro-furinhos na pele, o que estimula a forma\u00e7\u00e3o de fibras el\u00e1sticas e col\u00e1genas, afetando somente a \u00e1rea tratada e deixando a \u00e1rea ao redor intacta.<\/span><\/p>\n<p><span style=\"font-size: 14pt;\">De forma segura, isso ir\u00e1 ativar a forma\u00e7\u00e3o de col\u00e1geno no tecido, garantindo um fotorejuvenescimento da pele.<\/span><\/p>\n<p>&nbsp;<\/p>\n<h3>Veja v\u00eddeo institucional da loca\u00e7\u00e3o do Harmony XL<\/h3>\n<p><iframe src=\"\/\/www.youtube.com\/embed\/lK_6kKaMESk\" width=\"560\" height=\"314\" allowfullscreen=\"allowfullscreen\"><\/iframe><\/p>\n<h3>Remo\u00e7\u00e3o de tatuagem com aluguel do\u00a0 Harmony<\/h3>\n<p>O <strong>Harmony XL<\/strong> faz remo\u00e7\u00e3o de tatuagens!<br \/>\nCom a tecnologia de alta pot\u00eancia \u00e9 poss\u00edvel apagar at\u00e9 mesmo as tatuagens coloridas.<\/p>\n<p>Durante o procedimento o laser ir\u00e1 atingir somente as part\u00edculas de tinta na pele, fragmentando essas part\u00edculas em pequenos peda\u00e7os, fazendo com que a tatuagem se apague.<\/p>\n<h3>Depila\u00e7\u00e3o definitiva com Harmony &#8211; Aluguel<\/h3>\n<p>O <strong>Harmony XL<\/strong> oferece avan\u00e7ados tratamentos para epila\u00e7\u00e3o. Uma fototerapia de alta pot\u00eancia, indicado para \u00e1reas densas e com pelos escuros. Epila\u00e7\u00e3o com resultados superiores.<\/p>\n<p>O tratamento pode ser feito em qualquer \u00e9poca do ano. Indicado para todo tipo de pele, desde a pele mais clara at\u00e9 a pele negra e com o m\u00ednimo de desconforto a paciente.<\/p>\n<h3>Loca\u00e7\u00e3o<strong>\u00a0do Harmony XL e suas ponteiras\u00a0<\/strong><\/h3>\n<ul>\n<li>Ponteiras com a tecnologia mais avan\u00e7ada do mercado;<\/li>\n<li>Sem consum\u00edveis;<\/li>\n<li>Design Modular<\/li>\n<\/ul>\n<p>S\u00e3o mais de\u00a0<strong>68 certifica\u00e7\u00f5es pela FDA<\/strong>. Confira mais vantagens:<\/p>\n<p><strong>Atualiza\u00e7\u00f5es Constantes:<\/strong>\u00a0Permite o acoplamento de novas tecnologias, preservando o investimento inicial e permite que o m\u00e9dico sempre ofere\u00e7a os mais modernos tratamentos para os seus pacientes.<\/p>\n<p><img decoding=\"async\" class=\"size-full wp-image-2654 alignright\" src=\"https:\/\/justlaser.com.br\/alugueldelasers\/wp-content\/uploads\/2021\/07\/aluguel-harmony-xl.jpg\" alt=\"aluguel harmony xl\" width=\"850\" height=\"400\" title=\"\" srcset=\"https:\/\/justlaser.com.br\/alugueldelasers\/wp-content\/uploads\/2021\/07\/aluguel-harmony-xl-50x24.jpg 50w, https:\/\/justlaser.com.br\/alugueldelasers\/wp-content\/uploads\/2021\/07\/aluguel-harmony-xl-150x71.jpg 150w, https:\/\/justlaser.com.br\/alugueldelasers\/wp-content\/uploads\/2021\/07\/aluguel-harmony-xl-260x122.jpg 260w, https:\/\/justlaser.com.br\/alugueldelasers\/wp-content\/uploads\/2021\/07\/aluguel-harmony-xl-300x141.jpg 300w, https:\/\/justlaser.com.br\/alugueldelasers\/wp-content\/uploads\/2021\/07\/aluguel-harmony-xl-500x235.jpg 500w, https:\/\/justlaser.com.br\/alugueldelasers\/wp-content\/uploads\/2021\/07\/aluguel-harmony-xl-700x329.jpg 700w, https:\/\/justlaser.com.br\/alugueldelasers\/wp-content\/uploads\/2021\/07\/aluguel-harmony-xl-768x361.jpg 768w, https:\/\/justlaser.com.br\/alugueldelasers\/wp-content\/uploads\/2021\/07\/aluguel-harmony-xl.jpg 850w\" sizes=\"(max-width: 850px) 100vw, 850px\" \/><\/p>\n<p><strong>Terapias Combinadas:<\/strong>\u00a0Por possuir diferentes tecnologias (lasers, luz intensa pulsada AFT, infravermelho, US de Impacto) permite ao m\u00e9dico desenvolver diferentes protocolos para as mais variadas indica\u00e7\u00f5es, o que melhora ainda mais a efic\u00e1cia dos tratamentos e aumenta assim o \u00edndice de satisfa\u00e7\u00e3o dos pacientes com os resultados.<\/p>\n<p><strong>M\u00f3dulo de Luz Intensa Pulsada com exclusiva Tecnologia AFT:<\/strong>\u00a0Converte a luz UV para o comprimento de onda desejado, o que proporciona melhores resultados cl\u00ednicos, diminui o desconforto do paciente e aumenta a seguran\u00e7a do tratamento.<\/p>\n<h2><strong>NOVO TRATAMENTO FACIAL NAS ESTRELAS DA TELEVIS\u00c3O COM A PLATAFORMA HARMONY<\/strong><\/h2>\n<p>Poderosa combina\u00e7\u00e3o de exclusivas tecnologias de\u00a0<strong>03 Ponteiras\u00a0<\/strong>do<strong>\u00a0Harmony XL<\/strong>, com resultados extraordin\u00e1rios:<\/p>\n<p><strong>Ponteira ELEKTRA:<\/strong>\u00a0laser fracionado n\u00e3o ablativo Q switched. Melhora poros, textura e manchas de pele.<\/p>\n<p><strong>Ponteira NIR:\u00a0<\/strong>infravermelho, para flacidez , poros e rugas finas.<\/p>\n<p><strong>Ponteira AFT 540 ou AFT 570:<\/strong>\u00a0tecnologia revolucion\u00e1ria de luz pulsada\u00a0AFT \u2013 Advanced Fluorescense Tecnology. Uma incr\u00edvel e potente luz pulsada, que coloca os concorrentes no\u00a0 bolso com seus resultados.<\/p>\n<h2>Tratamentos poss\u00edveis com aluguel da plataforma Harmony<\/h2>\n<p>A associa\u00e7\u00e3o destas tr\u00eas ponteiras permite a realiza\u00e7\u00e3o d<strong>o rejuvenescimento da face e pesco\u00e7o<\/strong> e assim, a apar\u00eancia mais jovem t\u00e3o desejada.<\/p>\n<ul>\n<li><strong>Rejuvenescimento<\/strong><\/li>\n<li><strong>Manchas<\/strong><\/li>\n<li><strong>Olheiras<\/strong><\/li>\n<li><strong>Melasma<\/strong><\/li>\n<li><strong>Flacidez<\/strong><\/li>\n<\/ul>\n<h4>A sugest\u00e3o s\u00e3o 4 sess\u00f5es com intervalo de 15 dias.<\/h4>\n<p>Sem downtime, voc\u00ea pode retomar\u00a0suas atividades normalmente.<\/p>\n<p>Para todos os fototipos, de pele clara a escura. <em>Harmony<\/em> \u00e9 um aparelho ideal para a<strong>luguel para sua cl\u00ednica<\/strong><\/p>\n<h2><strong><img decoding=\"async\" class=\"size-full wp-image-2655 alignright\" src=\"https:\/\/justlaser.com.br\/alugueldelasers\/wp-content\/uploads\/2021\/07\/locacao-harmony.jpg\" alt=\"locacao harmony\" width=\"308\" height=\"354\" title=\"\" srcset=\"https:\/\/justlaser.com.br\/alugueldelasers\/wp-content\/uploads\/2021\/07\/locacao-harmony-44x50.jpg 44w, https:\/\/justlaser.com.br\/alugueldelasers\/wp-content\/uploads\/2021\/07\/locacao-harmony-65x75.jpg 65w, https:\/\/justlaser.com.br\/alugueldelasers\/wp-content\/uploads\/2021\/07\/locacao-harmony-127x146.jpg 127w, https:\/\/justlaser.com.br\/alugueldelasers\/wp-content\/uploads\/2021\/07\/locacao-harmony-261x300.jpg 261w, https:\/\/justlaser.com.br\/alugueldelasers\/wp-content\/uploads\/2021\/07\/locacao-harmony.jpg 308w\" sizes=\"(max-width: 308px) 100vw, 308px\" \/>Harmony XL\u00a0&#8211; <\/strong><strong>PONTEIRA <em>PIXEL<\/em> <em>2940<\/em> Fracionado para loca\u00e7\u00e3o<\/strong><\/h2>\n<p><strong>Laser Er-Yag<\/strong>\u00a0fracionado ablativo, com tips:<\/p>\n<p>7\u00d77, 9\u00d79, Gentle Peel e Cir\u00fargico.<\/p>\n<p>Indicado para:<\/p>\n<ul>\n<li>Textura da pele<\/li>\n<li>Rugas<\/li>\n<li>Cicatriz Acne<\/li>\n<\/ul>\n<p><strong>TECNOLOGIA<\/strong><\/p>\n<p>Comprimento da Onda: 2940 nanometros<\/p>\n<p>Dura\u00e7\u00e3o, Comprim. do Pulso (mseg) ou Modo:\u00a0Short, Medium, Long<\/p>\n<p>Spot Size (cm\u00b2): 1 mm \u2013 cir\u00fargico \/ 4 mm \u2013 gentle peel \/ 7 x 7 Pixel \/ 9 x 9 Pixel<\/p>\n<p>Taxa de Repeti\u00e7\u00e3o (Hz): 2, 4 e 5<\/p>\n<p>Energia (J\/cm\u00b2): 200 \u2013 2500 mJ\/P<\/p>\n<h2><strong>Harmony XL\u00a0&#8211; <\/strong><strong>PONTEIRA ELEKTRA\u00a0 para aluguel\u00a0<\/strong><\/h2>\n<p>Poderoso\u00a0<strong>Laser NdYag Q-Switched\u00a0<\/strong>Fracionado de alta pot\u00eancia, extremamente vers\u00e1til.<\/p>\n<p>Com o fracionamento do\u00a0<strong>laser NdYag Q-Swiched<\/strong>, torna esta ponteira muito mais segura, ampliando sua capacidade de aplica\u00e7\u00f5es. Q-wsitched elektra serve para laser toning, black peel com pasta de carbono, tratamento conjunto para melasma e muito mais.<\/p>\n<p>\u00c9 bem recomendada para:<\/p>\n<p><strong>Rejuvenescimento n\u00e3o ablativo, suave.<\/strong><\/p>\n<ul>\n<li>Olheiras;<\/li>\n<li>Melasma;<\/li>\n<li>Diversos Tipos de Les\u00f5es Pigmentadas Profundas;<\/li>\n<li>Est\u00edmulo de Col\u00e1geno;<\/li>\n<li>Remo\u00e7\u00e3o de Tatuagens Escuras e Coloridas.<\/li>\n<\/ul>\n<p>Todos os fototipos de pele com muito conforto para o paciente e sem downtime.<\/p>\n<p><strong>TECNOLOGIA<\/strong><\/p>\n<p>Comprimento\u00a0 da Onda:\u00a01064 \/ 532<\/p>\n<p>Dura\u00e7\u00e3o, Comprim. do\u00a0 Pulso (mseg) ou Modo:\u00a020 nseg<\/p>\n<p>Spot Size (cm\u00b2): 3 e 5 mm \/ \u00a05 x 5 (fracionado) \/ 1, 2, 4, 6 mm (opcional) \/ KTP 532: 3 mm<\/p>\n<p>Taxa de Repeti\u00e7\u00e3o (Hz):\u00a01, 2 e 4<\/p>\n<p>Energia (J\/cm\u00b2):\u00a0500 \u2013 1200 mJ\/Pulso<\/p>\n<h2><strong>Harmony XL\u00a0 loca\u00e7\u00e3o da\u00a0<\/strong><strong>PONTEIRA\u00a0 de luz Pulsada mais forte do mercado : AFT \u2013 540 NM<\/strong><\/h2>\n<p>Tecnologia revolucion\u00e1ria de Luz Pulsada (AFT \u2013 Advanced Fluorescense Tecnology) que oferece tratamentos eficazes e seguros. \u00a0 Ponteiras distintas para tratamento de diversos tipos de les\u00f5es e em diversas camadas da pele. Para melanoses face e m\u00e3os, imbat\u00edvel.<\/p>\n<p>Indicada para tratamento de Les\u00f5es Vasculares e Pigmentadas.<\/p>\n<p><strong>TECNOLOGIA<\/strong><\/p>\n<p>Comprimento da Onda: 540 \u2013 950<\/p>\n<p>Dura\u00e7\u00e3o, Comprim. do Pulso (mseg) ou Modo: 10, 12, 15<\/p>\n<p>Spot Size (cm\u00b2): 3<\/p>\n<p>Taxa de Repeti\u00e7\u00e3o (Hz): 2 \/3 \u00a0 Energia (J\/cm\u00b2): 5 \u2013 30<\/p>\n<p>AFT \u00e9 uma nova gera\u00e7\u00e3o de luz pulsada para multiaplica\u00e7\u00e3o. A tecnologia inovadora converte a luz UV para o espectro utilizado em cada aplica\u00e7\u00e3o, fato que aumenta significativamente a efic\u00e1cia e prolonga a vida \u00fatil da fonte de luz. \u00a0 O formato especial do pulso de AFT limita o pico da pot\u00eancia para o n\u00edvel terap\u00eautico, protegendo a pele e atingindo o alvo. Um algoritmo avan\u00e7ado mant\u00e9m o pulso est\u00e1vel para atingir um tratamento seguro e eficaz.<\/p>\n<p><strong>Harmony XL\u00a0&#8211; <\/strong><strong>AFT \u2013 Luz Verde<\/strong><\/p>\n<p>A tecnologia AFT emprega dois filtros: o primeiro transforma a luz UV em luz na faixa desejada (neste caso, verde) e o segundo filtro deixa passar o comprimento de onda a partir da faixa desejada (verde). O resultado dessa tecnologia \u00e9 uma maior gera\u00e7\u00e3o de energia e seu maior aproveitamento na faixa terap\u00eautica. Portanto, a flu\u00eancia utilizada para o tratamento \u00e9 menor se comparada com a tecnologia IPL convencional.<\/p>\n<p><strong>Harmony XL\u00a0&#8211; <\/strong><strong>Pulso AFT<\/strong><\/p>\n<p>O AFT utiliza a tecnologia CW (Constante Waves), fornece um pulso constante de energia na faixa terap\u00eautica. A tecnologia IPL, para gerar um pulso longo, gera v\u00e1rios pulsos curtos de pico alto de energia. A energia m\u00e9dia destes pulsos \u00e9 a energia desejada para o tratamento. Por\u00e9m estes picos altos ultrapassam o n\u00edvel terap\u00eautico e podem causar rea\u00e7\u00f5es adversas.<\/p>\n<p><strong>ANVISA n\u00ba 80336740009 \u2013\u00a0Classe III<\/strong><\/p>\n<p><strong><span style=\"font-size: 14pt;\"><em>OBS: Mas agora, sinceramente,\u00a0 indicamos e preferimos o Etherea MX, mais moderno e\u00a0 com mais versatilidade e seguran\u00e7a, que os antigos Harmony&#8217;s<\/em><\/span><\/strong><\/p>\n<p><span style=\"font-size: 14pt;\"><strong>Veja links de outros aparelhos para loca\u00e7\u00e3o\u00a0<\/strong><\/span><\/p>\n<p><a href=\"https:\/\/justlaser.com.br\/alugueldelasers\/aluguel-de-aparelho-de-campo-eletromagnetico\/aluguel-locacao-cm-slim-cmslim\/\">Aluguel loca\u00e7\u00e3o CMSLIM\u00a0<\/a><\/p>\n<p><a href=\"https:\/\/justlaser.com.br\/alugueldelasers\/aluguel-de-aparelho-de-campo-eletromagnetico\/\">Aluguel de aparelhos de campo onda eletro magn\u00e9tica\u00a0<\/a><\/p>\n<p><a href=\"https:\/\/justlaser.com.br\/alugueldelasers\/aluguel-ultrassom-macro-focado-scizer\/aluguel-do-scizer\/\">Aluguel do Scizer\u00a0<\/a><\/p>\n<p><a href=\"https:\/\/justlaser.com.br\/alugueldelasers\/aluguel-ultrassom-macro-focado-scizer\/locacao-scizer\">Loca\u00e7\u00e3o do Scizer pelo Brasil\u00a0<\/a><\/p>\n<p><a href=\"https:\/\/justlaser.com.br\/alugueldelasers\/aluguel-locacao-de-lasers\/locacao-aluguel-do-laser-plataforma-etherea-mx-sao-paulo\">Aluguel Etherea MX<\/a><\/p>\n<p>&nbsp;<\/p>\n<p><em><strong><span style=\"font-size: 14pt;\">Se voc\u00ea procura aluguel loca\u00e7\u00e3o de HARMONY<br \/>\n<\/span><\/strong><\/em><em><strong><span style=\"font-size: 14pt;\">ou treinamento de HARMONY : entre em contato !<\/span><\/strong><\/em><\/p>\n<p>&nbsp;<\/p>\n<h2>Procurando aluguel e treinamento em <em><strong><span style=\"font-size: 14pt;\">HARMONY\u00a0 \u00a0<\/span><\/strong><\/em> \u00a0 ?\u00a0 Entre em contato\u00a0 !<\/h2>\n<p>&nbsp;<\/p>\n<p>&nbsp;<\/p>\n<p>&nbsp;<\/p>\n","protected":false},"excerpt":{"rendered":"<p>ALUGUEL LOCA\u00c7\u00c3O do Harmony XL\u00a0 Voc\u00ea pode alugar com a Just Laser a multiplataforma\u00a0Harmony [&hellip;]<\/p>\n","protected":false},"author":2,"featured_media":0,"parent":0,"menu_order":0,"comment_status":"closed","ping_status":"closed","template":"","meta":{"footnotes":""},"_links":{"self":[{"href":"https:\/\/justlaser.com.br\/alugueldelasers\/wp-json\/wp\/v2\/pages\/2577"}],"collection":[{"href":"https:\/\/justlaser.com.br\/alugueldelasers\/wp-json\/wp\/v2\/pages"}],"about":[{"href":"https:\/\/justlaser.com.br\/alugueldelasers\/wp-json\/wp\/v2\/types\/page"}],"author":[{"embeddable":true,"href":"https:\/\/justlaser.com.br\/alugueldelasers\/wp-json\/wp\/v2\/users\/2"}],"replies":[{"embeddable":true,"href":"https:\/\/justlaser.com.br\/alugueldelasers\/wp-json\/wp\/v2\/comments?post=2577"}],"version-history":[{"count":0,"href":"https:\/\/justlaser.com.br\/alugueldelasers\/wp-json\/wp\/v2\/pages\/2577\/revisions"}],"wp:attachment":[{"href":"https:\/\/justlaser.com.br\/alugueldelasers\/wp-json\/wp\/v2\/media?parent=2577"}],"curies":[{"name":"wp","href":"https:\/\/api.w.org\/{rel}","templated":true}]}}