{"id":2590,"date":"2024-10-03T09:45:00","date_gmt":"2024-10-03T12:45:00","guid":{"rendered":"http:\/\/justlaser.com.br\/alugueldelasers\/?page_id=2590"},"modified":"2025-04-02T10:30:57","modified_gmt":"2025-04-02T13:30:57","slug":"aluguel-locacao-sellas-evo","status":"publish","type":"page","link":"https:\/\/justlaser.com.br\/alugueldelasers\/aluguel-e-locacao-de-ponteiras-de-lasers-em-sao-paulo\/aluguel-locacao-sellas-evo\/","title":{"rendered":"LOCA\u00c7\u00c3O LASER DE CO2"},"content":{"rendered":"<h1><strong>Loca\u00e7\u00e3o LASER DE CO2 :Laser Sellas Evo Co2 \/ Erbium\u00a0<\/strong><\/h1>\n<p><strong><span style=\"font-size: 20px;\">A loca\u00e7\u00e3o laser\u00a0 de Co2 \/ Erbium Sellas Evo, a segunda gera\u00e7\u00e3o de Laser Fracionado ,\u00a0 indicado para tratamento da pele disponibilizando maior variedade de tratamentos para seus clientes.<\/span><\/strong><\/p>\n<p><em>A tecnologia patenteada Sellas Randon Sprayed Beam System (RSBS) oferece vantagens cl\u00ednicas adicionais aos tratamentos convencionais: menos desconforto, maior performance e sem necessidade de repouso aos pacientes. Os feixes do laser s\u00e3o irradiados em dire\u00e7\u00f5es alternadas, de forma programada, impedindo o encontro de dois halos de calor adjacentes, proporcionando assim, tratamentos menos doloridos e mais seguros. Esta tecnologia oferece a vantagem de diminuir o risco de hiperpigmenta\u00e7\u00e3o p\u00f3s-inflamat\u00f3ria (PIH) e outros efeitos colaterais que podem ocorrer ap\u00f3s tratamentos a laser. Outra vantagem \u00e9 que o scanner do <strong>Sellas Evo<\/strong> \u00e9 aberto, permitindo assim se resfriar a pele em tempo real (ao mesmo tempo que os raios do laser atingem a superf\u00edcie dos tecidos).<\/em><\/p>\n<h3><strong>Sistema de Sele\u00e7\u00e3o &#8220;Shaped Beam&#8221; do laser co2\u00a0<\/strong><\/h3>\n<p><img decoding=\"async\" class=\"alignright wp-image-2594\" title=\"LOCA\u00c7\u00c3O LASER DE CO2\" src=\"http:\/\/justlaser.com.br\/alugueldelasers\/wp-content\/uploads\/2020\/10\/aluguel-laser-co2.jpg\" alt=\"loca\u00e7\u00e3o laser co2\" width=\"329\" height=\"384\" srcset=\"https:\/\/justlaser.com.br\/alugueldelasers\/wp-content\/uploads\/2020\/10\/aluguel-laser-co2-43x50.jpg 43w, https:\/\/justlaser.com.br\/alugueldelasers\/wp-content\/uploads\/2020\/10\/aluguel-laser-co2-64x75.jpg 64w, https:\/\/justlaser.com.br\/alugueldelasers\/wp-content\/uploads\/2020\/10\/aluguel-laser-co2-125x146.jpg 125w, https:\/\/justlaser.com.br\/alugueldelasers\/wp-content\/uploads\/2020\/10\/aluguel-laser-co2.jpg 208w\" sizes=\"(max-width: 329px) 100vw, 329px\" \/><br \/>\nEste sistema permite a sele\u00e7\u00e3o, de forma simples e r\u00e1pida, dos ajustes espec\u00edficos de tratamento. Diferentes ajustes e protocolos podem ser facilmente selecionados.<br \/>\nPode ser aplicado no modo carimbo (quando se demanda maior profundidade da \u00e1rea atingida) ou no modo cont\u00ednuo (menos agressivo). O equipamento dispara v\u00e1rios micros feixes bem pr\u00f3ximos uns dos outros, que v\u00e3o tratar de eliminar as c\u00e9lulas atingidas, al\u00e9m de estimular a produ\u00e7\u00e3o de col\u00e1geno na regi\u00e3o. O organismo ir\u00e1 substituir as c\u00e9lulas eliminadas por novas, promovendo a reestrutura\u00e7\u00e3o da pele em poucos dias.<\/p>\n<p>N\u00e3o h\u00e1 necessidade de consum\u00edveis, o que ajuda muito na gera\u00e7\u00e3o de retorno financeiro para o aplicador.<\/p>\n<h3><span style=\"font-size: 20px;\">\u00c1reas de aplica\u00e7\u00e3o do laser Sellas Evo para loca\u00e7\u00e3o e aluguel do co2 para grande S\u00e3o Paulo:<\/span><\/h3>\n<ul>\n<li><span style=\"font-size: 16px;\"><em>Rosto,<\/em><\/span><br \/>\n<span style=\"font-size: 16px;\"><em> Pesco\u00e7o,<\/em><\/span><br \/>\n<span style=\"font-size: 16px;\"><em> Colo,<\/em><\/span><br \/>\n<span style=\"font-size: 16px;\"><em> M\u00e3os<\/em><\/span><\/li>\n<\/ul>\n<p><span style=\"font-size: 20px;\"><strong>Indica\u00e7\u00f5es de aplica\u00e7\u00e3o do laser Sellas Evo para loca\u00e7\u00e3o da m\u00e1quina:<\/strong><\/span><\/p>\n<ul>\n<li>Cicatrizes (acne e cir\u00fargicas);<\/li>\n<li>Estrias;<\/li>\n<li>Melasma;<\/li>\n<li>Poros dilatados;<\/li>\n<li>Manchas solares;<\/li>\n<li>Flacidez.<\/li>\n<\/ul>\n<h3 style=\"text-align: center;\"><strong>Agende a loca\u00e7\u00e3o do Co2\u00a0 para sua cl\u00ednica<\/strong><\/h3>\n<h2>Como Funciona a <a href=\"https:\/\/justlaser.com.br\/alugueldelasers\/aluguel-e-locacao-de-ponteiras-de-lasers-em-sao-paulo\/aluguel-locacao-sellas-evo\">Loca\u00e7\u00e3o de Laser de CO2<\/a>?<\/h2>\n<ol start=\"1\" data-spread=\"false\">\n<li><strong>Escolha o equipamento ideal<\/strong>: Temos diversas op\u00e7\u00f5es de lasers de Co2, cada um com caracter\u00edsticas espec\u00edficas.<\/li>\n<li><strong>Flexibilidade no aluguel<\/strong>: Planos personalizados de acordo com a necessidade da sua cl\u00ednica.<\/li>\n<li><strong>Treinamento e suporte<\/strong>: Nossa equipe oferece treinamento e suporte t\u00e9cnico para garantir o melhor uso da tecnologia.<\/li>\n<li><strong>Atualiza\u00e7\u00e3o tecnol\u00f3gica<\/strong>: Trabalhamos sempre com os mais modernos equipamentos para manter sua cl\u00ednica \u00e0 frente da concorr\u00eancia.<\/li>\n<\/ol>\n<h2><a href=\"https:\/\/justlaser.com.br\/alugueldelasers\/aluguel-laser-co2\">Aluguel de laser de Co2<\/a> ou Aluguel de lase de Erbium ?<\/h2>\n<p>Pois \u00e9, essa \u00e9 uma quest\u00e3o t\u00e9cnica e importante: o laser CO2 penetra mais fundo e pode ser mais ablativo do que o laser de erbium. Mas o laser de erben pode doer menos e oferecer uma recupera\u00e7\u00e3o mais r\u00e1pida.<\/p>\n<p>Os dois podem ser utilizados em conjunto ou isoladamente, E cabe a voc\u00ea entender o que \u00e9 melhor para sua pr\u00e1tica. N\u00f3s temos diversos cursos que podem te ajudar a conhecer mais sobre as diferen\u00e7as e as indica\u00e7\u00f5es de cada um. No entanto o laser de erbium pode ser alugado junto com a plataforma Etherea, que disp\u00f5e de v\u00e1rias outras ponteiras que facilitam seu trabalho no dia a dia.<\/p>\n<p>J\u00e1 o <strong>aluguel do Laser CO2<\/strong> pode ser utilizado tamb\u00e9m para cirurgias, blefaroplastias sem corte, remo\u00e7\u00e3o de nevos, siringomas e verrugas&#8230; Al\u00e9m dos rejuvenescimentos faciais e genitais<\/p>\n<h3>Entre em Contato<\/h3>\n<p>Quer saber mais sobre <strong>aluguel de laser de CO2<\/strong> e levar inova\u00e7\u00e3o para sua cl\u00ednica?<\/p>\n<p>Entre em contato conosco e descubra como a Just Laser pode transformar seus procedimentos est\u00e9ticos!<\/p>\n","protected":false},"excerpt":{"rendered":"<p>Loca\u00e7\u00e3o LASER DE CO2 :Laser Sellas Evo Co2 \/ Erbium\u00a0 A loca\u00e7\u00e3o laser\u00a0 de [&hellip;]<\/p>\n","protected":false},"author":2,"featured_media":0,"parent":2415,"menu_order":0,"comment_status":"closed","ping_status":"closed","template":"","meta":{"footnotes":""},"_links":{"self":[{"href":"https:\/\/justlaser.com.br\/alugueldelasers\/wp-json\/wp\/v2\/pages\/2590"}],"collection":[{"href":"https:\/\/justlaser.com.br\/alugueldelasers\/wp-json\/wp\/v2\/pages"}],"about":[{"href":"https:\/\/justlaser.com.br\/alugueldelasers\/wp-json\/wp\/v2\/types\/page"}],"author":[{"embeddable":true,"href":"https:\/\/justlaser.com.br\/alugueldelasers\/wp-json\/wp\/v2\/users\/2"}],"replies":[{"embeddable":true,"href":"https:\/\/justlaser.com.br\/alugueldelasers\/wp-json\/wp\/v2\/comments?post=2590"}],"version-history":[{"count":0,"href":"https:\/\/justlaser.com.br\/alugueldelasers\/wp-json\/wp\/v2\/pages\/2590\/revisions"}],"up":[{"embeddable":true,"href":"https:\/\/justlaser.com.br\/alugueldelasers\/wp-json\/wp\/v2\/pages\/2415"}],"wp:attachment":[{"href":"https:\/\/justlaser.com.br\/alugueldelasers\/wp-json\/wp\/v2\/media?parent=2590"}],"curies":[{"name":"wp","href":"https:\/\/api.w.org\/{rel}","templated":true}]}}