{"id":2597,"date":"2021-10-03T14:38:12","date_gmt":"2021-10-03T17:38:12","guid":{"rendered":"http:\/\/justlaser.com.br\/alugueldelasers\/?page_id=2597"},"modified":"2023-06-28T13:49:12","modified_gmt":"2023-06-28T16:49:12","slug":"curso-treinamento-aparelhos-de-laser-depilacao-ultrassom","status":"publish","type":"page","link":"https:\/\/justlaser.com.br\/alugueldelasers\/curso-treinamento-aparelhos-de-laser-depilacao-ultrassom\/","title":{"rendered":"Cursos e treinamentos: aparelhos de laser, depila\u00e7\u00e3o,  ultrassom microfocado e Endolift"},"content":{"rendered":"<h1>Cursos de laser e treinamentos para est\u00e9tica m\u00e9dica<\/h1>\n<h2>\u00a0Cursos de:<\/h2>\n<ul>\n<li><a href=\"https:\/\/justlaser.com.br\/alugueldelasers\/curso-treinamento-aparelhos-de-laser-depilacao-ultrassom\/curso-de-ultraformer\/\"><strong>Curso de UltraFormer\u00a0<\/strong><\/a><\/li>\n<li><a href=\"https:\/\/justlaser.com.br\/alugueldelasers\/curso-treinamento-aparelhos-de-laser-depilacao-ultrassom\/curso-ultrassom-microfocado\"><strong>Curso de Ultrassom Microfocado<\/strong><\/a><\/li>\n<li><a href=\"https:\/\/justlaser.com.br\/alugueldelasers\/curso-treinamento-aparelhos-de-laser-depilacao-ultrassom\/curso-ultrassom-macro-focado\"><strong>Curso de Macrofocado<\/strong><\/a><\/li>\n<li><a href=\"https:\/\/justlaser.com.br\/alugueldelasers\/curso-treinamento-aparelhos-de-laser-depilacao-ultrassom\/curso-scizer\/\"><strong>Curso do Scizer\u00a0 <\/strong><\/a><\/li>\n<li><a style=\"font-size: 12pt;\" href=\"https:\/\/justlaser.com.br\/alugueldelasers\/curso-de-endolift\/\">Curso de Endolift<\/a><\/li>\n<li><strong>Curso de Etherea<\/strong><\/li>\n<li><strong>Curso de Harmony\u00a0<\/strong><\/li>\n<li><strong>Cursos de Laser<\/strong><\/li>\n<li><strong>Curso de aparelhos de campo eletromagn\u00e9tico , CMSLIM, Supram\u00e1ximus, etc<\/strong><\/li>\n<\/ul>\n<div><\/div>\n<p><img decoding=\"async\" class=\"alignleft size-full wp-image-2599\" src=\"http:\/\/justlaser.com.br\/alugueldelasers\/wp-content\/uploads\/2020\/10\/curso-ulthera-e-ultraformer.jpg\" alt=\"curso ulthera e ultraformer\" width=\"194\" height=\"259\" title=\"\" srcset=\"https:\/\/justlaser.com.br\/alugueldelasers\/wp-content\/uploads\/2020\/10\/curso-ulthera-e-ultraformer-37x50.jpg 37w, https:\/\/justlaser.com.br\/alugueldelasers\/wp-content\/uploads\/2020\/10\/curso-ulthera-e-ultraformer-56x75.jpg 56w, https:\/\/justlaser.com.br\/alugueldelasers\/wp-content\/uploads\/2020\/10\/curso-ulthera-e-ultraformer-109x146.jpg 109w, https:\/\/justlaser.com.br\/alugueldelasers\/wp-content\/uploads\/2020\/10\/curso-ulthera-e-ultraformer.jpg 194w\" sizes=\"(max-width: 194px) 100vw, 194px\" \/><\/p>\n<h3>Fa\u00e7a cursos de laser, aulas e treinamentos de como utilizar corretamente os principais a<em>parelhos de laser, ultrassom micro e macro focado\u00a0 e outras m\u00e1quinas universo da est\u00e9tica<\/em> dispon\u00edveis no Brasil.<\/h3>\n<div><\/div>\n<div>Os cursos normalmente s\u00e3o realizados nas principais capitais do sudeste do Brasil.<\/div>\n<div><\/div>\n<div><\/div>\n<div><strong>Eventualmente podemos enviar os professores para sua cidade, com custo adicional.<\/strong><\/div>\n<p><img decoding=\"async\" class=\"alignright size-full wp-image-2598\" src=\"http:\/\/justlaser.com.br\/alugueldelasers\/wp-content\/uploads\/2020\/10\/curso-de-laser-estetica.jpg\" alt=\"curso de laser estetica\" width=\"300\" height=\"225\" title=\"\" srcset=\"https:\/\/justlaser.com.br\/alugueldelasers\/wp-content\/uploads\/2020\/10\/curso-de-laser-estetica-50x38.jpg 50w, https:\/\/justlaser.com.br\/alugueldelasers\/wp-content\/uploads\/2020\/10\/curso-de-laser-estetica-100x75.jpg 100w, https:\/\/justlaser.com.br\/alugueldelasers\/wp-content\/uploads\/2020\/10\/curso-de-laser-estetica-195x146.jpg 195w, https:\/\/justlaser.com.br\/alugueldelasers\/wp-content\/uploads\/2020\/10\/curso-de-laser-estetica.jpg 300w\" sizes=\"(max-width: 300px) 100vw, 300px\" \/><\/p>\n<div><\/div>\n<div>Os lasers e a luz intensa pulsada s\u00e3o m\u00e9todos de tratamento de pele consagrados, mas tem seus riscos!<\/div>\n<div><\/div>\n<div>\u00a0Ambos utilizam uma fonte de energia luminosa n\u00e3o ablativa, ou seja, que n\u00e3o causam cortes na pele, e servem para tratar manchas, microvasos, flacidez e rugas faciais, agindo sobre melanina, vasos sangu\u00edneos e col\u00e1geno.<\/div>\n<div><\/div>\n<div>A diferen\u00e7a entre os dois tipos de tratamento \u00e9 que o laser facial age exatamente no ponto desejado, enquanto a luz pulsada abrange diferentes altera\u00e7\u00f5es numa mesma aplica\u00e7\u00e3o, por apresentar diferentes comprimentos de onda.<\/div>\n<div><\/div>\n<div>Nossos treinamentos e\u00a0 <strong>cursos de Laser Facial<\/strong> e Luz Intensa Pulsada compreendem os tipos de laser, cuidados, resultados e t\u00e9cnicas.<\/div>\n<div><\/div>\n<h3>Oferecemos curso e treinamentos de:<\/h3>\n<ol>\n<li><strong>\u00a0treinamento\u00a0 de plataformas de laser ,<\/strong><\/li>\n<li><strong><a href=\"https:\/\/justlaser.com.br\/alugueldelasers\/curso-treinamento-aparelhos-de-laser-depilacao-ultrassom\/curso-de-ultraformer\/\">treinamento\u00a0 de HIFU<\/a>, <a href=\"https:\/\/justlaser.com.br\/alugueldelasers\/curso-treinamento-aparelhos-de-laser-depilacao-ultrassom\/curso-ultrassom-microfocado\">Ultrassom micro focado<\/a>, <a href=\"https:\/\/justlaser.com.br\/alugueldelasers\/curso-treinamento-aparelhos-de-laser-depilacao-ultrassom\/curso-scizer\/\">Ultrassom macro focado<\/a>,<\/strong><\/li>\n<li><strong>treinamento\u00a0 de remo\u00e7\u00e3o de tatuagem<\/strong><\/li>\n<li><strong>treinamento\u00a0 de aparelhos de campo magn\u00e9tico para musculatura<\/strong><\/li>\n<li><span style=\"font-size: 14pt;\"><a href=\"https:\/\/justlaser.com.br\/alugueldelasers\/curso-de-endolift\/curso-de-capacitacao-em-endolift\">Curso de capacita\u00e7\u00e3o em Endolift laser<\/a><\/span><\/li>\n<\/ol>\n<p>S\u00e3o diversos <strong>treinamentos<\/strong>, tudo para utilizar com diversos aparelhos, dentre eles:<\/p>\n<ul>\n<li><a href=\"https:\/\/justlaser.com.br\/alugueldelasers\/curso-treinamento-aparelhos-de-laser-depilacao-ultrassom\/curso-de-ultraformer\/\"><b>curso e treinamento para utilizar o ultrassom micro focado\u00a0com aulas pr\u00e1ticas utilizando Ultraformer, Ulthera, entre outros<\/b><\/a><\/li>\n<li><strong>Curso e treinamento como usar laser Light sheer, Lightsheer\u00a0 ET e\u00a0DUET<\/strong><\/li>\n<li><strong>Curso e treinamento como usar laser de depila\u00e7\u00e3o SOPRANO<\/strong><\/li>\n<li><a href=\"https:\/\/justlaser.com.br\/alugueldelasers\/curso-treinamento-aparelhos-de-laser-depilacao-ultrassom\/curso-ultrassom-microfocado\"><strong>Curso Ulthera<\/strong><\/a><\/li>\n<li><a href=\"https:\/\/justlaser.com.br\/alugueldelasers\/curso-treinamento-aparelhos-de-laser-depilacao-ultrassom\/curso-de-ultraformer\/\"><strong>Curso Ultraformer III<\/strong><\/a><\/li>\n<li><a href=\"https:\/\/justlaser.com.br\/alugueldelasers\/curso-treinamento-aparelhos-de-laser-depilacao-ultrassom\/curso-ultrassom-macro-focado\"><strong>Curso Ultrassom Macro Focado<\/strong><\/a><\/li>\n<li><span style=\"font-size: 14pt;\"><a href=\"https:\/\/justlaser.com.br\/alugueldelasers\/curso-de-endolift\/treinamento-em-endolift\/\">Treinamento em Endolift<\/a><\/span><\/li>\n<li><strong>Curso treinamento Etherea e Etherea MX<\/strong><\/li>\n<li><strong>remo\u00e7\u00e3o de tatuagem\u00a0<\/strong><\/li>\n<li><strong>\u00a0remo\u00e7\u00e3o\u00a0 de micropigmenta\u00e7\u00e3o\u00a0<\/strong><\/li>\n<li><strong>Uso do laser para depila\u00e7\u00e3o com LED, Holonyak\u00a0<\/strong><\/li>\n<li><strong>Entre outros<\/strong><\/li>\n<\/ul>\n<p><strong>\u00a0<\/strong><\/p>\n","protected":false},"excerpt":{"rendered":"<p>Cursos de laser e treinamentos para est\u00e9tica m\u00e9dica \u00a0Cursos de: Curso de UltraFormer\u00a0 Curso [&hellip;]<\/p>\n","protected":false},"author":2,"featured_media":0,"parent":0,"menu_order":0,"comment_status":"closed","ping_status":"closed","template":"","meta":{"footnotes":""},"_links":{"self":[{"href":"https:\/\/justlaser.com.br\/alugueldelasers\/wp-json\/wp\/v2\/pages\/2597"}],"collection":[{"href":"https:\/\/justlaser.com.br\/alugueldelasers\/wp-json\/wp\/v2\/pages"}],"about":[{"href":"https:\/\/justlaser.com.br\/alugueldelasers\/wp-json\/wp\/v2\/types\/page"}],"author":[{"embeddable":true,"href":"https:\/\/justlaser.com.br\/alugueldelasers\/wp-json\/wp\/v2\/users\/2"}],"replies":[{"embeddable":true,"href":"https:\/\/justlaser.com.br\/alugueldelasers\/wp-json\/wp\/v2\/comments?post=2597"}],"version-history":[{"count":0,"href":"https:\/\/justlaser.com.br\/alugueldelasers\/wp-json\/wp\/v2\/pages\/2597\/revisions"}],"wp:attachment":[{"href":"https:\/\/justlaser.com.br\/alugueldelasers\/wp-json\/wp\/v2\/media?parent=2597"}],"curies":[{"name":"wp","href":"https:\/\/api.w.org\/{rel}","templated":true}]}}