{"id":2603,"date":"2020-10-18T11:22:02","date_gmt":"2020-10-18T14:22:02","guid":{"rendered":"http:\/\/justlaser.com.br\/alugueldelasers\/?page_id=2603"},"modified":"2020-10-18T12:22:36","modified_gmt":"2020-10-18T15:22:36","slug":"aluguel-locacao-venus-freeze","status":"publish","type":"page","link":"https:\/\/justlaser.com.br\/alugueldelasers\/aluguel-locacao-venus-freeze\/","title":{"rendered":"ALUGUEL LOCA\u00c7\u00c3O VENUS FREEZE"},"content":{"rendered":"<h1><strong>Aluguel Loca\u00e7\u00e3o do Venus Freeze<\/strong><\/h1>\n<h2>O aparelho de <strong>radiofrequ\u00eancia Venus FREEZE<\/strong> \u00e9 um aparelho de\u00a0 que combate de maneira inovadora a flacidez e o envelhecimento, al\u00e9m de reduzir medidas e melhorar a celulite consequentemente. Seu diferencial est\u00e1 na exclusiva tecnologia MP2, que combina Pulsos Magn\u00e9ticos com <strong>Radiofrequ\u00eancia<\/strong> Multipolar, o que promove resultados mais duradouros, sem dor e sem per\u00edodo de recupera\u00e7\u00e3o. A radiofrequ\u00eancia multipolar atua em tr\u00eas vertentes que s\u00e3o afetadas pelo envelhecimento: epiderme, derme e micro circula\u00e7\u00e3o.<\/h2>\n<p>&nbsp;<\/p>\n<h3>Estimula os fibroblastos e a produ\u00e7\u00e3o de col\u00e1geno e elastina. Melhora tamb\u00e9m a circula\u00e7\u00e3o sangu\u00ednea, estimulando o aporte de nutrientes para os tecidos. O resultado \u00e9 uma redefini\u00e7\u00e3o da silhueta corporal atrav\u00e9s da melhora da firmeza e elasticidade da pele, com redu\u00e7\u00e3o de medidas e celulite. Entre em contato e agende a sua loca\u00e7\u00e3o do VENUS FREEZE<\/h3>\n<p><strong>Indica\u00e7\u00f5es:<\/strong><br \/>\nModela\u00e7\u00e3o N\u00e3o Cir\u00fargica do Corpo<br \/>\nRedu\u00e7\u00e3o da Celulite<br \/>\nRedu\u00e7\u00e3o das Rugas<br \/>\nRedu\u00e7\u00e3o Circunferencial<br \/>\nFirmeza da Pele<\/p>\n<h4>O aparelho de radiofrequ\u00eancia Venus FREEZE n\u00e3o necessita de consum\u00edveis.<\/h4>\n<p><strong>Registro ANVISA:<\/strong><br \/>\n10343650038<\/p>\n<p>&nbsp;<\/p>\n","protected":false},"excerpt":{"rendered":"<p>Aluguel Loca\u00e7\u00e3o do Venus Freeze O aparelho de radiofrequ\u00eancia Venus FREEZE \u00e9 um aparelho [&hellip;]<\/p>\n","protected":false},"author":2,"featured_media":0,"parent":0,"menu_order":0,"comment_status":"closed","ping_status":"closed","template":"","meta":{"footnotes":""},"_links":{"self":[{"href":"https:\/\/justlaser.com.br\/alugueldelasers\/wp-json\/wp\/v2\/pages\/2603"}],"collection":[{"href":"https:\/\/justlaser.com.br\/alugueldelasers\/wp-json\/wp\/v2\/pages"}],"about":[{"href":"https:\/\/justlaser.com.br\/alugueldelasers\/wp-json\/wp\/v2\/types\/page"}],"author":[{"embeddable":true,"href":"https:\/\/justlaser.com.br\/alugueldelasers\/wp-json\/wp\/v2\/users\/2"}],"replies":[{"embeddable":true,"href":"https:\/\/justlaser.com.br\/alugueldelasers\/wp-json\/wp\/v2\/comments?post=2603"}],"version-history":[{"count":0,"href":"https:\/\/justlaser.com.br\/alugueldelasers\/wp-json\/wp\/v2\/pages\/2603\/revisions"}],"wp:attachment":[{"href":"https:\/\/justlaser.com.br\/alugueldelasers\/wp-json\/wp\/v2\/media?parent=2603"}],"curies":[{"name":"wp","href":"https:\/\/api.w.org\/{rel}","templated":true}]}}