{"id":2616,"date":"2020-12-25T18:20:35","date_gmt":"2020-12-25T21:20:35","guid":{"rendered":"http:\/\/justlaser.com.br\/alugueldelasers\/?page_id=2616"},"modified":"2023-02-20T09:32:50","modified_gmt":"2023-02-20T12:32:50","slug":"aluguel-e-locacao-de-laser-para-depilacao-a-laser","status":"publish","type":"page","link":"https:\/\/justlaser.com.br\/alugueldelasers\/aluguel-e-locacao-de-laser-para-depilacao-a-laser\/","title":{"rendered":"Aluguel e loca\u00e7\u00e3o de laser para depila\u00e7\u00e3o a laser"},"content":{"rendered":"<h1><img decoding=\"async\" class=\"aligncenter wp-image-2991 size-full\" src=\"https:\/\/justlaser.com.br\/alugueldelasers\/wp-content\/uploads\/2022\/01\/aluguel-laser-depilacao.png\" alt=\"aluguel laser depilacao a laser\" width=\"1180\" height=\"401\" title=\"\" srcset=\"https:\/\/justlaser.com.br\/alugueldelasers\/wp-content\/uploads\/2022\/01\/aluguel-laser-depilacao-200x68.png 200w, https:\/\/justlaser.com.br\/alugueldelasers\/wp-content\/uploads\/2022\/01\/aluguel-laser-depilacao-300x102.png 300w, https:\/\/justlaser.com.br\/alugueldelasers\/wp-content\/uploads\/2022\/01\/aluguel-laser-depilacao-400x136.png 400w, https:\/\/justlaser.com.br\/alugueldelasers\/wp-content\/uploads\/2022\/01\/aluguel-laser-depilacao-500x170.png 500w, https:\/\/justlaser.com.br\/alugueldelasers\/wp-content\/uploads\/2022\/01\/aluguel-laser-depilacao-600x204.png 600w, https:\/\/justlaser.com.br\/alugueldelasers\/wp-content\/uploads\/2022\/01\/aluguel-laser-depilacao-700x238.png 700w, https:\/\/justlaser.com.br\/alugueldelasers\/wp-content\/uploads\/2022\/01\/aluguel-laser-depilacao-768x261.png 768w, https:\/\/justlaser.com.br\/alugueldelasers\/wp-content\/uploads\/2022\/01\/aluguel-laser-depilacao-800x272.png 800w, https:\/\/justlaser.com.br\/alugueldelasers\/wp-content\/uploads\/2022\/01\/aluguel-laser-depilacao-1024x348.png 1024w, https:\/\/justlaser.com.br\/alugueldelasers\/wp-content\/uploads\/2022\/01\/aluguel-laser-depilacao.png 1180w\" sizes=\"(max-width: 1180px) 100vw, 1180px\" \/><\/h1>\n<h1>Aluguel e loca\u00e7\u00e3o de laser para depila\u00e7\u00e3o a laser.<\/h1>\n<div><\/div>\n<div>Fazer o <strong>aluguel de aparelhos de laser<\/strong> espec\u00edficos para <strong>depila\u00e7\u00e3o<\/strong> se tornou extremamente vantajoso para todo tipo de cl\u00ednicas de est\u00e9tica.<\/div>\n<div><\/div>\n<div>Hoje os aparelhos s\u00e3o cada vez mais simples de usar, e adicionar um servi\u00e7o de depila\u00e7\u00e3o a laser funciona bem em quase todas as estruturas do universo da est\u00e9tica.<\/div>\n<div><\/div>\n<h2><a href=\"https:\/\/justlaser.com.br\/alugueldelasers\/quais-sao-os-melhores-aparelhos-de-depilacao-a-laser\/\">Qual o melhor aparelho para aluguel\u00a0 de laser para\u00a0 depila\u00e7\u00e3o a laser ?<\/a><\/h2>\n<div>Mas s\u00e3o tantos os aparelhos poss\u00edveis de fazer aluguel para <a href=\"https:\/\/www.webmd.com\/beauty\/laser-hair-removal#1\" target=\"_blank\" rel=\"noopener\">depila\u00e7\u00e3o est\u00e9tica<\/a>, como escolher qual a melhor op\u00e7\u00e3o dentre os aparelhos de depila\u00e7\u00e3o a laser?<\/div>\n<div>\n<ol>\n<li>\n<div><a href=\"https:\/\/www.almalasers.com\/alma-products\/soprano-ice-platinum-edition\/\" target=\"_blank\" rel=\"noopener\">Laser Diodo Soprano<\/a>: Este aparelho utiliza tecnologia de laser de diodo para remover os pelos com efic\u00e1cia. \u00c9 adequado para todos os tipos de pele e \u00e9 f\u00e1cil de usar em casa.<\/div>\n<\/li>\n<li>\n<div>Laser Light Sheer: Este aparelho, antigo mas ainda eficaz,\u00a0 tamb\u00e9m utiliza tecnologia de laser de diodo para remover os pelos com efic\u00e1cia. \u00c9 especialmente indicado para peles claras e cabelos escuros.<\/div>\n<\/li>\n<li>\n<div>Laser Milesman Premium, espanhol.\u00a0 Este aparelho utiliza tecnologia de laser de diodo de alta pot\u00eancia, o que significa que pode remover os pelos de forma eficaz em menos sess\u00f5es.<\/div>\n<\/li>\n<li>\n<div>Plataforma\u00a0 Etherea : Este aparelho utiliza tecnologia de laser de luz pulsada intensa (IPL) para remover os pelos. \u00c9 adequado para todos os tipos de pele e \u00e9 f\u00e1cil de usar em casa. Tem ainda a ponteira de 1064nm pulso longo, perfeita para peles escura e negras.<\/div>\n<\/li>\n<li>\n<div>Laser Soprano Titanium: Este aparelho utiliza tecnologia de laser de diodo de alta pot\u00eancia e \u00e9 adequado para todos os tipos de pele. \u00c9 f\u00e1cil de usar em casa e pode remover os pelos com efic\u00e1cia em menos sess\u00f5es.<\/div>\n<\/li>\n<li>\n<div>Laser Vectus: Este aparelho utiliza tecnologia de laser de diodo para remover os pelos com efic\u00e1cia. \u00c9 adequado para todos os tipos de pele e \u00e9 f\u00e1cil de usar em casa.<\/div>\n<\/li>\n<li>\n<div>Aparelho LED 810nm\u00a0 ZION. :\u00a0 Lan\u00e7ado em 2023, pela inovadora Chromatic, este aparelho utiliza tecnologia de LED no comprimento de 814 nm, id\u00eantico ao de diodo de alta pot\u00eancia, o que significa que pode remover os pelos de forma definitiva como os lideres do mercado.<\/div>\n<\/li>\n<\/ol>\n<\/div>\n<div><\/div>\n<div>Agora\u00a0 voc\u00ea j\u00e1 n\u00e3o precisa mais se preocupar com isso, porque aqui na Just\u00a0 Laser a gente tem praticamente todos os mais famosos e utilizados aparelhos de depila\u00e7\u00e3o a laser do mundo \u00e0 sua disposi\u00e7\u00e3o para loca\u00e7\u00e3o.<\/div>\n<div><\/div>\n<h2>Aluguel do LightSheer, Aluguel do Duet ou loca\u00e7\u00e3o do Soprano ICE ?<\/h2>\n<p>Na d\u00favida, voc\u00ea pode at\u00e9 alternar para ir conhecendo as possibilidades e depois escolher o que preferir !<\/p>\n<p>&nbsp;<\/p>\n<p><strong><span style=\"font-size: 14pt;\"><a href=\"https:\/\/justlaser.com.br\/alugueldelasers\/aluguel-e-locacao-de-laser-para-depilacao-a-laser\/aluguel-soprano-ice\/\">ALUGUEL DE APARELHO DE DEPILA\u00c7\u00c3O A LASER SOPRANO ICE<\/a><\/span><\/strong><\/p>\n<p><strong><span style=\"font-size: 14pt;\"><a href=\"https:\/\/justlaser.com.br\/alugueldelasers\/locacao-do-soprano-ice\/\">LOCA\u00c7\u00c3O DE SOPRANO ICE\u00a0<\/a><\/span><\/strong><\/p>\n<p><strong><span style=\"font-size: 14pt;\"><a href=\"https:\/\/justlaser.com.br\/alugueldelasers\/locacao-do-soprano-ice\/aluguel-soprano-xl\/\">ALUGUEL SOPRANO XL\u00a0<\/a><\/span><\/strong><\/p>\n<p><span style=\"font-size: 14pt;\"><a href=\"https:\/\/justlaser.com.br\/alugueldelasers\/aluguel-e-locacao-de-laser-para-depilacao-a-laser\/aluguel-locacao-de-laser-light-sheer-duet-sp\/\">Aluguel Loca\u00e7\u00e3o de Laser Light Sheer Duet<\/a><\/span><\/p>\n<p><a href=\"https:\/\/justlaser.com.br\/alugueldelasers\/aluguel-locacao-depilacao-milesman\"><span style=\"font-size: 14pt;\"><strong>Aluguel Milesman<\/strong><\/span><\/a><\/p>\n<p><span style=\"font-size: 18pt;\">Entre em contato para <a href=\"https:\/\/justlaser.com.br\/alugueldelasers\/aluguel-e-locacao-de-laser-para-depilacao-a-laser\/aluguel-soprano-ice\/\"><strong>aluguel do aparelho SOPRANO ICE<\/strong><\/a>\u00a0 ou para treinamento de Soprano<\/span><\/p>\n<h3><strong>Navegue pelo menu para conhecer todas as op\u00e7\u00f5es de aparelhos de depila\u00e7\u00e3o a laser para loca\u00e7\u00e3o<\/strong><\/h3>\n<div><\/div>\n","protected":false},"excerpt":{"rendered":"<p>Aluguel e loca\u00e7\u00e3o de laser para depila\u00e7\u00e3o a laser. Fazer o aluguel de aparelhos [&hellip;]<\/p>\n","protected":false},"author":2,"featured_media":0,"parent":0,"menu_order":0,"comment_status":"closed","ping_status":"closed","template":"","meta":{"footnotes":""},"_links":{"self":[{"href":"https:\/\/justlaser.com.br\/alugueldelasers\/wp-json\/wp\/v2\/pages\/2616"}],"collection":[{"href":"https:\/\/justlaser.com.br\/alugueldelasers\/wp-json\/wp\/v2\/pages"}],"about":[{"href":"https:\/\/justlaser.com.br\/alugueldelasers\/wp-json\/wp\/v2\/types\/page"}],"author":[{"embeddable":true,"href":"https:\/\/justlaser.com.br\/alugueldelasers\/wp-json\/wp\/v2\/users\/2"}],"replies":[{"embeddable":true,"href":"https:\/\/justlaser.com.br\/alugueldelasers\/wp-json\/wp\/v2\/comments?post=2616"}],"version-history":[{"count":0,"href":"https:\/\/justlaser.com.br\/alugueldelasers\/wp-json\/wp\/v2\/pages\/2616\/revisions"}],"wp:attachment":[{"href":"https:\/\/justlaser.com.br\/alugueldelasers\/wp-json\/wp\/v2\/media?parent=2616"}],"curies":[{"name":"wp","href":"https:\/\/api.w.org\/{rel}","templated":true}]}}