{"id":2626,"date":"2020-12-25T18:45:02","date_gmt":"2020-12-25T21:45:02","guid":{"rendered":"http:\/\/justlaser.com.br\/alugueldelasers\/?page_id=2626"},"modified":"2022-06-01T17:47:34","modified_gmt":"2022-06-01T20:47:34","slug":"aluguel-de-laser-mensal","status":"publish","type":"page","link":"https:\/\/justlaser.com.br\/alugueldelasers\/aluguel-de-laser-mensal\/","title":{"rendered":"Aluguel de laser mensal"},"content":{"rendered":"<h1>Aluguel de laser mensal<\/h1>\n<h1><img decoding=\"async\" class=\"aligncenter size-full wp-image-2940\" src=\"https:\/\/justlaser.com.br\/alugueldelasers\/wp-content\/uploads\/2021\/12\/locacao-de-ultrassom-microfocado-1.png\" alt=\"locacao de ultrassom microfocado\" width=\"1024\" height=\"374\" title=\"\" srcset=\"https:\/\/justlaser.com.br\/alugueldelasers\/wp-content\/uploads\/2021\/12\/locacao-de-ultrassom-microfocado-1-200x73.png 200w, https:\/\/justlaser.com.br\/alugueldelasers\/wp-content\/uploads\/2021\/12\/locacao-de-ultrassom-microfocado-1-300x110.png 300w, https:\/\/justlaser.com.br\/alugueldelasers\/wp-content\/uploads\/2021\/12\/locacao-de-ultrassom-microfocado-1-400x146.png 400w, https:\/\/justlaser.com.br\/alugueldelasers\/wp-content\/uploads\/2021\/12\/locacao-de-ultrassom-microfocado-1-500x183.png 500w, https:\/\/justlaser.com.br\/alugueldelasers\/wp-content\/uploads\/2021\/12\/locacao-de-ultrassom-microfocado-1-600x219.png 600w, https:\/\/justlaser.com.br\/alugueldelasers\/wp-content\/uploads\/2021\/12\/locacao-de-ultrassom-microfocado-1-700x256.png 700w, https:\/\/justlaser.com.br\/alugueldelasers\/wp-content\/uploads\/2021\/12\/locacao-de-ultrassom-microfocado-1-768x281.png 768w, https:\/\/justlaser.com.br\/alugueldelasers\/wp-content\/uploads\/2021\/12\/locacao-de-ultrassom-microfocado-1-800x292.png 800w, https:\/\/justlaser.com.br\/alugueldelasers\/wp-content\/uploads\/2021\/12\/locacao-de-ultrassom-microfocado-1.png 1024w\" sizes=\"(max-width: 1024px) 100vw, 1024px\" \/><\/h1>\n<p>Muitas vezes o aluguel mensal de laser, ou aparelhos est\u00e9ticos pode compensar, j\u00e1\u00a0 pensou nisso ?<\/p>\n<p>Na velocidade com que as atualiza\u00e7\u00f5es e novas tecnologias aparecem , aluguel \u00e9 sempre algo para se considerar.<\/p>\n<h2>Loca\u00e7\u00e3o mensal de aparelhos e laser de est\u00e9tica<\/h2>\n<div>O aluguel ou a loca\u00e7\u00e3o de m\u00e1quinas e laser mensal, passa a ser uma op\u00e7\u00e3o muito mais interessante e econ\u00f4mica para a maioria das cl\u00ednicas de est\u00e9tica que tem atendimentos regulares e um volume moderado a intenso de pacientes.<\/div>\n<div><\/div>\n<div><img decoding=\"async\" class=\"alignright\" src=\"https:\/\/aaopm.com\/images\/cosmetic-laser-3.jpg\" alt=\"Cosmetic Laser Training Courses and Certification - AAOPM\" width=\"297\" height=\"214\" title=\"\">Considere a possibilidade de fazer um aluguel ou loca\u00e7\u00e3o de aparelhos est\u00e9ticos mensal se voc\u00ea estiver fazendo mais do que quatro loca\u00e7\u00f5es por m\u00eas.<\/div>\n<div><\/div>\n<h3>Temos aparelhos de loca\u00e7\u00e3o mensal de:<\/h3>\n<ul>\n<li><a href=\"https:\/\/justlaser.com.br\/alugueldelasers\/aluguel-e-locacao-de-laser-para-depilacao-a-laser\/\"><strong>depila\u00e7\u00e3o a laser<\/strong> para alugue<\/a>l,<\/li>\n<li>radiofrequ\u00eancia,<\/li>\n<li>o famoso <a href=\"https:\/\/justlaser.com.br\/alugueldelasers\/alugar-power-shape-sp-locacao-e-aluguel-powershape\/\">Powershape<\/a> ou Velashape,<\/li>\n<li>aparelhos de criolip\u00f3lise<\/li>\n<li><a href=\"https:\/\/ultraformer.com\/\" target=\"_blank\" rel=\"noopener\">ultrassom microfocado<\/a><\/li>\n<li>plataformas de<a href=\"https:\/\/justlaser.com.br\/alugueldelasers\/aluguel-locacao-de-lasers\/locacao-aluguel-do-laser-plataforma-etherea-mx-sao-paulo\/aluguel-etherea\/\"> lasers Etherea<\/a>, Starlux ou Harmony<\/li>\n<li>ondas de choque<\/li>\n<li><strong><a href=\"https:\/\/justlaser.com.br\/alugueldelasers\/aluguel-laser-lavieen\/\">aluguel do laser\u00a0 LAVIEEN<\/a><\/strong> de t\u00falio<\/li>\n<li><strong><a href=\"https:\/\/justlaser.com.br\/alugueldelasers\/aluguel-locacao-ultraformer-iii\/locacao-vzet\/\">loca\u00e7\u00e3o\u00a0 do VZET ?<\/a><\/strong><\/li>\n<li>e diversas outras op\u00e7\u00f5es<\/li>\n<\/ul>\n<p>que podem complementar seu atendimento sem voc\u00ea precisar se endividar, ou se comprometer com a compra de aparelhos car\u00edssimos.<\/p>\n<p>&nbsp;<\/p>\n<p><img decoding=\"async\" class=\"aligncenter size-full wp-image-2945\" src=\"https:\/\/justlaser.com.br\/alugueldelasers\/wp-content\/uploads\/2021\/12\/venda-laser-maquina-estetica-usada.jpg\" alt=\"venda laser maquina estetica usada\" width=\"940\" height=\"428\" title=\"\" srcset=\"https:\/\/justlaser.com.br\/alugueldelasers\/wp-content\/uploads\/2021\/12\/venda-laser-maquina-estetica-usada-200x91.jpg 200w, https:\/\/justlaser.com.br\/alugueldelasers\/wp-content\/uploads\/2021\/12\/venda-laser-maquina-estetica-usada-300x137.jpg 300w, https:\/\/justlaser.com.br\/alugueldelasers\/wp-content\/uploads\/2021\/12\/venda-laser-maquina-estetica-usada-400x182.jpg 400w, https:\/\/justlaser.com.br\/alugueldelasers\/wp-content\/uploads\/2021\/12\/venda-laser-maquina-estetica-usada-500x228.jpg 500w, https:\/\/justlaser.com.br\/alugueldelasers\/wp-content\/uploads\/2021\/12\/venda-laser-maquina-estetica-usada-600x273.jpg 600w, https:\/\/justlaser.com.br\/alugueldelasers\/wp-content\/uploads\/2021\/12\/venda-laser-maquina-estetica-usada-700x319.jpg 700w, https:\/\/justlaser.com.br\/alugueldelasers\/wp-content\/uploads\/2021\/12\/venda-laser-maquina-estetica-usada-768x350.jpg 768w, https:\/\/justlaser.com.br\/alugueldelasers\/wp-content\/uploads\/2021\/12\/venda-laser-maquina-estetica-usada-800x364.jpg 800w, https:\/\/justlaser.com.br\/alugueldelasers\/wp-content\/uploads\/2021\/12\/venda-laser-maquina-estetica-usada.jpg 940w\" sizes=\"(max-width: 940px) 100vw, 940px\" \/><\/p>\n<h2><strong>Converse conosco pelo WhatsApp abaixo .<br \/>\nCota\u00e7\u00e3o para aluguel de laser, Powershape, Ultraformer mensal!<\/strong><\/h2>\n<div><\/div>\n<div><\/div>\n<div><\/div>\n<div><\/div>\n","protected":false},"excerpt":{"rendered":"<p>Aluguel de laser mensal Muitas vezes o aluguel mensal de laser, ou aparelhos est\u00e9ticos [&hellip;]<\/p>\n","protected":false},"author":2,"featured_media":0,"parent":0,"menu_order":0,"comment_status":"closed","ping_status":"closed","template":"","meta":{"footnotes":""},"_links":{"self":[{"href":"https:\/\/justlaser.com.br\/alugueldelasers\/wp-json\/wp\/v2\/pages\/2626"}],"collection":[{"href":"https:\/\/justlaser.com.br\/alugueldelasers\/wp-json\/wp\/v2\/pages"}],"about":[{"href":"https:\/\/justlaser.com.br\/alugueldelasers\/wp-json\/wp\/v2\/types\/page"}],"author":[{"embeddable":true,"href":"https:\/\/justlaser.com.br\/alugueldelasers\/wp-json\/wp\/v2\/users\/2"}],"replies":[{"embeddable":true,"href":"https:\/\/justlaser.com.br\/alugueldelasers\/wp-json\/wp\/v2\/comments?post=2626"}],"version-history":[{"count":0,"href":"https:\/\/justlaser.com.br\/alugueldelasers\/wp-json\/wp\/v2\/pages\/2626\/revisions"}],"wp:attachment":[{"href":"https:\/\/justlaser.com.br\/alugueldelasers\/wp-json\/wp\/v2\/media?parent=2626"}],"curies":[{"name":"wp","href":"https:\/\/api.w.org\/{rel}","templated":true}]}}