{"id":2646,"date":"2021-06-27T15:38:35","date_gmt":"2021-06-27T18:38:35","guid":{"rendered":"https:\/\/justlaser.com.br\/alugueldelasers\/?page_id=2646"},"modified":"2025-03-05T11:53:04","modified_gmt":"2025-03-05T14:53:04","slug":"aluguel-e-locacao-de-aparelho-de-ondas-de-choque","status":"publish","type":"page","link":"https:\/\/justlaser.com.br\/alugueldelasers\/aluguel-e-locacao-de-aparelho-de-ondas-de-choque\/","title":{"rendered":"Aluguel e loca\u00e7\u00e3o de aparelho de ondas de choque"},"content":{"rendered":"<h1 data-pm-slice=\"1 1 []\" data-en-clipboard=\"true\"><span style=\"color: #ff0000;\">ATEN\u00c7\u00c3O :\u00a0 N\u00c3O FAZEMOS MAIS LOCA\u00c7\u00c3O DE ONDAS DE CHOQUE<\/span><\/h1>\n<p><span style=\"color: #ff0000; font-size: 20px;\">A P\u00c1GINA MANTEMOS AQUI POR SUAS CARACTER\u00cdSTICAS INFORMATIVAS E ESCLARECEDORAS ! MAS N\u00c3O DISPOMOS MAIS DESSES EQUIPAMENTOS PARA LOCA\u00c7\u00c3O !<\/span><\/p>\n<h1 data-pm-slice=\"1 1 []\" data-en-clipboard=\"true\">Aluguel e loca\u00e7\u00e3o de aparelho de ondas de choque<\/h1>\n<p><img decoding=\"async\" class=\"alignleft size-full wp-image-2639\" src=\"https:\/\/justlaser.com.br\/alugueldelasers\/wp-content\/uploads\/2021\/06\/aluguel-de-ondas-de-choque.png\" alt=\"aluguel de ondas de choque\" width=\"231\" height=\"482\" title=\"\" srcset=\"https:\/\/justlaser.com.br\/alugueldelasers\/wp-content\/uploads\/2021\/06\/aluguel-de-ondas-de-choque-24x50.png 24w, https:\/\/justlaser.com.br\/alugueldelasers\/wp-content\/uploads\/2021\/06\/aluguel-de-ondas-de-choque-36x75.png 36w, https:\/\/justlaser.com.br\/alugueldelasers\/wp-content\/uploads\/2021\/06\/aluguel-de-ondas-de-choque-70x146.png 70w, https:\/\/justlaser.com.br\/alugueldelasers\/wp-content\/uploads\/2021\/06\/aluguel-de-ondas-de-choque-144x300.png 144w, https:\/\/justlaser.com.br\/alugueldelasers\/wp-content\/uploads\/2021\/06\/aluguel-de-ondas-de-choque.png 231w\" sizes=\"(max-width: 231px) 100vw, 231px\" \/><\/p>\n<div data-pm-slice=\"1 1 []\" data-en-clipboard=\"true\"><span style=\"font-size: 20px;\">Que tal fazer uma loca\u00e7\u00e3o de um aparelho de ondas de choque su\u00ed\u00e7o, da Dolorcast<\/span><\/div>\n<div><\/div>\n<div><span style=\"font-size: 20px;\">Considerado o <em><strong>mais completo e caro equipamento de ondas de choque,<\/strong><\/em> a Just LASER oferece planos de aluguel e loca\u00e7\u00e3o dessa m\u00e1quina para voc\u00ea.<\/span><\/div>\n<div><\/div>\n<div><span style=\"font-size: 20px;\">Ideal para cl\u00ednicas de ortopedia e fisioterapia no manejo e tratamento da dor e outras condi\u00e7\u00f5es ortop\u00e9dicas.<\/span><\/div>\n<div><span style=\"font-size: 20px;\">N\u00e3o tem compara\u00e7\u00e3o a pot\u00eancia e a qualidade dessa m\u00e1quina com as similares, e gen\u00e9ricas nacionais.<\/span><\/div>\n<div><span style=\"font-size: 20px;\">E nem no pre\u00e7o&#8230;<\/span><\/div>\n<div><span style=\"font-size: 20px;\">Eu fa\u00e7o disso, muitas cl\u00ednicas realmente optam pelo aluguel em um aparelho de ondas de choque e condensar ou juntar todos os seus pacientes em algumas vezes durante a semana.<\/span><\/div>\n<div><\/div>\n<h2>Para cl\u00ednicas de ortopedia, fisiatria e fisioterapia , usamos ondas de choque para<\/h2>\n<div id=\"_VMPYYP-WLZPd1sQPy4WVQA28\" class=\"mWyH1d FXMOpb\" tabindex=\"0\" role=\"button\" aria-controls=\"_VMPYYP-WLZPd1sQPy4WVQA27\" aria-expanded=\"true\">\n<div class=\"cbphWd\" data-kt=\"KjGllIiz-Ofw3YIB6_6EzJju0aueAbKnsvTfkZyVM9DGrcmhkuvBxQHnjMO8rpGa7IsB\" data-hveid=\"CBkQAw\" data-ved=\"2ahUKEwj_kI_UuLjxAhWTrpUCHctCBQgQuk4oAHoECBkQAw\"><span style=\"font-size: 20px;\">Quais os tratamentos que utilizam ondas de choque?<\/span><\/div>\n<\/div>\n<div id=\"_VMPYYP-WLZPd1sQPy4WVQA27\" class=\"gy6Qzb oNjtBb V1sL5c\" aria-labelledby=\"_VMPYYP-WLZPd1sQPy4WVQA28\">\n<div>\n<div id=\"_VMPYYP-WLZPd1sQPy4WVQA29\" class=\"y8URue\" data-hveid=\"CBkQBA\" data-ved=\"2ahUKEwj_kI_UuLjxAhWTrpUCHctCBQgQu04oAXoECBkQBA\">\n<div id=\"7\">\n<div class=\"wDYxhc\" data-md=\"83\">\n<div class=\"di3YZe\">\n<div class=\"co8aDb XcVN5d\" role=\"heading\" aria-level=\"3\"><span style=\"font-size: 20px;\"><b>\u00c9 indicado em casos de:<\/b><\/span><\/div>\n<div class=\"RqBzHd\">\n<ul class=\"i8Z77e\">\n<li class=\"TrT0Xe\"><span style=\"font-size: 20px;\">Tendinite Calc\u00e1rea de ombro.<\/span><\/li>\n<li class=\"TrT0Xe\"><span style=\"font-size: 20px;\">Epicondilite de cotovelo.<\/span><\/li>\n<li class=\"TrT0Xe\"><span style=\"font-size: 20px;\">Fascite Plantar com ou sem espor\u00e3o de calc\u00e2neo.<\/span><\/li>\n<li class=\"TrT0Xe\"><span style=\"font-size: 20px;\">Tendinite posterior do calc\u00e2neo.<\/span><\/li>\n<li class=\"TrT0Xe\"><span style=\"font-size: 20px;\">Bursite Trocant\u00e9rica.<\/span><\/li>\n<li class=\"TrT0Xe\"><span style=\"font-size: 20px;\">Tendinite Patelar.<\/span><\/li>\n<li class=\"TrT0Xe\"><span style=\"font-size: 20px;\">Retardo de consolida\u00e7\u00e3o de fraturas.<\/span><\/li>\n<li class=\"TrT0Xe\"><span style=\"font-size: 20px;\">Pseudoartroses.<\/span><\/li>\n<\/ul>\n<\/div>\n<h2>\u00a0E nas cl\u00ednicas de est\u00e9tica , vale a pena a <a href=\"https:\/\/justlaser.com.br\/alugueldelasers\/locacao-de-aparelho-de-ondas-de-choque\">loca\u00e7\u00e3o de um aparelho de ondas de choque<\/a> ?<\/h2>\n<p><span style=\"font-size: 20px;\">Aqui vale fazer contas&#8230;.\u00a0 e calcular, pensar e planejar os protocolos qe voc\u00ea consegue adicionar para suas clientes.<\/span><\/p>\n<p><span style=\"font-size: 20px;\">Adicionar na criolip\u00f3lise, nas subcis\u00e3o, no uso dos bioestimuladores.<\/span><\/p>\n<p><span style=\"font-size: 20px;\">N\u00e3o faltam trabalhos ja publicados em 2021 mostrando a efic\u00e1cia do efeito sin\u00e9rgico das ondas de choque nos tratamentos est\u00e9ticos corporais.<\/span><\/p>\n<div id=\"_tMPYYJrzOs7I1sQP9smfgA033\" class=\"mWyH1d FXMOpb\" tabindex=\"0\" role=\"button\" aria-controls=\"_tMPYYJrzOs7I1sQP9smfgA032\" aria-expanded=\"true\">\n<h3 class=\"cbphWd\" data-kt=\"KjCQlNDYgdW70xKQwbSM58nFhQuw1tfh2fSeyNIBloauo4fLrf6FAayirdeq3frCzgE\" data-hveid=\"CBcQBw\" data-ved=\"2ahUKEwianYCCubjxAhVOpJUCHfbkB9AQuk4oAHoECBcQBw\"><span style=\"font-size: 20px;\">Para que serve ondas de choque na est\u00e9tica?<\/span><\/h3>\n<\/div>\n<div id=\"_tMPYYJrzOs7I1sQP9smfgA032\" class=\"gy6Qzb oNjtBb V1sL5c\" aria-labelledby=\"_tMPYYJrzOs7I1sQP9smfgA033\">\n<div>\n<div id=\"_tMPYYJrzOs7I1sQP9smfgA034\" class=\"y8URue\" data-hveid=\"CBcQCA\" data-ved=\"2ahUKEwianYCCubjxAhVOpJUCHfbkB9AQu04oAXoECBcQCA\">\n<div id=\"10\">\n<div class=\"wDYxhc\" data-md=\"61\">\n<div class=\"LGOjhe\" role=\"heading\" data-attrid=\"wa:\/description\" aria-level=\"3\" data-hveid=\"CCEQAA\"><span class=\"ILfuVd NA6bn\" style=\"font-size: 20px;\"><span class=\"hgKElc\">As\u00a0<b>ondas de choque<\/b> causam o rompimento da fibrose, que s\u00e3o as travas que encapsulam a gordura, e as c\u00e9lulas come\u00e7am a receber mais oxig\u00eanio e nutri\u00e7\u00e3o, devolvendo o aspecto normal da pele, sem ondula\u00e7\u00f5es.<\/span><\/span><\/div>\n<\/div>\n<\/div>\n<\/div>\n<\/div>\n<\/div>\n<\/div>\n<\/div>\n<\/div>\n<\/div>\n<\/div>\n<\/div>\n<div>\n<div class=\"heading clearfix\">\n<h2>\u00a0E o\u00a0 uso em 2021\u00a0 ? Ondas de Choque s\u00e3o usadas no tratamento da celulite, gordura localizada, flacidez e reabilita\u00e7\u00e3o.<\/h2>\n<\/div>\n<div class=\"content\">\n<div class=\"text\">\n<p align=\"justify\"><span style=\"font-size: 20px;\">O uso das extracorporeal shock wave therapy (ESWT) ou ondas de choque extracorp\u00f3rea come\u00e7aram a ser utilizadas na d\u00e9cada de 70 para tratamento m\u00e9dico de c\u00e1lculos (litotripsia) biliar, renal e entre outros. Ap\u00f3s o uso para essa finalidade, os m\u00e9dicos come\u00e7aram a notar que a densidade \u00f3ssea dos pacientes estava aumentando. A partir da\u00ed, os equipamentos que faziam a litotripsia foram adaptados para uso na reabilita\u00e7\u00e3o ortop\u00e9dica, por\u00e9m com aparelhos que fossem capazes de ajustar a profundidade e intensidade da penetra\u00e7\u00e3o da onda nos tecidos. Com o uso na ortopedia, come\u00e7ou a ser observado que a apar\u00eancia da pele tamb\u00e9m melhorava.<\/span><\/p>\n<p><span style=\"font-size: 20px;\"><img decoding=\"async\" class=\"image alignright\" title=\"Ondas de Choque aluguel\" src=\"https:\/\/cdnv2.moovin.com.br\/hsmed\/imagens\/paginas\/home\/_cd1f696ec5da89a4bbb413c4f9b66a08.jpg\" alt=\"Ondas de Choque aluguel\" width=\"318\" height=\"159\" \/><\/span><\/p>\n<h3 align=\"justify\"><span style=\"font-size: 20px;\"><strong>Ondas de choque &#8211; funcionamento:<\/strong><\/span><\/h3>\n<p align=\"justify\"><span style=\"font-size: 20px;\">Os aplicadores possuem um proj\u00e9til que oscilam (atrav\u00e9s de onda eletromagn\u00e9tica, piezoel\u00e9trica ou hidr\u00e1ulica) e geram uma transmiss\u00e3o ac\u00fastica de ondas focais causadas por um pulso de alta press\u00e3o em um curto espa\u00e7o de tempo, medido em hertz (Hz). A maioria dos aparelhos apresenta uma frequ\u00eancia ajust\u00e1vel de at\u00e9 22Hz, isso significa que no per\u00edodo de 1 segundo, ocorrem 22 oscila\u00e7\u00f5es do proj\u00e9til. Tamb\u00e9m \u00e9 poss\u00edvel ajustar o n\u00famero de disparos e a energia (expressa em mili joules), que vai variar de acordo com a finalidade do tratamento.<\/span><\/p>\n<h3 align=\"justify\"><span style=\"font-size: 20px;\"><strong>Quais s\u00e3o os efeitos gerados no corpo pelo aparelho de ondas de choque?<\/strong><\/span><\/h3>\n<p align=\"justify\"><span style=\"font-size: 20px;\">Essa terapia causa a forma\u00e7\u00e3o de novos vasos sangu\u00edneos, ou neovasculariza\u00e7\u00e3o, al\u00e9m de aumentar a produ\u00e7\u00e3o de fatores de crescimento que v\u00e3o ser respons\u00e1veis por nutrir e cicatrizar tecido mole, tend\u00e3o e osso.<\/span><\/p>\n<p align=\"justify\"><span style=\"font-size: 20px;\">A t\u00e9cnica de ondas de choque tamb\u00e9m tem efeito analg\u00e9sico atrav\u00e9s do bloqueio do sinal doloroso ao c\u00e9rebro e atrav\u00e9s do que chamamos de hiperestimula\u00e7\u00e3o.<\/span><\/p>\n<p align=\"justify\"><span style=\"font-size: 20px;\">Outro efeitos no corpo s\u00e3o: cavita\u00e7\u00e3o (forma\u00e7\u00e3o de microbolhas gasosas), elimina\u00e7\u00e3o de toxinas, remodelagem do col\u00e1geno, indu\u00e7\u00e3o de forma\u00e7\u00e3o de col\u00e1geno; esses efeitos melhoram a apar\u00eancia da celulite e remodelamento do corpo, al\u00e9m de auxiliarem no tratamento da flacidez cut\u00e2nea.<\/span><\/p>\n<h3 align=\"justify\"><span style=\"font-size: 20px;\"><strong>INDICA\u00c7\u00d5ES para o aluguel de ondas de choque\u00a0<\/strong><\/span><\/h3>\n<p align=\"justify\"><span style=\"font-size: 20px;\">A terapia por ondas de choque pode ser indicada para:<\/span><\/p>\n<ul>\n<li><span style=\"font-size: 20px;\">Analgesia;<\/span><\/li>\n<li><span style=\"font-size: 20px;\">Aumento da densidade \u00f3ssea;<\/span><\/li>\n<li><span style=\"font-size: 20px;\">Diversos usos na reabilita\u00e7\u00e3o fisioterap\u00eautica;<\/span><\/li>\n<li><span style=\"font-size: 20px;\">Ortopedia;<\/span><\/li>\n<li><span style=\"font-size: 20px;\">Altera\u00e7\u00f5es tend\u00edneas;<\/span><\/li>\n<li><span style=\"font-size: 20px;\">Acupuntura;<\/span><\/li>\n<li><span style=\"font-size: 20px;\">Melhora na apar\u00eancia da celulite;<\/span><\/li>\n<li><span style=\"font-size: 20px;\">Tratamento de gordura localizada e melhora do contorno corporal;<\/span><\/li>\n<li><span style=\"font-size: 20px;\">Face (apenas o aparelho Thork).<\/span><\/li>\n<\/ul>\n<h3 align=\"justify\"><span style=\"font-size: 20px;\"><strong>CONTRAINDICA\u00c7\u00d5ES\u00a0 das\u00a0<\/strong><strong>\u00a0ondas de choque\u00a0<\/strong><\/span><\/h3>\n<ul>\n<li><span style=\"font-size: 20px;\">Qualquer doen\u00e7a sem etiologia definida;<\/span><\/li>\n<li><span style=\"font-size: 20px;\">Gestantes;<\/span><\/li>\n<li><span style=\"font-size: 20px;\">Dist\u00farbios de hemorragia;<\/span><\/li>\n<li><span style=\"font-size: 20px;\">Pacientes que estejam fazendo uso de anticoagulantes;<\/span><\/li>\n<li><span style=\"font-size: 20px;\">Diabetes ou qualquer altera\u00e7\u00e3o de sensibilidade;<\/span><\/li>\n<li><span style=\"font-size: 20px;\">Sobre \u00f3rg\u00e3os reprodutores, caixa tor\u00e1cica ou \u00e1rea cardiopulmonar;<\/span><\/li>\n<li><span style=\"font-size: 20px;\">Dispositivo eletr\u00f4nico;<\/span><\/li>\n<li><span style=\"font-size: 20px;\">Infec\u00e7\u00f5es sist\u00eamicas;<\/span><\/li>\n<li><span style=\"font-size: 20px;\">Insufici\u00eancia circulat\u00f3ria ou doen\u00e7a vascular.<\/span><\/li>\n<li>\n<h1 data-pm-slice=\"1 1 []\" data-en-clipboard=\"true\"><span style=\"color: #ff0000;\">ATEN\u00c7\u00c3O :\u00a0 N\u00c3O FAZEMOS MAIS LOCA\u00c7\u00c3O DE ONDAS DE CHOQUE<\/span><\/h1>\n<p><span style=\"color: #ff0000; font-size: 20px;\">A P\u00c1GINA MANTEMOS AQUI POR SUAS CARACTER\u00cdSTICAS INFORMATIVAS E ESCLARECEDORAS ! MAS N\u00c3O DISPOMOS MAIS DESSES EQUIPAMENTOS PARA LOCA\u00c7\u00c3O !<\/span><\/li>\n<\/ul>\n<p align=\"justify\">\n<\/div>\n<\/div>\n<\/div>\n","protected":false},"excerpt":{"rendered":"<p>ATEN\u00c7\u00c3O :\u00a0 N\u00c3O FAZEMOS MAIS LOCA\u00c7\u00c3O DE ONDAS DE CHOQUE A P\u00c1GINA MANTEMOS AQUI [&hellip;]<\/p>\n","protected":false},"author":2,"featured_media":0,"parent":0,"menu_order":0,"comment_status":"closed","ping_status":"closed","template":"","meta":{"footnotes":""},"_links":{"self":[{"href":"https:\/\/justlaser.com.br\/alugueldelasers\/wp-json\/wp\/v2\/pages\/2646"}],"collection":[{"href":"https:\/\/justlaser.com.br\/alugueldelasers\/wp-json\/wp\/v2\/pages"}],"about":[{"href":"https:\/\/justlaser.com.br\/alugueldelasers\/wp-json\/wp\/v2\/types\/page"}],"author":[{"embeddable":true,"href":"https:\/\/justlaser.com.br\/alugueldelasers\/wp-json\/wp\/v2\/users\/2"}],"replies":[{"embeddable":true,"href":"https:\/\/justlaser.com.br\/alugueldelasers\/wp-json\/wp\/v2\/comments?post=2646"}],"version-history":[{"count":0,"href":"https:\/\/justlaser.com.br\/alugueldelasers\/wp-json\/wp\/v2\/pages\/2646\/revisions"}],"wp:attachment":[{"href":"https:\/\/justlaser.com.br\/alugueldelasers\/wp-json\/wp\/v2\/media?parent=2646"}],"curies":[{"name":"wp","href":"https:\/\/api.w.org\/{rel}","templated":true}]}}