{"id":2648,"date":"2021-06-27T15:41:11","date_gmt":"2021-06-27T18:41:11","guid":{"rendered":"https:\/\/justlaser.com.br\/alugueldelasers\/?page_id=2648"},"modified":"2021-06-27T15:41:11","modified_gmt":"2021-06-27T18:41:11","slug":"aluguel-de-ondas-de-choque","status":"publish","type":"page","link":"https:\/\/justlaser.com.br\/alugueldelasers\/aluguel-de-ondas-de-choque\/","title":{"rendered":"Aluguel de ondas de choque"},"content":{"rendered":"<h1>Aluguel de ondas de choque<\/h1>\n<h2>Como rentabilizar com aluguel de aparelho de ondas de choque<\/h2>\n<p>O aluguel de um aparelho de ondas de choque pode alavancar o movimento da sua cl\u00ednica.<br \/>\nUm aparelho de ondas de choque pode ser muito utilizado em :<\/p>\n<ul>\n<li>Cl\u00ednica de ortopedia<\/li>\n<li>cl\u00ednica de fisioterapia<\/li>\n<li>cl\u00ednicas de est\u00e9tica ou dermatologia.<\/li>\n<\/ul>\n<p>&nbsp;<\/p>\n<h2><img decoding=\"async\" class=\"alignleft size-full wp-image-2639\" src=\"https:\/\/justlaser.com.br\/alugueldelasers\/wp-content\/uploads\/2021\/06\/aluguel-de-ondas-de-choque.png\" alt=\"aluguel de ondas de choque\" width=\"231\" height=\"482\" title=\"\" srcset=\"https:\/\/justlaser.com.br\/alugueldelasers\/wp-content\/uploads\/2021\/06\/aluguel-de-ondas-de-choque-24x50.png 24w, https:\/\/justlaser.com.br\/alugueldelasers\/wp-content\/uploads\/2021\/06\/aluguel-de-ondas-de-choque-36x75.png 36w, https:\/\/justlaser.com.br\/alugueldelasers\/wp-content\/uploads\/2021\/06\/aluguel-de-ondas-de-choque-70x146.png 70w, https:\/\/justlaser.com.br\/alugueldelasers\/wp-content\/uploads\/2021\/06\/aluguel-de-ondas-de-choque-144x300.png 144w, https:\/\/justlaser.com.br\/alugueldelasers\/wp-content\/uploads\/2021\/06\/aluguel-de-ondas-de-choque.png 231w\" sizes=\"(max-width: 231px) 100vw, 231px\" \/>O mais potente e robusto aparelho de ondas no Brasil : SWISS DOLORCLAST\u00ae SMART20<\/h2>\n<p>Fabricado na Su\u00ed\u00e7a pela EMS (Electro Medical System), o SWISS DOLORCLAST\u00ae SMART20 \u00e9 um sistema de ondas de choque radial indicado para o tratamento do m\u00fasculo esquel\u00e9tico.<\/p>\n<p>Com um design inovador leve, compacto e de simples manuseio, atende com excel\u00eancia cl\u00ednicas m\u00e9dicas, ortop\u00e9dicas, fisi\u00e1tricas e centros de tratamento de dor, bem como outras especialidades como est\u00e9tica, urologia e veterin\u00e1ria.<\/p>\n<p>Com m\u00e9dio valor de investimento, \u00e9 uma excelente op\u00e7\u00e3o para cl\u00ednicas que desejam ingressar no universo dos tratamentos por ondas de choque.<\/p>\n<h2>Custo do aparelho de ondas de choque<\/h2>\n<p>Em fun\u00e7\u00e3o do seu custo elevado muita cl\u00ednica prefere fazer o aluguel de um aparelho de ondas de choque do que comprar a m\u00e1quina. Ela\u00a0\u00a0 pode chegar a mais de r$ 100.000, como a maquina que dispomos.\u00a0 O aparelho de ondas da Econmed,\u00a0 Dolorcast.<\/p>\n<p>&nbsp;<\/p>\n<div id=\"comp-kcuuqhyp__6eb98529-10c0-4b6b-9b0b-3b118dccd94f\" class=\"_2bafp\" data-testid=\"richTextElement\">\n<h2 class=\"font_6\"><span class=\"color_30\">Caracter\u00edsticas do DOLORCAST\u00a0 ONDAS DE CHOQUE\u00a0 para Aluguel<\/span><\/h2>\n<\/div>\n<div id=\"comp-kcuuqicv__6eb98529-10c0-4b6b-9b0b-3b118dccd94f\" class=\"_1IGJ5\">\n<div class=\"_1AFfW\">Trata as patologias m\u00fasculo-esquel\u00e9ticas r\u00e1pida e efetivamente com a solu\u00e7\u00e3o Radial ESWT\u00a0<em>(extra corporeal shockwave treatment)<\/em>.<\/div>\n<\/div>\n<div id=\"comp-kcuuqijr__6eb98529-10c0-4b6b-9b0b-3b118dccd94f\" class=\"_2bafp\" data-testid=\"richTextElement\">\n<h3 class=\"font_7\"><strong>Efeitos do aparelho<\/strong><\/h3>\n<p class=\"font_7\">Sa\u00edda de energia clinicamente provada:<\/p>\n<ul class=\"font_7\">\n<li>\n<p class=\"font_7\">Pistolas Evo Blue\u00ae para densidade de energia constante<\/p>\n<\/li>\n<li>\n<p class=\"font_7\">Pistolas Power+ para densidade de alta energia<\/p>\n<\/li>\n<\/ul>\n<h4 class=\"font_7\"><strong>F\u00e1cil uso da m\u00e1quina<\/strong><\/h4>\n<p class=\"font_7\">Montagem r\u00e1pida, limpeza f\u00e1cil, sem complica\u00e7\u00f5es.<\/p>\n<p class=\"font_7\"><strong>Econ\u00f4mico<\/strong><\/p>\n<p class=\"font_7\">R\u00e1pido retorno do investimento para sua cl\u00ednica.<\/p>\n<p class=\"font_7\">Informa\u00e7\u00f5es T\u00e9cnicas<\/p>\n<p class=\"font_7\"><strong>Refer\u00eancia do Produto:<\/strong>\u00a0FT-226<\/p>\n<p class=\"font_7\"><strong>Tecnologia:\u00a0<\/strong>Eletro-pneum\u00e1tica Radial ESWT com compressor externo<\/p>\n<p class=\"font_7\"><strong>Estudos cl\u00ednicos:<\/strong>\u00a026 estudos controlados randomizados, mais de 125 publica\u00e7\u00f5es<\/p>\n<p class=\"font_7\"><strong>Controles:<\/strong>\u00a0Interface Touch\u2019n\u2019Go com Leds<\/p>\n<p class=\"font_7\"><strong>Frequ\u00eancia:<\/strong>\u00a04\/8\/12\/20 Hz<\/p>\n<p class=\"font_7\"><strong>Press\u00e3o de Ar de Sa\u00edda:<\/strong>\u00a01.5 a 4 bar<\/p>\n<p class=\"font_7\"><strong>Impulsos:<\/strong>\u00a0500 a 2500<\/p>\n<p class=\"font_7\"><strong>Sa\u00edda de Energia:\u00a0<\/strong>Densidade de energia positiva<\/p>\n<p class=\"font_7\">&#8211; EVO BLUE R15mm: mais de 0,18 mJ\/mm2 \/ foco de 15mm: mais de 0,28mJ \/ mm2<\/p>\n<p class=\"font_7\">&#8211; Power+ 15mm: mais de 0,4 mJ \/ foco de 15mm: mais de 0,55 mJ\/mm2<\/p>\n<p class=\"font_7\"><strong>Cavita\u00e7\u00e3o:\u00a0<\/strong>aumenta com a frequ\u00eancia, at\u00e9 4 cm<\/p>\n<p class=\"font_7\"><strong>Comodidade:<\/strong><\/p>\n<p class=\"font_7\">&#8211; interface e design amig\u00e1veis<\/p>\n<p class=\"font_7\">&#8211; Plug and play<\/p>\n<p class=\"font_7\">&#8211; Rein\u00edcio autom\u00e1tico do tratamento quando o n\u00famero de pulsos chega a 0 (zero)<\/p>\n<p class=\"font_7\"><strong>Configura\u00e7\u00f5es:<\/strong><\/p>\n<p class=\"font_7\">&#8211; 1 gerador Evo Blue<\/p>\n<p class=\"font_7\">&#8211; 1 carrinho com suporte para gel e cabo<\/p>\n<p class=\"font_7\">&#8211; 1 compressor silencioso \u00e0 \u00f3leo<\/p>\n<p class=\"font_7\"><strong>Opcionais:<\/strong><\/p>\n<p class=\"font_7\">&#8211; Gerador Power+<\/p>\n<p class=\"font_7\">&#8211; Maleta de transporte<\/p>\n<p class=\"font_7\">&#8211; Compressor isento de \u00f3leo<\/p>\n<p class=\"font_7\"><strong>Dimens\u00f5es:<\/strong>\u00a0Alt. 108 mm x Larg. 280 mm x Prof. 300 mm<\/p>\n<p class=\"font_7\"><strong>Peso:<\/strong>\u00a0aproximadamente 2,9 Kg (unidade principal)<\/p>\n<p class=\"font_7\"><strong>Classifica\u00e7\u00e3o:<\/strong>\u00a093\/42 EEC: Classe II b \/ EN60601-1: Classe I<\/p>\n<p class=\"font_7\"><strong>Energia:<\/strong>\u00a0100 a 240 V AC, 50-60 Hz<\/p>\n<p class=\"font_7\"><strong>Condi\u00e7\u00f5es operacionais:<\/strong>\u00a0de +10\u00b0C a +40\u00b0C e 30% a 75% de umidade relativa<\/p>\n<p class=\"font_7\"><strong>Armazenagem e Transporte:<\/strong>\u00a0de -10\u00b0C a +40\u00b0C e 10% a 95% de umidade relativa. 500 hPa a 1060 hPa de press\u00e3o atmosf\u00e9rica (unidade principal)<\/p>\n<p class=\"font_7\"><strong>Fornecimento de Ar:<\/strong>\u00a05-6 bar (5000 a 6000 hPa), 30 Nl\/min a 4 bar<\/p>\n<p class=\"font_7\"><strong>Fus\u00edveis:<\/strong>\u00a0\u00d8 5 x 20 mm, 250 V AC, atraso, capacidade low breaking (fase e neutro)<br \/>\nT 2.5 A L<\/p>\n<\/div>\n<h2>Pense sobre essa possibilidade de aluguel para sua cl\u00ednica<\/h2>\n<p>Ent\u00e3o deu uma boa estudada na sua estrutura, e veja se uma m\u00e1quina de ondas de choque pode complementar a terap\u00eautica das doen\u00e7as ortop\u00e9dicas ou restabelecimento junto a sua equipe de fisioterapia.<\/p>\n<p>N\u00f3s somos uma <strong><em>empresa especializada no aluguel de aparelhos.<\/em><\/strong>.<br \/>\nEu nos aparelhos que n\u00f3s mais alugamos \u00e9 um aparelho de ondas de choque su\u00ed\u00e7o, dolorcast da Ecomed.<\/p>\n<p>Se julgar que a op\u00e7\u00e3o de aluguel \u00e9 uma boa ideia no seu neg\u00f3cio, n\u00e3o hesite em entrar em contato porque n\u00f3s somos bom de neg\u00f3cio!<\/p>\n","protected":false},"excerpt":{"rendered":"<p>Aluguel de ondas de choque Como rentabilizar com aluguel de aparelho de ondas de [&hellip;]<\/p>\n","protected":false},"author":2,"featured_media":0,"parent":0,"menu_order":0,"comment_status":"closed","ping_status":"closed","template":"","meta":{"footnotes":""},"_links":{"self":[{"href":"https:\/\/justlaser.com.br\/alugueldelasers\/wp-json\/wp\/v2\/pages\/2648"}],"collection":[{"href":"https:\/\/justlaser.com.br\/alugueldelasers\/wp-json\/wp\/v2\/pages"}],"about":[{"href":"https:\/\/justlaser.com.br\/alugueldelasers\/wp-json\/wp\/v2\/types\/page"}],"author":[{"embeddable":true,"href":"https:\/\/justlaser.com.br\/alugueldelasers\/wp-json\/wp\/v2\/users\/2"}],"replies":[{"embeddable":true,"href":"https:\/\/justlaser.com.br\/alugueldelasers\/wp-json\/wp\/v2\/comments?post=2648"}],"version-history":[{"count":0,"href":"https:\/\/justlaser.com.br\/alugueldelasers\/wp-json\/wp\/v2\/pages\/2648\/revisions"}],"wp:attachment":[{"href":"https:\/\/justlaser.com.br\/alugueldelasers\/wp-json\/wp\/v2\/media?parent=2648"}],"curies":[{"name":"wp","href":"https:\/\/api.w.org\/{rel}","templated":true}]}}