{"id":2658,"date":"2021-07-30T14:32:18","date_gmt":"2021-07-30T17:32:18","guid":{"rendered":"https:\/\/justlaser.com.br\/alugueldelasers\/?page_id=2658"},"modified":"2021-07-23T15:11:01","modified_gmt":"2021-07-23T18:11:01","slug":"aluguel-e-aplicacao-de-ultraformer","status":"publish","type":"page","link":"https:\/\/justlaser.com.br\/alugueldelasers\/aluguel-locacao-ultrassom-microfocado-ulthera-ultraformer\/aluguel-locacao-ulthera\/aluguel-de-ultrassom-microfocado-ulthera-e-ultraformer\/aluguel-e-aplicacao-de-ultraformer\/","title":{"rendered":"Aluguel  e aplicacao de ultraformer"},"content":{"rendered":"<h1 data-pm-slice=\"0 0 []\" data-en-clipboard=\"true\">Como funciona a loca\u00e7\u00e3o ou aluguel de Ultraformer em S\u00e3o Paulo?<\/h1>\n<div>\n<p>&nbsp;<\/p>\n<p><strong>O tratamento com Ultraformer,<\/strong> \u00a0a\u00a0aplica\u00e7\u00e3o de aparelhos de ultrassom microfocado (dos quais o Ultraformer \u00e9 uma marca registrada- um aparelho coreano), geralmente demandam 2 horas de tratamento com o paciente.\u00a0 Mas vale cada centavo !<\/p>\n<h2>Prepara\u00e7\u00e3o para <a href=\"https:\/\/justlaser.com.br\/alugueldelasers\/aluguel-locacao-ultraformer-iii\">aluguel do Ultraformer<\/a><\/h2>\n<p>Uma hora de <strong>prepara\u00e7\u00e3o para aplica\u00e7\u00e3o<\/strong>, fotografia, e aplica\u00e7\u00e3o de anest\u00e9sico t\u00f3pico e eventualmente algum analg\u00e9sico sublingual. Seguido da aplica\u00e7\u00e3o em si,\u00a0 que demora de 15 a 40 minutos, dependendo da \u00e1rea de tratamento pelo Ultraformer ,\u00a0da experi\u00eancia do m\u00e9dico aplicador, e da sensibilidade do paciente ao desconforto da aplica\u00e7\u00e3o.<\/p>\n<p>&nbsp;<\/p>\n<p>O tratamento com Ultraformer (ou outros aparelhos de ultrassom microfocado como o Ulthera ou Accutyte por exemplo, \u00a0s\u00e3o quase a \u00a0mesma coisa mas s\u00f3 muda o fabricante)\u00a0 e dividido em:<\/p>\n<ol>\n<li>Tratamentos faciais,\u00a0 localizados ou total<\/li>\n<li>Tratamentos corporais, isolados ou feitos em conjunto com os bioestimuladores (conhecidos no Brasil pelo nome de Sculptra ou Radiesse principalmente nomes aqui apresentados com car\u00e1ter informativo, para o paciente saiba do que estamos falando)<\/li>\n<\/ol>\n<p><img decoding=\"async\" class=\"alignright wp-image-2661 size-full\" src=\"https:\/\/justlaser.com.br\/alugueldelasers\/wp-content\/uploads\/2021\/07\/aluguel-locacao-ultraformer.jpg\" alt=\"aluguel locacao ultraformer\" width=\"512\" height=\"338\" title=\"\" srcset=\"https:\/\/justlaser.com.br\/alugueldelasers\/wp-content\/uploads\/2021\/07\/aluguel-locacao-ultraformer-50x33.jpg 50w, https:\/\/justlaser.com.br\/alugueldelasers\/wp-content\/uploads\/2021\/07\/aluguel-locacao-ultraformer-114x75.jpg 114w, https:\/\/justlaser.com.br\/alugueldelasers\/wp-content\/uploads\/2021\/07\/aluguel-locacao-ultraformer-221x146.jpg 221w, https:\/\/justlaser.com.br\/alugueldelasers\/wp-content\/uploads\/2021\/07\/aluguel-locacao-ultraformer-300x198.jpg 300w, https:\/\/justlaser.com.br\/alugueldelasers\/wp-content\/uploads\/2021\/07\/aluguel-locacao-ultraformer-500x330.jpg 500w, https:\/\/justlaser.com.br\/alugueldelasers\/wp-content\/uploads\/2021\/07\/aluguel-locacao-ultraformer.jpg 512w\" sizes=\"(max-width: 512px) 100vw, 512px\" \/><\/p>\n<h3>Tratamento facial com Ultraformer ou Accutyte ou Liftera<\/h3>\n<p>E\u00a0dentro dos tratamentos faciais, que tamb\u00e9m podem ser feitos associados ao Sculptra ou Radiesse, estas s\u00e3o as \u00e1reas geralmente tratadas e resultados oferecidos:<\/p>\n<ol>\n<li>Melhora da flacidez da p\u00e1lpebra inferior<\/li>\n<li>est\u00edmulo para contra\u00e7\u00e3o e eleva\u00e7\u00e3o da p\u00e1lpebra superior e sobrancelha<\/li>\n<li>Tratamento da gordura localizada na \u00e1rea das bochechas e efeito estilo \u201c bichectomia\u201d<\/li>\n<li>tratamento da regi\u00e3o centro facial para melhorar a flacidez eleva\u00e7\u00e3o suave do rosto<\/li>\n<li>Tratamento da flacidez do pesco\u00e7o<\/li>\n<li>Tratamento da papada no pesco\u00e7o, e redu\u00e7\u00e3o na gordura do queixo duplo, associado ou n\u00e3o \u00e0s enzimas,\u00a0como o \u00e1cido desoxic\u00f3lico.<\/li>\n<\/ol>\n<p>&nbsp;<\/p>\n<p>Veja ent\u00e3o que\u00a0o <strong>tratamento com ultraformer<\/strong>, ou outros aparelhos de ultrassom microfocado, tem diversas indica\u00e7\u00f5es e oportunidades.<\/p>\n<p>&nbsp;<\/p>\n<p>Algumas cl\u00ednicas de est\u00e9tica ou cl\u00ednicas m\u00e9dicas tem o seu pr\u00f3prio aparelho de Ultraformer, enquanto outras cl\u00ednicas optam por fazer o aluguel ou loca\u00e7\u00e3o do ultraformer tendo portanto alguns dias espec\u00edficos no m\u00eas onde a m\u00e1quina est\u00e1 \u00e0 disposi\u00e7\u00e3o do cliente.<\/p>\n<p>&nbsp;<\/p>\n<p>&nbsp;<\/p>\n<\/div>\n","protected":false},"excerpt":{"rendered":"<p>Como funciona a loca\u00e7\u00e3o ou aluguel de Ultraformer em S\u00e3o Paulo? &nbsp; O tratamento [&hellip;]<\/p>\n","protected":false},"author":2,"featured_media":0,"parent":2413,"menu_order":0,"comment_status":"closed","ping_status":"closed","template":"","meta":{"footnotes":""},"_links":{"self":[{"href":"https:\/\/justlaser.com.br\/alugueldelasers\/wp-json\/wp\/v2\/pages\/2658"}],"collection":[{"href":"https:\/\/justlaser.com.br\/alugueldelasers\/wp-json\/wp\/v2\/pages"}],"about":[{"href":"https:\/\/justlaser.com.br\/alugueldelasers\/wp-json\/wp\/v2\/types\/page"}],"author":[{"embeddable":true,"href":"https:\/\/justlaser.com.br\/alugueldelasers\/wp-json\/wp\/v2\/users\/2"}],"replies":[{"embeddable":true,"href":"https:\/\/justlaser.com.br\/alugueldelasers\/wp-json\/wp\/v2\/comments?post=2658"}],"version-history":[{"count":0,"href":"https:\/\/justlaser.com.br\/alugueldelasers\/wp-json\/wp\/v2\/pages\/2658\/revisions"}],"up":[{"embeddable":true,"href":"https:\/\/justlaser.com.br\/alugueldelasers\/wp-json\/wp\/v2\/pages\/2413"}],"wp:attachment":[{"href":"https:\/\/justlaser.com.br\/alugueldelasers\/wp-json\/wp\/v2\/media?parent=2658"}],"curies":[{"name":"wp","href":"https:\/\/api.w.org\/{rel}","templated":true}]}}