{"id":2666,"date":"2021-07-26T22:42:48","date_gmt":"2021-07-27T01:42:48","guid":{"rendered":"https:\/\/justlaser.com.br\/alugueldelasers\/?page_id=2666"},"modified":"2022-01-11T21:49:34","modified_gmt":"2022-01-12T00:49:34","slug":"aluguel-locacao-de-criofrequencia-bhs-156-full","status":"publish","type":"page","link":"https:\/\/justlaser.com.br\/alugueldelasers\/aluguel-de-aparelho-de-criolipolise-em-sao-paulo\/aluguel-locacao-de-criofrequencia-bhs-156-full\/","title":{"rendered":"Aluguel locacao de Criofrequ\u00eancia BHS 156 FULL"},"content":{"rendered":"<h1><img decoding=\"async\" class=\"aligncenter wp-image-2671 size-full\" title=\"aluguel locacao-criofrequencia-bhs-156\" src=\"http:\/\/justlaser.com.br\/alugueldelasers\/wp-content\/uploads\/2021\/07\/aluguel-locacao-criofrequencia-bhs-156.jpg\" alt=\"aluguel locacao-criofrequencia-bhs-156\" width=\"800\" height=\"250\" srcset=\"https:\/\/justlaser.com.br\/alugueldelasers\/wp-content\/uploads\/2021\/07\/aluguel-locacao-criofrequencia-bhs-156-50x16.jpg 50w, https:\/\/justlaser.com.br\/alugueldelasers\/wp-content\/uploads\/2021\/07\/aluguel-locacao-criofrequencia-bhs-156-150x47.jpg 150w, https:\/\/justlaser.com.br\/alugueldelasers\/wp-content\/uploads\/2021\/07\/aluguel-locacao-criofrequencia-bhs-156-260x81.jpg 260w, https:\/\/justlaser.com.br\/alugueldelasers\/wp-content\/uploads\/2021\/07\/aluguel-locacao-criofrequencia-bhs-156-300x94.jpg 300w, https:\/\/justlaser.com.br\/alugueldelasers\/wp-content\/uploads\/2021\/07\/aluguel-locacao-criofrequencia-bhs-156-500x156.jpg 500w, https:\/\/justlaser.com.br\/alugueldelasers\/wp-content\/uploads\/2021\/07\/aluguel-locacao-criofrequencia-bhs-156-700x219.jpg 700w, https:\/\/justlaser.com.br\/alugueldelasers\/wp-content\/uploads\/2021\/07\/aluguel-locacao-criofrequencia-bhs-156-768x240.jpg 768w, https:\/\/justlaser.com.br\/alugueldelasers\/wp-content\/uploads\/2021\/07\/aluguel-locacao-criofrequencia-bhs-156.jpg 800w\" sizes=\"(max-width: 800px) 100vw, 800px\" \/><\/h1>\n<h1><strong>Aluguel de Criofrequ\u00eancia <\/strong><strong>BHS 156 FULL<\/strong><\/h1>\n<div data-pm-slice=\"0 1 []\" data-en-clipboard=\"true\">O universo das cl\u00ednicas de est\u00e9ticas est\u00e1 sempre se reinventando.<\/div>\n<div data-pm-slice=\"0 1 []\" data-en-clipboard=\"true\">E uma novidade que pegou no Brasil, caiu no gosto, s\u00e3o os aparelhos de crio frequ\u00eancia para loca\u00e7\u00e3o.<\/div>\n<div><\/div>\n<h2>\u00a0\u00a0Trabalhamos com loca\u00e7\u00e3o diaria ou mensal de criofrequencia<\/h2>\n<div><strong>Se voc\u00ea trabalha com criofrequencia,<\/strong> o aluguel ou a loca\u00e7\u00e3o de um aparelho de criofrequ\u00eancia \u00e9\u00a0 para voc\u00ea.<\/div>\n<div><strong>Se voc\u00ea j\u00e1 tem experi\u00eancia no uso do aparelho de criofrequ\u00eancia,<\/strong> \u00e9 s\u00f3 entrar em contato para agendar a loca\u00e7\u00e3o.<\/div>\n<div>O aluguel do aparelho pode ser di\u00e1rio, ou mensal..<\/div>\n<div><\/div>\n<div>Se voc\u00ea n\u00e3o sabe utilizar o aparelho de criofrequ\u00eancia de loca\u00e7\u00e3o,\u00a0 consulte as possibilidades de <em><strong>treinamento<\/strong> <\/em>que oferecemos. Entre em contato.<\/div>\n<div><\/div>\n<h2>O que \u00e9 a criofrequencia e como funciona\u00a0 o aluguel da maquina de criofrequencia pelo Brasil<\/h2>\n<p>O\u00a0departamento m\u00e9dico da <strong>Body Health<\/strong>\u00a0desenvolveu a combina\u00e7\u00e3o perfeita de \u00a0tecnologia e funcionalidade, \u00a0a\u00a0 <strong><u>criofrequ\u00eancia BHS 156 FULL<\/u><\/strong>. Multiplataforma 4 em 1, composta por <strong>criofrequ\u00eancia<\/strong>, radiofrequ\u00eancia, cavita\u00e7\u00e3o 2.7 e eletropora\u00e7\u00e3o, o equipamento trata com efici\u00eancia inigual\u00e1vel a flacidez e a gordura localizada, fornecendo ainda outras solu\u00e7\u00f5es eficientes para promo\u00e7\u00e3o do rejuvenescimento, redu\u00e7\u00e3o de papada, entre outras aplica\u00e7\u00f5es faciais e corporais.<\/p>\n<h3>Aluguel da criofrequencia ou loca\u00e7ao \u00e9 para voc\u00ea ?<\/h3>\n<p>A terapia ideal e \u00fanica que age atrav\u00e9s da sinergia do frio at\u00e9 -10 graus e 1.050 watts de onda eletromagn\u00e9tica. O frio \u00e9 condutivo e controlado pela energia de ondas eletromagn\u00e9ticas de Radiofrequ\u00eancia Multipolar de 650 w e Monopolar de 400w, somadas 1.050 watts de pot\u00eancia. Sabendo que a onda eletromagn\u00e9tica Radiofrequ\u00eancia age por convers\u00e3o (dentro para fora), esta continua sendo oferecida ao cliente, al\u00e9m de assegurar o controle de temperatura.<\/p>\n<p>O encontro das duas temperaturas al\u00e9m de garantir a seguran\u00e7a do cliente, produz milh\u00f5es de choques t\u00e9rmicos aos tecidos, gerando um terceiro efeito fisiol\u00f3gico, desestabilizando o metabolismo local. Tamanha energia mobiliza n\u00e3o somente o col\u00e1geno, mas tamb\u00e9m a gordura, sendo indicado para flacidez tissular (facial e corporal) e gordura localizada.<\/p>\n<p>Sobre a flacidez tissular, o frio contribui no controle do edema (incha\u00e7o); o choque gera uma tens\u00e3o instant\u00e2nea da pele, tendo um efeito desintoxicante aumentando os n\u00edveis de oxigena\u00e7\u00e3o dos tecidos, uma vez que dilata os vasos sangu\u00edneos que irrigam a pele, produzindo um lifting instant\u00e2neo, progressivo e duradouro deste a 1 sess\u00e3o. O col\u00e1geno, produz sua desnatura\u00e7\u00e3o atrav\u00e9s do calor interno at\u00e9 60 graus, fazendo com que o corpo responda fisiologicamente \u00e0 neocolag\u00eanese. Este est\u00edmulo t\u00eam pico de 21 dias e continua agindo por at\u00e9 4 meses<\/p>\n<p>\u00c0 gordura, produzimos o seguinte efeito fisiol\u00f3gico: a gordura de reserva dentro da c\u00e9lula adiposa, diante dos choques t\u00e9rmicos e do calor provocado pela Radiofrequ\u00eancia interna, \u201cquebra-se\u201d, passando de Triglicer\u00eddeos para \u00c1cidos Graxos e Glicer\u00f3is, processo este conhecido como Lip\u00f3lise. A c\u00e9lula adiposa ent\u00e3o \u201cexpulsa\u201d a gordura, sendo que esta \u00e9 \u201cconsumida\u201d pelo corpo como fonte de energia para queima cal\u00f3rica, podendo ser em uma atividade f\u00edsica, ou em uma dieta restritiva de carboidratos e gorduras.<\/p>\n<h3><strong>Ultracavita\u00e7\u00e3o 2.7 Mhz na Criofrequencia &#8211;\u00a0 Tratamento seguro e eficiente.<\/strong><\/h3>\n<p>Ao contr\u00e1rio da cavita\u00e7\u00e3o de baixa frequ\u00eancia (35 to 80 khz), a cavita\u00e7\u00e3o de alta frequ\u00eancia (2.7 mhz, at 45 watt) \u00e9 mais segura e mais eficaz, uma vez que assegura a penetra\u00e7\u00e3o direita (de 2.5 a 6 cm no m\u00e1ximo); portanto, garante a seguran\u00e7a do paciente e resultados duradouros.<\/p>\n<p>As micro-bolhas que s\u00e3o geradas s\u00e3o menores do que as geradas por cavita\u00e7\u00e3o de baixa frequ\u00eancia; tais bolhas implodem devido as altera\u00e7\u00f5es de press\u00e3o parcial e desintegram as c\u00e9lulas de gordura em \u00e1reas localizadas.<\/p>\n<p>Estas c\u00e9lulas transformam em uma subst\u00e2ncia l\u00edquida que \u00e9 eliminada atrav\u00e9s do sistema linf\u00e1tico e na urina. Seu alto poder pulsante e os ciclos de repetitividade geram uma intensidade ultra-s\u00f3nica sobre o tecido sem afetar os tecidos circundantes.<\/p>\n<p>\u00c9 o m\u00e9todo mais inovador e eficaz na medicina est\u00e9tica do mercado: sendo poss\u00edvel obter at\u00e9 2 cent\u00edmetros de volume corporal reduzido por sess\u00e3o. A recupera\u00e7\u00e3o \u00e9 imediata e n\u00e3o necessita de utiliza\u00e7\u00e3o de analg\u00e9sicos. Uma vez que a sess\u00e3o \u00e9 longa, o paciente pode voltar \u00e0s suas atividades habituais.<\/p>\n<p>&nbsp;<\/p>\n<p>A CRIOFREQU\u00caNCIA \u00a9 \u00e9 uma terapia exclusiva desenvolvida pelo Departamento M\u00e9dico da BODY HEALTH e \u00e9 a \u00fanica que age atrav\u00e9s da sinergia do frio de at\u00e9 -10 graus e 1.050 watts de onda eletromagn\u00e9tica.<\/p>\n<div class=\"imagens-produtos\">\n<div><img decoding=\"async\" class=\"alignleft\" title=\"Loca\u00e7\u00e3o ASGARD VC10 Criolip\u00f3lise\" src=\"https:\/\/www.lumelaser.com.br\/imagens\/equipamentos-2\/locacao-criofrequencia-bhs-156-01.jpg\" alt=\"Loca\u00e7\u00e3o ASGARD VC10 Criolip\u00f3lise\" width=\"303\" height=\"303\" \/><\/div>\n<div><img decoding=\"async\" class=\"alignright\" title=\"Loca\u00e7\u00e3o ASGARD VC10 Criolip\u00f3lise\" src=\"https:\/\/www.lumelaser.com.br\/imagens\/equipamentos-2\/locacao-criofrequencia-bhs-156-02.jpg\" alt=\"Loca\u00e7\u00e3o ASGARD VC10 Criolip\u00f3lise\" width=\"300\" height=\"300\" \/><\/div>\n<div><\/div>\n<\/div>\n<p>Primeiramente, o frio \u00e9 condutivo (age de fora para dentro) e \u00e9 controlado pela energia de ondas eletromagn\u00e9ticas Multipolar de 650 w e Monopolar de 400w, somadas 1.050 watts de pot\u00eancia. Sabendo que a onda eletromagn\u00e9tica age por convers\u00e3o (dentro para fora), esta continua sendo oferecida ao cliente, al\u00e9m de assegurar o controle da temperatura.<\/p>\n<p>O encontro das duas temperaturas, al\u00e9m de garantir a seguran\u00e7a do cliente, produz milh\u00f5es de choques t\u00e9rmicos aos tecidos. Como resultado, gera um terceiro efeito fisiol\u00f3gico, desestabilizando o metabolismo local. Tamanha energia mobiliza n\u00e3o somente o col\u00e1geno, mas tamb\u00e9m a gordura, sendo indicado para flacidez tissular (facial e corporal) e gordura localizada.<\/p>\n<p>&nbsp;<\/p>\n<p>Com a Criofrequ\u00eancia o resultado \u00e9 imediato, tanto no sentido de lifting instant\u00e2neo, quanto na redu\u00e7\u00e3o de medidas. Fica n\u00edtido mais uma vez o porqu\u00ea dessa tecnologia ter ganhado cada vez mais espa\u00e7o no mercado: credibilidade, qualidade, seguran\u00e7a, alta tecnologia e o mais importante, resultados duradouros!<\/p>\n<p>&nbsp;<\/p>\n<div class=\"imagens-produtos\">\n<div><img decoding=\"async\" class=\"alignleft\" title=\"Loca\u00e7\u00e3o ASGARD VC10 Criolip\u00f3lise\" src=\"https:\/\/www.lumelaser.com.br\/imagens\/equipamentos-2\/locacao-criofrequencia-bhs-156-04.jpg\" alt=\"Loca\u00e7\u00e3o ASGARD VC10 Criolip\u00f3lise\" width=\"266\" height=\"266\" \/><\/div>\n<div><\/div>\n<\/div>\n<div class=\"col-8\">\n<p><strong><a href=\"https:\/\/www.bodyhealthbrasil.com\/\" target=\"_blank\" rel=\"noopener\">O Departamento M\u00e9dico da BODYHEALTH<\/a> desenvolveu a CRIOFREQU\u00caNCIA\u00a9<\/strong>, a terapia ideal e \u00fanica que age atrav\u00e9s da sinergia do frio at\u00e9 -10 graus e 1.050 watts de onda eletromagn\u00e9tica.<\/p>\n<p>O frio \u00e9 condutivo (age de fora para dentro) e \u00e9 controlado pela energia de ondas eletromagn\u00e9ticas Radiofrequ\u00eancia Multipolar de 650 w e Monopolar de 400w, somadas 1.050 watts de pot\u00eancia. Sabendo que a onda eletromagn\u00e9tica Radiofrequ\u00eancia age por convers\u00e3o (dentro para fora), esta continua sendo oferecida ao cliente, al\u00e9m de assegurar o controle de temperatura.<\/p>\n<p>O encontro das duas temperaturas al\u00e9m de garantir a seguran\u00e7a do cliente, produz milh\u00f5es de choques t\u00e9rmicos aos tecidos, gerando um terceiro efeito fisiol\u00f3gico, desestabilizando o metabolismo local.<\/p>\n<p>Tamanha energia mobiliza n\u00e3o somente o col\u00e1geno, mas tamb\u00e9m a gordura, sendo indicado para flacidez tissular (facial e corporal) e gordura localizada.<\/p>\n<p>Sobre a flacidez tissular, o frio contribui no controle do edema (incha\u00e7o); o choque gera uma tens\u00e3o instant\u00e2nea da pele, tendo um efeito desintoxicante aumentando os n\u00edveis de oxigena\u00e7\u00e3o dos tecidos, uma vez que dilata os vasos sangu\u00edneos que irrigam a pele, produzindo um lifting instant\u00e2neo, progressivo e duradouro deste a 1 sess\u00e3o. O col\u00e1geno, produz sua desnatura\u00e7\u00e3o atrav\u00e9s do calor interno at\u00e9 60 graus, fazendo com que o corpo responda fisiologicamente \u00e0 neocolag\u00eanese. Este est\u00edmulo t\u00eam pico de 21 dias e continua agindo por at\u00e9 4 meses<\/p>\n<p>\u00c0 gordura, produzimos o seguinte efeito fisiol\u00f3gico: a gordura de reserva dentro da c\u00e9lula adiposa, diante dos choques t\u00e9rmicos e do calor provocado pela Radiofrequ\u00eancia interna, \u201cquebra-se\u201d, passando de Triglicer\u00eddeos para \u00c1cidos Graxos e Glicer\u00f3is, processo este conhecido como Lip\u00f3lise. A c\u00e9lula adiposa ent\u00e3o \u201cexpulsa\u201d a gordura, sendo que esta \u00e9 \u201cconsumida\u201d pelo corpo como fonte de energia para queima cal\u00f3rica, podendo ser em uma atividade f\u00edsica, ou em uma dieta restritiva de carboidratos e gorduras.<\/p>\n<\/div>\n<div class=\"col-4\"><\/div>\n<div class=\"clear\">\u00a0Com Criofrequ\u00eancia temos o resultado imediato, tanto no sentido de Lifting instant\u00e2neo quanto na redu\u00e7\u00e3o de medida, provando mais uma vez o porque que essa nova tecnologia t\u00eam ganhado cada vez mais espa\u00e7o no mercado: Credibilidade, Qualidade, Seguran\u00e7a, Alta Tecnologia e o mais importante, Resultados duradouros!<\/div>\n<div class=\"clear\"><\/div>\n<ul class=\"list\">\n<li>A facilidade combina com o desenho das telas e adicionado ao ecr\u00e3 t\u00e1til sistema touch screen faz com que o 156 BHS simples e eficiente.<\/li>\n<li>Escolha tratamentos pr\u00e9-selecionados.<\/li>\n<li>Verificar o tempo restante de cada aplica\u00e7\u00e3o.<\/li>\n<li>Mantenha um registro de prontu\u00e1rio cl\u00ednico de cada paciente.<\/li>\n<li>Verificar as horas de uso do equipamento do motor,<\/li>\n<li>calibra\u00e7\u00e3o, etc<\/li>\n<li>Acesso SLEEP para poupar energia.<\/li>\n<\/ul>\n<p>&nbsp;<\/p>\n<h2>Electropora\u00e7\u00e3o Mesoterapia Virtual<br \/>\nQualidade e efici\u00eancia que promovem resultados<\/h2>\n<p>Body Health desenvolveu a VMT (Eletropora\u00e7\u00e3o + ELETROFORESE). Uma terapia exclusiva com aplicadores que facilitam a penetra\u00e7\u00e3o do produto com dois cabe\u00e7otes cuidadosamente estudados para uma melhor aplica\u00e7\u00e3o e adapta\u00e7\u00e3o para diferentes contornos faciais e tamb\u00e9m do corpo. Consiste na administra\u00e7\u00e3o transd\u00e9rmica de subst\u00e2ncias ativas atrav\u00e9s da a\u00e7\u00e3o de uma corrente el\u00e9trica ou ondas eletromagn\u00e9ticas com breves pulsos de alta voltagem. Tal tecnologia permite jude na corrente de passagem de subst\u00e2ncias, uma vez que aumenta a permeabilidade da membrana celular e altera a estrutura da bicamada fosfolip\u00eddica, produzindo \u201celetropors\u201d (poros maiores), de uma maneira tempor\u00e1ria e revers\u00edvel. Assim, as micromol\u00e9culas podem penetrar na pele.<\/p>\n<div class=\"col-6\"><\/div>\n<div class=\"col-6\"><\/div>\n<h2>RESUMINDO<\/h2>\n<div><\/div>\n<div><strong>Se voc\u00ea trabalha com criofrequencia,<\/strong> o aluguel ou a loca\u00e7\u00e3o de um aparelho de criofrequ\u00eancia \u00e9\u00a0 para voc\u00ea.<\/div>\n<div><strong>Se voc\u00ea j\u00e1 tem experi\u00eancia<\/strong> no uso do aparelho de criofrequ\u00eancia, \u00e9 s\u00f3 entrar em contato para agendar a loca\u00e7\u00e3o.<\/div>\n<div>O aluguel do aparelho pode ser <strong>di\u00e1rio, ou mensal.<\/strong><\/div>\n<div>\n<h3>Treinamento para alguel da criofrequencia<\/h3>\n<p>Se voc\u00ea n\u00e3o sabe utilizar o aparelho de criofrequ\u00eancia de loca\u00e7\u00e3o,\u00a0 consulte as possibilidades de <strong>treinamento<\/strong> que oferecemos. Entre em contato.<\/p>\n<\/div>\n<div><\/div>\n<div><\/div>\n<p><a href=\"https:\/\/justlaser.com.br\/alugueldelasers\/aluguel-de-aparelho-de-criolipolise-em-sao-paulo\/aluguel-locacao-de-criofrequencia-bhs-156-full\"><em><strong>J\u00e1 pensou em aluguel ou loca\u00e7\u00e3o de criofrequ\u00eancia ?\u00a0<\/strong><\/em><\/a><\/p>\n<h3><a href=\"https:\/\/justlaser.com.br\/alugueldelasers\/aluguel-locacao-de-lasers\/aluguel-locacao-de-laser-fracionado-co2-smartxide-dot-deka\"><strong>J\u00e1 pensou em aluguel ou loca\u00e7\u00e3o do laser de CO2\u00a0 ?\u00a0<\/strong><\/a><\/h3>\n<p><a href=\"https:\/\/justlaser.com.br\/alugueldelasers\/aluguel-ulthera-locacao\/\"><strong>J\u00e1 pensol no aluguel de aparelho Ulthera ?\u00a0<\/strong><\/a><\/p>\n<p>&nbsp;<\/p>\n<p>&nbsp;<\/p>\n<p>&nbsp;<\/p>\n<p>&nbsp;<\/p>\n<p>&nbsp;<\/p>\n<p>&nbsp;<\/p>\n<p>&nbsp;<\/p>\n","protected":false},"excerpt":{"rendered":"<p>Aluguel de Criofrequ\u00eancia BHS 156 FULL O universo das cl\u00ednicas de est\u00e9ticas est\u00e1 sempre [&hellip;]<\/p>\n","protected":false},"author":2,"featured_media":0,"parent":2431,"menu_order":0,"comment_status":"closed","ping_status":"closed","template":"","meta":{"footnotes":""},"_links":{"self":[{"href":"https:\/\/justlaser.com.br\/alugueldelasers\/wp-json\/wp\/v2\/pages\/2666"}],"collection":[{"href":"https:\/\/justlaser.com.br\/alugueldelasers\/wp-json\/wp\/v2\/pages"}],"about":[{"href":"https:\/\/justlaser.com.br\/alugueldelasers\/wp-json\/wp\/v2\/types\/page"}],"author":[{"embeddable":true,"href":"https:\/\/justlaser.com.br\/alugueldelasers\/wp-json\/wp\/v2\/users\/2"}],"replies":[{"embeddable":true,"href":"https:\/\/justlaser.com.br\/alugueldelasers\/wp-json\/wp\/v2\/comments?post=2666"}],"version-history":[{"count":0,"href":"https:\/\/justlaser.com.br\/alugueldelasers\/wp-json\/wp\/v2\/pages\/2666\/revisions"}],"up":[{"embeddable":true,"href":"https:\/\/justlaser.com.br\/alugueldelasers\/wp-json\/wp\/v2\/pages\/2431"}],"wp:attachment":[{"href":"https:\/\/justlaser.com.br\/alugueldelasers\/wp-json\/wp\/v2\/media?parent=2666"}],"curies":[{"name":"wp","href":"https:\/\/api.w.org\/{rel}","templated":true}]}}