{"id":2681,"date":"2021-07-28T17:20:26","date_gmt":"2021-07-28T20:20:26","guid":{"rendered":"https:\/\/justlaser.com.br\/alugueldelasers\/?page_id=2681"},"modified":"2021-12-28T16:02:18","modified_gmt":"2021-12-28T19:02:18","slug":"aluguel-plataforma-de-lasers","status":"publish","type":"page","link":"https:\/\/justlaser.com.br\/alugueldelasers\/aluguel-plataforma-de-lasers\/","title":{"rendered":"Aluguel plataforma de lasers"},"content":{"rendered":"<h1>Aluguel plataforma de lasers<\/h1>\n<p><img decoding=\"async\" class=\"aligncenter size-full wp-image-2889\" src=\"https:\/\/justlaser.com.br\/alugueldelasers\/wp-content\/uploads\/2021\/12\/aluguel-locacao-de-laser-medico.jpg\" alt=\"aluguel locacao de laser medico\" width=\"800\" height=\"282\" title=\"\" srcset=\"https:\/\/justlaser.com.br\/alugueldelasers\/wp-content\/uploads\/2021\/12\/aluguel-locacao-de-laser-medico-200x71.jpg 200w, https:\/\/justlaser.com.br\/alugueldelasers\/wp-content\/uploads\/2021\/12\/aluguel-locacao-de-laser-medico-300x106.jpg 300w, https:\/\/justlaser.com.br\/alugueldelasers\/wp-content\/uploads\/2021\/12\/aluguel-locacao-de-laser-medico-400x141.jpg 400w, https:\/\/justlaser.com.br\/alugueldelasers\/wp-content\/uploads\/2021\/12\/aluguel-locacao-de-laser-medico-500x176.jpg 500w, https:\/\/justlaser.com.br\/alugueldelasers\/wp-content\/uploads\/2021\/12\/aluguel-locacao-de-laser-medico-600x212.jpg 600w, https:\/\/justlaser.com.br\/alugueldelasers\/wp-content\/uploads\/2021\/12\/aluguel-locacao-de-laser-medico-700x247.jpg 700w, https:\/\/justlaser.com.br\/alugueldelasers\/wp-content\/uploads\/2021\/12\/aluguel-locacao-de-laser-medico-768x271.jpg 768w, https:\/\/justlaser.com.br\/alugueldelasers\/wp-content\/uploads\/2021\/12\/aluguel-locacao-de-laser-medico.jpg 800w\" sizes=\"(max-width: 800px) 100vw, 800px\" \/><\/p>\n<p>&nbsp;<\/p>\n<h2>Se voc\u00ea procura aluguel do Etherea MX, Harmony ou outra plataforma m\u00e9dica de laser, entre em contato agora!<\/h2>\n<h3>\u00a0<strong>Temos as principais plataformas de laser, para aluguel e loca\u00e7\u00e3o, na modalidade di\u00e1ria ou mensal.\u00a0<\/strong><\/h3>\n<p>Se voc\u00ea procura por Aluguel de aparelhos de est\u00e9tica, voc\u00ea encontra no site da JustLaser !<\/p>\n<p>Conhe\u00e7a nossas m\u00e1quinas para aluguel, nossos profissionais e a melhor refer\u00eancia em qualidade do mercado.<\/p>\n<p>&nbsp;<\/p>\n","protected":false},"excerpt":{"rendered":"<p>Aluguel plataforma de lasers &nbsp; Se voc\u00ea procura aluguel do Etherea MX, Harmony ou [&hellip;]<\/p>\n","protected":false},"author":1,"featured_media":0,"parent":0,"menu_order":0,"comment_status":"closed","ping_status":"closed","template":"","meta":{"footnotes":""},"_links":{"self":[{"href":"https:\/\/justlaser.com.br\/alugueldelasers\/wp-json\/wp\/v2\/pages\/2681"}],"collection":[{"href":"https:\/\/justlaser.com.br\/alugueldelasers\/wp-json\/wp\/v2\/pages"}],"about":[{"href":"https:\/\/justlaser.com.br\/alugueldelasers\/wp-json\/wp\/v2\/types\/page"}],"author":[{"embeddable":true,"href":"https:\/\/justlaser.com.br\/alugueldelasers\/wp-json\/wp\/v2\/users\/1"}],"replies":[{"embeddable":true,"href":"https:\/\/justlaser.com.br\/alugueldelasers\/wp-json\/wp\/v2\/comments?post=2681"}],"version-history":[{"count":0,"href":"https:\/\/justlaser.com.br\/alugueldelasers\/wp-json\/wp\/v2\/pages\/2681\/revisions"}],"wp:attachment":[{"href":"https:\/\/justlaser.com.br\/alugueldelasers\/wp-json\/wp\/v2\/media?parent=2681"}],"curies":[{"name":"wp","href":"https:\/\/api.w.org\/{rel}","templated":true}]}}