{"id":2683,"date":"2024-07-28T17:21:27","date_gmt":"2024-07-28T20:21:27","guid":{"rendered":"https:\/\/justlaser.com.br\/alugueldelasers\/?page_id=2683"},"modified":"2025-04-02T10:29:28","modified_gmt":"2025-04-02T13:29:28","slug":"locacao-laser-co2","status":"publish","type":"page","link":"https:\/\/justlaser.com.br\/alugueldelasers\/locacao-laser-co2\/","title":{"rendered":"Loca\u00e7\u00e3o Laser de CO2"},"content":{"rendered":"<p><img decoding=\"async\" class=\"aligncenter wp-image-4000 size-full\" title=\"locacao de laser de co2 HIBRIDO\" src=\"https:\/\/justlaser.com.br\/alugueldelasers\/wp-content\/uploads\/2025\/04\/locacao-de-laser-de-co2-HIBRIDO-.jpg\" alt=\"locacao de laser de co2 HIBRIDO\" width=\"1374\" height=\"525\" srcset=\"https:\/\/justlaser.com.br\/alugueldelasers\/wp-content\/uploads\/2025\/04\/locacao-de-laser-de-co2-HIBRIDO--200x76.jpg 200w, https:\/\/justlaser.com.br\/alugueldelasers\/wp-content\/uploads\/2025\/04\/locacao-de-laser-de-co2-HIBRIDO--300x115.jpg 300w, https:\/\/justlaser.com.br\/alugueldelasers\/wp-content\/uploads\/2025\/04\/locacao-de-laser-de-co2-HIBRIDO--400x153.jpg 400w, https:\/\/justlaser.com.br\/alugueldelasers\/wp-content\/uploads\/2025\/04\/locacao-de-laser-de-co2-HIBRIDO--600x229.jpg 600w, https:\/\/justlaser.com.br\/alugueldelasers\/wp-content\/uploads\/2025\/04\/locacao-de-laser-de-co2-HIBRIDO--768x293.jpg 768w, https:\/\/justlaser.com.br\/alugueldelasers\/wp-content\/uploads\/2025\/04\/locacao-de-laser-de-co2-HIBRIDO--800x306.jpg 800w, https:\/\/justlaser.com.br\/alugueldelasers\/wp-content\/uploads\/2025\/04\/locacao-de-laser-de-co2-HIBRIDO--1024x391.jpg 1024w, https:\/\/justlaser.com.br\/alugueldelasers\/wp-content\/uploads\/2025\/04\/locacao-de-laser-de-co2-HIBRIDO--1200x459.jpg 1200w, https:\/\/justlaser.com.br\/alugueldelasers\/wp-content\/uploads\/2025\/04\/locacao-de-laser-de-co2-HIBRIDO-.jpg 1374w\" sizes=\"(max-width: 1374px) 100vw, 1374px\" \/><\/p>\n<h1 data-pm-slice=\"1 1 []\">Loca\u00e7\u00e3o de Laser de CO2 para Cl\u00ednicas e Profissionais da Est\u00e9tica<\/h1>\n<p>A <strong>Just Laser<\/strong> oferece servi\u00e7os especializados em <strong>loca\u00e7\u00e3o de laser de CO2<\/strong>, trazendo tecnologia de ponta para m\u00e9dicos e cl\u00ednicas de est\u00e9tica que buscam os melhores resultados.<\/p>\n<p>Com equipamentos de \u00faltima gera\u00e7\u00e3o, garantimos tratamentos mais eficientes, seguran\u00e7a para os pacientes e suporte completo.<\/p>\n<h2>Vantagens da Loca\u00e7\u00e3o de Laser de CO2 com a Just Laser<\/h2>\n<ul data-spread=\"false\">\n<li><strong>Tecnologia Atualizada<\/strong>: Trabalhamos <em>apenas com as mais recentes inova\u00e7\u00f5es em loca\u00e7\u00e3o de <strong>lasers de CO2 de pulso frio<\/strong>, que proporcionam melhor recupera\u00e7\u00e3o e menos danos t\u00e9rmicos.<\/em><\/li>\n<li><strong>Flexibilidade no Aluguel<\/strong>: Planos personaliz\u00e1veis para atender \u00e0s suas necessidades, seja para uso espor\u00e1dico ou frequente.<\/li>\n<li><strong>Suporte T\u00e9cnico Especializado<\/strong>: Garantimos treinamento e assist\u00eancia t\u00e9cnica para que voc\u00ea utilize o equipamento com confian\u00e7a e seguran\u00e7a.<\/li>\n<li><strong>Custos Reduzidos<\/strong>: Evite altos investimentos em compra de equipamentos e tenha acesso sempre \u00e0 melhor tecnologia sem preocupa\u00e7\u00f5es com manuten\u00e7\u00e3o.<\/li>\n<\/ul>\n<p><iframe src=\"\/\/www.youtube.com\/embed\/c29tWt_J5qY\" width=\"560\" height=\"314\" allowfullscreen=\"allowfullscreen\"><\/iframe><\/p>\n<h2>Diferenciais dos Novos Lasers de CO2 para 2025 e 2026<\/h2>\n<p>Enquanto lasers mais antigos, como o <strong>Deka Smartxide<\/strong>, possuem pulsos longos, a tend\u00eancia atual \u00e9 utilizar <strong>disparos ultrarr\u00e1pidos e pulsos frios na ordem dos microsegundos<\/strong>. Essa tecnologia:<\/p>\n<ul data-spread=\"false\">\n<li>Reduz o tempo de recupera\u00e7\u00e3o do paciente<\/li>\n<li>Minimiza riscos de hiperpigmenta\u00e7\u00e3o<\/li>\n<li>Melhora a precis\u00e3o dos tratamentos est\u00e9ticos<\/li>\n<\/ul>\n<h2>Por que Escolher a Just Laser como parceira para suas loca\u00e7\u00f5es?<\/h2>\n<p>A Just Laser \u00e9 refer\u00eancia e l\u00edder no mercado de <strong>loca\u00e7\u00e3o de laser de CO2<\/strong>, h\u00e1 mais de 15 anos !<\/p>\n<p>Trazendo solu\u00e7\u00f5es inovadoras que ser\u00e3o seguidas pelo setor.<\/p>\n<p>Suporte m\u00e9dico e supervis\u00e3o de toda opera\u00e7\u00e3o do corpo cl\u00ednico.<\/p>\n<p>Estamos sempre um passo \u00e0 frente, garantindo que nossos clientes tenham acesso \u00e0s mais recentes tend\u00eancias em tecnologia de laser.<\/p>\n<h2>Entre em Contato e agende sua loca\u00e7\u00e3o de Co2 com quem cuida das m\u00e1quinas e entende o que voc\u00ea precisa!<\/h2>\n<p>Transforme seus procedimentos est\u00e9ticos com o melhor da <strong>loca\u00e7\u00e3o de laser de CO2<\/strong>. Fale conosco e descubra como podemos ajudar seu neg\u00f3cio a crescer!<\/p>\n<p>&nbsp;<\/p>\n<p><img decoding=\"async\" class=\"aligncenter wp-image-3999 size-full\" title=\"locacao de laser de co2 sao Paulo\" src=\"https:\/\/justlaser.com.br\/alugueldelasers\/wp-content\/uploads\/2025\/04\/locacao-de-laser-de-co2-sao-paulo.jpg\" alt=\"locacao de laser de co2 sao Paulo\" width=\"1563\" height=\"683\" srcset=\"https:\/\/justlaser.com.br\/alugueldelasers\/wp-content\/uploads\/2025\/04\/locacao-de-laser-de-co2-sao-paulo-200x87.jpg 200w, https:\/\/justlaser.com.br\/alugueldelasers\/wp-content\/uploads\/2025\/04\/locacao-de-laser-de-co2-sao-paulo-300x131.jpg 300w, https:\/\/justlaser.com.br\/alugueldelasers\/wp-content\/uploads\/2025\/04\/locacao-de-laser-de-co2-sao-paulo-400x175.jpg 400w, https:\/\/justlaser.com.br\/alugueldelasers\/wp-content\/uploads\/2025\/04\/locacao-de-laser-de-co2-sao-paulo-600x262.jpg 600w, https:\/\/justlaser.com.br\/alugueldelasers\/wp-content\/uploads\/2025\/04\/locacao-de-laser-de-co2-sao-paulo-768x336.jpg 768w, https:\/\/justlaser.com.br\/alugueldelasers\/wp-content\/uploads\/2025\/04\/locacao-de-laser-de-co2-sao-paulo-800x350.jpg 800w, https:\/\/justlaser.com.br\/alugueldelasers\/wp-content\/uploads\/2025\/04\/locacao-de-laser-de-co2-sao-paulo-1024x447.jpg 1024w, https:\/\/justlaser.com.br\/alugueldelasers\/wp-content\/uploads\/2025\/04\/locacao-de-laser-de-co2-sao-paulo-1200x524.jpg 1200w, https:\/\/justlaser.com.br\/alugueldelasers\/wp-content\/uploads\/2025\/04\/locacao-de-laser-de-co2-sao-paulo-1536x671.jpg 1536w, https:\/\/justlaser.com.br\/alugueldelasers\/wp-content\/uploads\/2025\/04\/locacao-de-laser-de-co2-sao-paulo.jpg 1563w\" sizes=\"(max-width: 1563px) 100vw, 1563px\" \/><\/p>\n<p>&nbsp;<\/p>\n<p><strong>ATEN\u00c7\u00c2O<\/strong>: O\u00a0tradicional <a href=\"https:\/\/dekalaser.com\/\" target=\"_blank\" rel=\"noopener\"><strong>Deka Smartxide Laser<\/strong><\/a>, apesar de ser uma excelente m\u00e1quina, possui mais de 20 anos de mercado e um pulso longo.<br \/>\nCom o avan\u00e7o da tecnologia, essa tend\u00eancia mudou e estamos preparados para 2025 e 2026 com as <strong>novas gera\u00e7\u00f5es de lasers de CO2<\/strong>, que oferecem:<\/p>\n<h1 data-pm-slice=\"1 1 []\">Como Funciona a Loca\u00e7\u00e3o de Laser de CO2?<\/h1>\n<ul data-spread=\"false\">\n<li><strong>Escolha o equipamento ideal:<\/strong> Contamos com uma variedade de lasers de CO2, cada um com especifica\u00e7\u00f5es t\u00e9cnicas diferenciadas para atender \u00e0s suas necessidades.<\/li>\n<li><strong>Flexibilidade nos planos:<\/strong> Oferecemos condi\u00e7\u00f5es personalizadas para sua cl\u00ednica, permitindo o uso conforme sua demanda.<\/li>\n<li><strong>Treinamento e suporte especializado:<\/strong> Nossa equipe garante treinamento completo e suporte t\u00e9cnico para otimizar o uso do equipamento.<\/li>\n<li><strong>Tecnologia sempre atualizada:<\/strong> Trabalhamos apenas com os lasers mais modernos, garantindo seguran\u00e7a e efici\u00eancia nos tratamentos.<\/li>\n<\/ul>\n<blockquote>\n<h2><a href=\"https:\/\/justlaser.com.br\/alugueldelasers\/aluguel-laser-co2\"><span style=\"font-size: 20px;\">Loca\u00e7\u00e3o de laser de Co2<\/span><\/a><span style=\"font-size: 20px;\"> ou Aluguel de lase de Erbium ?<\/span><\/h2>\n<p><span style=\"font-size: 20px;\">Essa \u00e9 uma escolha fundamental para qualquer profissional da \u00e1rea est\u00e9tica. Na\u00a0 <a href=\"https:\/\/justlaser.com.br\/alugueldelasers\/aluguel-locacao-laser-co2-accupulse-lumenis\">loca\u00e7\u00e3o de Laser de CO2 ,<\/a>o co2 oferece maior profundidade de penetra\u00e7\u00e3o e um efeito mais ablativo, ideal para procedimentos cir\u00fargicos, como <strong>blefaroplastia sem corte, remo\u00e7\u00e3o de nevos, siringomas e verrugas<\/strong>, al\u00e9m de rejuvenescimento facial e genital.<\/span><\/p>\n<p><span style=\"font-size: 20px;\">Por outro lado, o <strong>laser de Erbium<\/strong> pode causar menos desconforto e ter um tempo de recupera\u00e7\u00e3o mais r\u00e1pido. Ele pode ser utilizado de forma isolada ou combinada com outros tratamentos, proporcionando versatilidade para sua cl\u00ednica.<\/span><\/p>\n<p><span style=\"font-size: 20px;\">Na Just Laser, oferecemos cursos espec\u00edficos para ajudar voc\u00ea a entender melhor as indica\u00e7\u00f5es e diferen\u00e7as entre esses lasers. Al\u00e9m disso, o <strong>laser de Erbium pode ser alugado junto com a plataforma Etherea<\/strong>, que conta com diversas ponteiras para facilitar sua rotina.<\/span><\/p><\/blockquote>\n<p><strong><span style=\"font-size: 20px;\">Veja mais conte\u00fado nas p\u00e1ginas abaixo :<\/span><\/strong><\/p>\n<ul data-spread=\"false\">\n<li><span style=\"font-size: 20px;\"><a href=\"https:\/\/justlaser.com.br\/alugueldelasers\/aluguel-laser-co2\">Aluguel de laser de co2\u00a0<\/a><\/span><\/li>\n<li><span style=\"font-size: 20px;\"><a href=\"https:\/\/justlaser.com.br\/alugueldelasers\/aluguel-locacao-de-lasers\/aluguel-locacao-de-laser-fracionado-co2-smartxide-dot-deka\/\">Aluguel ou loca\u00e7\u00e3o de laser fracionado de Co2<\/a><\/span><\/li>\n<li><span style=\"font-size: 20px;\">Mais sobre o <a href=\"https:\/\/justlaser.com.br\/alugueldelasers\/aluguel-locacao-laser-co2-accupulse-lumenis\">Aluguel de laser de Co2<\/a> da Lumenis<\/span><\/li>\n<li><span style=\"font-size: 20px;\"><a href=\"https:\/\/justlaser.com.br\/alugueldelasers\/locacao-laser-co2\/\">Loca\u00e7\u00e3o de laser de Co2<\/a><\/span><\/li>\n<\/ul>\n<h2>Entre em Contato<\/h2>\n<p>Quer levar a tecnologia mais avan\u00e7ada para sua cl\u00ednica?<\/p>\n<p>Entre em contato com a Just Laser e descubra como a <strong>loca\u00e7\u00e3o de laser de CO2<\/strong> pode transformar seus procedimentos e ampliar suas possibilidades!<\/p>\n<p>Clique no bot\u00e3o do WhatsApp para falar agora com a gente!<\/p>\n","protected":false},"excerpt":{"rendered":"<p>Loca\u00e7\u00e3o de Laser de CO2 para Cl\u00ednicas e Profissionais da Est\u00e9tica A Just Laser [&hellip;]<\/p>\n","protected":false},"author":1,"featured_media":0,"parent":0,"menu_order":0,"comment_status":"closed","ping_status":"closed","template":"","meta":{"footnotes":""},"_links":{"self":[{"href":"https:\/\/justlaser.com.br\/alugueldelasers\/wp-json\/wp\/v2\/pages\/2683"}],"collection":[{"href":"https:\/\/justlaser.com.br\/alugueldelasers\/wp-json\/wp\/v2\/pages"}],"about":[{"href":"https:\/\/justlaser.com.br\/alugueldelasers\/wp-json\/wp\/v2\/types\/page"}],"author":[{"embeddable":true,"href":"https:\/\/justlaser.com.br\/alugueldelasers\/wp-json\/wp\/v2\/users\/1"}],"replies":[{"embeddable":true,"href":"https:\/\/justlaser.com.br\/alugueldelasers\/wp-json\/wp\/v2\/comments?post=2683"}],"version-history":[{"count":0,"href":"https:\/\/justlaser.com.br\/alugueldelasers\/wp-json\/wp\/v2\/pages\/2683\/revisions"}],"wp:attachment":[{"href":"https:\/\/justlaser.com.br\/alugueldelasers\/wp-json\/wp\/v2\/media?parent=2683"}],"curies":[{"name":"wp","href":"https:\/\/api.w.org\/{rel}","templated":true}]}}