{"id":2762,"date":"2021-11-02T10:01:06","date_gmt":"2021-11-02T13:01:06","guid":{"rendered":"https:\/\/justlaser.com.br\/alugueldelasers\/?page_id=2762"},"modified":"2022-02-02T15:54:59","modified_gmt":"2022-02-02T18:54:59","slug":"aluguel-e-locacao-aparelho-de-depilacao-holonyak","status":"publish","type":"page","link":"https:\/\/justlaser.com.br\/alugueldelasers\/aluguel-e-locacao-de-laser-para-depilacao-a-laser\/aluguel-e-locacao-aparelho-de-depilacao-holonyak\/","title":{"rendered":"Aluguel e loca\u00e7\u00e3o  aparelho de depila\u00e7\u00e3o Holonyak."},"content":{"rendered":"<h1 data-pm-slice=\"0 0 []\" data-en-clipboard=\"true\">Aluguel e loca\u00e7\u00e3o do incr\u00edvel aparelho de depila\u00e7\u00e3o Holonyak.<\/h1>\n<h2>Aluguel para depila\u00e7\u00e3o Holonyak<\/h2>\n<div><\/div>\n<div>Se voc\u00ea, assim como muitas pessoas, trabalha com depila\u00e7\u00e3o a laser, a grande moda e a perspectiva para 2022 \u00e9 o novo aparelho de depila\u00e7\u00e3o n\u00e3o a laser, mas a led chamado <strong>Holonyak<\/strong> .<\/div>\n<div><\/div>\n<div>Sim, voc\u00ea ouviu certo. N\u00e3o \u00e9 mais depila\u00e7\u00e3o a laser, mas \u00e9 <strong>depila\u00e7\u00e3o a LED<\/strong>.<\/div>\n<div><\/div>\n<blockquote>\n<div>E ser\u00e1 que o LED tem a pot\u00eancia suficiente e qualidade de resultado final , igual aos famosos aparelhos de depila\u00e7\u00e3o a laser,\u00a0 como o laser de depila\u00e7\u00e3o <a href=\"https:\/\/justlaser.com.br\/alugueldelasers\/aluguel-locacao-depilacao-soprano-xl-soprano-ice\/\">soprano<\/a> e o <a href=\"https:\/\/justlaser.com.br\/alugueldelasers\/aluguel-locacao-lightsheer-et-depilacao\/\">lightsheer<\/a> , ou <a href=\"https:\/\/justlaser.com.br\/alugueldelasers\/aluguel-locacao-de-laser-light-sheer-duet-sp\/\">laser Duet<\/a>?<\/div>\n<\/blockquote>\n<div><\/div>\n<h2>Novidade boa ou ainda \u00e9 cedo para saber sobre efic\u00e1cia do Holonyak ?<\/h2>\n<div><\/div>\n<div><iframe src=\"\/\/www.youtube.com\/embed\/bEuMqoNVqK8\" width=\"560\" height=\"314\" allowfullscreen=\"allowfullscreen\"><\/iframe><\/div>\n<div><\/div>\n<div>O aparelho de depila\u00e7\u00e3o a led Holonyak\u00a0 ainda \u00e9 novo no mercado. E nos pr\u00f3ximos anos , somente, n\u00f3s vamos saber a real resposta frente aos seus concorrentes de depila\u00e7\u00e3o a laser. Duet, <a href=\"https:\/\/justlaser.com.br\/alugueldelasers\/aluguel-locacao-depilacao-soprano-xl-soprano-ice\/\">soprano<\/a>, <a href=\"https:\/\/justlaser.com.br\/alugueldelasers\/aluguel-locacao-lightsheer-et-depilacao\/\">lightsheer<\/a>.<\/div>\n<div><\/div>\n<div>Por enquanto est\u00e1 se formando uma pequena legi\u00e3o de admiradores e f\u00e3s dessa Nova m\u00e1quina de depila\u00e7\u00e3o a led. Na ci\u00eancia e no amor nunca diga nunca e nunca diga sempre as verdades s\u00e3o transit\u00f3rias e o futuro nos dir\u00e1 se essa m\u00e1quina veio realmente para ficar.<\/div>\n<div><\/div>\n<div><\/div>\n<div>Enquanto estamos estudando a tecnologia j\u00e1 acompanhamos as apresenta\u00e7\u00f5es e provavelmente em meados de 2022 teremos novidades para voc\u00eas. Por enquanto a nossa sugest\u00e3o \u00e9 manter jogando no time dos vencedores. At\u00e9 termos certeza de quem \u00e9 esse aparelho de depila\u00e7\u00e3o a led entrega o que ele promete.<\/div>\n<p><img decoding=\"async\" class=\"alignright size-medium wp-image-2763\" src=\"https:\/\/justlaser.com.br\/alugueldelasers\/wp-content\/uploads\/2021\/11\/ALUGUEL-E-LOCACAO-DE-Holonyak-300x200.jpg\" alt=\"ALUGUEL E LOCACAO DE Holonyak\" width=\"300\" height=\"200\" title=\"\" srcset=\"https:\/\/justlaser.com.br\/alugueldelasers\/wp-content\/uploads\/2021\/11\/ALUGUEL-E-LOCACAO-DE-Holonyak-200x134.jpg 200w, https:\/\/justlaser.com.br\/alugueldelasers\/wp-content\/uploads\/2021\/11\/ALUGUEL-E-LOCACAO-DE-Holonyak-300x200.jpg 300w, https:\/\/justlaser.com.br\/alugueldelasers\/wp-content\/uploads\/2021\/11\/ALUGUEL-E-LOCACAO-DE-Holonyak.jpg 400w\" sizes=\"(max-width: 300px) 100vw, 300px\" \/><\/p>\n<div><\/div>\n<h3>Quanto custa o Holonyak , vale a pena aluguel ou loca\u00e7\u00e3o?<\/h3>\n<div>O seu custo de aquisi\u00e7\u00e3o hoje em 2021 , beira os R$ 300.000.<\/div>\n<div><\/div>\n<div>Isso que faz dele uma m\u00e1quina muito cara,\u00a0 com um playback muito dif\u00edcil frente aos concorrentes. J\u00e1 temos aparelhos de depila\u00e7\u00e3o a laser para aluguel e loca\u00e7\u00e3o, ou para compra, que entregam resultados maravilhosos.<\/div>\n<div>E voc\u00ea ainda pode comprar os equipamentos de depila\u00e7\u00e3o a laser usados,\u00a0 pela metade do pre\u00e7o de um aparelho novo\u00a0 de depila\u00e7\u00e3o a LED Holonyak.<\/div>\n<div><\/div>\n<div>Consulte para saber mais<\/div>\n<div><\/div>\n<div><\/div>\n<div><strong>Observa\u00e7\u00e3o = AINDA NAO TEMOS A M\u00c1QUINA, ESTAMOS TESTANDO E AVALIANDO\u00a0<\/strong><\/div>\n<div><strong>\u00a0TEMOS <a href=\"https:\/\/justlaser.com.br\/alugueldelasers\/aluguel-locacao-depilacao-soprano-xl-soprano-ice\/\">SOPRANO<\/a>, <a href=\"https:\/\/justlaser.com.br\/alugueldelasers\/aluguel-locacao-de-laser-light-sheer-duet-sp\/\">DUET<\/a>, <a href=\"https:\/\/justlaser.com.br\/alugueldelasers\/aluguel-locacao-lightsheer-et-depilacao\/\">LIGHTSHEER<\/a>.<\/strong><\/div>\n","protected":false},"excerpt":{"rendered":"<p>Aluguel e loca\u00e7\u00e3o do incr\u00edvel aparelho de depila\u00e7\u00e3o Holonyak. Aluguel para depila\u00e7\u00e3o Holonyak Se [&hellip;]<\/p>\n","protected":false},"author":2,"featured_media":0,"parent":2616,"menu_order":0,"comment_status":"closed","ping_status":"closed","template":"","meta":{"footnotes":""},"_links":{"self":[{"href":"https:\/\/justlaser.com.br\/alugueldelasers\/wp-json\/wp\/v2\/pages\/2762"}],"collection":[{"href":"https:\/\/justlaser.com.br\/alugueldelasers\/wp-json\/wp\/v2\/pages"}],"about":[{"href":"https:\/\/justlaser.com.br\/alugueldelasers\/wp-json\/wp\/v2\/types\/page"}],"author":[{"embeddable":true,"href":"https:\/\/justlaser.com.br\/alugueldelasers\/wp-json\/wp\/v2\/users\/2"}],"replies":[{"embeddable":true,"href":"https:\/\/justlaser.com.br\/alugueldelasers\/wp-json\/wp\/v2\/comments?post=2762"}],"version-history":[{"count":0,"href":"https:\/\/justlaser.com.br\/alugueldelasers\/wp-json\/wp\/v2\/pages\/2762\/revisions"}],"up":[{"embeddable":true,"href":"https:\/\/justlaser.com.br\/alugueldelasers\/wp-json\/wp\/v2\/pages\/2616"}],"wp:attachment":[{"href":"https:\/\/justlaser.com.br\/alugueldelasers\/wp-json\/wp\/v2\/media?parent=2762"}],"curies":[{"name":"wp","href":"https:\/\/api.w.org\/{rel}","templated":true}]}}