{"id":2771,"date":"2023-02-13T06:40:58","date_gmt":"2023-02-13T09:40:58","guid":{"rendered":"https:\/\/justlaser.com.br\/alugueldelasers\/?page_id=2771"},"modified":"2025-03-05T13:59:37","modified_gmt":"2025-03-05T16:59:37","slug":"aluguel-criolipolise-placas-criodermis-crioderme","status":"publish","type":"page","link":"https:\/\/justlaser.com.br\/alugueldelasers\/aluguel-de-aparelho-de-criolipolise-em-sao-paulo\/aluguel-criolipolise-placas-criodermis-crioderme\/","title":{"rendered":"Aluguel criolipolise placas criodermis crioderme"},"content":{"rendered":"<h1>Aluguel de crio de placas<\/h1>\n<h1><span style=\"font-size: 20px;\">Aluguel e loca\u00e7\u00e3o de aparelho de\u00a0criolip\u00f3lise placas\u00a0 &#8211; Criodermis<\/span><\/h1>\n<p><span style=\"font-size: 20px;\">Uma nova gera\u00e7\u00e3o de aparelhos para perda de gordura localizada, a criolip\u00f3lise em placas surgiu em 2021.<\/span><\/p>\n<p><span style=\"font-size: 20px;\">E entrou r\u00e1pido do dia a dia das cl\u00ednicas de est\u00e9tica, gerando novos tratamentos e protocolos de emagrecimento e perda de gordura localizada utlizando tecnologia de uma nova forma de entrega de congelamento da gordura:\u00a0 a criolip\u00f3lise em placas.<\/span><\/p>\n<blockquote><p><span style=\"font-size: 20px;\"><strong>Revolucion\u00e1rio, o aparelho <a href=\"https:\/\/www.medicalsan.com.br\/criodermis\/\" target=\"_blank\" rel=\"noopener\">CRIODERMIS\u00a0<\/a> veio com marketing agressivo , com as pacientes pedindo pela tecnologia nas cl\u00ednicas de est\u00e9tica.\u00a0<\/strong><\/span><\/p><\/blockquote>\n<h2><span style=\"font-size: 20px;\">O Aluguel ou loca\u00e7\u00e3o da m\u00e1quina de criolip\u00f3lise em placa Crioderme para sua cl\u00ednica<\/span><\/h2>\n<p><span style=\"font-size: 20px;\"><em><strong>Ela \u00e9 chamada &#8220;nova criolip\u00f3lise&#8221;<\/strong><\/em>, porque combina a bioativa\u00e7\u00e3o celular, muscular e d\u00e9rmica. O Aparelho de Criolip\u00f3lise de Placas \u00e9 eficaz para o tratamento da gordura localizada em v\u00e1rias regi\u00f5es como bra\u00e7os, flancos, abdomen, costas, &#8220;bananinha&#8221; mesmo com pouca gordura concentrada, pois n\u00e3o utiliza o v\u00e1cuo, como as criolip\u00f3lises convencionais, possibilitando o tratamento de regi\u00f5es inacess\u00edveis ao v\u00e1cuo da suc\u00e7\u00e3o convencional.<\/span><\/p>\n<p><span style=\"font-size: 20px;\">As <strong>placas da criolip\u00f3lise<\/strong> s\u00e3o eficazes para redu\u00e7\u00e3o de pregas teciduais formadas por perda de sustenta\u00e7\u00e3o d\u00e9rmica, associadas ao peso da gordura localizada e tamb\u00e9m em pequenos dep\u00f3sitos de gordura que antes eram imposs\u00edvel o acesso pela manopla da criolip\u00f3lise convencional, que necessita de 2.0 de gordura para fazer a suc\u00e7\u00e3o.<\/span><\/p>\n<div id=\"ad-offers\" class=\"ad-video-inread\">\u00a0<iframe src=\"\/\/www.youtube.com\/embed\/SLLueY4Mkxk\" width=\"560\" height=\"314\" allowfullscreen=\"allowfullscreen\"><\/iframe><\/div>\n<h2>Aluguel do Criodermis, da Medical San:<\/h2>\n<p><span style=\"font-size: 20px;\">O criodermis \u00e9 o equipamento perfeito para a redu\u00e7\u00e3o de medidas e remodelamento do contorno corporal. Ele possui a mais moderna tecnologia do mercado. O Criodermis Criolip\u00f3lise \u00e9 confort\u00e1vel e seguro pois n\u00e3o utiliza o sistema de v\u00e1cuo e conta com a ponteira cold anatomic trabalha com uma temperatura de &#8211; 5\u00ba.<\/span><\/p>\n<p><span style=\"font-size: 20px;\">Quando o nosso metabolismo \u00e9 submetido a varia\u00e7\u00f5es de temperatura, rapidamente ir\u00e1 buscar energia para garantir a homeostase e \u00e9 justamente nos adip\u00f3citos que est\u00e3o nossa maior reserva energ\u00e9tica. Portanto, nosso organismo utiliza a energia adipocit\u00e1ria para se manter em equil\u00edbrio, de forma que ocorre a lip\u00f3lise, j\u00e1 que os triglicer\u00eddeos armazenados nos adip\u00f3citos s\u00e3o degradados e o corpo precisa de maior gasto cal\u00f3rico para se manter est\u00e1vel.<\/span><\/p>\n<p><span style=\"font-size: 20px;\">O Criodermis \u00e9 um equipamento de criolipolise de Placas que permite 2 modos de trabalho: a criolip\u00f3lise de contraste e a criolipolise convencional. O profissional pode trabalhar com 4 aplicadores simult\u00e2neos e 2 aplicadores independentes.<\/span><br \/>\n<span style=\"font-size: 20px;\">O equipamento conta com o conceito inovador Crioplace combinando maior \u00e1rea de tratamento (de 560cm\u00b2), otimiza\u00e7\u00e3o de tempo (permitindo que o profissional trate v\u00e1rias \u00e1reas ao mesmo tempo) e a seguran\u00e7a, j\u00e1 que n\u00e3o h\u00e1 risco de complica\u00e7\u00f5es. Al\u00e9m disso, o CrioDermis \u00e9 o aparelho mais e leve e ergon\u00f4mico do mercado, pesando apenas 7kg e facilitando o transporte.<\/span><\/p>\n<h2><span style=\"font-size: 24px;\"><strong>Criodermis aluguel equipamento padr\u00e3o<\/strong><\/span><\/h2>\n<p><span style=\"font-size: 20px;\">A medical san apresenta grande tecnologia inovadora. Equipamento para \u00e1rea est\u00e9tica desenvolvido com designer moderno, port\u00e1til, possuindo 4 sa\u00eddas simult\u00e2neas criando possibilidades de procedimentos combinados. Seu maior diferencial placas com sistema de resfriamento para dissipa\u00e7\u00e3o de ar, tecnologia Peltier, atingindo facilmente uma temperatura de -5\u00b0C para criolip\u00f3lise.\u00a0\u00a0O calor gerado \u00e9 dissipado tanto de forma lateral, quanto na parte inferior atrav\u00e9s da sa\u00edda de ar, sem a necessidade do uso de \u00e1gua, tornando o equipamento leve e econ\u00f4mico.<\/span><\/p>\n<p><span style=\"font-size: 20px;\">&#8211; Designer Moderno, Port\u00e1til.<\/span><br \/>\n<span style=\"font-size: 20px;\">&#8211; Associa\u00e7\u00f5es.<\/span><br \/>\n<span style=\"font-size: 20px;\">&#8211; Tratamento para gordura localizada.<\/span><br \/>\n<span style=\"font-size: 20px;\">&#8211;\u00a0\u00a0Emite um sinal sonoro ap\u00f3s t\u00e9rmino de sess\u00e3o programada.<\/span><br \/>\n<span style=\"font-size: 20px;\">&#8211; Possui 4 sa\u00eddas simult\u00e2neas para associar protocolos: Ondas de Choque, Piezel\u00e9trico, Ultrafrequ\u00eancia, Ultracavita\u00e7\u00e3o e Massagem manual.<\/span><\/p>\n<p><span style=\"font-size: 20px;\"><img decoding=\"async\" class=\"alignleft wp-image-2773\" title=\"Aluguel de crio de placas\" src=\"https:\/\/justlaser.com.br\/alugueldelasers\/wp-content\/uploads\/2021\/11\/CRIODERMIS-FULL-APARELHO-DE-CRIOLIPOLISE-DE-PLACAS-ALUGUEL-LOCACAO.jpg\" alt=\"CRIODERMIS-FULL---APARELHO-DE-CRIOLIPOLISE-DE-PLACAS---ALUGUEL LOCACAO\" width=\"328\" height=\"328\" srcset=\"https:\/\/justlaser.com.br\/alugueldelasers\/wp-content\/uploads\/2021\/11\/CRIODERMIS-FULL-APARELHO-DE-CRIOLIPOLISE-DE-PLACAS-ALUGUEL-LOCACAO-66x66.jpg 66w, https:\/\/justlaser.com.br\/alugueldelasers\/wp-content\/uploads\/2021\/11\/CRIODERMIS-FULL-APARELHO-DE-CRIOLIPOLISE-DE-PLACAS-ALUGUEL-LOCACAO-150x150.jpg 150w, https:\/\/justlaser.com.br\/alugueldelasers\/wp-content\/uploads\/2021\/11\/CRIODERMIS-FULL-APARELHO-DE-CRIOLIPOLISE-DE-PLACAS-ALUGUEL-LOCACAO-200x200.jpg 200w, https:\/\/justlaser.com.br\/alugueldelasers\/wp-content\/uploads\/2021\/11\/CRIODERMIS-FULL-APARELHO-DE-CRIOLIPOLISE-DE-PLACAS-ALUGUEL-LOCACAO-300x300.jpg 300w, https:\/\/justlaser.com.br\/alugueldelasers\/wp-content\/uploads\/2021\/11\/CRIODERMIS-FULL-APARELHO-DE-CRIOLIPOLISE-DE-PLACAS-ALUGUEL-LOCACAO-400x400.jpg 400w, https:\/\/justlaser.com.br\/alugueldelasers\/wp-content\/uploads\/2021\/11\/CRIODERMIS-FULL-APARELHO-DE-CRIOLIPOLISE-DE-PLACAS-ALUGUEL-LOCACAO-500x500.jpg 500w, https:\/\/justlaser.com.br\/alugueldelasers\/wp-content\/uploads\/2021\/11\/CRIODERMIS-FULL-APARELHO-DE-CRIOLIPOLISE-DE-PLACAS-ALUGUEL-LOCACAO-600x600.jpg 600w, https:\/\/justlaser.com.br\/alugueldelasers\/wp-content\/uploads\/2021\/11\/CRIODERMIS-FULL-APARELHO-DE-CRIOLIPOLISE-DE-PLACAS-ALUGUEL-LOCACAO-700x700.jpg 700w, https:\/\/justlaser.com.br\/alugueldelasers\/wp-content\/uploads\/2021\/11\/CRIODERMIS-FULL-APARELHO-DE-CRIOLIPOLISE-DE-PLACAS-ALUGUEL-LOCACAO-768x768.jpg 768w, https:\/\/justlaser.com.br\/alugueldelasers\/wp-content\/uploads\/2021\/11\/CRIODERMIS-FULL-APARELHO-DE-CRIOLIPOLISE-DE-PLACAS-ALUGUEL-LOCACAO-800x800.jpg 800w, https:\/\/justlaser.com.br\/alugueldelasers\/wp-content\/uploads\/2021\/11\/CRIODERMIS-FULL-APARELHO-DE-CRIOLIPOLISE-DE-PLACAS-ALUGUEL-LOCACAO.jpg 1000w\" sizes=\"(max-width: 328px) 100vw, 328px\" \/><\/span><\/p>\n<p><span style=\"font-size: 20px;\"><strong>A criolip\u00f3lise<\/strong> ataca seletivamente as c\u00e9lulas de gordura da regi\u00e3o a ser tratada. Ap\u00f3s o congelamento da \u00e1rea, as membranas das c\u00e9lulas s\u00e3o danificadas levando as naturalmente a um processo de autodestrui\u00e7\u00e3o num per\u00edodo de seis a oito semanas. A gordura \u00e9 liberada aos poucos pelo sistema linf\u00e1tico, sendo metabolizada no f\u00edgado, sem comprometer o seu funcionamento. Os resultados da criolip\u00f3lise come\u00e7am a ser vistos ap\u00f3s 30 dias do tratamento e continuam melhorando at\u00e9 os 60 dias. \u00c9 importante ressaltar sobre o controle de tempo e exposi\u00e7\u00e3o do<\/span><\/p>\n<p><span style=\"font-size: 20px;\">tecido a temperatura. A criolip\u00f3lise \u00e9\u00a0um tratamento n\u00e3o invasivo onde n\u00e3o necessita de agulhas cortes e muito menos cirurgia. Resultados comprovados e not\u00f3rios ap\u00f3s primeira sess\u00e3o.<\/span><\/p>\n<h3><strong><span style=\"font-size: 20px;\">Protocolo de tratamento com\u00a0 a Criolip\u00f3lise placas :<\/span><\/strong><\/h3>\n<p><span style=\"font-size: 20px;\">Tempo de sess\u00e3o de acordo com a camada adiposa podendo ser de 30 at\u00e9 90 minutos. A temperatura vem fixa no equipamento a -5 graus.<\/span><br \/>\n<span style=\"font-size: 20px;\">Protocolo Terapia de Contraste: Tempo de aquecimento inicial 5 a 10 minutos, resfriamento de 30 at\u00e9 90 minutos de acordo com a camada adiposa, aquecimento final de 5 a 10 minutos. A temperatura nesse caso tamb\u00e9m ser\u00e1 fixa.<\/span><\/p>\n<h3><span style=\"font-size: 20px;\"><strong>Indica\u00e7\u00f5es da criolipolise em placas Crioderme, para aluguel ou loca\u00e7\u00e3o<\/strong><\/span><\/h3>\n<p><span style=\"font-size: 20px;\">&#8211; Tratamentos de gordura localizada em qualquer \u00e1rea corporal.<\/span><br \/>\n<span style=\"font-size: 20px;\">&#8211; Interno de coxas, abd\u00f4men, flancos, zona lombar, culotes, bra\u00e7os, papada e gl\u00fateos.<\/span><\/p>\n<h3><span style=\"font-size: 24px;\"><strong>Contra-Indica\u00e7\u00f5es no uso da\u00a0<\/strong><strong>da criolipolise em placas Crioderme<\/strong><\/span><\/h3>\n<p><span style=\"font-size: 20px;\">&#8211; Processos infecciosos agudos.<\/span><br \/>\n<span style=\"font-size: 20px;\">&#8211; Processos hemorr\u00e1gicos e tratamentos anticoagulantes.<\/span><\/p>\n<p><span style=\"font-size: 20px;\">&#8211; Polineuropatias.<\/span><br \/>\n<span style=\"font-size: 20px;\">&#8211; Neoplasias.<\/span><br \/>\n<span style=\"font-size: 20px;\">&#8211; Enfermidades reum\u00e1ticas sist\u00eamicas.<\/span><br \/>\n<span style=\"font-size: 20px;\">&#8211; Gestantes ou sobre o \u00fatero potencialmente gr\u00e1vido.<\/span><br \/>\n<span style=\"font-size: 20px;\">&#8211; Dispositivo Eletr\u00f4nico implantado.<\/span><br \/>\n<span style=\"font-size: 20px;\">&#8211; Sensibilidade ao frio (crioglobulinemia).<\/span><br \/>\n<span style=\"font-size: 20px;\">&#8211; S\u00edndrome de Rayanaud.<\/span><br \/>\n<span style=\"font-size: 20px;\">&#8211; Sobre \u00e1reas isqu\u00eamicas (onde o suprimento sangu\u00edneo pode ser incapaz de suprir a demanda resultando em necrose).<\/span><br \/>\n<span style=\"font-size: 20px;\">&#8211; Sobre a pele irritada ou com presen\u00e7a de dermatites.<\/span><\/p>\n<h4><span style=\"font-size: 20px;\"><strong>\u00a0Efeitos Secund\u00e1rios das placas de criolip\u00f3lise<\/strong><\/span><\/h4>\n<p><span style=\"font-size: 20px;\">&#8211; Hematomas.<\/span><br \/>\n<span style=\"font-size: 20px;\">&#8211; Pet\u00e9quias.<\/span><br \/>\n<span style=\"font-size: 20px;\">-Eritema.<\/span><\/p>\n<p><span style=\"font-size: 20px;\">&#8211; Dorm\u00eancia.<\/span><\/p>\n<p><span style=\"font-size: 20px;\">Calibra\u00e7\u00e3o: O equipamento deve passar por manuten\u00e7\u00e3o peri\u00f3dica anual para minimizar desgastes ou corros\u00f5es que possam reduzir suas propriedades mec\u00e2nicas dentro do seu per\u00edodo de vida \u00fatil.<\/span><\/p>\n<h4><span style=\"font-size: 20px;\"><strong>Como fazer a Limpeza do aparelho de loca\u00e7\u00e3o de criolipolise em placas\u00a0<\/strong><\/span><\/h4>\n<p><span style=\"font-size: 20px;\">&#8211; Desligue o equipamento da fonte de alimenta\u00e7\u00e3o.<\/span><br \/>\n<span style=\"font-size: 20px;\">&#8211; A limpeza do gabinete e os acess\u00f3rios podem ser realizadas utilizando pano umedecido com detergente neutro.<\/span><br \/>\n<span style=\"font-size: 20px;\">&#8211; N\u00e3o coloque o equipamento, ou cabos, Em l\u00edquidos.<\/span><br \/>\n<span style=\"font-size: 20px;\">&#8211; Limpar o transdutor todo fim de sess\u00e3o, recomendamos o uso de \u00e1lcool com um pano seco.<\/span><\/p>\n<h4><span style=\"font-size: 20px;\"><strong>Especifica\u00e7\u00f5es T\u00e9cnicas do Criodermis , para Aluguel<\/strong><\/span><\/h4>\n<p><span style=\"font-size: 20px;\">Alimenta\u00e7\u00e3o: Bivolt Autom\u00e1tico \u2013 100 \u2013 240V ~\/ 60 Hz.<\/span><br \/>\n<span style=\"font-size: 20px;\">Pot\u00eancia de Entrada: 300 VA.<\/span><br \/>\n<span style=\"font-size: 20px;\">Fus\u00edveis: 5\u00aa A\u00e7\u00e3o r\u00e1pida 250 V (F) capacidade de ruptura 50 A.<\/span><br \/>\n<span style=\"font-size: 20px;\">Classe El\u00e9trica: Classe I.<\/span><br \/>\n<span style=\"font-size: 20px;\">Prote\u00e7\u00e3o El\u00e9trica: TIPO BF.<\/span><br \/>\n<span style=\"font-size: 20px;\">Dimens\u00f5es do gabinete:<\/span><br \/>\n<span style=\"font-size: 20px;\">Largura: 45 cm \u00b1 5%.<\/span><br \/>\n<span style=\"font-size: 20px;\">Profundidade: 40cm \u00b1 5%.<\/span><br \/>\n<span style=\"font-size: 20px;\">Altura: 20 cm \u00b1 5%.<\/span><br \/>\n<span style=\"font-size: 20px;\">Peso: 7,0 Kg \u00b1 5%.<\/span><br \/>\n<span style=\"font-size: 20px;\">Caracter\u00edsticas de Sa\u00edda:<\/span><br \/>\n<span style=\"font-size: 20px;\">Pot\u00eancia total: 300 W.<\/span><br \/>\n<span style=\"font-size: 20px;\">Temperatura de Trabalho: -5\u00b0C.<\/span><br \/>\n<span style=\"font-size: 20px;\">Dura\u00e7\u00e3o de Funcionamento:<\/span><br \/>\n<span style=\"font-size: 20px;\">Tempo da sess\u00e3o: 1 a 100 minutos.<\/span><br \/>\n<span style=\"font-size: 20px;\">Modos de Trabalho: Cont\u00ednuo.<\/span><br \/>\n<span style=\"font-size: 20px;\">Conformidade regulamentar:<\/span><br \/>\n<span style=\"font-size: 20px;\">NBR IEC 60601-1.<\/span><br \/>\n<span style=\"font-size: 20px;\">NBR IEC 60601-1-2.<\/span><br \/>\n<span style=\"font-size: 20px;\">Condi\u00e7\u00f5es ambientais de utiliza\u00e7\u00e3o:<\/span><br \/>\n<span style=\"font-size: 20px;\">Temperatura: 20\u00b0C a 24\u00b0C.<\/span><br \/>\n<span style=\"font-size: 20px;\">Umidade relativa: 10% a 70% sem condensa\u00e7\u00e3o.<\/span><br \/>\n<span style=\"font-size: 20px;\">Press\u00e3o Atmosf\u00e9rica: 665 mmHg a 781 mmHg.<\/span><\/p>\n<h4><span style=\"font-size: 20px;\"><strong>\u00a0Itens Incluso no equipamento de loca\u00e7\u00e3o<\/strong><\/span><\/h4>\n<p style=\"margin-left: 18.0pt;\"><span style=\"font-size: 20px;\">01- Equipamento Criodermis.<\/span><br \/>\n<span style=\"font-size: 20px;\">04- Manoplas Grandes 14x10cm.<\/span><br \/>\n<span style=\"font-size: 20px;\">02- Manoplas M\u00e9dias 7,5&#215;7,5cm.<\/span><br \/>\n<span style=\"font-size: 20px;\">01- Manual de Instru\u00e7\u00f5es.<\/span><br \/>\n<span style=\"font-size: 20px;\">01- Cabo de Alimenta\u00e7\u00e3o el\u00e9trica.<\/span><br \/>\n<span style=\"font-size: 20px;\">01- Suporte Para Manoplas.<\/span><br \/>\n<span style=\"font-size: 20px;\">04- Faixas.<\/span><br \/>\n<span style=\"font-size: 20px;\">01- Rack.<\/span><\/p>\n<p>&nbsp;<\/p>\n<h2><span style=\"font-size: 24px;\">Criolip\u00f3lise em placas , vers\u00e3o compacta do Criodermis<\/span><\/h2>\n<p><span style=\"font-size: 20px;\"><img decoding=\"async\" class=\"alignright wp-image-2772\" title=\"aluguel de criodermis \" src=\"https:\/\/justlaser.com.br\/alugueldelasers\/wp-content\/uploads\/2021\/11\/criodermis-smart-criolipolise-de-placas-aluguel-locacao.jpg\" alt=\"criodermis-smart-criolipolise-de-placas-aluguel-locacao\" width=\"423\" height=\"423\" srcset=\"https:\/\/justlaser.com.br\/alugueldelasers\/wp-content\/uploads\/2021\/11\/criodermis-smart-criolipolise-de-placas-aluguel-locacao-66x66.jpg 66w, https:\/\/justlaser.com.br\/alugueldelasers\/wp-content\/uploads\/2021\/11\/criodermis-smart-criolipolise-de-placas-aluguel-locacao-150x150.jpg 150w, https:\/\/justlaser.com.br\/alugueldelasers\/wp-content\/uploads\/2021\/11\/criodermis-smart-criolipolise-de-placas-aluguel-locacao-200x200.jpg 200w, https:\/\/justlaser.com.br\/alugueldelasers\/wp-content\/uploads\/2021\/11\/criodermis-smart-criolipolise-de-placas-aluguel-locacao-300x300.jpg 300w, https:\/\/justlaser.com.br\/alugueldelasers\/wp-content\/uploads\/2021\/11\/criodermis-smart-criolipolise-de-placas-aluguel-locacao-400x400.jpg 400w, https:\/\/justlaser.com.br\/alugueldelasers\/wp-content\/uploads\/2021\/11\/criodermis-smart-criolipolise-de-placas-aluguel-locacao-500x500.jpg 500w, https:\/\/justlaser.com.br\/alugueldelasers\/wp-content\/uploads\/2021\/11\/criodermis-smart-criolipolise-de-placas-aluguel-locacao-600x600.jpg 600w, https:\/\/justlaser.com.br\/alugueldelasers\/wp-content\/uploads\/2021\/11\/criodermis-smart-criolipolise-de-placas-aluguel-locacao.jpg 660w\" sizes=\"(max-width: 423px) 100vw, 423px\" \/><\/span><\/p>\n<p><span style=\"font-size: 20px;\">Criodermis Smart \u00e9 o aparelho de criolip\u00f3lise de placas da Medical San na vers\u00e3o otimizada e compacta. \u00c9 o aparelho ideal para eliminar gordura corporal e remodelar a silhueta sem a necessidade de suc\u00e7\u00e3o.\u00a0\u00c9 o \u00fanico aparelho\u00a0que possibilita o uso de 4 aplicadores simult\u00e2neos para a busca do melhor resultado em menos tempo, de forma totalmente segura e com o melhor custo\/benef\u00edcio do<\/span> mercado.<\/p>\n<h2><span style=\"font-size: 14pt;\">ENTRE EM CONTATO PARA SABER PRE\u00c7OS DE ALUGUEL E LOCA\u00c7\u00c3O DE CRIOLIPOLISE EM PLACAS PARA SUA CL\u00cdNICA DE EST\u00c9TICA<\/span><\/h2>\n<blockquote>\n<h2><span style=\"font-size: 14pt;\"><strong>TEMOS LOCA\u00c7\u00c3O DI\u00c1RIA, SEMANAL E MENSAL DE CRIOLIPOLIPOLISE EM PLACAS !\u00a0<\/strong><\/span><\/h2>\n<\/blockquote>\n<p><span style=\"font-size: 28px;\"><strong>Veja links de outros aparelhos para loca\u00e7\u00e3o:<\/strong><\/span><\/p>\n<p><span style=\"font-size: 20px;\"><a href=\"https:\/\/justlaser.com.br\/alugueldelasers\/aluguel-locacao-de-lasers\/locacao-aluguel-do-laser-plataforma-ethereamx-sao-paulo\/\">Aluguel Etherea MX<\/a><\/span><\/p>\n<p><span style=\"font-size: 20px;\"><a href=\"https:\/\/justlaser.com.br\/alugueldelasers\/aluguel-e-locacao-de-laser-para-depilacao-a-laser\/aluguel-soprano-platinum\">Aluguel\u00a0 Soprano Platinum<\/a><\/span><\/p>\n<p><span style=\"font-size: 20px;\"><a href=\"https:\/\/justlaser.com.br\/alugueldelasers\/aluguel-e-locacao-de-laser-para-depilacao-a-laser\/locacao-de-soprano-platinum\/\"><strong>Loca\u00e7\u00e3o de Soprano Platinum<\/strong><\/a><\/span><\/p>\n<p><span style=\"font-size: 20px;\"><a href=\"https:\/\/endoliftacademy.com.br\/\" target=\"_blank\" rel=\"noopener\">Curso de Endolaser<\/a><\/span><\/p>\n<p><span style=\"font-size: 20px;\"><strong><a href=\"https:\/\/www.instagram.com\/endoliftacademybrasil\/\" target=\"_blank\" rel=\"noopener\">Tudo sobre Endolaser &#8211; dicas e cursos no Instagram\u00a0<\/a><\/strong><\/span><\/p>\n<p><span style=\"font-size: 20px;\"><a href=\"https:\/\/justlaser.com.br\/alugueldelasers\/aluguel-de-endolift\/\"><strong>J\u00e1 pensou em aluguel do ENDOLASER\u00a0\u00a0<\/strong><\/a><\/span><\/p>\n<p>&nbsp;<\/p>\n<p><span style=\"font-size: 20px;\"><strong>N\u00e3o perca tempo!<\/strong> <\/span><\/p>\n<p><span style=\"font-size: 20px;\">Traga a tecnologia de depila\u00e7\u00e3o a laser mais avan\u00e7ada do mundo para o seu espa\u00e7o e ofere\u00e7a aos seus clientes <strong>seguran\u00e7a, efic\u00e1cia e conforto<\/strong> com o Soprano Platinum da Just Laser.<\/span><\/p>\n<blockquote><p><span style=\"font-size: 28px;\"><strong>Chame a gente agora, pelo Whatsapp.<br \/>\nO link est\u00e1 logo aqui: abaixo \u00e0 direita!<\/strong><\/span><\/p><\/blockquote>\n","protected":false},"excerpt":{"rendered":"<p>Aluguel de crio de placas Aluguel e loca\u00e7\u00e3o de aparelho de\u00a0criolip\u00f3lise placas\u00a0 &#8211; Criodermis [&hellip;]<\/p>\n","protected":false},"author":2,"featured_media":0,"parent":2431,"menu_order":0,"comment_status":"closed","ping_status":"closed","template":"","meta":{"footnotes":""},"_links":{"self":[{"href":"https:\/\/justlaser.com.br\/alugueldelasers\/wp-json\/wp\/v2\/pages\/2771"}],"collection":[{"href":"https:\/\/justlaser.com.br\/alugueldelasers\/wp-json\/wp\/v2\/pages"}],"about":[{"href":"https:\/\/justlaser.com.br\/alugueldelasers\/wp-json\/wp\/v2\/types\/page"}],"author":[{"embeddable":true,"href":"https:\/\/justlaser.com.br\/alugueldelasers\/wp-json\/wp\/v2\/users\/2"}],"replies":[{"embeddable":true,"href":"https:\/\/justlaser.com.br\/alugueldelasers\/wp-json\/wp\/v2\/comments?post=2771"}],"version-history":[{"count":0,"href":"https:\/\/justlaser.com.br\/alugueldelasers\/wp-json\/wp\/v2\/pages\/2771\/revisions"}],"up":[{"embeddable":true,"href":"https:\/\/justlaser.com.br\/alugueldelasers\/wp-json\/wp\/v2\/pages\/2431"}],"wp:attachment":[{"href":"https:\/\/justlaser.com.br\/alugueldelasers\/wp-json\/wp\/v2\/media?parent=2771"}],"curies":[{"name":"wp","href":"https:\/\/api.w.org\/{rel}","templated":true}]}}