{"id":2776,"date":"2022-11-13T07:01:39","date_gmt":"2022-11-13T10:01:39","guid":{"rendered":"https:\/\/justlaser.com.br\/alugueldelasers\/?page_id=2776"},"modified":"2023-02-21T09:49:42","modified_gmt":"2023-02-21T12:49:42","slug":"aluguel-locacao-inkie-laser-para-remocao-tatuagem","status":"publish","type":"page","link":"https:\/\/justlaser.com.br\/alugueldelasers\/aluguel-locacao-inkie-laser-para-remocao-tatuagem\/","title":{"rendered":"Aluguel Inkie laser para remo\u00e7\u00e3o tatuagem"},"content":{"rendered":"<h1><span style=\"font-size: 18pt;\">Aluguel\u00a0 Inkie Laser\u00a0<\/span><\/h1>\n<h1><img decoding=\"async\" class=\"aligncenter wp-image-3436 size-fusion-600\" title=\"aluguel inkie\" src=\"https:\/\/justlaser.com.br\/alugueldelasers\/wp-content\/uploads\/2023\/02\/locacao-inkie-600x300.jpg\" alt=\"locacao inkie\" width=\"600\" height=\"300\" srcset=\"https:\/\/justlaser.com.br\/alugueldelasers\/wp-content\/uploads\/2023\/02\/locacao-inkie-200x100.jpg 200w, https:\/\/justlaser.com.br\/alugueldelasers\/wp-content\/uploads\/2023\/02\/locacao-inkie-300x150.jpg 300w, https:\/\/justlaser.com.br\/alugueldelasers\/wp-content\/uploads\/2023\/02\/locacao-inkie-400x200.jpg 400w, https:\/\/justlaser.com.br\/alugueldelasers\/wp-content\/uploads\/2023\/02\/locacao-inkie-500x250.jpg 500w, https:\/\/justlaser.com.br\/alugueldelasers\/wp-content\/uploads\/2023\/02\/locacao-inkie-600x300.jpg 600w, https:\/\/justlaser.com.br\/alugueldelasers\/wp-content\/uploads\/2023\/02\/locacao-inkie-700x350.jpg 700w, https:\/\/justlaser.com.br\/alugueldelasers\/wp-content\/uploads\/2023\/02\/locacao-inkie-768x384.jpg 768w, https:\/\/justlaser.com.br\/alugueldelasers\/wp-content\/uploads\/2023\/02\/locacao-inkie.jpg 800w\" sizes=\"(max-width: 600px) 100vw, 600px\" \/><\/h1>\n<p>O aluguel do Inkie laser para remo\u00e7\u00e3o de tatuagem , micro pigmenta\u00e7\u00e3o , sobrancelha e tratamento do melasma pode dar um boost na sua cl\u00ednica!<\/p>\n<h2><span style=\"font-size: 14pt;\">Aluguel do Inkie Laser para remo\u00e7\u00e3o de tatuagem<\/span><\/h2>\n<section id=\"o-inkie\" class=\"vc_section vc_custom_1590107248399 vc_section-has-fill\">\n<div id=\"wbc-618f8abe243c2\" class=\"vc_row wpb_row full-width-section\">\n<div class=\"container\">\n<div class=\"row row-inner\">\n<div class=\"wpb_column vc_column_container vc_col-sm-6 \">\n<div class=\"vc_column-inner \">\n<div class=\"wpb_wrapper\">\n<div class=\"wbc-heading clearfix\">\n<blockquote>\n<h3 class=\"special-heading-2\"><strong>Surpreenda seus pacientes com o equipamento mais seguro e eficiente para remo\u00e7\u00e3o de tatuagens e micropigmenta\u00e7\u00e3o dispon\u00edvel no mercado!<\/strong><\/h3>\n<\/blockquote>\n<\/div>\n<div class=\"vc_empty_space\">Ofere\u00e7a essa tecnologia a laser de \u00faltima gera\u00e7\u00e3o, com registro na ANVISA e baixo custo de manuten\u00e7\u00e3o.<\/div>\n<div class=\"wpb_text_column wpb_content_element \">\n<div class=\"wpb_wrapper\">\n<p>O\u00a0<a href=\"https:\/\/inkielaser.com.br\/\" target=\"_blank\" rel=\"noopener\"><strong>INKIE Laser<\/strong><\/a>\u00a0emite dois comprimentos de onda diferentes para se adaptar \u00e0 cor do pigmento a ser tratado :<\/p>\n<ul>\n<li><em>532nm mais superficial e para cores claras<\/em><\/li>\n<li><em>e 1064nm comprimento de onda para cores escuras e profundas<\/em><\/li>\n<li>Inkie trabalha removendo tatuagens de cores quentes e frias.<\/li>\n<\/ul>\n<p>Dessa forma, sua a\u00e7\u00e3o \u00e9 mais eficaz e oferece menos risco de danificar os vasos adjacentes:<\/p>\n<p>\u2022\u00a0<strong>1064nm:<\/strong>\u00a0utilizado em pigmentos azuis, pretos e outros tons escuros;<br \/>\n\u2022\u00a0<strong>532nm:<\/strong>\u00a0utilizado em pigmentos vermelhos, rosas, roxos, marrons e tons claros.<\/p>\n<\/div>\n<div class=\"wpb_column vc_column_container vc_col-sm-4\">\n<div class=\"vc_column-inner\">\n<div class=\"wpb_wrapper\">\n<div class=\"wbc-list-wrap\">\n<div><\/div>\n<div class=\"wbc-icon-wrapper\"><img decoding=\"async\" class=\"aligncenter size-full wp-image-2777\" src=\"https:\/\/justlaser.com.br\/alugueldelasers\/wp-content\/uploads\/2021\/11\/aluguel-locacao-equipamento-remocao-de-tatuagem-Inkie-ink.png\" alt=\"aluguel locacao equipamento remocao de tatuagem Inkie ink\" width=\"1566\" height=\"362\" title=\"\" srcset=\"https:\/\/justlaser.com.br\/alugueldelasers\/wp-content\/uploads\/2021\/11\/aluguel-locacao-equipamento-remocao-de-tatuagem-Inkie-ink-200x46.png 200w, https:\/\/justlaser.com.br\/alugueldelasers\/wp-content\/uploads\/2021\/11\/aluguel-locacao-equipamento-remocao-de-tatuagem-Inkie-ink-300x69.png 300w, https:\/\/justlaser.com.br\/alugueldelasers\/wp-content\/uploads\/2021\/11\/aluguel-locacao-equipamento-remocao-de-tatuagem-Inkie-ink-400x92.png 400w, https:\/\/justlaser.com.br\/alugueldelasers\/wp-content\/uploads\/2021\/11\/aluguel-locacao-equipamento-remocao-de-tatuagem-Inkie-ink-500x116.png 500w, https:\/\/justlaser.com.br\/alugueldelasers\/wp-content\/uploads\/2021\/11\/aluguel-locacao-equipamento-remocao-de-tatuagem-Inkie-ink-600x139.png 600w, https:\/\/justlaser.com.br\/alugueldelasers\/wp-content\/uploads\/2021\/11\/aluguel-locacao-equipamento-remocao-de-tatuagem-Inkie-ink-700x162.png 700w, https:\/\/justlaser.com.br\/alugueldelasers\/wp-content\/uploads\/2021\/11\/aluguel-locacao-equipamento-remocao-de-tatuagem-Inkie-ink-768x178.png 768w, https:\/\/justlaser.com.br\/alugueldelasers\/wp-content\/uploads\/2021\/11\/aluguel-locacao-equipamento-remocao-de-tatuagem-Inkie-ink-800x185.png 800w, https:\/\/justlaser.com.br\/alugueldelasers\/wp-content\/uploads\/2021\/11\/aluguel-locacao-equipamento-remocao-de-tatuagem-Inkie-ink-1024x237.png 1024w, https:\/\/justlaser.com.br\/alugueldelasers\/wp-content\/uploads\/2021\/11\/aluguel-locacao-equipamento-remocao-de-tatuagem-Inkie-ink-1200x277.png 1200w, https:\/\/justlaser.com.br\/alugueldelasers\/wp-content\/uploads\/2021\/11\/aluguel-locacao-equipamento-remocao-de-tatuagem-Inkie-ink.png 1566w\" sizes=\"(max-width: 1566px) 100vw, 1566px\" \/><\/div>\n<\/div>\n<\/div>\n<\/div>\n<\/div>\n<\/div>\n<\/div>\n<\/div>\n<\/div>\n<\/div>\n<\/div>\n<\/div>\n<\/section>\n<div id=\"wbc-618f8abe26655\" class=\"vc_row wpb_row full-width-section\">\n<div class=\" padmob wpb_column vc_column_container vc_col-sm-6 text-left\">\n<div class=\"vc_column-inner \"><\/div>\n<\/div>\n<div>\n<section class=\"elementor-section elementor-top-section elementor-element elementor-element-4a3ccb9 elementor-section-boxed elementor-section-height-default elementor-section-height-default\" data-id=\"4a3ccb9\" data-element_type=\"section\" data-settings=\"{&quot;background_background&quot;:&quot;classic&quot;}\">\n<div class=\"elementor-container elementor-column-gap-no\">\n<div class=\"elementor-column elementor-col-50 elementor-top-column elementor-element elementor-element-3f9bbbd\" data-id=\"3f9bbbd\" data-element_type=\"column\">\n<div class=\"elementor-widget-wrap elementor-element-populated\">\n<div class=\"elementor-element elementor-element-037e928 elementor-widget elementor-widget-image\" data-id=\"037e928\" data-element_type=\"widget\" data-widget_type=\"image.default\">\n<div class=\"elementor-widget-container\"><img decoding=\"async\" class=\"attachment-full alignleft\" title=\"ALUGUEL REMOCAO TATUAGEM LASER INKIE\" src=\"https:\/\/inkielaser.com.br\/wp-content\/uploads\/2021\/04\/Aparelho-Inkie-Laser.png\" sizes=\"(max-width: 827px) 100vw, 827px\" srcset=\"https:\/\/inkielaser.com.br\/wp-content\/uploads\/2021\/04\/Aparelho-Inkie-Laser.png 827w, https:\/\/inkielaser.com.br\/wp-content\/uploads\/2021\/04\/Aparelho-Inkie-Laser-300x198.png 300w, https:\/\/inkielaser.com.br\/wp-content\/uploads\/2021\/04\/Aparelho-Inkie-Laser-768x506.png 768w\" alt=\"ALUGUEL REMOCAO TATUAGEM LASER INKIE\" width=\"431\" height=\"284\" \/><\/div>\n<\/div>\n<div class=\"elementor-element elementor-element-4a91dc6 elementor-widget elementor-widget-menu-anchor\" data-id=\"4a91dc6\" data-element_type=\"widget\" data-widget_type=\"menu-anchor.default\">\n<div class=\"elementor-widget-container\">\n<div id=\"laserInkie\" class=\"elementor-menu-anchor\"><\/div>\n<\/div>\n<\/div>\n<\/div>\n<\/div>\n<div class=\"elementor-column elementor-col-50 elementor-top-column elementor-element elementor-element-156626c\" data-id=\"156626c\" data-element_type=\"column\">\n<div class=\"elementor-widget-wrap elementor-element-populated\">\n<div class=\"elementor-element elementor-element-5829c6c elementor-widget elementor-widget-menu-anchor\" data-id=\"5829c6c\" data-element_type=\"widget\" data-widget_type=\"menu-anchor.default\">\n<div class=\"elementor-widget-container\">\n<div id=\"solucao\" class=\"elementor-menu-anchor\"><\/div>\n<\/div>\n<\/div>\n<div class=\"elementor-element elementor-element-b7294bd elementor-widget-divider--view-line elementor-widget elementor-widget-divider\" data-id=\"b7294bd\" data-element_type=\"widget\" data-widget_type=\"divider.default\">\n<div class=\"elementor-widget-container\">\n<div class=\"elementor-divider\"><\/div>\n<\/div>\n<\/div>\n<div class=\"elementor-element elementor-element-f6920a8 elementor-widget elementor-widget-heading\" data-id=\"f6920a8\" data-element_type=\"widget\" data-widget_type=\"heading.default\">\n<div class=\"elementor-widget-container\">\n<h2 class=\"elementor-heading-title elementor-size-default\">Caracter\u00edsticas do laser ND-YAG 1064\/532 NM Ink remocao tatoo-\u00a0 Inkie<\/h2>\n<\/div>\n<\/div>\n<div class=\"elementor-element elementor-element-0916abb elementor-widget elementor-widget-text-editor\" data-id=\"0916abb\" data-element_type=\"widget\" data-widget_type=\"text-editor.default\">\n<div class=\"elementor-widget-container\">\n<p><strong>O\u00a0INKIE\u00a0emite dois comprimentos de onda diferentes<\/strong> para se adaptar \u00e0 cor do pigmento a ser tratado (532nm e 1064nm), atingindo cores quentes e frias. Dessa forma, sua a\u00e7\u00e3o \u00e9 mais eficaz e oferece menos risco de danificar os vasos adjacentes:<\/p>\n<p>&nbsp;<\/p>\n<ul>\n<li>\n<ul>\n<li><b>1064nm:\u00a0<\/b>utilizado em pigmentos azuis, pretos e outros tons escuros;<\/li>\n<\/ul>\n<\/li>\n<\/ul>\n<p>&nbsp;<\/p>\n<ul>\n<li><strong>532nm:<\/strong>\u00a0utilizado em pigmentos vermelhos, rosas, roxos, marrons e tons claros.<\/li>\n<\/ul>\n<p>Laser m\u00e9dico profissional, compacto.<\/p>\n<\/div>\n<\/div>\n<div class=\"elementor-element elementor-element-5b8336f elementor-align-center elementor-widget elementor-widget-button\" data-id=\"5b8336f\" data-element_type=\"widget\" data-widget_type=\"button.default\">\n<div class=\"elementor-widget-container\">\n<div class=\"elementor-button-wrapper\"><a class=\"elementor-button-link elementor-button elementor-size-sm\" role=\"button\" href=\"https:\/\/inkielaser.com.br\/wp-content\/uploads\/2021\/05\/08.-Ficha-tecnica-Inkie-Laser-cefep-1.pdf\" target=\"_blank\" rel=\"noopener\"><span class=\"elementor-button-content-wrapper\"><span class=\"elementor-button-text\">QUER VER A FICHA T\u00c9CNICA COMPLETA ?\u00a0<\/span><\/span><\/a><\/div>\n<\/div>\n<\/div>\n<\/div>\n<\/div>\n<\/div>\n<\/section>\n<section class=\"elementor-section elementor-top-section elementor-element elementor-element-86017dc elementor-section-boxed elementor-section-height-default elementor-section-height-default\" data-id=\"86017dc\" data-element_type=\"section\" data-settings=\"{&quot;background_background&quot;:&quot;classic&quot;}\">\n<div class=\"elementor-container elementor-column-gap-no\">\n<div class=\"elementor-column elementor-col-50 elementor-top-column elementor-element elementor-element-cc4e824\" data-id=\"cc4e824\" data-element_type=\"column\">\n<div class=\"elementor-widget-wrap elementor-element-populated\">\n<div class=\"elementor-element elementor-element-7813817 elementor-widget-divider--view-line elementor-widget elementor-widget-divider\" data-id=\"7813817\" data-element_type=\"widget\" data-widget_type=\"divider.default\">\n<div class=\"elementor-widget-container\">\n<div class=\"elementor-divider\"><\/div>\n<\/div>\n<\/div>\n<h1><span style=\"font-size: 18pt;\">VEJA VIDEO COMPLETO DO LAN\u00c7AMENTO DO EQUIPAMENTO INKIE<br \/>\n<\/span><span style=\"font-size: 12pt;\">COMO USAR O LASER INKIE<\/span><\/h1>\n<p><iframe src=\"\/\/www.youtube.com\/embed\/kzasstxgXWA\" width=\"560\" height=\"314\" allowfullscreen=\"allowfullscreen\"><\/iframe><\/p>\n<div class=\"elementor-element elementor-element-d01c20c elementor-widget elementor-widget-heading\" data-id=\"d01c20c\" data-element_type=\"widget\" data-widget_type=\"heading.default\">\n<div class=\"elementor-widget-container\">\n<h2 class=\"elementor-heading-title elementor-size-default\">Diferenciais do equipamento de remo\u00e7\u00e3o de tatuagem,\u00a0 para aluguel do Inkie<\/h2>\n<\/div>\n<\/div>\n<div class=\"elementor-element elementor-element-35e6053 elementor-widget elementor-widget-text-editor\" data-id=\"35e6053\" data-element_type=\"widget\" data-widget_type=\"text-editor.default\">\n<div class=\"elementor-widget-container\">\n<ul>\n<li>\u00a0Registro Anvisa, proporcionando maior seguran\u00e7a no laser;<\/li>\n<li>\u00a0Alta pot\u00eancia (2400mJ) que proporciona maior efic\u00e1cia;<\/li>\n<li>\u00a0Produzido no Brasil com manuten\u00e7\u00e3o f\u00e1cil e baixo custo;<\/li>\n<li>\u00a0Garantia de 01 ano ou 2 milh\u00f5es de disparos;<\/li>\n<li>\u00a0Ponteira especifica Black Peel;<\/li>\n<li>8 Protocolos pr\u00e9-definidos;<\/li>\n<li>\u00a0Case para transporte, incluso.<\/li>\n<\/ul>\n<\/div>\n<\/div>\n<\/div>\n<\/div>\n<div class=\"elementor-column elementor-col-50 elementor-top-column elementor-element elementor-element-0abad8e\" data-id=\"0abad8e\" data-element_type=\"column\">\n<div class=\"elementor-widget-wrap elementor-element-populated\">\n<div class=\"elementor-element elementor-element-28fc4b5 elementor-widget elementor-widget-spacer\" data-id=\"28fc4b5\" data-element_type=\"widget\" data-widget_type=\"spacer.default\">\n<div class=\"elementor-widget-container\">\n<div class=\"elementor-spacer\">\n<div class=\"elementor-spacer-inner\">\n<h3>Remo\u00e7\u00e3o de tatuagem com aluguel do <strong>laser<\/strong> INKIE\u00a0 &#8211; mais informa\u00e7\u00f5es<\/h3>\n<p>Fazer uma tatuagem se tornou algo bastante comum no mundo de hoje. Mas, o problema \u00e9 que muitas pessoas ap\u00f3s um per\u00edodo se arrependem e, por isso, tamb\u00e9m cresceu a procura por cl\u00ednicas que fa\u00e7am a remo\u00e7\u00e3o delas.<\/p>\n<p>Motivos profissionais, insatisfa\u00e7\u00e3o com o desenho escolhido, perda do significado da mensagem ou imagem s\u00e3o alguns dos fatores respons\u00e1veis pela grande procura por tecnologias de remo\u00e7\u00e3o das tatuagens, como o Inkie Laser, o novo aparelho da Contourline que veio para remover (literalmente) esse problema.<\/p>\n<p>O m\u00e9todo mais indicado e utilizado para esse tipo de procedimento \u00e9, sem d\u00favida, a remo\u00e7\u00e3o a laser. Al\u00e9m de oferecer resultados muito mais eficazes, \u00e9 um processo menos invasivo que remover por dermoabras\u00e3o ou procedimento cir\u00fargico. Mas a escolha do equipamento perfeito faz toda a diferen\u00e7a para a satisfa\u00e7\u00e3o ao final do tratamento!<\/p>\n<h3><strong>A tecnologia para remo\u00e7\u00e3o de tatuagem no aluguel do laser<\/strong><\/h3>\n<p>O laser Q-Switched Nd Yag \u00e9 um feixe de luz vis\u00edvel que \u00e9 obtido a partir de um cristal de \u00edtrio-alum\u00ednio-granada dopado com 3% de neod\u00edmio \u2013 do ingl\u00eas, neodymium-doped yttrium aluminium garnet. Essa tecnologia \u00e9 capaz de imprimir alta pot\u00eancia em pulsos de nanosegundos e atingir os pigmentos presentes nas camadas profundas da pele.<\/p>\n<p>Apesar da pot\u00eancia elevada, os pulsos de curta dura\u00e7\u00e3o fazem com que o contato desses poderosos feixes de luz de alta intensidade com a pele seja menor do que o de outros lasers, por isso eles n\u00e3o danificam o tecido circundante e n\u00e3o causam efeitos colaterais indesejados. Assim, h\u00e1 um menor risco de forma\u00e7\u00e3o de bolhas e menor chance de hipopigmenta\u00e7\u00e3o residual.<\/p>\n<p>O INKIE emite dois comprimentos de onda diferentes para se adaptar \u00e0 cor do pigmento a ser tratado (532nm e 1064nm), atingindo cores quentes e frias. Dessa forma, sua a\u00e7\u00e3o \u00e9 mais eficaz e oferece menos risco de danificar os vasos adjacentes.<\/p>\n<ul>\n<li>1064nm: utilizado em pigmentos azuis, pretos e outros tons escuros;<\/li>\n<li>532nm: utilizado em pigmentos vermelhos, rosas, roxos, marrons e tons claros.<\/li>\n<\/ul>\n<h2><strong>Indica\u00e7\u00f5es de tatoo para remover<\/strong><\/h2>\n<ul>\n<li>remo\u00e7\u00e3o de tatuagens diversas, cores e tamanho;<\/li>\n<li>remo\u00e7\u00e3o de micropigmenta\u00e7\u00e3o localizada (sobrancelha e l\u00e1bio);<\/li>\n<\/ul>\n<h2><strong>Mecanismo de a\u00e7\u00e3o do laser de remo\u00e7\u00e3o de tatoos &#8211; tatuagem<\/strong><\/h2>\n<p>O sistema de laser do Inkie funciona com base na fototerm\u00f3lise seletiva. Durante a sess\u00e3o, as part\u00edculas pigmentadas (de tatuagem e micropigmenta\u00e7\u00e3o) s\u00e3o direcionadas para absorver a luz emitida, fragmentando o alvo de modo que a epiderme n\u00e3o ser\u00e1 atingida por n\u00e3o conter pigmentos.<\/p>\n<p>Os pigmentos que se encontram na derme se fragmentam em pequenas part\u00edculas que agora poder\u00e3o ser fagocitadas pelos macr\u00f3fagos.<\/p>\n<p>Ap\u00f3s serem fagocitados, os pigmentos ser\u00e3o eliminados atrav\u00e9s do sistema linf\u00e1tico do corpo.<\/p>\n<p>O local pigmentado ficar\u00e1 gradualmente mais claro a cada aplica\u00e7\u00e3o.<\/p>\n<p>Dos tratamentos despigmentadores dispon\u00edveis do mercado, essa tecnologia \u00e9 a que tem apresentado maior efic\u00e1cia e seguran\u00e7a, n\u00e3o danificando o tecido circundante e nem causando efeitos colaterais indesejados.<\/p>\n<h2><strong>Vantagens do aluguel do Inkie no tratamento a laser<\/strong><\/h2>\n<ul>\n<li>n\u00e3o lesiona muito a pele por ser n\u00e3o-ablativo, \u00e9 um laser Q Switched NdYag<\/li>\n<li>as sess\u00f5es s\u00e3o mais confort\u00e1veis e n\u00e3o exigem repouso p\u00f3s procedimento,<\/li>\n<li>aplica\u00e7\u00e3o em diveras cores de pele de forma mais simples e r\u00e1pida.<\/li>\n<\/ul>\n<h2><strong>Diferenciais do equipamento de retirada de tatuagem INKIE , para aluguel do Inkie<\/strong><\/h2>\n<p>O sistema do <strong>Inkie Laser<\/strong> fornece a flexibilidade para ajustar os par\u00e2metros de tratamento de acordo com as caracter\u00edsticas do paciente e da les\u00e3o, a fim de alcan\u00e7ar resultados cl\u00ednicos ideais. Atrav\u00e9s da tela de toque intuitiva, o profissional pode selecionar o modo e os programas necess\u00e1rios. O dispositivo reconhece e se adapta automaticamente \u00e0 configura\u00e7\u00e3o, dando protocolos de tratamento pr\u00e9-programados.<\/p>\n<p>Efici\u00eancia e seguran\u00e7a com o melhor custo-benef\u00edcio definem muito bem a Inkie Laser. <strong>O equipamento, produzido no Brasil e registrado na Anvisa,<\/strong> proporciona a melhor efic\u00e1cia atrav\u00e9s da sua alta pot\u00eancia e design inteligente, sem contar que com seus 4 milh\u00f5es de disparos a tornam o equipamento com alta durabilidade e melhor custo benef\u00edcio do mercado.<\/p>\n<\/div>\n<\/div>\n<\/div>\n<\/div>\n<div class=\"elementor-element elementor-element-b2c27bc elementor-widget elementor-widget-image\" data-id=\"b2c27bc\" data-element_type=\"widget\" data-widget_type=\"image.default\"><\/div>\n<\/div>\n<\/div>\n<\/div>\n<\/section>\n<\/div>\n<\/div>\n<h2>Conhece o black peel dos laser Q switched 1064 nm ?<\/h2>\n<div class=\"wbc-heading clearfix\">\n<h3 class=\"special-heading-2\"><strong>Ponteira espec\u00edfica para Black Peel do aparelho de remocao de tatuagem Inkie<\/strong><\/h3>\n<\/div>\n<div class=\"vc_empty_space\"><\/div>\n<p><img decoding=\"async\" class=\"alignleft wp-image-2778\" src=\"https:\/\/justlaser.com.br\/alugueldelasers\/wp-content\/uploads\/2021\/11\/Nova-ponteira-Black-Peel-Inkie-Laser-aluguel-remocao-tatuagem.png\" alt=\"ponteira-Black-Peel-Inkie-Laser- aluguel remocao tatuagem\" width=\"112\" height=\"303\" title=\"\" srcset=\"https:\/\/justlaser.com.br\/alugueldelasers\/wp-content\/uploads\/2021\/11\/Nova-ponteira-Black-Peel-Inkie-Laser-aluguel-remocao-tatuagem-111x300.png 111w, https:\/\/justlaser.com.br\/alugueldelasers\/wp-content\/uploads\/2021\/11\/Nova-ponteira-Black-Peel-Inkie-Laser-aluguel-remocao-tatuagem.png 148w\" sizes=\"(max-width: 112px) 100vw, 112px\" \/><\/p>\n<div class=\"vc_empty_space\">O Black Peel \u00e9 uma m\u00e1scara negra que combina carv\u00e3o ativado e laser. A m\u00e1scara de carv\u00e3o potencializa o efeito t\u00e9rmico do laser, favorecendo o rejuvenescimento da pele pela produ\u00e7\u00e3o de col\u00e1geno.<\/div>\n<div class=\"vc_row wpb_row vc_inner vc_row-fluid\">\n<div class=\"wpb_column vc_column_container vc_col-sm-6\">\n<div class=\"vc_column-inner\">\n<div class=\"wpb_wrapper\">\n<div class=\"wpb_text_column wpb_content_element \">\n<div class=\"wpb_wrapper\">\n<p>A ponteira espec\u00edfica de Black Peel do INKIE, tem um spot de 7mm e comprimento de onda de 1064nm e respirador externo proporcionando uma aplica\u00e7\u00e3o r\u00e1pida, econ\u00f4mica, indolor e segura.<\/p>\n<p>Ap\u00f3s o procedimento, o paciente j\u00e1 sai da cl\u00ednica com resultado vis\u00edvel, logo na primeira sess\u00e3o.<\/p>\n<p>Esse processo de queima mant\u00e9m a porosidade destes materiais que s\u00e3o capazes de coletar seletivamente gases, l\u00edquidos ou impurezas t\u00f3xicas no interior de seus poros. O procedimento com carv\u00e3o n\u00e3o pode ser confundido limpeza de pele. O\u00a0<strong>Black Peel<\/strong>\u00a0\u00e9 muito utilizado na sequ\u00eancia da limpeza de pele, potencializando ainda mais os resultados.<\/p>\n<\/div>\n<\/div>\n<\/div>\n<\/div>\n<\/div>\n<\/div>\n<p>&nbsp;<\/p>\n<p>&nbsp;<\/p>\n<p>&nbsp;<\/p>\n<p>&nbsp;<\/p>\n<h3>Veja mais links abaixo e loca\u00e7\u00e3o de m\u00e1quinas e\u00a0 lasers:<\/h3>\n<p><a href=\"https:\/\/justlaser.com.br\/alugueldelasers\/aluguel-e-locacao-de-ponteiras-de-lasers-em-sao-paulo\/aluguel-locacao-de-laser-ndyag-nd-yag-1064\">Aluguel de laser NdYag 1064\u00a0<\/a><\/p>\n<p><a href=\"https:\/\/justlaser.com.br\/alugueldelasers\/aluguel-e-locacao-de-ponteiras-de-lasers-em-sao-paulo\/aluguel-locacao-ndyag-1064-nm-nd-yag-para-remocao-de-tatuagem\">Loca\u00e7\u00e3o e Aluguel\u00a0 laser para remo\u00e7\u00e3o tatuagem NdYag<\/a><\/p>\n<p><a href=\"https:\/\/justlaser.com.br\/alugueldelasers\/aluguel-laser-remocao-de-tatuagem-ndyag-1064\/\">Aluguel laser remo\u00e7\u00e3o de tatuagem e micro pigmenta\u00e7\u00e3o<\/a><\/p>\n<p><a href=\"https:\/\/justlaser.com.br\/alugueldelasers\/aluguel-e-locacao-de-ponteiras-de-lasers-em-sao-paulo\/aluguel-da-ponteira-acroma-q-switched-1064-do-etherea\/aluguel-laser-para-black-peel\/\">Aluguel de laser para Black Peel NdYag<\/a><\/p>\n<p><a href=\"https:\/\/justlaser.com.br\/alugueldelasers\/aluguel-e-locacao-de-ponteiras-de-lasers-em-sao-paulo\/locacao-laser-aparelho-para-black-peel-ndyag-1064-nd-yag\">Loca\u00e7\u00e3o de laser para Black Peel 1064<\/a><\/p>\n<p><a href=\"https:\/\/justlaser.com.br\/alugueldelasers\/aluguel-e-locacao-de-ponteiras-de-lasers-em-sao-paulo\/aluguel-da-ponteira-acroma-q-switched-1064-do-etherea\/aluguel-laser-para-black-peel\/aluguel-de-laser-para-peeling-hollywood\">Aluguel de laser para Peeling Hollywood NdYag\u00a0<\/a><\/p>\n<p><a href=\"https:\/\/justlaser.com.br\/alugueldelasers\/aluguel-locacao-inkie-laser-para-remocao-tatuagem\">Aluguel Laser Inkie para remo\u00e7\u00e3o de tatuagem<\/a><\/p>\n<p><a href=\"https:\/\/justlaser.com.br\/alugueldelasers\/aluguel-e-locacao-de-ponteiras-de-lasers-em-sao-paulo\/aluguel-locacao-laser-para-melasma\/\">Aluguel de laser para Melasma<\/a><\/p>\n<p><a href=\"https:\/\/justlaser.com.br\/alugueldelasers\/aluguel-ultraformer-mpt-4\/vantagens-do-ultraformer-mpt\/\">Vantagens do Ultraformer MPT &#8211; <\/a>voc\u00ea conhece ?<\/p>\n<p>Que tal o <a href=\"https:\/\/justlaser.com.br\/alugueldelasers\/aluguel-ultraformer-mpt-4\">aluguel do Ultraformer MPT<\/a> ?<\/p>\n<p>&nbsp;<\/p>\n<h2>Entre em contato para treinamentos e aluguel de laser para remo\u00e7\u00e3o de tatuagem Inkie !<\/h2>\n","protected":false},"excerpt":{"rendered":"<p>Aluguel\u00a0 Inkie Laser\u00a0 O aluguel do Inkie laser para remo\u00e7\u00e3o de tatuagem , micro [&hellip;]<\/p>\n","protected":false},"author":2,"featured_media":0,"parent":0,"menu_order":0,"comment_status":"closed","ping_status":"closed","template":"","meta":{"footnotes":""},"_links":{"self":[{"href":"https:\/\/justlaser.com.br\/alugueldelasers\/wp-json\/wp\/v2\/pages\/2776"}],"collection":[{"href":"https:\/\/justlaser.com.br\/alugueldelasers\/wp-json\/wp\/v2\/pages"}],"about":[{"href":"https:\/\/justlaser.com.br\/alugueldelasers\/wp-json\/wp\/v2\/types\/page"}],"author":[{"embeddable":true,"href":"https:\/\/justlaser.com.br\/alugueldelasers\/wp-json\/wp\/v2\/users\/2"}],"replies":[{"embeddable":true,"href":"https:\/\/justlaser.com.br\/alugueldelasers\/wp-json\/wp\/v2\/comments?post=2776"}],"version-history":[{"count":0,"href":"https:\/\/justlaser.com.br\/alugueldelasers\/wp-json\/wp\/v2\/pages\/2776\/revisions"}],"wp:attachment":[{"href":"https:\/\/justlaser.com.br\/alugueldelasers\/wp-json\/wp\/v2\/media?parent=2776"}],"curies":[{"name":"wp","href":"https:\/\/api.w.org\/{rel}","templated":true}]}}