{"id":2785,"date":"2021-12-25T13:04:41","date_gmt":"2021-12-25T16:04:41","guid":{"rendered":"https:\/\/justlaser.com.br\/alugueldelasers\/?page_id=2785"},"modified":"2021-12-30T12:48:07","modified_gmt":"2021-12-30T15:48:07","slug":"aluguel-locacao-de-laser-ndyag-nd-yag-1064","status":"publish","type":"page","link":"https:\/\/justlaser.com.br\/alugueldelasers\/aluguel-e-locacao-de-ponteiras-de-lasers-em-sao-paulo\/aluguel-locacao-de-laser-ndyag-nd-yag-1064\/","title":{"rendered":"Aluguel Locacao de laser ndyag nd yag 1064"},"content":{"rendered":"<h1><img decoding=\"async\" class=\"aligncenter size-full wp-image-2797\" src=\"https:\/\/justlaser.com.br\/alugueldelasers\/wp-content\/uploads\/2021\/12\/laser-black-peel-nd-yag-1064.png\" alt=\"laser black peel nd yag 1064\" width=\"1457\" height=\"372\" title=\"\" srcset=\"https:\/\/justlaser.com.br\/alugueldelasers\/wp-content\/uploads\/2021\/12\/laser-black-peel-nd-yag-1064-200x51.png 200w, https:\/\/justlaser.com.br\/alugueldelasers\/wp-content\/uploads\/2021\/12\/laser-black-peel-nd-yag-1064-300x77.png 300w, https:\/\/justlaser.com.br\/alugueldelasers\/wp-content\/uploads\/2021\/12\/laser-black-peel-nd-yag-1064-400x102.png 400w, https:\/\/justlaser.com.br\/alugueldelasers\/wp-content\/uploads\/2021\/12\/laser-black-peel-nd-yag-1064-500x128.png 500w, https:\/\/justlaser.com.br\/alugueldelasers\/wp-content\/uploads\/2021\/12\/laser-black-peel-nd-yag-1064-600x153.png 600w, https:\/\/justlaser.com.br\/alugueldelasers\/wp-content\/uploads\/2021\/12\/laser-black-peel-nd-yag-1064-700x179.png 700w, https:\/\/justlaser.com.br\/alugueldelasers\/wp-content\/uploads\/2021\/12\/laser-black-peel-nd-yag-1064-768x196.png 768w, https:\/\/justlaser.com.br\/alugueldelasers\/wp-content\/uploads\/2021\/12\/laser-black-peel-nd-yag-1064-800x204.png 800w, https:\/\/justlaser.com.br\/alugueldelasers\/wp-content\/uploads\/2021\/12\/laser-black-peel-nd-yag-1064-1024x261.png 1024w, https:\/\/justlaser.com.br\/alugueldelasers\/wp-content\/uploads\/2021\/12\/laser-black-peel-nd-yag-1064-1200x306.png 1200w, https:\/\/justlaser.com.br\/alugueldelasers\/wp-content\/uploads\/2021\/12\/laser-black-peel-nd-yag-1064.png 1457w\" sizes=\"(max-width: 1457px) 100vw, 1457px\" \/><\/h1>\n<h1>Aluguel ou\u00a0 loca\u00e7\u00e3o de laser NdYag 1064nm (Nd-Yag 1064)<\/h1>\n<p>S\u00e3o v\u00e1rias as possibilidades de <strong>m\u00e1quinas para loca\u00e7\u00e3o\u00a0 ou aluguel com laser de Nd-yag 1064<\/strong> no Brasil.<\/p>\n<p>&nbsp;<\/p>\n<h2>Aparelhos para\u00a0<strong>aluguel ou loca\u00e7\u00e3o de laser Ndyag &#8211;\u00a0 Nd yag 1064<\/strong><\/h2>\n<h3>Usos do laser 1064 Nd-Yag na loca\u00e7\u00e3o<\/h3>\n<p>Os aparelhos para\u00a0<b>aluguel ou loca\u00e7\u00e3o\u00a0de laser Ndyag nd yag 1064<\/b>\u00a0, s\u00e3o os que\u00a0provavelmente possuem maior<br \/>\nversatilidade, devido \u00e0s suas m\u00faltiplas INDICA\u00c7\u00d5ES para os diferentes fototipos, tais<br \/>\ncomo:<br \/>\n\u2713 <em>Rejuvenescimento n\u00e3o-ablativo, inclusive o<strong> Laser Toning com ou sem Drug Delivery<\/strong><\/em><br \/>\n<em> \u2713 Tratamento de <strong>Olheiras<\/strong><\/em><br \/>\n<em> \u2713 Tratamento de <strong>cicatrizes<\/strong> (acne, cir\u00fargicas ou traum\u00e1ticas)<\/em><br \/>\n<em> \u2713 Remo\u00e7\u00e3o dos <strong>pelos finos<\/strong><\/em><br \/>\n<em> \u2713 Tratamento e remo\u00e7\u00e3o de <strong>Tatuagens e micropigmenta\u00e7\u00e3o<\/strong><\/em><br \/>\n<em> \u2713 <strong>Melasma<\/strong> e outras les\u00f5es pigmentares<\/em><\/p>\n<h4><strong>Temos dispon\u00edvel Nd-Yag 1064 nas plataformas:<\/strong><\/h4>\n<ul>\n<li>Etherea &#8211; Acroma<\/li>\n<li>Harmony &#8211; Spectra<\/li>\n<li>Inkie ( novidade para n\u00e3o m\u00e9dicos 2021-22)<\/li>\n<li>Elektra<\/li>\n<li>Revlite<\/li>\n<li>lasers car\u00edssimos de picosegundos ( n\u00e3o dispon\u00edvel para aluguel ou loca\u00e7\u00e3o no Brasil)<\/li>\n<li>e outros\u00a0 nomes menos usuais nas cl\u00ednicas de dermatologia ou est\u00e9tica<\/li>\n<\/ul>\n<p>&nbsp;<\/p>\n<h3>Associa\u00e7\u00f5es de tratamentos usando o laser Nd-yag<\/h3>\n<p>Realizamos frequentemente tamb\u00e9m, v\u00e1rias ASSOCIA\u00c7\u00d5ES\u00a0 como por exemplo Acroma-QS com outros handpieces da plataforma Etherea-MX ou<br \/>\nmesmo, com outras t\u00e9cnicas e tecnologias.<\/p>\n<h2>Laser que fazem Black Peel para aluguel<\/h2>\n<ul>\n<li><a href=\"https:\/\/www.vydence.com\/pt\/etherea-mx\/\" target=\"_blank\" rel=\"noopener\">Acroma, Vydence<\/a><\/li>\n<li>Elektra<\/li>\n<li>Spectra<\/li>\n<li>Inkie<\/li>\n<li>Todos aparelhos de Q-switched\u00a0 NdYag 1064 em geral<\/li>\n<li><\/li>\n<\/ul>\n<h2>REJUVENESCIMENTO LEVE<br \/>\nExemplo de protocolo avan\u00e7ado para rejuvenscimento com\u00a0aluguel ou loca\u00e7\u00e3o\u00a0de laser Ndyag (nd-yag 1064) :<\/h2>\n<p>\u25aa Q-Switched Nd: YAG Laser 1064nm: 7mm; 1.500nm\/mtz\u00b2; 5 passadas &#8211; LASER TONING ACROMA DO ETHEREA MX<br \/>\n\u25aa Long Pulse Laser 1064nm modo Dynamics do Etherea MX : 6mm; 650\u00b5s; 8J\/cm\u00b2; 4.000 disparos para toda a face<br \/>\n\u25aa IPL-SQ: &#8211; 640nm; 100ms; 10J\/cm\u00b2; 2 passadas na face e no pesco\u00e7o<br \/>\n&#8211; 400nm; 40ms; 08J\/cm\u00b2; 2 passadas na face e no pesco\u00e7o<br \/>\n&#8211; 540nm; 15ms; 18J\/cm\u00b2; 2 passadas na face e no pesco\u00e7o<br \/>\n\u25aa Drug Delivery (\u00c1cido Hialur\u00f4nico + Vitamina C + Fatores de Crescimento)<br \/>\n\u25aa Protocolos de Revitaliza\u00e7\u00e3o Facial: incluindo o Peeling Ultrass\u00f4nico, diferentes tipos de m\u00e1scaras, etc<br \/>\n\u25aa LED: Blue + Infra-Red + Red (5 minutos cada um)<br \/>\n\u25aa Intervalo entre as 20 sess\u00f5es realizadas: 15 dias<\/p>\n<p>&nbsp;<\/p>\n<p><strong>Siga a dica acima, e surpreenda-se com os resultados.\u00a0 \u00c9 baseado em protocolos de congressos m\u00e9dicos internacionais.<\/strong><\/p>\n<p><strong>Mais dicas ?<\/strong><\/p>\n<p><strong>Entre em contato , agende aluguel e treinamento para uso do laser !<\/strong><\/p>\n<p>&nbsp;<\/p>\n<h3>Veja mais links abaixo e loca\u00e7\u00e3o de m\u00e1quinas e\u00a0 lasers:<\/h3>\n<p><a href=\"https:\/\/justlaser.com.br\/alugueldelasers\/aluguel-e-locacao-de-ponteiras-de-lasers-em-sao-paulo\/aluguel-locacao-de-laser-ndyag-nd-yag-1064\">Aluguel de laser NdYag 1064\u00a0<\/a><\/p>\n<p><a href=\"https:\/\/justlaser.com.br\/alugueldelasers\/aluguel-e-locacao-de-ponteiras-de-lasers-em-sao-paulo\/aluguel-locacao-ndyag-1064-nm-nd-yag-para-remocao-de-tatuagem\">Loca\u00e7\u00e3o e Aluguel\u00a0 laser para remo\u00e7\u00e3o tatuagem NdYag<\/a><\/p>\n<p><a href=\"https:\/\/justlaser.com.br\/alugueldelasers\/aluguel-laser-remocao-de-tatuagem-ndyag-1064\/\">Aluguel laser remo\u00e7\u00e3o de tatuagem e micro pigmenta\u00e7\u00e3o<\/a><\/p>\n<p><a href=\"https:\/\/justlaser.com.br\/alugueldelasers\/aluguel-e-locacao-de-ponteiras-de-lasers-em-sao-paulo\/aluguel-da-ponteira-acroma-q-switched-1064-do-etherea\/aluguel-laser-para-black-peel\/\">Aluguel de laser para Black Peel NdYag<\/a><\/p>\n<p><a href=\"https:\/\/justlaser.com.br\/alugueldelasers\/aluguel-e-locacao-de-ponteiras-de-lasers-em-sao-paulo\/locacao-laser-aparelho-para-black-peel-ndyag-1064-nd-yag\">Loca\u00e7\u00e3o de laser para Black Peel 1064<\/a><\/p>\n<p><a href=\"https:\/\/justlaser.com.br\/alugueldelasers\/aluguel-e-locacao-de-ponteiras-de-lasers-em-sao-paulo\/aluguel-da-ponteira-acroma-q-switched-1064-do-etherea\/aluguel-laser-para-black-peel\/aluguel-de-laser-para-peeling-hollywood\">Aluguel de laser para Peeling Hollywood NdYag\u00a0<\/a><\/p>\n<p><a href=\"https:\/\/justlaser.com.br\/alugueldelasers\/aluguel-locacao-inkie-laser-para-remocao-tatuagem\">Aluguel Laser Inkie para remo\u00e7\u00e3o de tatuagem<\/a><\/p>\n<p><a href=\"https:\/\/justlaser.com.br\/alugueldelasers\/aluguel-e-locacao-de-ponteiras-de-lasers-em-sao-paulo\/aluguel-locacao-laser-para-melasma\/\">Aluguel de laser para Melasma<\/a><\/p>\n<p>&nbsp;<\/p>\n<h2>Entre em contato para treinamentos e aluguel de laser paraloca\u00e7\u00e3o\u00a0de laser Ndyag (nd-yag 1064)!<\/h2>\n","protected":false},"excerpt":{"rendered":"<p>Aluguel ou\u00a0 loca\u00e7\u00e3o de laser NdYag 1064nm (Nd-Yag 1064) S\u00e3o v\u00e1rias as possibilidades de [&hellip;]<\/p>\n","protected":false},"author":2,"featured_media":0,"parent":2415,"menu_order":0,"comment_status":"closed","ping_status":"closed","template":"","meta":{"footnotes":""},"_links":{"self":[{"href":"https:\/\/justlaser.com.br\/alugueldelasers\/wp-json\/wp\/v2\/pages\/2785"}],"collection":[{"href":"https:\/\/justlaser.com.br\/alugueldelasers\/wp-json\/wp\/v2\/pages"}],"about":[{"href":"https:\/\/justlaser.com.br\/alugueldelasers\/wp-json\/wp\/v2\/types\/page"}],"author":[{"embeddable":true,"href":"https:\/\/justlaser.com.br\/alugueldelasers\/wp-json\/wp\/v2\/users\/2"}],"replies":[{"embeddable":true,"href":"https:\/\/justlaser.com.br\/alugueldelasers\/wp-json\/wp\/v2\/comments?post=2785"}],"version-history":[{"count":0,"href":"https:\/\/justlaser.com.br\/alugueldelasers\/wp-json\/wp\/v2\/pages\/2785\/revisions"}],"up":[{"embeddable":true,"href":"https:\/\/justlaser.com.br\/alugueldelasers\/wp-json\/wp\/v2\/pages\/2415"}],"wp:attachment":[{"href":"https:\/\/justlaser.com.br\/alugueldelasers\/wp-json\/wp\/v2\/media?parent=2785"}],"curies":[{"name":"wp","href":"https:\/\/api.w.org\/{rel}","templated":true}]}}