{"id":2786,"date":"2021-12-25T13:14:12","date_gmt":"2021-12-25T16:14:12","guid":{"rendered":"https:\/\/justlaser.com.br\/alugueldelasers\/?page_id=2786"},"modified":"2021-12-30T12:56:40","modified_gmt":"2021-12-30T15:56:40","slug":"aluguel-locacao-ndyag-1064-nm-nd-yag-para-remocao-de-tatuagem","status":"publish","type":"page","link":"https:\/\/justlaser.com.br\/alugueldelasers\/aluguel-e-locacao-de-ponteiras-de-lasers-em-sao-paulo\/aluguel-locacao-ndyag-1064-nm-nd-yag-para-remocao-de-tatuagem\/","title":{"rendered":"Aluguel Loca\u00e7\u00e3o NdYag 1064  nm  Nd-Yag para remo\u00e7ao de tatuagem"},"content":{"rendered":"<h1><span style=\"font-size: 18pt;\">Aluguel &#8211; Loca\u00e7\u00e3o de laser NdYag 1064nm<\/span><br \/>\n<span style=\"font-size: 18pt;\"> para remo\u00e7\u00e3o de tatuagem e micro pigmenta\u00e7\u00e3o (Nd-Yag 1064)<\/span><\/h1>\n<p>S\u00e3o v\u00e1rias as possibilidades de <strong>m\u00e1quinas para loca\u00e7\u00e3o\u00a0 ou aluguel com laser de Nd-yag nd 1064<\/strong> no Brasil.<\/p>\n<p>Temos dispon\u00edvel Nd-Yag 1064 nas plataformas:<\/p>\n<ul>\n<li><a href=\"https:\/\/www.vydence.com\/pt\/etherea-mx\/\" target=\"_blank\" rel=\"noopener\">Etherea &#8211; Acroma<\/a><\/li>\n<li>Harmony &#8211; Spectra<\/li>\n<li><a href=\"https:\/\/justlaser.com.br\/alugueldelasers\/aluguel-e-locacao-de-ponteiras-de-lasers-em-sao-paulo\/aluguel-da-ponteira-acroma-q-switched-1064-do-etherea\/aluguel-laser-para-black-peel\/\">Elektra<\/a><\/li>\n<li>Revlite<\/li>\n<li>Inkie<\/li>\n<li>lasers de Picosegundos ( custavam entre 1 e 2 milh\u00f5es de reais em 2021)<\/li>\n<li>e outros\u00a0 nomes menos usuais nas cl\u00ednicas de dermatologia ou est\u00e9tica<\/li>\n<\/ul>\n<h2>Aparelhos para\u00a0aluguel ou loca\u00e7\u00e3o\u00a0de laser ndyag nd yag 1064<\/h2>\n<p>Os aparelhos para\u00a0<b>aluguel ou loca\u00e7\u00e3o\u00a0de laser Ndyag\u00a0 (nd yag 1064 nm)<\/b>\u00a0, s\u00e3o os que\u00a0provavelmente possuem maior versatilidade, devido \u00e0s suas m\u00faltiplas INDICA\u00c7\u00d5ES para os diferentes foto tipos, tais como:<br \/>\n\u2713 Rejuvenescimento n\u00e3o-ablativo, inclusive o <strong>Laser Toning com ou sem Drug Delivery<\/strong><br \/>\n\u2713 tratamento de <strong>Olheiras<\/strong><br \/>\n\u2713 Tratamento de <strong>cicatrizes<\/strong> (acne, cir\u00fargicas ou traum\u00e1ticas)<br \/>\n\u2713 Remo\u00e7\u00e3o dos pelos finos<br \/>\n\u2713 <strong>tratamento e remo\u00e7\u00e3o de Tatuagens e\u00a0<\/strong><b>micro pigmenta\u00e7\u00e3o<\/b><br \/>\n\u2713 <strong>Melasma<\/strong> e outras les\u00f5es pigmentares<\/p>\n<p>&nbsp;<\/p>\n<h2>Antes de pensar em alugar um laser de remo\u00e7\u00e3o de tatuagem , um laser\u00a0 Q-swtiched NdYag (Nd-Yag) 1064 voc\u00ea precisa saber<\/h2>\n<p>O Laser apagar\u00e1 toda les\u00e3o ?<br \/>\nFicarei sem marca nenhuma ?<br \/>\nPoderei fazer nova tatuagem ?<br \/>\nPosso fazer uma sess\u00e3o apenas<\/p>\n<p>&nbsp;<\/p>\n<p>&nbsp;<\/p>\n<h2>Como fazer a remo\u00e7\u00e3o de tatuagem com laser Q switched 1064 Nd Yag<\/h2>\n<p>Check list do protocolo<br \/>\nFotografia perfeita da tatuagem\u00a0 &#8211; do antes<br \/>\nTermo de consentimento esclarecido assinado !<br \/>\nD\u00favidas tiradas<br \/>\nAnest\u00e9sico<br \/>\nLimpar a \u00e1rea muito bem antes do laser<\/p>\n<h2><span style=\"color: #ff0000;\"><span style=\"color: #ff0000;\">Exemplo de protocolo avan\u00e7ado para <\/span><br \/>\n<span style=\"color: #ff0000;\">remo\u00e7\u00e3o de tatuagem com\u00a0aluguel ou loca\u00e7\u00e3o\u00a0de laser Ndyag (nd-yag 1064)\u00a0 para tatoo:<\/span><\/span><\/h2>\n<h4>Abaixo exemplo de sequ\u00eancia de tratamento com laser para remo\u00e7\u00e3o de tatoo, tatuagem, com laser\u00a0 Acroma da Vydence, Etherea MX ponteira Acroma<\/h4>\n<p><span style=\"font-size: 14pt;\"><strong><em>Protocolo<\/em><\/strong><\/span><br \/>\n<span style=\"font-size: 14pt;\"> 1. Pot\u00eancias crescentes<\/span><br \/>\n<span style=\"font-size: 14pt;\"> 600 mj -&gt; 900 mj -&gt; 1200 mj -&gt; 1500 mj<\/span><\/p>\n<p><span style=\"font-size: 14pt;\">2. Ponteira &#8211; iniciar com uso da ponteira 5mm nas primeiras sess\u00f5es:<\/span><br \/>\n<span style=\"font-size: 14pt;\"> 5 mm &#8211; quando n\u00e3o funcionar mais, trocar a\u00a0 3 mm 1064nm\u00a0 e no fim , se precisar, tentar a 3mm\u00a0 532nm<\/span><\/p>\n<p><span style=\"font-size: 14pt;\">3. Cores<\/span><br \/>\n<span style=\"font-size: 14pt;\"> Preto -&gt; colorido<\/span><\/p>\n<p><span style=\"font-size: 14pt;\">4. \u00danica passada no pigmento<\/span><\/p>\n<p>&nbsp;<\/p>\n<h3>Veja mais links abaixo e loca\u00e7\u00e3o de m\u00e1quinas e\u00a0 lasers:<\/h3>\n<p><a href=\"https:\/\/justlaser.com.br\/alugueldelasers\/aluguel-e-locacao-de-ponteiras-de-lasers-em-sao-paulo\/aluguel-locacao-de-laser-ndyag-nd-yag-1064\">Aluguel de laser NdYag 1064\u00a0<\/a><\/p>\n<p><a href=\"https:\/\/justlaser.com.br\/alugueldelasers\/aluguel-e-locacao-de-ponteiras-de-lasers-em-sao-paulo\/aluguel-locacao-ndyag-1064-nm-nd-yag-para-remocao-de-tatuagem\">Loca\u00e7\u00e3o e Aluguel\u00a0 laser para remo\u00e7\u00e3o tatuagem NdYag<\/a><\/p>\n<p><a href=\"https:\/\/justlaser.com.br\/alugueldelasers\/aluguel-laser-remocao-de-tatuagem-ndyag-1064\/\">Aluguel laser remo\u00e7\u00e3o de tatuagem e micro pigmenta\u00e7\u00e3o<\/a><\/p>\n<p><a href=\"https:\/\/justlaser.com.br\/alugueldelasers\/aluguel-e-locacao-de-ponteiras-de-lasers-em-sao-paulo\/aluguel-da-ponteira-acroma-q-switched-1064-do-etherea\/aluguel-laser-para-black-peel\/\">Aluguel de laser para Black Peel NdYag<\/a><\/p>\n<p><a href=\"https:\/\/justlaser.com.br\/alugueldelasers\/aluguel-e-locacao-de-ponteiras-de-lasers-em-sao-paulo\/locacao-laser-aparelho-para-black-peel-ndyag-1064-nd-yag\">Loca\u00e7\u00e3o de laser para Black Peel 1064<\/a><\/p>\n<p><a href=\"https:\/\/justlaser.com.br\/alugueldelasers\/aluguel-e-locacao-de-ponteiras-de-lasers-em-sao-paulo\/aluguel-da-ponteira-acroma-q-switched-1064-do-etherea\/aluguel-laser-para-black-peel\/aluguel-de-laser-para-peeling-hollywood\">Aluguel de laser para Peeling Hollywood NdYag\u00a0<\/a><\/p>\n<p><a href=\"https:\/\/justlaser.com.br\/alugueldelasers\/aluguel-locacao-inkie-laser-para-remocao-tatuagem\">Aluguel Laser Inkie para remo\u00e7\u00e3o de tatuagem<\/a><\/p>\n<p><a href=\"https:\/\/justlaser.com.br\/alugueldelasers\/aluguel-e-locacao-de-ponteiras-de-lasers-em-sao-paulo\/aluguel-locacao-laser-para-melasma\/\">Aluguel de laser para Melasma<\/a><\/p>\n<p>&nbsp;<\/p>\n<h2>Entre em contato para treinamentos e aluguel de laser para remo\u00e7\u00e3o de tatuagem e micropigmenta\u00e7\u00e3o!<\/h2>\n","protected":false},"excerpt":{"rendered":"<p>Aluguel &#8211; Loca\u00e7\u00e3o de laser NdYag 1064nm para remo\u00e7\u00e3o de tatuagem e micro pigmenta\u00e7\u00e3o [&hellip;]<\/p>\n","protected":false},"author":2,"featured_media":0,"parent":2415,"menu_order":0,"comment_status":"closed","ping_status":"closed","template":"","meta":{"footnotes":""},"_links":{"self":[{"href":"https:\/\/justlaser.com.br\/alugueldelasers\/wp-json\/wp\/v2\/pages\/2786"}],"collection":[{"href":"https:\/\/justlaser.com.br\/alugueldelasers\/wp-json\/wp\/v2\/pages"}],"about":[{"href":"https:\/\/justlaser.com.br\/alugueldelasers\/wp-json\/wp\/v2\/types\/page"}],"author":[{"embeddable":true,"href":"https:\/\/justlaser.com.br\/alugueldelasers\/wp-json\/wp\/v2\/users\/2"}],"replies":[{"embeddable":true,"href":"https:\/\/justlaser.com.br\/alugueldelasers\/wp-json\/wp\/v2\/comments?post=2786"}],"version-history":[{"count":0,"href":"https:\/\/justlaser.com.br\/alugueldelasers\/wp-json\/wp\/v2\/pages\/2786\/revisions"}],"up":[{"embeddable":true,"href":"https:\/\/justlaser.com.br\/alugueldelasers\/wp-json\/wp\/v2\/pages\/2415"}],"wp:attachment":[{"href":"https:\/\/justlaser.com.br\/alugueldelasers\/wp-json\/wp\/v2\/media?parent=2786"}],"curies":[{"name":"wp","href":"https:\/\/api.w.org\/{rel}","templated":true}]}}