{"id":2790,"date":"2021-12-25T14:21:34","date_gmt":"2021-12-25T17:21:34","guid":{"rendered":"https:\/\/justlaser.com.br\/alugueldelasers\/?page_id=2790"},"modified":"2022-01-12T09:57:37","modified_gmt":"2022-01-12T12:57:37","slug":"aluguel-laser-para-black-peel","status":"publish","type":"page","link":"https:\/\/justlaser.com.br\/alugueldelasers\/aluguel-e-locacao-de-ponteiras-de-lasers-em-sao-paulo\/aluguel-da-ponteira-acroma-q-switched-1064-do-etherea\/aluguel-laser-para-black-peel\/","title":{"rendered":"Aluguel Laser para black peel"},"content":{"rendered":"<h1>Aluguel Laser para Black Peel 1064 NdYag<\/h1>\n<p><img decoding=\"async\" class=\"aligncenter size-full wp-image-2821\" src=\"https:\/\/justlaser.com.br\/alugueldelasers\/wp-content\/uploads\/2021\/12\/Black-peel-aluguel-de-laser.jpg\" alt=\"Black peel aluguel de laser\" width=\"800\" height=\"557\" title=\"\" srcset=\"https:\/\/justlaser.com.br\/alugueldelasers\/wp-content\/uploads\/2021\/12\/Black-peel-aluguel-de-laser-200x139.jpg 200w, https:\/\/justlaser.com.br\/alugueldelasers\/wp-content\/uploads\/2021\/12\/Black-peel-aluguel-de-laser-300x209.jpg 300w, https:\/\/justlaser.com.br\/alugueldelasers\/wp-content\/uploads\/2021\/12\/Black-peel-aluguel-de-laser-400x279.jpg 400w, https:\/\/justlaser.com.br\/alugueldelasers\/wp-content\/uploads\/2021\/12\/Black-peel-aluguel-de-laser-500x348.jpg 500w, https:\/\/justlaser.com.br\/alugueldelasers\/wp-content\/uploads\/2021\/12\/Black-peel-aluguel-de-laser-600x418.jpg 600w, https:\/\/justlaser.com.br\/alugueldelasers\/wp-content\/uploads\/2021\/12\/Black-peel-aluguel-de-laser-700x487.jpg 700w, https:\/\/justlaser.com.br\/alugueldelasers\/wp-content\/uploads\/2021\/12\/Black-peel-aluguel-de-laser-768x535.jpg 768w, https:\/\/justlaser.com.br\/alugueldelasers\/wp-content\/uploads\/2021\/12\/Black-peel-aluguel-de-laser.jpg 800w\" sizes=\"(max-width: 800px) 100vw, 800px\" \/><\/p>\n<h2>Laser que fazem Black Peel para aluguel<\/h2>\n<ul>\n<li><a href=\"https:\/\/www.vydence.com\/pt\/etherea-mx\/\" target=\"_blank\" rel=\"noopener\">Acroma, Vydence<\/a><\/li>\n<li>Elektra<\/li>\n<li>Spectra<\/li>\n<li><a href=\"https:\/\/justlaser.com.br\/alugueldelasers\/aluguel-locacao-inkie-laser-para-remocao-tatuagem\/\">Inkie<\/a><\/li>\n<li>Todos aparelhos de Q-switched\u00a0 NdYag 1064 em geral<\/li>\n<\/ul>\n<h2>Aluguel de laser para Aplica\u00e7\u00e3o do laser Black peel para rejuvenescimento facial, poros e rugas finas<\/h2>\n<p>O<a href=\"https:\/\/justlaser.com.br\/alugueldelasers\/aluguel-e-locacao-de-ponteiras-de-lasers-em-sao-paulo\/aluguel-da-ponteira-acroma-q-switched-1064-do-etherea\/aluguel-laser-para-black-peel\/\"> laser para\u00a0 Black Peel<\/a> ( ou laser com pasta de carbono )\u00a0 \u00e9 a nova onda nos \u00faltimos anos.<\/p>\n<p>O Black peeling (peel)\u00a0 \u00e9 aplica\u00e7\u00e3o de um laser no rosto com o objetivo de oferecer um rejuvenescimento leve.\u00a0 \u00a0Febre na \u00c1sia, onde as mulheres fazer a cada 15 dias, na hora do almo\u00e7o, j\u00e1 foi tamb\u00e9m chamado de Lunch Time Black Peel.<\/p>\n<h3>Qual \u00e9 o laser usado no aluguel para realizar o Black Peel ?<\/h3>\n<p>A aplica\u00e7\u00e3o usa o mesmo\u00a0 laser de remo\u00e7\u00e3o de tatuagem, os <a href=\"https:\/\/www.vydence.com\/pt\/handpico-br\/\" target=\"_blank\" rel=\"noopener\">lasers Nd-Yag 1064 Q switched,<\/a>\u00a0 ou Laser de tratamento para o melasma.\u00a0 E s\u00e3o Lasers de comprimento de onda 1064 nm,\u00a0 com\u00a0 disparo r\u00e1pido, conhecidos como laser q-switch.<\/p>\n<blockquote><p>Aplicada a pasta de carbono antes de usar o peeling a laser, essa <strong>pasta de carbono<\/strong> tem colora\u00e7\u00e3o escura,\u00a0 preta, da\u00ed o nome da laser de &#8221; Black Peel Laser &#8220;<\/p><\/blockquote>\n<p>Ap\u00f3s aplica\u00e7\u00e3o da pasta , \u00e9\u00a0 aplicado o laser na regi\u00e3o, de tal maneira que ele vai evaporando e consumindo a pasta de carbono.\u00a0 Isso acontece\u00a0 junto com\u00a0 micro les\u00e3o da camada superficial da pele.\u00a0 Essa esfolia\u00e7\u00e3o com o laser Nd Yag 1064\u00a0 que confere um toque suave e macio ap\u00f3s aplica\u00e7\u00e3o do <strong>black peel, ou peeling de pasta de carbono<\/strong> .<\/p>\n<p>&nbsp;<\/p>\n<h2>Por que fazer\u00a0 loca\u00e7\u00e3o ou aluguel do laser\u00a0 1064 Nd-yag para Black peeling ?<\/h2>\n<p>O Black Peeeling \u00e0\u00a0 laser \u00e9 praticamente indolor, r\u00e1pido, e voc\u00ea pode voltar para o trabalho logo ap\u00f3s a aplica\u00e7\u00e3o. E\u00a0 sem que as pessoas percebam que voc\u00ea fez um peeling\u00a0 \u00e0 laser.<\/p>\n<p><strong>R\u00e1pido, sem dor,\u00a0 barato.<\/strong><\/p>\n<p><strong>Tudo de bom.<\/strong><\/p>\n<p>&nbsp;<\/p>\n<h3>Veja mais links abaixo e loca\u00e7\u00e3o de m\u00e1quinas e\u00a0 lasers:<\/h3>\n<p><a href=\"https:\/\/justlaser.com.br\/alugueldelasers\/aluguel-e-locacao-de-ponteiras-de-lasers-em-sao-paulo\/aluguel-locacao-de-laser-ndyag-nd-yag-1064\">Aluguel de laser NdYag 1064\u00a0<\/a><\/p>\n<p><a href=\"https:\/\/justlaser.com.br\/alugueldelasers\/aluguel-e-locacao-de-ponteiras-de-lasers-em-sao-paulo\/aluguel-locacao-ndyag-1064-nm-nd-yag-para-remocao-de-tatuagem\">Loca\u00e7\u00e3o e Aluguel\u00a0 laser para remo\u00e7\u00e3o tatuagem NdYag<\/a><\/p>\n<p><a href=\"https:\/\/justlaser.com.br\/alugueldelasers\/aluguel-laser-remocao-de-tatuagem-ndyag-1064\/\">Aluguel laser remo\u00e7\u00e3o de tatuagem e micro pigmenta\u00e7\u00e3o<\/a><\/p>\n<p><a href=\"https:\/\/justlaser.com.br\/alugueldelasers\/aluguel-e-locacao-de-ponteiras-de-lasers-em-sao-paulo\/aluguel-da-ponteira-acroma-q-switched-1064-do-etherea\/aluguel-laser-para-black-peel\/\">Aluguel de laser para Black Peel NdYag<\/a><\/p>\n<p><a href=\"https:\/\/justlaser.com.br\/alugueldelasers\/aluguel-e-locacao-de-ponteiras-de-lasers-em-sao-paulo\/locacao-laser-aparelho-para-black-peel-ndyag-1064-nd-yag\">Loca\u00e7\u00e3o de laser para Black Peel 1064<\/a><\/p>\n<p><a href=\"https:\/\/justlaser.com.br\/alugueldelasers\/aluguel-e-locacao-de-ponteiras-de-lasers-em-sao-paulo\/aluguel-da-ponteira-acroma-q-switched-1064-do-etherea\/aluguel-laser-para-black-peel\/aluguel-de-laser-para-peeling-hollywood\">Aluguel de laser para Peeling Hollywood NdYag\u00a0<\/a><\/p>\n<p><a href=\"https:\/\/justlaser.com.br\/alugueldelasers\/aluguel-locacao-inkie-laser-para-remocao-tatuagem\">Aluguel Laser Inkie para remo\u00e7\u00e3o de tatuagem<\/a><\/p>\n<p><a href=\"https:\/\/justlaser.com.br\/alugueldelasers\/aluguel-e-locacao-de-ponteiras-de-lasers-em-sao-paulo\/aluguel-locacao-laser-para-melasma\/\">Aluguel de laser para Melasma<\/a><\/p>\n<p>&nbsp;<\/p>\n<h2>Entre em contato para treinamentos e aluguel de laser para Black Peel!<\/h2>\n<p>&nbsp;<\/p>\n","protected":false},"excerpt":{"rendered":"<p>Aluguel Laser para Black Peel 1064 NdYag Laser que fazem Black Peel para aluguel [&hellip;]<\/p>\n","protected":false},"author":2,"featured_media":0,"parent":2428,"menu_order":0,"comment_status":"closed","ping_status":"closed","template":"","meta":{"footnotes":""},"_links":{"self":[{"href":"https:\/\/justlaser.com.br\/alugueldelasers\/wp-json\/wp\/v2\/pages\/2790"}],"collection":[{"href":"https:\/\/justlaser.com.br\/alugueldelasers\/wp-json\/wp\/v2\/pages"}],"about":[{"href":"https:\/\/justlaser.com.br\/alugueldelasers\/wp-json\/wp\/v2\/types\/page"}],"author":[{"embeddable":true,"href":"https:\/\/justlaser.com.br\/alugueldelasers\/wp-json\/wp\/v2\/users\/2"}],"replies":[{"embeddable":true,"href":"https:\/\/justlaser.com.br\/alugueldelasers\/wp-json\/wp\/v2\/comments?post=2790"}],"version-history":[{"count":0,"href":"https:\/\/justlaser.com.br\/alugueldelasers\/wp-json\/wp\/v2\/pages\/2790\/revisions"}],"up":[{"embeddable":true,"href":"https:\/\/justlaser.com.br\/alugueldelasers\/wp-json\/wp\/v2\/pages\/2428"}],"wp:attachment":[{"href":"https:\/\/justlaser.com.br\/alugueldelasers\/wp-json\/wp\/v2\/media?parent=2790"}],"curies":[{"name":"wp","href":"https:\/\/api.w.org\/{rel}","templated":true}]}}