{"id":2791,"date":"2021-12-25T14:31:32","date_gmt":"2021-12-25T17:31:32","guid":{"rendered":"https:\/\/justlaser.com.br\/alugueldelasers\/?page_id=2791"},"modified":"2021-12-30T12:52:05","modified_gmt":"2021-12-30T15:52:05","slug":"locacao-laser-aparelho-para-black-peel-ndyag-1064-nd-yag","status":"publish","type":"page","link":"https:\/\/justlaser.com.br\/alugueldelasers\/aluguel-e-locacao-de-ponteiras-de-lasers-em-sao-paulo\/locacao-laser-aparelho-para-black-peel-ndyag-1064-nd-yag\/","title":{"rendered":"Loca\u00e7\u00e3o de Laser &#8211; aparelho para Black peel NdYag 1064 Nd Yag"},"content":{"rendered":"<h1>Loca\u00e7\u00e3o de Laser para Black Peel NdYag 1064\u00a0 &#8211; Peeling\u00a0 Hollywood<\/h1>\n<p><img decoding=\"async\" class=\"aligncenter size-full wp-image-2822\" src=\"https:\/\/justlaser.com.br\/alugueldelasers\/wp-content\/uploads\/2021\/12\/black-peeling-hollywood-ndyag.jpg\" alt=\"black peel hollywood peeling \" width=\"724\" height=\"483\" title=\"\" srcset=\"https:\/\/justlaser.com.br\/alugueldelasers\/wp-content\/uploads\/2021\/12\/black-peeling-hollywood-ndyag-200x133.jpg 200w, https:\/\/justlaser.com.br\/alugueldelasers\/wp-content\/uploads\/2021\/12\/black-peeling-hollywood-ndyag-300x200.jpg 300w, https:\/\/justlaser.com.br\/alugueldelasers\/wp-content\/uploads\/2021\/12\/black-peeling-hollywood-ndyag-400x267.jpg 400w, https:\/\/justlaser.com.br\/alugueldelasers\/wp-content\/uploads\/2021\/12\/black-peeling-hollywood-ndyag-500x334.jpg 500w, https:\/\/justlaser.com.br\/alugueldelasers\/wp-content\/uploads\/2021\/12\/black-peeling-hollywood-ndyag-600x400.jpg 600w, https:\/\/justlaser.com.br\/alugueldelasers\/wp-content\/uploads\/2021\/12\/black-peeling-hollywood-ndyag-700x467.jpg 700w, https:\/\/justlaser.com.br\/alugueldelasers\/wp-content\/uploads\/2021\/12\/black-peeling-hollywood-ndyag.jpg 724w\" sizes=\"(max-width: 724px) 100vw, 724px\" \/><\/p>\n<h2>Conhecido com peeling de\u00a0 Hollywood, com m\u00e1scara (pasta de carbono)<\/h2>\n<p>\u2022 O Q-switched Nd:YAG 1064nm: um dos primeiros lasers n\u00e3o ablativos utilizados para rejuvenescimento e resurfacing facial, com resultados cl\u00ednica e<br \/>\nhistologicamente comprovados<br \/>\n\u2022 Utilizado h\u00e1 muitos anos\u00a0 para rejuvenescimento<\/p>\n<p>\u2022 A t\u00e9cnica de laser toning tem o objetivo de estimular os fibroblastos d\u00e9rmicos \u2013neocolag\u00eanese<br \/>\n\u2022 M\u00faltiplas passadas com baixa flu\u00eancia \u00e9 o segredo<br \/>\n\u2022 As passadas s\u00e3o descritas como \u201cpinceladas\u201d<\/p>\n<h2>Laser que fazem Black peel NdYag 1064 para aluguel<\/h2>\n<ul>\n<li><a href=\"https:\/\/www.vydence.com\/pt\/etherea-mx\/\" target=\"_blank\" rel=\"noopener\">Acroma, Vydence<\/a><\/li>\n<li>Elektra<\/li>\n<li>Spectra<\/li>\n<li>Inkie<\/li>\n<li>Todos aparelhos de Q-switched\u00a0 NdYag 1064 em geral<\/li>\n<\/ul>\n<h2>Aluguel de laser para Hollywood Peel propicia no paciente:<\/h2>\n<p>\u2022 melhora do t\u00f4nus e textura da pele<br \/>\n\u2022 redu\u00e7\u00e3o de poros e da secre\u00e7\u00e3o seb\u00e1cea<br \/>\n\u2022 melhora de r\u00edtides ( rugas) e discromias ( manchas )<br \/>\n\u2022 usado para drug delivery<\/p>\n<h4>COMO FAZER DRUG DELIVERY COM LASER Q-SWITCHED ?<br \/>\nOndas fotomec\u00e2nicas<\/h4>\n<p>\u2022 Expans\u00e3o dos espa\u00e7os lacunares no estrato c\u00f3rneo: cria poros<br \/>\n\u2022 Modifica\u00e7\u00f5es nas membranas celulares: facilita a via transcelular<br \/>\nExpert Opin Drug Deliv. 2014;11:599\u2013614.<br \/>\nJ Invest Dermatol. 2003;121:104\u20139.<\/p>\n<h4>Vantagens do Black Peel Hollywood\u00a0 Peeling<\/h4>\n<p>N\u00e3o h\u00e1 down time!<br \/>\n\u00c9 praticamente indolor<br \/>\nN\u00e3o h\u00e1 restri\u00e7\u00e3o quanto a fototipos<br \/>\nN\u00e3o h\u00e1 restri\u00e7\u00e3o quanto a realiza\u00e7\u00e3o<br \/>\nnos meses de exposi\u00e7\u00e3o solar<\/p>\n<h2>Raros efeitos adversos com os peelings Hollywood , laser NdYag 1064<\/h2>\n<p>\u2022 Urtic\u00e1ria f\u00edsica<br \/>\n\u2022 Erup\u00e7\u00e3o acneiforme<br \/>\n\u2022 Pet\u00e9quias<br \/>\n\u2022 Embranquimento dos p\u00ealos velus<br \/>\n\u2022 Recorr\u00eancia de herpes simples<br \/>\n\u2022 Leucodermia e hipopigmenta\u00e7\u00e3o moteada<\/p>\n<h3><\/h3>\n<h2><span style=\"color: #ff0000;\">COMO FAZER LASER TONING , ou o Black Peel com aluguel do laser 1064 NdYag ?<\/span><\/h2>\n<p>Usamos por exemplo o <strong>Inkie ou o\u00a0\u00a0Etherea MX Acroma-QS\u00ae<\/strong><\/p>\n<p><span style=\"font-size: 14pt;\"><strong>No Etherea Acroma seria:<\/strong><\/span><br \/>\nHandpiece 1064nm \u2013 ponteira 7mm<\/p>\n<p>Etherea MX Acroma-QS\u00ae<br \/>\n&#8211; Handpiece 1064nm \u2013 ponteira 7mm<br \/>\n\u2022 Sess\u00f5es a cada 10-15 dias<br \/>\n\u2022 Oito a 10 sess\u00f5es<br \/>\n\u2022 Tr\u00eas passadas por local: endpoint eritema<br \/>\n\u2022 Ap\u00f3s sess\u00f5es de manuten\u00e7\u00e3o mensais<\/p>\n<p>PAR\u00c2METROS<br \/>\n\u2022 Etherea MX Acroma-QS\u00ae<br \/>\n1. Handpiece 1064nm \u2013 ponteira 7mm<br \/>\n2. Energia: iniciar 600mJ<br \/>\n3. Frequ\u00eancia: 3-5Hz<br \/>\n4. Aumentar ao longo das sess\u00f5es: 900\/ 1200\/ 1500mJ<\/p>\n<p>&nbsp;<\/p>\n<p>&nbsp;<\/p>\n<h3>Veja mais links abaixo e loca\u00e7\u00e3o de m\u00e1quinas e\u00a0 lasers:<\/h3>\n<p><a href=\"https:\/\/justlaser.com.br\/alugueldelasers\/aluguel-e-locacao-de-ponteiras-de-lasers-em-sao-paulo\/aluguel-locacao-de-laser-ndyag-nd-yag-1064\">Aluguel de laser NdYag 1064\u00a0<\/a><\/p>\n<p><a href=\"https:\/\/justlaser.com.br\/alugueldelasers\/aluguel-e-locacao-de-ponteiras-de-lasers-em-sao-paulo\/aluguel-locacao-ndyag-1064-nm-nd-yag-para-remocao-de-tatuagem\">Loca\u00e7\u00e3o e Aluguel\u00a0 laser para remo\u00e7\u00e3o tatuagem NdYag<\/a><\/p>\n<p><a href=\"https:\/\/justlaser.com.br\/alugueldelasers\/aluguel-laser-remocao-de-tatuagem-ndyag-1064\/\">Aluguel laser remo\u00e7\u00e3o de tatuagem e micro pigmenta\u00e7\u00e3o<\/a><\/p>\n<p><a href=\"https:\/\/justlaser.com.br\/alugueldelasers\/aluguel-e-locacao-de-ponteiras-de-lasers-em-sao-paulo\/aluguel-da-ponteira-acroma-q-switched-1064-do-etherea\/aluguel-laser-para-black-peel\/\">Aluguel de laser para Black Peel NdYag<\/a><\/p>\n<p><a href=\"https:\/\/justlaser.com.br\/alugueldelasers\/aluguel-e-locacao-de-ponteiras-de-lasers-em-sao-paulo\/locacao-laser-aparelho-para-black-peel-ndyag-1064-nd-yag\">Loca\u00e7\u00e3o de laser para Black Peel 1064<\/a><\/p>\n<p><a href=\"https:\/\/justlaser.com.br\/alugueldelasers\/aluguel-e-locacao-de-ponteiras-de-lasers-em-sao-paulo\/aluguel-da-ponteira-acroma-q-switched-1064-do-etherea\/aluguel-laser-para-black-peel\/aluguel-de-laser-para-peeling-hollywood\">Aluguel de laser para Peeling Hollywood NdYag\u00a0<\/a><\/p>\n<p><a href=\"https:\/\/justlaser.com.br\/alugueldelasers\/aluguel-locacao-inkie-laser-para-remocao-tatuagem\">Aluguel Laser Inkie para remo\u00e7\u00e3o de tatuagem<\/a><\/p>\n<p><a href=\"https:\/\/justlaser.com.br\/alugueldelasers\/aluguel-e-locacao-de-ponteiras-de-lasers-em-sao-paulo\/aluguel-locacao-laser-para-melasma\/\">Aluguel de laser para Melasma<\/a><\/p>\n<p>&nbsp;<\/p>\n<h2>Entre em contato para treinamentos e aluguel de laser para Peeling de Hollywood!<\/h2>\n<p><img decoding=\"async\" class=\"aligncenter size-full wp-image-2823\" src=\"https:\/\/justlaser.com.br\/alugueldelasers\/wp-content\/uploads\/2021\/12\/black-peeling-hollywood-ndyag-1064.jpg\" alt=\"black peeling hollywood ndyag 1064\" width=\"769\" height=\"657\" title=\"\" srcset=\"https:\/\/justlaser.com.br\/alugueldelasers\/wp-content\/uploads\/2021\/12\/black-peeling-hollywood-ndyag-1064-200x171.jpg 200w, https:\/\/justlaser.com.br\/alugueldelasers\/wp-content\/uploads\/2021\/12\/black-peeling-hollywood-ndyag-1064-300x256.jpg 300w, https:\/\/justlaser.com.br\/alugueldelasers\/wp-content\/uploads\/2021\/12\/black-peeling-hollywood-ndyag-1064-400x342.jpg 400w, https:\/\/justlaser.com.br\/alugueldelasers\/wp-content\/uploads\/2021\/12\/black-peeling-hollywood-ndyag-1064-500x427.jpg 500w, https:\/\/justlaser.com.br\/alugueldelasers\/wp-content\/uploads\/2021\/12\/black-peeling-hollywood-ndyag-1064-600x513.jpg 600w, https:\/\/justlaser.com.br\/alugueldelasers\/wp-content\/uploads\/2021\/12\/black-peeling-hollywood-ndyag-1064-700x598.jpg 700w, https:\/\/justlaser.com.br\/alugueldelasers\/wp-content\/uploads\/2021\/12\/black-peeling-hollywood-ndyag-1064-768x656.jpg 768w, https:\/\/justlaser.com.br\/alugueldelasers\/wp-content\/uploads\/2021\/12\/black-peeling-hollywood-ndyag-1064.jpg 769w\" sizes=\"(max-width: 769px) 100vw, 769px\" \/><\/p>\n<p>&nbsp;<\/p>\n<p>&nbsp;<\/p>\n","protected":false},"excerpt":{"rendered":"<p>Loca\u00e7\u00e3o de Laser para Black Peel NdYag 1064\u00a0 &#8211; Peeling\u00a0 Hollywood Conhecido com peeling [&hellip;]<\/p>\n","protected":false},"author":2,"featured_media":0,"parent":2415,"menu_order":0,"comment_status":"closed","ping_status":"closed","template":"","meta":{"footnotes":""},"_links":{"self":[{"href":"https:\/\/justlaser.com.br\/alugueldelasers\/wp-json\/wp\/v2\/pages\/2791"}],"collection":[{"href":"https:\/\/justlaser.com.br\/alugueldelasers\/wp-json\/wp\/v2\/pages"}],"about":[{"href":"https:\/\/justlaser.com.br\/alugueldelasers\/wp-json\/wp\/v2\/types\/page"}],"author":[{"embeddable":true,"href":"https:\/\/justlaser.com.br\/alugueldelasers\/wp-json\/wp\/v2\/users\/2"}],"replies":[{"embeddable":true,"href":"https:\/\/justlaser.com.br\/alugueldelasers\/wp-json\/wp\/v2\/comments?post=2791"}],"version-history":[{"count":0,"href":"https:\/\/justlaser.com.br\/alugueldelasers\/wp-json\/wp\/v2\/pages\/2791\/revisions"}],"up":[{"embeddable":true,"href":"https:\/\/justlaser.com.br\/alugueldelasers\/wp-json\/wp\/v2\/pages\/2415"}],"wp:attachment":[{"href":"https:\/\/justlaser.com.br\/alugueldelasers\/wp-json\/wp\/v2\/media?parent=2791"}],"curies":[{"name":"wp","href":"https:\/\/api.w.org\/{rel}","templated":true}]}}