{"id":2793,"date":"2021-12-25T14:41:01","date_gmt":"2021-12-25T17:41:01","guid":{"rendered":"https:\/\/justlaser.com.br\/alugueldelasers\/?page_id=2793"},"modified":"2021-12-30T12:50:55","modified_gmt":"2021-12-30T15:50:55","slug":"aluguel-de-laser-para-peeling-hollywood","status":"publish","type":"page","link":"https:\/\/justlaser.com.br\/alugueldelasers\/aluguel-e-locacao-de-ponteiras-de-lasers-em-sao-paulo\/aluguel-da-ponteira-acroma-q-switched-1064-do-etherea\/aluguel-laser-para-black-peel\/aluguel-de-laser-para-peeling-hollywood\/","title":{"rendered":"Aluguel de Laser  para Peeling\u00a0 Hollywood"},"content":{"rendered":"<h1>Aluguel de Laser para Peeling\u00a0 Hollywood &#8211; Black Peel Nd Yag 1064<\/h1>\n<p><img decoding=\"async\" class=\"aligncenter size-full wp-image-2794\" src=\"https:\/\/justlaser.com.br\/alugueldelasers\/wp-content\/uploads\/2021\/12\/laser-black-peel-nd-yag-.png\" alt=\"laser black peel nd yag\" width=\"1197\" height=\"406\" title=\"\" srcset=\"https:\/\/justlaser.com.br\/alugueldelasers\/wp-content\/uploads\/2021\/12\/laser-black-peel-nd-yag--200x68.png 200w, https:\/\/justlaser.com.br\/alugueldelasers\/wp-content\/uploads\/2021\/12\/laser-black-peel-nd-yag--300x102.png 300w, https:\/\/justlaser.com.br\/alugueldelasers\/wp-content\/uploads\/2021\/12\/laser-black-peel-nd-yag--400x136.png 400w, https:\/\/justlaser.com.br\/alugueldelasers\/wp-content\/uploads\/2021\/12\/laser-black-peel-nd-yag--500x170.png 500w, https:\/\/justlaser.com.br\/alugueldelasers\/wp-content\/uploads\/2021\/12\/laser-black-peel-nd-yag--600x204.png 600w, https:\/\/justlaser.com.br\/alugueldelasers\/wp-content\/uploads\/2021\/12\/laser-black-peel-nd-yag--700x237.png 700w, https:\/\/justlaser.com.br\/alugueldelasers\/wp-content\/uploads\/2021\/12\/laser-black-peel-nd-yag--768x260.png 768w, https:\/\/justlaser.com.br\/alugueldelasers\/wp-content\/uploads\/2021\/12\/laser-black-peel-nd-yag--800x271.png 800w, https:\/\/justlaser.com.br\/alugueldelasers\/wp-content\/uploads\/2021\/12\/laser-black-peel-nd-yag--1024x347.png 1024w, https:\/\/justlaser.com.br\/alugueldelasers\/wp-content\/uploads\/2021\/12\/laser-black-peel-nd-yag-.png 1197w\" sizes=\"(max-width: 1197px) 100vw, 1197px\" \/><\/p>\n<p>&nbsp;<\/p>\n<h2>Laser que fazem Peeling\u00a0 Hollywood para aluguel<\/h2>\n<ul>\n<li><a href=\"https:\/\/www.vydence.com\/pt\/etherea-mx\/\" target=\"_blank\" rel=\"noopener\">Acroma, Vydence<\/a><\/li>\n<li>Elektra<\/li>\n<li>Spectra<\/li>\n<li>Inkie<\/li>\n<li>Todos aparelhos de Q-switched\u00a0 NdYag 1064 em geral<\/li>\n<\/ul>\n<h3>O que \u00e9 o Peeling Hollywood ?<\/h3>\n<p>O\u00a0<b>Hollywood<\/b>\u00a0Laser\u00a0<b>Peel<\/b>, tamb\u00e9m conhecido como\u00a0<b>Peeling<\/b>\u00a0de\u00a0<b>Hollywood<\/b>, \u00e9 um tratamento est\u00e9tico para o rosto, popular entre as famosas e queridinho antes dos tapetes vermelhos. &#8230; No\u00a0<b>Hollywood<\/b>\u00a0Laser\u00a0<b>Peel<\/b>, a m\u00e1scara de carv\u00e3o potencializa a penetra\u00e7\u00e3o do laser na pele, melhorando o aspecto geral j\u00e1 na primeira sess\u00e3o.<\/p>\n<p>&nbsp;<\/p>\n<h3><b>Quais os benef\u00edcios do peeling Hollywood<\/b>?<\/h3>\n<p>Ativa o col\u00e1geno, clareia a pele, amenizando manchas superficiais, marcas e linhas finas, controla a oleosidade da pele, atua nos cravos, limpa e fecha os poros abertos. Portanto, super indicado para peles sem brilho que necessitam de uma renova\u00e7\u00e3o total.<\/p>\n<h2>RESULTADOS ESPERADOS COM ALUGUEL DE LASER PARA PEELING HOLLYWOOD<\/h2>\n<p>\u2022 Laser toning isolado: melhora da acne, poros, rugas e telangiectasias<br \/>\n\u2022 Laser toning + drug delivery: superioridade ao grupo placebo nos par\u00e2metros acne, manchas, poros, textura<\/p>\n<p>&nbsp;<\/p>\n<h2>Como fazer o laser toning , o Peeling de Hollywood<\/h2>\n<p>Etherea MX Acroma-QS\u00ae Handpiece 1064 nm<br \/>\n\u2022 Ponteira de 7mm<br \/>\n\u2022 Frequ\u00eancia 5Hz<br \/>\n\u2022 Duas passadas em toda a face<br \/>\n\u2022 Energia: 1\u00aa sess\u00e3o 600mJ, 2\u00aa 900mJ, 3\u00aa e 4\u00aa sess\u00f5es 1200mJ<br \/>\n\u2022 2 passadas por sess\u00e3o por toda \u00e1rea<br \/>\n(Surg Cosm Dermatol. 2016;8:142-6)<\/p>\n<blockquote><p>Usar a pasta de carbono se dispon\u00edvel, mas SEMPRE PROTEGENDO A PONTEIRA COM PL\u00c1STICO FILME PARA N\u00c3O QUEIMAR A PONTEIRA DO LASER !<\/p>\n<p>&nbsp;<\/p><\/blockquote>\n<p><img decoding=\"async\" class=\"aligncenter size-full wp-image-2795\" src=\"https:\/\/justlaser.com.br\/alugueldelasers\/wp-content\/uploads\/2021\/12\/laser-1064-peeling-hollywood.png\" alt=\"laser 1064 black peel peeling hollywood\" width=\"1020\" height=\"602\" title=\"\" srcset=\"https:\/\/justlaser.com.br\/alugueldelasers\/wp-content\/uploads\/2021\/12\/laser-1064-peeling-hollywood-200x118.png 200w, https:\/\/justlaser.com.br\/alugueldelasers\/wp-content\/uploads\/2021\/12\/laser-1064-peeling-hollywood-300x177.png 300w, https:\/\/justlaser.com.br\/alugueldelasers\/wp-content\/uploads\/2021\/12\/laser-1064-peeling-hollywood-400x236.png 400w, https:\/\/justlaser.com.br\/alugueldelasers\/wp-content\/uploads\/2021\/12\/laser-1064-peeling-hollywood-500x295.png 500w, https:\/\/justlaser.com.br\/alugueldelasers\/wp-content\/uploads\/2021\/12\/laser-1064-peeling-hollywood-600x354.png 600w, https:\/\/justlaser.com.br\/alugueldelasers\/wp-content\/uploads\/2021\/12\/laser-1064-peeling-hollywood-700x413.png 700w, https:\/\/justlaser.com.br\/alugueldelasers\/wp-content\/uploads\/2021\/12\/laser-1064-peeling-hollywood-768x453.png 768w, https:\/\/justlaser.com.br\/alugueldelasers\/wp-content\/uploads\/2021\/12\/laser-1064-peeling-hollywood-800x472.png 800w, https:\/\/justlaser.com.br\/alugueldelasers\/wp-content\/uploads\/2021\/12\/laser-1064-peeling-hollywood.png 1020w\" sizes=\"(max-width: 1020px) 100vw, 1020px\" \/><\/p>\n<p>&nbsp;<\/p>\n<p>&nbsp;<\/p>\n<h3>Veja mais links abaixo e loca\u00e7\u00e3o de m\u00e1quinas e\u00a0 lasers:<\/h3>\n<p><a href=\"https:\/\/justlaser.com.br\/alugueldelasers\/aluguel-e-locacao-de-ponteiras-de-lasers-em-sao-paulo\/aluguel-locacao-de-laser-ndyag-nd-yag-1064\">Aluguel de laser NdYag 1064\u00a0<\/a><\/p>\n<p><a href=\"https:\/\/justlaser.com.br\/alugueldelasers\/aluguel-e-locacao-de-ponteiras-de-lasers-em-sao-paulo\/aluguel-locacao-ndyag-1064-nm-nd-yag-para-remocao-de-tatuagem\">Loca\u00e7\u00e3o e Aluguel\u00a0 laser para remo\u00e7\u00e3o tatuagem NdYag<\/a><\/p>\n<p><a href=\"https:\/\/justlaser.com.br\/alugueldelasers\/aluguel-laser-remocao-de-tatuagem-ndyag-1064\/\">Aluguel laser remo\u00e7\u00e3o de tatuagem e micro pigmenta\u00e7\u00e3o<\/a><\/p>\n<p><a href=\"https:\/\/justlaser.com.br\/alugueldelasers\/aluguel-e-locacao-de-ponteiras-de-lasers-em-sao-paulo\/aluguel-da-ponteira-acroma-q-switched-1064-do-etherea\/aluguel-laser-para-black-peel\/\">Aluguel de laser para Black Peel NdYag<\/a><\/p>\n<p><a href=\"https:\/\/justlaser.com.br\/alugueldelasers\/aluguel-e-locacao-de-ponteiras-de-lasers-em-sao-paulo\/locacao-laser-aparelho-para-black-peel-ndyag-1064-nd-yag\">Loca\u00e7\u00e3o de laser para Black Peel 1064<\/a><\/p>\n<p><a href=\"https:\/\/justlaser.com.br\/alugueldelasers\/aluguel-e-locacao-de-ponteiras-de-lasers-em-sao-paulo\/aluguel-da-ponteira-acroma-q-switched-1064-do-etherea\/aluguel-laser-para-black-peel\/aluguel-de-laser-para-peeling-hollywood\">Aluguel de laser para Peeling Hollywood NdYag\u00a0<\/a><\/p>\n<p><a href=\"https:\/\/justlaser.com.br\/alugueldelasers\/aluguel-locacao-inkie-laser-para-remocao-tatuagem\">Aluguel Laser Inkie para remo\u00e7\u00e3o de tatuagem<\/a><\/p>\n<p><a href=\"https:\/\/justlaser.com.br\/alugueldelasers\/aluguel-e-locacao-de-ponteiras-de-lasers-em-sao-paulo\/aluguel-locacao-laser-para-melasma\/\">Aluguel de laser para Melasma<\/a><\/p>\n<p>&nbsp;<\/p>\n<h2>Entre em contato para treinamentos e aluguel de laser para Black Peel!<\/h2>\n<p><img decoding=\"async\" class=\"aligncenter size-full wp-image-2823\" src=\"https:\/\/justlaser.com.br\/alugueldelasers\/wp-content\/uploads\/2021\/12\/black-peeling-hollywood-ndyag-1064.jpg\" alt=\"black peeling hollywood ndyag 1064\" width=\"769\" height=\"657\" title=\"\" srcset=\"https:\/\/justlaser.com.br\/alugueldelasers\/wp-content\/uploads\/2021\/12\/black-peeling-hollywood-ndyag-1064-200x171.jpg 200w, https:\/\/justlaser.com.br\/alugueldelasers\/wp-content\/uploads\/2021\/12\/black-peeling-hollywood-ndyag-1064-300x256.jpg 300w, https:\/\/justlaser.com.br\/alugueldelasers\/wp-content\/uploads\/2021\/12\/black-peeling-hollywood-ndyag-1064-400x342.jpg 400w, https:\/\/justlaser.com.br\/alugueldelasers\/wp-content\/uploads\/2021\/12\/black-peeling-hollywood-ndyag-1064-500x427.jpg 500w, https:\/\/justlaser.com.br\/alugueldelasers\/wp-content\/uploads\/2021\/12\/black-peeling-hollywood-ndyag-1064-600x513.jpg 600w, https:\/\/justlaser.com.br\/alugueldelasers\/wp-content\/uploads\/2021\/12\/black-peeling-hollywood-ndyag-1064-700x598.jpg 700w, https:\/\/justlaser.com.br\/alugueldelasers\/wp-content\/uploads\/2021\/12\/black-peeling-hollywood-ndyag-1064-768x656.jpg 768w, https:\/\/justlaser.com.br\/alugueldelasers\/wp-content\/uploads\/2021\/12\/black-peeling-hollywood-ndyag-1064.jpg 769w\" sizes=\"(max-width: 769px) 100vw, 769px\" \/><\/p>\n<p>&nbsp;<\/p>\n<p>&nbsp;<\/p>\n","protected":false},"excerpt":{"rendered":"<p>Aluguel de Laser para Peeling\u00a0 Hollywood &#8211; Black Peel Nd Yag 1064 &nbsp; Laser [&hellip;]<\/p>\n","protected":false},"author":2,"featured_media":0,"parent":2790,"menu_order":0,"comment_status":"closed","ping_status":"closed","template":"","meta":{"footnotes":""},"_links":{"self":[{"href":"https:\/\/justlaser.com.br\/alugueldelasers\/wp-json\/wp\/v2\/pages\/2793"}],"collection":[{"href":"https:\/\/justlaser.com.br\/alugueldelasers\/wp-json\/wp\/v2\/pages"}],"about":[{"href":"https:\/\/justlaser.com.br\/alugueldelasers\/wp-json\/wp\/v2\/types\/page"}],"author":[{"embeddable":true,"href":"https:\/\/justlaser.com.br\/alugueldelasers\/wp-json\/wp\/v2\/users\/2"}],"replies":[{"embeddable":true,"href":"https:\/\/justlaser.com.br\/alugueldelasers\/wp-json\/wp\/v2\/comments?post=2793"}],"version-history":[{"count":0,"href":"https:\/\/justlaser.com.br\/alugueldelasers\/wp-json\/wp\/v2\/pages\/2793\/revisions"}],"up":[{"embeddable":true,"href":"https:\/\/justlaser.com.br\/alugueldelasers\/wp-json\/wp\/v2\/pages\/2790"}],"wp:attachment":[{"href":"https:\/\/justlaser.com.br\/alugueldelasers\/wp-json\/wp\/v2\/media?parent=2793"}],"curies":[{"name":"wp","href":"https:\/\/api.w.org\/{rel}","templated":true}]}}