{"id":2798,"date":"2021-12-25T14:56:13","date_gmt":"2021-12-25T17:56:13","guid":{"rendered":"https:\/\/justlaser.com.br\/alugueldelasers\/?page_id=2798"},"modified":"2021-12-30T13:20:13","modified_gmt":"2021-12-30T16:20:13","slug":"aluguel-locacao-laser-para-melasma","status":"publish","type":"page","link":"https:\/\/justlaser.com.br\/alugueldelasers\/aluguel-e-locacao-de-ponteiras-de-lasers-em-sao-paulo\/aluguel-locacao-laser-para-melasma\/","title":{"rendered":"Aluguel Loca\u00e7\u00e3o laser para Melasma"},"content":{"rendered":"<h1>Aluguel Loca\u00e7\u00e3o Laser para Melasma<\/h1>\n<p>Quando voc\u00ea pensa em <strong>aluguel ou loca\u00e7\u00e3o de laser para o tratamento do melasma<\/strong> voc\u00ea deve pensar em basicamente 3 comprimentos de onda.<\/p>\n<p>N\u00f3s utilizamos o laser:<\/p>\n<ul>\n<li><a href=\"https:\/\/justlaser.com.br\/alugueldelasers\/aluguel-e-locacao-de-ponteiras-de-lasers-em-sao-paulo\/aluguel-da-ponteira-acroma-q-switched-1064-do-etherea\/\"><strong> NDYAG 1064 nm, Acroma<\/strong><\/a>\u00a0 \u00a0, ponteira de\u00a0 7mm de 600 a 900 mj<\/li>\n<li><a href=\"https:\/\/justlaser.com.br\/alugueldelasers\/aluguel-e-locacao-de-ponteiras-de-lasers-em-sao-paulo\/aluguel-da-ponteira-laser-fracionado-nao-ablativo-1340-do-etherea-prodeep\/\"><strong>laser de 1340 nm NDYAP, Prodeep etherea<\/strong><\/a>\u00a0 ponteira de\u00a0 400mtz !<\/li>\n<li><strong><a href=\"https:\/\/justlaser.com.br\/alugueldelasers\/aluguel-laser-lavieen\/locacao-lavieen\/\">laser de T\u00falio 1927 Lavieen<\/a>.<\/strong><\/li>\n<\/ul>\n<p><img decoding=\"async\" class=\"aligncenter size-full wp-image-2815\" src=\"https:\/\/justlaser.com.br\/alugueldelasers\/wp-content\/uploads\/2021\/12\/aluguel-laser-para-melasma.png\" alt=\"aluguel laser para melasma\" width=\"612\" height=\"297\" title=\"\" srcset=\"https:\/\/justlaser.com.br\/alugueldelasers\/wp-content\/uploads\/2021\/12\/aluguel-laser-para-melasma-200x97.png 200w, https:\/\/justlaser.com.br\/alugueldelasers\/wp-content\/uploads\/2021\/12\/aluguel-laser-para-melasma-300x146.png 300w, https:\/\/justlaser.com.br\/alugueldelasers\/wp-content\/uploads\/2021\/12\/aluguel-laser-para-melasma-400x194.png 400w, https:\/\/justlaser.com.br\/alugueldelasers\/wp-content\/uploads\/2021\/12\/aluguel-laser-para-melasma-500x243.png 500w, https:\/\/justlaser.com.br\/alugueldelasers\/wp-content\/uploads\/2021\/12\/aluguel-laser-para-melasma-600x291.png 600w, https:\/\/justlaser.com.br\/alugueldelasers\/wp-content\/uploads\/2021\/12\/aluguel-laser-para-melasma.png 612w\" sizes=\"(max-width: 612px) 100vw, 612px\" \/><\/p>\n<p><strong>Essas 3 tecnologias s\u00e3o o que tem de melhor\u00a0 no Brasil para o tratamento a laser do melasma.<\/strong><\/p>\n<p>Elas podem ser utilizadas em conjunto, alternadas, ou combinadas.<\/p>\n<p>Pense em diversas aplica\u00e7\u00f5es da mesma m\u00e1quina, com intervalos quinzenais ou mensais.<\/p>\n<p>H\u00e1 ainda a possibilidade do <strong>laser fotona<\/strong>, que tamb\u00e9m \u00e9 um 1064 com comprimento de onda semelhante, mas velocidade diferente.<\/p>\n<p>Os lasers de 1064 nan\u00f4metros para o tratamento do melasma devem ser muito r\u00e1pidos. Medimos em nanosegundos, ou quando poss\u00edvel picosegundos.<br \/>\nO problema \u00e9 que os lasers de pico segundos custam mais de de1 milh\u00e3o de reais.<br \/>\nE n\u00e3o s\u00e3o dispon\u00edveis para loca\u00e7\u00e3o, em fun\u00e7\u00e3o do seu custo muito maior.<\/p>\n<p>O tratamento do melasma sempre requer uma combina\u00e7\u00e3o de tratamentos t\u00f3picos, cremes, lasers, peeling e prote\u00e7\u00e3o solar.<\/p>\n<p><span style=\"font-size: 14pt;\"><strong>Voc\u00ea deve pensar na:<\/strong><\/span><\/p>\n<ul>\n<li><a href=\"https:\/\/www.vydence.com\/pt\/home\/\" target=\"_blank\" rel=\"noopener\"><span style=\"font-size: 14pt;\"><strong><em>plataforma Etherea , no laser Acroma,<\/em><\/strong><\/span><\/a><\/li>\n<li><span style=\"font-size: 14pt;\"><strong><em>o laser prodeep 1340,<\/em><\/strong><\/span><\/li>\n<li><span style=\"font-size: 14pt;\"><strong>e quando poss\u00edvel alternar com o novo<em> laser de T\u00falio 1927nm , Lavieen<\/em> , que aparentemente \u00e9 o melhor laser para melasma no mercado dispon\u00edvel hoje.<\/strong><\/span><\/li>\n<\/ul>\n<p>&nbsp;<\/p>\n<h2>Sobre o melasma<\/h2>\n<p>Melasma \u00e9 uma patologia muito frequente no Brasil e existe uma maior incid\u00eancia em algumas regi\u00f5es do pa\u00eds<\/p>\n<p>\u27a2 Caracteriza-se por manchas marrons a marrom-acinzentadas, em geral na face: regi\u00f5es malares, dorso do nariz, regi\u00e3o frontal, bu\u00e7o e mento<br \/>\n\u27a2 Pode aparecer tamb\u00e9m em outras partes do corpo, como nos antebra\u00e7os e no pesco\u00e7o (mas \u00e9 muito menos comum nestas \u00e1reas)<br \/>\n\u27a2 Incide na pele das mulheres muito mais frequentemente do que na pele masculina<br \/>\n\u27a2 Apenas 10% dos acometidos por Melasma, s\u00e3o homens<\/p>\n<p>&nbsp;<\/p>\n<p>Pessoas com pele mais escura de origem latina \/ hisp\u00e2nica, norte africana, afro-americana, asi\u00e1tica, indiana, do Oriente M\u00e9dio ou do Mediterr\u00e2neo s\u00e3o as mais propensas a ter Melasma<br \/>\n\u27a2 O Melasma \u00e9 mais frequente nas pessoas provenientes de fam\u00edlias com grande miscigena\u00e7\u00e3o interraciais ou inter\u00e9tnicas<br \/>\n\u27a2 Tamb\u00e9m existe uma predisposi\u00e7\u00e3o gen\u00e9tica nos pacientes portadores destas manchas<br \/>\n\u27a2 As causas do Melasma n\u00e3o est\u00e3o ainda completamente claras &#8211; os melan\u00f3citos produzem mais melanina, mas outras c\u00e9lulas como os fibroblastos, tamb\u00e9m aumentam a melanog\u00eanese<br \/>\n\u27a2 VASCULATURA: o n\u00famero e o tamanho dos vasos est\u00e3o relacionados com a intensidade da pigmenta\u00e7\u00e3o<br \/>\n\u27a2 A angiog\u00eanese pode estar relacionada ao aumento do VEGF (Fator de Crescimento Endotelial Vascular), expresso pelos queratin\u00f3citos da Epiderme<br \/>\n\u27a2 O Melasma frequentemente possui pigmenta\u00e7\u00e3o D\u00c9RMICA (EXPOSI\u00c7\u00c3O CR\u00d4NICA AO SOL: incontin\u00eancia da melanina e melan\u00f3fagos d\u00e9rmicos<\/p>\n<p>&nbsp;<\/p>\n<h3>VALE A PENA RELEMBRAR SOBRE O LASER PARA MELASMA &#8230;<\/h3>\n<p>Os gatilhos mais importantes do Melasma s\u00e3o:<br \/>\n\u27a2 Exposi\u00e7\u00e3o solar &#8211; radia\u00e7\u00f5es ultravioletas (UV);<br \/>\n\u27a2 Todas as Luzes Vis\u00edveis &#8211; mais recentemente;<br \/>\n\u27a2 Horm\u00f4nios &#8211; gravidez, p\u00edlulas anticoncepcionais e terapias de reposi\u00e7\u00e3o hormonal;<br \/>\n\u27a2 Dermocosm\u00e9ticos &#8211; Se algum produto irritar a pele do paciente, as manchas do Melasma podem piorar muito<\/p>\n<p>&nbsp;<\/p>\n<h3>ALGUNS TRATAMENTOS DISPON\u00cdVEIS PARA O MELASMA REALIZADOS NA CL\u00cdNICA<\/h3>\n<p>\u27a2 Peelings Qu\u00edmicos<br \/>\n\u27a2 LASERs<br \/>\n\u27a2 LASERs + Peelings Qu\u00edmicos<br \/>\n\u27a2 LASER ou LED (Luz Emitida por Diodo) + Drug Delivery<\/p>\n<p>&nbsp;<\/p>\n<h2>Como tratar melasma com laser ?<br \/>\n\u00daltimas novidades em cl\u00ednicas de dermatologia para 2022<\/h2>\n<h3>SUGEST\u00c3O DE\u00a0 TERAPIA COMBINADA STEP BY STEP&#8230; Com aluguel de laser para melasma<\/h3>\n<p>1 &#8211; Usando a plataforma Etherea MX, inicialmente \u00e9 aplicada a PONTEIRA ACROMA &#8211; Q Switched Nd:YAG 1064 nm (7mm; 600mJ; 2 a 3 passadas).<\/p>\n<p>Imediatamente ap\u00f3s, \u00e9 aplicada a PONTEIRA 1340 nm &#8211; Nd: YAP LASER (10mJ\/mtz; 400mtz\/cm\u00b2; 10 ms; 2 passadas)- AMBAS EM TODA A FACE DO PACIENTE<\/p>\n<p>\u2713 Q-Switched LASER + Nd:YAP LASER: ambos tratam a melanina epid\u00e9rmica e d\u00e9rmica das les\u00f5es<\/p>\n<p>\u27a2 Se for necess\u00e1rio, PONTEIRA 1064 nm LONG PULSE LASER (LASER VASCULAR 1064)\u00a0 ser\u00e1 aplicada, apenas para tratar os vasos (\u00e1rea das manchas) &#8211; energias muito baixas e uma pequena quantidade de vasos por sess\u00e3o!<br \/>\n2- Ap\u00f3s todos esses LASERs, o \u00c1cido Tranex\u00e2mico (com ou sem a Vitamina C) \u00e9 usado como DRUG DELIVERY<br \/>\n3- O LED \u00e9 ent\u00e3o utilizado: Infra-Red (7 minutos) + Red (7 minutos) &#8211; otimiza\u00e7\u00e3o do Drug Delivery<br \/>\n4- No final, os Peelings Qu\u00edmicos s\u00e3o aplicados<\/p>\n<h4>\u27a2 O paciente permanecer\u00e1 com estes Peelings Qu\u00edmicos por 6 a 12 horas<\/h4>\n<p>&nbsp;<\/p>\n<blockquote><p><span style=\"font-size: 14pt;\"><strong><em>Alternar com 2 ou 3 sess\u00f5es de LASER LAVIEEN 1927 T\u00daLIO, SE POSS\u00cdVEL QUE MELHORA MUIIIIITTOOOOOO\u00a0 O\u00a0 RESULTADO E VELOCIDADE NA RESPOSTA.\u00a0<\/em><\/strong><\/span><\/p><\/blockquote>\n<p>&nbsp;<\/p>\n<h3>Veja mais links abaixo e loca\u00e7\u00e3o de m\u00e1quinas e\u00a0 lasers:<\/h3>\n<p><a href=\"https:\/\/justlaser.com.br\/alugueldelasers\/aluguel-e-locacao-de-ponteiras-de-lasers-em-sao-paulo\/aluguel-locacao-de-laser-ndyag-nd-yag-1064\">Aluguel de laser NdYag 1064\u00a0<\/a><\/p>\n<p><a href=\"https:\/\/justlaser.com.br\/alugueldelasers\/aluguel-e-locacao-de-ponteiras-de-lasers-em-sao-paulo\/aluguel-locacao-ndyag-1064-nm-nd-yag-para-remocao-de-tatuagem\">Loca\u00e7\u00e3o e Aluguel\u00a0 laser para remo\u00e7\u00e3o tatuagem NdYag<\/a><\/p>\n<p><a href=\"https:\/\/justlaser.com.br\/alugueldelasers\/aluguel-laser-remocao-de-tatuagem-ndyag-1064\/\">Aluguel laser remo\u00e7\u00e3o de tatuagem e micro pigmenta\u00e7\u00e3o<\/a><\/p>\n<p><a href=\"https:\/\/justlaser.com.br\/alugueldelasers\/aluguel-e-locacao-de-ponteiras-de-lasers-em-sao-paulo\/aluguel-da-ponteira-acroma-q-switched-1064-do-etherea\/aluguel-laser-para-black-peel\/\">Aluguel de laser para Black Peel NdYag<\/a><\/p>\n<p><a href=\"https:\/\/justlaser.com.br\/alugueldelasers\/aluguel-e-locacao-de-ponteiras-de-lasers-em-sao-paulo\/locacao-laser-aparelho-para-black-peel-ndyag-1064-nd-yag\">Loca\u00e7\u00e3o de laser para Black Peel 1064<\/a><\/p>\n<p><a href=\"https:\/\/justlaser.com.br\/alugueldelasers\/aluguel-e-locacao-de-ponteiras-de-lasers-em-sao-paulo\/aluguel-da-ponteira-acroma-q-switched-1064-do-etherea\/aluguel-laser-para-black-peel\/aluguel-de-laser-para-peeling-hollywood\">Aluguel de laser para Peeling Hollywood NdYag\u00a0<\/a><\/p>\n<p><a href=\"https:\/\/justlaser.com.br\/alugueldelasers\/aluguel-locacao-inkie-laser-para-remocao-tatuagem\">Aluguel Laser Inkie para remo\u00e7\u00e3o de tatuagem<\/a><\/p>\n<p><a href=\"https:\/\/justlaser.com.br\/alugueldelasers\/aluguel-e-locacao-de-ponteiras-de-lasers-em-sao-paulo\/aluguel-locacao-laser-para-melasma\/\">Aluguel de laser para Melasma<\/a><\/p>\n<p>&nbsp;<\/p>\n<h2>Entre em contato para treinamentos e aluguel de laser para melasma !<\/h2>\n<p>&nbsp;<\/p>\n<p>Veja m<\/p>\n","protected":false},"excerpt":{"rendered":"<p>Aluguel Loca\u00e7\u00e3o Laser para Melasma Quando voc\u00ea pensa em aluguel ou loca\u00e7\u00e3o de laser [&hellip;]<\/p>\n","protected":false},"author":2,"featured_media":0,"parent":2415,"menu_order":0,"comment_status":"closed","ping_status":"closed","template":"","meta":{"footnotes":""},"_links":{"self":[{"href":"https:\/\/justlaser.com.br\/alugueldelasers\/wp-json\/wp\/v2\/pages\/2798"}],"collection":[{"href":"https:\/\/justlaser.com.br\/alugueldelasers\/wp-json\/wp\/v2\/pages"}],"about":[{"href":"https:\/\/justlaser.com.br\/alugueldelasers\/wp-json\/wp\/v2\/types\/page"}],"author":[{"embeddable":true,"href":"https:\/\/justlaser.com.br\/alugueldelasers\/wp-json\/wp\/v2\/users\/2"}],"replies":[{"embeddable":true,"href":"https:\/\/justlaser.com.br\/alugueldelasers\/wp-json\/wp\/v2\/comments?post=2798"}],"version-history":[{"count":0,"href":"https:\/\/justlaser.com.br\/alugueldelasers\/wp-json\/wp\/v2\/pages\/2798\/revisions"}],"up":[{"embeddable":true,"href":"https:\/\/justlaser.com.br\/alugueldelasers\/wp-json\/wp\/v2\/pages\/2415"}],"wp:attachment":[{"href":"https:\/\/justlaser.com.br\/alugueldelasers\/wp-json\/wp\/v2\/media?parent=2798"}],"curies":[{"name":"wp","href":"https:\/\/api.w.org\/{rel}","templated":true}]}}