{"id":2824,"date":"2021-12-25T21:16:38","date_gmt":"2021-12-26T00:16:38","guid":{"rendered":"https:\/\/justlaser.com.br\/alugueldelasers\/?page_id=2824"},"modified":"2021-12-27T12:21:23","modified_gmt":"2021-12-27T15:21:23","slug":"aluguel-laser-para-cirurgiao-vascular","status":"publish","type":"page","link":"https:\/\/justlaser.com.br\/alugueldelasers\/aluguel-laser-para-cirurgiao-vascular\/","title":{"rendered":"Aluguel laser para Cirurgi\u00e3o Vascular"},"content":{"rendered":"<h1>Aluguel laser para Cirurgi\u00e3o Vascular<\/h1>\n<p><img decoding=\"async\" class=\"aligncenter size-full wp-image-2828\" src=\"https:\/\/justlaser.com.br\/alugueldelasers\/wp-content\/uploads\/2021\/12\/aluguel-laser-para-cirurgia-vascular.jpg\" alt=\"aluguel laser para cirurgia vascular\" width=\"1024\" height=\"443\" title=\"\" srcset=\"https:\/\/justlaser.com.br\/alugueldelasers\/wp-content\/uploads\/2021\/12\/aluguel-laser-para-cirurgia-vascular-200x87.jpg 200w, https:\/\/justlaser.com.br\/alugueldelasers\/wp-content\/uploads\/2021\/12\/aluguel-laser-para-cirurgia-vascular-300x130.jpg 300w, https:\/\/justlaser.com.br\/alugueldelasers\/wp-content\/uploads\/2021\/12\/aluguel-laser-para-cirurgia-vascular-400x173.jpg 400w, https:\/\/justlaser.com.br\/alugueldelasers\/wp-content\/uploads\/2021\/12\/aluguel-laser-para-cirurgia-vascular-500x216.jpg 500w, https:\/\/justlaser.com.br\/alugueldelasers\/wp-content\/uploads\/2021\/12\/aluguel-laser-para-cirurgia-vascular-600x260.jpg 600w, https:\/\/justlaser.com.br\/alugueldelasers\/wp-content\/uploads\/2021\/12\/aluguel-laser-para-cirurgia-vascular-700x303.jpg 700w, https:\/\/justlaser.com.br\/alugueldelasers\/wp-content\/uploads\/2021\/12\/aluguel-laser-para-cirurgia-vascular-768x332.jpg 768w, https:\/\/justlaser.com.br\/alugueldelasers\/wp-content\/uploads\/2021\/12\/aluguel-laser-para-cirurgia-vascular-800x346.jpg 800w, https:\/\/justlaser.com.br\/alugueldelasers\/wp-content\/uploads\/2021\/12\/aluguel-laser-para-cirurgia-vascular.jpg 1024w\" sizes=\"(max-width: 1024px) 100vw, 1024px\" \/><\/p>\n<h2>Aluguel ou loca\u00e7\u00e3o de laser NdYag 1064 Pulso Longo Vascular<\/h2>\n<p>Quando pensamos no aluguel ou loca\u00e7\u00e3o de um laser ou de uma plataforma de lasers para cirurgia vascular, para um vascular, pensamos basicamente em laser NdYag 1064 pulso longo.<\/p>\n<p>Mas n\u00e3o \u00e9 s\u00f3 de aluguel de\u00a0<strong>laser NDYAG 1064 pulso longo<\/strong> que vive o cirurgi\u00e3o vascular , no tocante ao aluguel de plataformas m\u00e9dicas.<\/p>\n<h3>Aluguel de laser para vascular Q switched 1064 nm<\/h3>\n<p>Muito cirurgi\u00e3o vascular utiliza tamb\u00e9m determinados comprimentos de <strong>luz pulsada ou de lasers de remo\u00e7\u00e3o de tatuagem, como Acroma ,<\/strong> para tratar pigmenta\u00e7\u00f5es residuais nos membros inferiores. Laser Q switched 1064, o Cirurgi\u00e3o vascular pode usar tamb\u00e9m. S\u00e3o usados lasers para tratar tamb\u00e9m dermatite ocre, por exemplo. E, nesse caso, utiliza-se o\u00a0 laser Q switched 1064, como Acroma, Elektra, Revlite, Spectra.<\/p>\n<h3>Qual o laser mais utilizado pelo vascular, na loca\u00e7\u00e3o ?<\/h3>\n<p><img decoding=\"async\" class=\"alignright size-medium wp-image-2829\" src=\"https:\/\/justlaser.com.br\/alugueldelasers\/wp-content\/uploads\/2021\/12\/laser-aluguel-vascular-locacao-laser-300x194.jpg\" alt=\"laser aluguel vascular locacao laser\" width=\"300\" height=\"194\" title=\"\" srcset=\"https:\/\/justlaser.com.br\/alugueldelasers\/wp-content\/uploads\/2021\/12\/laser-aluguel-vascular-locacao-laser-200x129.jpg 200w, https:\/\/justlaser.com.br\/alugueldelasers\/wp-content\/uploads\/2021\/12\/laser-aluguel-vascular-locacao-laser-300x194.jpg 300w, https:\/\/justlaser.com.br\/alugueldelasers\/wp-content\/uploads\/2021\/12\/laser-aluguel-vascular-locacao-laser-400x259.jpg 400w, https:\/\/justlaser.com.br\/alugueldelasers\/wp-content\/uploads\/2021\/12\/laser-aluguel-vascular-locacao-laser.jpg 450w\" sizes=\"(max-width: 300px) 100vw, 300px\" \/><\/p>\n<p>Mas quando pensamos aluguel de laser para o cirurgi\u00e3o vascular, o arroz com feij\u00e3o sempre s\u00e3o os Laser de pulso longo mesmo.<\/p>\n<p>E desses, o que \u00e9 mais utilizado \u00e9 a plataforma Etherea, com a sua ponteira Long pulse 1064 nm .<\/p>\n<h2>Aluguel do laser Long Pulse Vascular Etherea MX<\/h2>\n<p>Laser tem uma ponteira espec\u00edfica para o tratamento de les\u00f5es vasculares, telangiectasias, e microvarizes. L\u00e1 no cabelo queridinho do cirurgi\u00e3o vascular, ele conta com tips de 2 mm, 3 mm, 6 mm e 9 mm.<\/p>\n<p>Combinando pot\u00eancia, diferentes tips, comprimento de onda e velocidade do disparo, o cirurgi\u00e3o vascular utiliza essa plataforma de laser para tratar basicamente tudo que precisa no seu dia a dia.<\/p>\n<p>O uso de um resfriador, como o Siberian ou Freddo, \u00e9 opcional, mas fortemente recomendado. E utilizado por um n\u00famero expressivo de cirurgi\u00e3o vascular quando fazem tratamentos a laser com essa plataforma.<\/p>\n<h2>Exemplos de protocolos de encontros de Usu\u00e1rios do Etherea MX com rela\u00e7\u00e3o ao laser Long Pulse 1064 laser Vascular\u00a0 \u00a0(sugest\u00e3o para aluguel ou loca\u00e7\u00e3o)<\/h2>\n<p><img decoding=\"async\" class=\"wp-image-2831 alignright\" src=\"https:\/\/justlaser.com.br\/alugueldelasers\/wp-content\/uploads\/2021\/12\/aluguel-laser-para-vascular-300x128.png\" alt=\"\" width=\"419\" height=\"179\" title=\"\" srcset=\"https:\/\/justlaser.com.br\/alugueldelasers\/wp-content\/uploads\/2021\/12\/aluguel-laser-para-vascular-200x85.png 200w, https:\/\/justlaser.com.br\/alugueldelasers\/wp-content\/uploads\/2021\/12\/aluguel-laser-para-vascular-300x128.png 300w, https:\/\/justlaser.com.br\/alugueldelasers\/wp-content\/uploads\/2021\/12\/aluguel-laser-para-vascular-400x171.png 400w, https:\/\/justlaser.com.br\/alugueldelasers\/wp-content\/uploads\/2021\/12\/aluguel-laser-para-vascular-500x213.png 500w, https:\/\/justlaser.com.br\/alugueldelasers\/wp-content\/uploads\/2021\/12\/aluguel-laser-para-vascular.png 591w\" sizes=\"(max-width: 419px) 100vw, 419px\" \/><\/p>\n<p>Vamos apresentar alguns exemplos de tratamentos e par\u00e2metros utilizados no dia a dia do vascular, quando fazem o aluguel do laser vascular.<\/p>\n<h4>Luz\u00a0 Intensa Pulsada para Mancha vinho do Porto<\/h4>\n<p>J.M., 37 anos, com diagn\u00f3stico de Mancha Vinho do Porto, iniciou tratamento<br \/>\ncom Luz Pulsada (filtro 540-Etherea), foto ap\u00f3s 5 sess\u00f5es, realizadas com intervalo<br \/>\nmensal, com par\u00e2metros que variaram17-19 J\/cm e 15 ms. Nota-se clareamento<br \/>\nimportante, al\u00e9m da melhora das les\u00f5es nodulares<\/p>\n<p><img decoding=\"async\" class=\"aligncenter size-full wp-image-2832\" src=\"https:\/\/justlaser.com.br\/alugueldelasers\/wp-content\/uploads\/2021\/12\/aluguel-laser-e-luz-pulsada-vascular.png\" alt=\"aluguel laser e luz pulsada vascular\" width=\"1162\" height=\"853\" title=\"\" srcset=\"https:\/\/justlaser.com.br\/alugueldelasers\/wp-content\/uploads\/2021\/12\/aluguel-laser-e-luz-pulsada-vascular-200x147.png 200w, https:\/\/justlaser.com.br\/alugueldelasers\/wp-content\/uploads\/2021\/12\/aluguel-laser-e-luz-pulsada-vascular-300x220.png 300w, https:\/\/justlaser.com.br\/alugueldelasers\/wp-content\/uploads\/2021\/12\/aluguel-laser-e-luz-pulsada-vascular-400x294.png 400w, https:\/\/justlaser.com.br\/alugueldelasers\/wp-content\/uploads\/2021\/12\/aluguel-laser-e-luz-pulsada-vascular-500x367.png 500w, https:\/\/justlaser.com.br\/alugueldelasers\/wp-content\/uploads\/2021\/12\/aluguel-laser-e-luz-pulsada-vascular-600x440.png 600w, https:\/\/justlaser.com.br\/alugueldelasers\/wp-content\/uploads\/2021\/12\/aluguel-laser-e-luz-pulsada-vascular-700x514.png 700w, https:\/\/justlaser.com.br\/alugueldelasers\/wp-content\/uploads\/2021\/12\/aluguel-laser-e-luz-pulsada-vascular-768x564.png 768w, https:\/\/justlaser.com.br\/alugueldelasers\/wp-content\/uploads\/2021\/12\/aluguel-laser-e-luz-pulsada-vascular-800x587.png 800w, https:\/\/justlaser.com.br\/alugueldelasers\/wp-content\/uploads\/2021\/12\/aluguel-laser-e-luz-pulsada-vascular-1024x752.png 1024w, https:\/\/justlaser.com.br\/alugueldelasers\/wp-content\/uploads\/2021\/12\/aluguel-laser-e-luz-pulsada-vascular.png 1162w\" sizes=\"(max-width: 1162px) 100vw, 1162px\" \/><\/p>\n<p>Nesse caso vamos apresentar protocolos de encontros de usu\u00e1rios do aparelho et\u00e9rea e a sua ponteira 1064 pulso longo vascular.<\/p>\n<h4>ANGIOMA RUBI<\/h4>\n<p>DICA : pense em angioma cereja como les\u00f5es muito superficiais, de baixa absor\u00e7\u00e3o e que est\u00e1 antes da barreira da melanina.<\/p>\n<p>Exemplo de tratamento com NdYag 1064 long pulse , sess\u00e3o \u00fanica<br \/>\nNd:YAG 1064nm<br \/>\n2mm<br \/>\n10ms<br \/>\n250J\/cm2<\/p>\n<p><b>Par\u00e2metros sugeridos\u00a0<\/b>:<\/p>\n<p>2mm 10ms 250-300J\/cm2<br \/>\n3mm 10-15ms 175-225J\/cm<\/p>\n<h4>LAGO VENOSO<\/h4>\n<p>DICA: pense em lagos venosos como vasos de grande<br \/>\ncalibre e alta absor\u00e7\u00e3o<\/p>\n<p>Exemplo de tratamento com NdYag 1064 long pulse , sess\u00e3o \u00fanicaNd:YAG 1064nm<br \/>\n6mm<br \/>\n40ms<br \/>\n70J\/cm2<\/p>\n<p><b>Par\u00e2metros sugeridos\u00a0<\/b>:<\/p>\n<p>6mm 30-40ms 50-70J\/cm<\/p>\n<p>&nbsp;<\/p>\n<h4>Vasos d\u00e9rmicos menores que 0,5mm<\/h4>\n<p><b>Par\u00e2metros sugeridos\u00a0<\/b>:<\/p>\n<p>2mm 10ms 225-275J\/cm2<br \/>\n3mm 10-15ms 125-175J\/cm2<\/p>\n<h4>Telangiectasias entre 0,5mm e 1mm<\/h4>\n<p><b>Par\u00e2metros sugeridos\u00a0<\/b>:<\/p>\n<p>3mm 10-15ms 125-175J\/cm2<br \/>\n6mm 10-15ms 90-120J\/cm<\/p>\n<h3>Aten\u00e7\u00e3o sobre o laser vascular pulso longo<\/h3>\n<p>&#8211; o Nd:YAG 1064nm pulso longo tem v\u00e1rias possibilidades de uso<br \/>\n&#8211; suas configura\u00e7\u00f5es e mecanismos de a\u00e7\u00e3o, por\u00e9m, s\u00e3o muito diferentes<br \/>\n&#8211; n\u00e3o se pode comparar resultados e t\u00e9cnicas somente com um par\u00e2metro ou pela nomenclatura do laser<br \/>\n&#8211; aparelhos com pot\u00eancia de pico maiores permitem mais maleabilidade nos ajustes<\/p>\n<h3>Diferen\u00e7as entre aluguel do laser vascular\u00a0 1064 Etherea\u00a0 e Etherea MX &#8211; Ethere\u00a0 &#8220;antigo&#8221; e novo MX<\/h3>\n<p><img decoding=\"async\" class=\"aligncenter wp-image-2825\" src=\"https:\/\/justlaser.com.br\/alugueldelasers\/wp-content\/uploads\/2021\/12\/laser-vascular-aluguel-locacao-pulso-longo-.png\" alt=\"laser vascular aluguel locacao pulso longo\" width=\"972\" height=\"681\" title=\"\" srcset=\"https:\/\/justlaser.com.br\/alugueldelasers\/wp-content\/uploads\/2021\/12\/laser-vascular-aluguel-locacao-pulso-longo--200x140.png 200w, https:\/\/justlaser.com.br\/alugueldelasers\/wp-content\/uploads\/2021\/12\/laser-vascular-aluguel-locacao-pulso-longo--300x210.png 300w, https:\/\/justlaser.com.br\/alugueldelasers\/wp-content\/uploads\/2021\/12\/laser-vascular-aluguel-locacao-pulso-longo--400x280.png 400w, https:\/\/justlaser.com.br\/alugueldelasers\/wp-content\/uploads\/2021\/12\/laser-vascular-aluguel-locacao-pulso-longo--500x350.png 500w, https:\/\/justlaser.com.br\/alugueldelasers\/wp-content\/uploads\/2021\/12\/laser-vascular-aluguel-locacao-pulso-longo--600x420.png 600w, https:\/\/justlaser.com.br\/alugueldelasers\/wp-content\/uploads\/2021\/12\/laser-vascular-aluguel-locacao-pulso-longo--700x490.png 700w, https:\/\/justlaser.com.br\/alugueldelasers\/wp-content\/uploads\/2021\/12\/laser-vascular-aluguel-locacao-pulso-longo--768x538.png 768w, https:\/\/justlaser.com.br\/alugueldelasers\/wp-content\/uploads\/2021\/12\/laser-vascular-aluguel-locacao-pulso-longo--800x560.png 800w, https:\/\/justlaser.com.br\/alugueldelasers\/wp-content\/uploads\/2021\/12\/laser-vascular-aluguel-locacao-pulso-longo--1024x717.png 1024w, https:\/\/justlaser.com.br\/alugueldelasers\/wp-content\/uploads\/2021\/12\/laser-vascular-aluguel-locacao-pulso-longo-.png 1081w\" sizes=\"(max-width: 972px) 100vw, 972px\" \/><\/p>\n<p>&nbsp;<\/p>\n<p>&nbsp;<\/p>\n","protected":false},"excerpt":{"rendered":"<p>Aluguel laser para Cirurgi\u00e3o Vascular Aluguel ou loca\u00e7\u00e3o de laser NdYag 1064 Pulso Longo [&hellip;]<\/p>\n","protected":false},"author":2,"featured_media":0,"parent":0,"menu_order":0,"comment_status":"closed","ping_status":"closed","template":"","meta":{"footnotes":""},"_links":{"self":[{"href":"https:\/\/justlaser.com.br\/alugueldelasers\/wp-json\/wp\/v2\/pages\/2824"}],"collection":[{"href":"https:\/\/justlaser.com.br\/alugueldelasers\/wp-json\/wp\/v2\/pages"}],"about":[{"href":"https:\/\/justlaser.com.br\/alugueldelasers\/wp-json\/wp\/v2\/types\/page"}],"author":[{"embeddable":true,"href":"https:\/\/justlaser.com.br\/alugueldelasers\/wp-json\/wp\/v2\/users\/2"}],"replies":[{"embeddable":true,"href":"https:\/\/justlaser.com.br\/alugueldelasers\/wp-json\/wp\/v2\/comments?post=2824"}],"version-history":[{"count":0,"href":"https:\/\/justlaser.com.br\/alugueldelasers\/wp-json\/wp\/v2\/pages\/2824\/revisions"}],"wp:attachment":[{"href":"https:\/\/justlaser.com.br\/alugueldelasers\/wp-json\/wp\/v2\/media?parent=2824"}],"curies":[{"name":"wp","href":"https:\/\/api.w.org\/{rel}","templated":true}]}}