{"id":2833,"date":"2024-12-27T12:24:11","date_gmt":"2024-12-27T15:24:11","guid":{"rendered":"https:\/\/justlaser.com.br\/alugueldelasers\/?page_id=2833"},"modified":"2025-03-05T13:47:21","modified_gmt":"2025-03-05T16:47:21","slug":"aluguel-de-aparelho-de-campo-eletromagnetico","status":"publish","type":"page","link":"https:\/\/justlaser.com.br\/alugueldelasers\/aluguel-de-aparelho-de-campo-eletromagnetico\/","title":{"rendered":"Aluguel de aparelho de campo eletromagn\u00e9tico"},"content":{"rendered":"<h1 data-pm-slice=\"1 1 []\" data-en-clipboard=\"true\"><span style=\"color: #ff0000;\">ATEN\u00c7\u00c3O :\u00a0 N\u00c3O FAZEMOS MAIS LOCA\u00c7\u00c3O DE CMSLIM E OUTROS SIMILARES, MUDAMOS A ATUA\u00c7\u00c3O !<\/span><\/h1>\n<p><span style=\"color: #ff0000; font-size: 20px;\">A P\u00c1GINA MANTEMOS AQUI POR SUAS CARACTER\u00cdSTICAS INFORMATIVAS E ESCLARECEDORAS ! MAS N\u00c3O DISPOMOS MAIS DE CMSLIM PARA LOCA\u00c7\u00c3O !<\/span><\/p>\n<h1>Aluguel de aparelho de campo eletromagn\u00e9tico<\/h1>\n<p><img decoding=\"async\" class=\"aligncenter size-full wp-image-2838\" src=\"https:\/\/justlaser.com.br\/alugueldelasers\/wp-content\/uploads\/2021\/12\/aluguel-supra-maximus-e-cmslim.png\" alt=\"aluguel supra maximus e cmslim\" width=\"1781\" height=\"722\" title=\"\" srcset=\"https:\/\/justlaser.com.br\/alugueldelasers\/wp-content\/uploads\/2021\/12\/aluguel-supra-maximus-e-cmslim-200x81.png 200w, https:\/\/justlaser.com.br\/alugueldelasers\/wp-content\/uploads\/2021\/12\/aluguel-supra-maximus-e-cmslim-300x122.png 300w, https:\/\/justlaser.com.br\/alugueldelasers\/wp-content\/uploads\/2021\/12\/aluguel-supra-maximus-e-cmslim-400x162.png 400w, https:\/\/justlaser.com.br\/alugueldelasers\/wp-content\/uploads\/2021\/12\/aluguel-supra-maximus-e-cmslim-500x203.png 500w, https:\/\/justlaser.com.br\/alugueldelasers\/wp-content\/uploads\/2021\/12\/aluguel-supra-maximus-e-cmslim-600x243.png 600w, https:\/\/justlaser.com.br\/alugueldelasers\/wp-content\/uploads\/2021\/12\/aluguel-supra-maximus-e-cmslim-669x272.png 669w, https:\/\/justlaser.com.br\/alugueldelasers\/wp-content\/uploads\/2021\/12\/aluguel-supra-maximus-e-cmslim-700x284.png 700w, https:\/\/justlaser.com.br\/alugueldelasers\/wp-content\/uploads\/2021\/12\/aluguel-supra-maximus-e-cmslim-768x311.png 768w, https:\/\/justlaser.com.br\/alugueldelasers\/wp-content\/uploads\/2021\/12\/aluguel-supra-maximus-e-cmslim-800x324.png 800w, https:\/\/justlaser.com.br\/alugueldelasers\/wp-content\/uploads\/2021\/12\/aluguel-supra-maximus-e-cmslim-1024x415.png 1024w, https:\/\/justlaser.com.br\/alugueldelasers\/wp-content\/uploads\/2021\/12\/aluguel-supra-maximus-e-cmslim-1200x486.png 1200w, https:\/\/justlaser.com.br\/alugueldelasers\/wp-content\/uploads\/2021\/12\/aluguel-supra-maximus-e-cmslim.png 1781w\" sizes=\"(max-width: 1781px) 100vw, 1781px\" \/><\/p>\n<p>&nbsp;<\/p>\n<h2>Perfil de usu\u00e1rio pretendido para loca\u00e7\u00e3o ou aluguel de aparelhos de\u00a0 campo eletromagn\u00e9tico HIFEM<\/h2>\n<p><span style=\"font-size: 24px;\"><strong>Conte\u00fado baseado no manual de instru\u00e7\u00f5es de uma das m\u00e1quina de campo magn\u00e9tico para tratamento de flacidez no Brasil<\/strong><\/span><\/p>\n<p><span style=\"font-size: 20px;\">1) Educa\u00e7\u00e3o:<img decoding=\"async\" class=\"alignright size-medium wp-image-2843\" src=\"https:\/\/justlaser.com.br\/alugueldelasers\/wp-content\/uploads\/2021\/12\/aluguel-supramaximus-268x300.png\" alt=\"aluguel supramaximus\" width=\"268\" height=\"300\" title=\"\" srcset=\"https:\/\/justlaser.com.br\/alugueldelasers\/wp-content\/uploads\/2021\/12\/aluguel-supramaximus-200x224.png 200w, https:\/\/justlaser.com.br\/alugueldelasers\/wp-content\/uploads\/2021\/12\/aluguel-supramaximus-268x300.png 268w, https:\/\/justlaser.com.br\/alugueldelasers\/wp-content\/uploads\/2021\/12\/aluguel-supramaximus-400x449.png 400w, https:\/\/justlaser.com.br\/alugueldelasers\/wp-content\/uploads\/2021\/12\/aluguel-supramaximus.png 412w\" sizes=\"(max-width: 268px) 100vw, 268px\" \/><\/span><br \/>\n<span style=\"font-size: 20px;\">&#8211; Profissional da \u00e1rea m\u00e9dica, com forma\u00e7\u00e3o acad\u00eamica comprovada.<\/span><br \/>\n<span style=\"font-size: 20px;\">&#8211; Fisioterapeutas, com forma\u00e7\u00e3o acad\u00eamica comprovada.<\/span><br \/>\n<span style=\"font-size: 20px;\">&#8211; Esteticistas, com forma\u00e7\u00e3o acad\u00eamica comprovada.<\/span><br \/>\n<span style=\"font-size: 20px;\">&#8211; Enfermeiras, com forma\u00e7\u00e3o acad\u00eamica comprovada.<\/span><br \/>\n<span style=\"font-size: 20px;\">&#8211; M\u00e9dicos, com especializa\u00e7\u00e3o em tratamentos est\u00e9ticos.<\/span><br \/>\n<span style=\"font-size: 20px;\">2) Conhecimento:<\/span><br \/>\n<span style=\"font-size: 20px;\">&#8211; Leitura integral do manual do operador antes da utiliza\u00e7\u00e3o do equipamento.<\/span><br \/>\n<span style=\"font-size: 20px;\">&#8211; Leitura e entendimento do idioma ingl\u00eas.<\/span><br \/>\n<span style=\"font-size: 20px;\">3) Experi\u00eancia:<\/span><br \/>\n<span style=\"font-size: 20px;\">&#8211; Profissionais acima mencionados com treinamento, capacita\u00e7\u00e3o e qualifica\u00e7\u00e3o na utiliza\u00e7\u00e3o do equipamento.<\/span><\/p>\n<h3><\/h3>\n<h3><span style=\"font-size: 24px;\">Princ\u00edpio de funcionamento dos\u00a0de aparelhos de\u00a0 campo eletromagn\u00e9tico ou m\u00e1quinas de PEMF (Pulsed Electromagnetic Field)<\/span><\/h3>\n<p><span style=\"font-size: 20px;\">O estimulador eletromagn\u00e9tico , o aparelhos de\u00a0 campo eletromagn\u00e9tico,\u00a0 \u00e9 um equipamento que aplica campos eletromagn\u00e9ticos com o objetivo de tonifica\u00e7\u00e3o, fortalecimento e firmeza das \u00e1reas tratadas. Ao carregar a energia gerada pela alta tens\u00e3o gerada com o capacitor, o gerador de campo magn\u00e9tico \u00e9 momentaneamente descarregado na bobina atrav\u00e9s do circuito de descarga, resultando no campo magn\u00e9tico. O dispositivo tem uma fun\u00e7\u00e3o para controlar a sa\u00edda de energia e o controlador \u00e9 respons\u00e1vel por controlar a gera\u00e7\u00e3o de campos magn\u00e9ticos.<\/span><\/p>\n<p><span style=\"font-size: 20px;\">Quando um campo magn\u00e9tico \u00e9 induzido no corpo humano, uma corrente induzida flui dentro do corpo.<\/span><\/p>\n<p><span style=\"font-size: 20px;\">A corrente induzida for\u00e7a o m\u00fasculo a relaxar e contrair. Isso \u00e9 semelhante ao mecanismo de exerc\u00edcio dos m\u00fasculos quando uma pessoa se exercita e pode melhorar o t\u00f4nus muscular.<\/span><\/p>\n<p>&nbsp;<\/p>\n<blockquote>\n<h2><span style=\"font-size: 20px; color: #ff9900;\"><strong>DISCLAIMER DE ALUGUEL e LOCA\u00c7\u00c3O<\/strong><\/span><br \/>\n<span style=\"font-size: 20px; color: #ff9900;\"> <strong>DE APARELHOS DE CAMPO ELETRO MAGN\u00c9TICO<\/strong><\/span><\/h2>\n<\/blockquote>\n<p><span style=\"font-size: 20px; color: #ff9900;\"><strong>\u00a0ATEN\u00c7\u00c3O :\u00a0 H\u00e1 m\u00e1quinas que n\u00e3o est\u00e3o liberadas para loca\u00e7\u00e3o !<br \/>\nE existem aparelhos de Campo eletromagn\u00e9tico de alta intensidade\u00a0 de uso exclusivo m\u00e9dico.<br \/>\nConsulte para saber qual se adequa ao seu perfil !<\/strong><\/span><\/p>\n<p>&nbsp;<\/p>\n<h3><span style=\"font-size: 20px;\">\u00a0EXPLICA\u00c7\u00c3O DO FUNCIONAMENTO DO APARELHO DE CAMPO MAGN\u00c9TICO , NESSE CASO DO TESLA FORMER<\/span><\/h3>\n<p>&nbsp;<\/p>\n<div style=\"width: 1200px;\" class=\"wp-video\"><!--[if lt IE 9]><script>document.createElement('video');<\/script><![endif]-->\n<video class=\"wp-video-shortcode\" id=\"video-2833-1\" width=\"1200\" height=\"675\" preload=\"metadata\" controls=\"controls\"><source type=\"video\/mp4\" src=\"https:\/\/justlaser.com.br\/alugueldelasers\/wp-content\/uploads\/2021\/12\/ALUGUEL-DO-CMSLIM-OU-TESLA-FORMER.mp4?_=1\" \/><a href=\"https:\/\/justlaser.com.br\/alugueldelasers\/wp-content\/uploads\/2021\/12\/ALUGUEL-DO-CMSLIM-OU-TESLA-FORMER.mp4\">https:\/\/justlaser.com.br\/alugueldelasers\/wp-content\/uploads\/2021\/12\/ALUGUEL-DO-CMSLIM-OU-TESLA-FORMER.mp4<\/a><\/video><\/div>\n<p><span style=\"font-size: 20px;\">O aparelhos de\u00a0 campo eletromagn\u00e9tico, tipo:<\/span><\/p>\n<ul>\n<li><span style=\"font-size: 20px;\"><strong><a href=\"https:\/\/www.skintec.com.br\/veraocmslim\" target=\"_blank\" rel=\"noopener\"> CMSLIM<\/a>, <\/strong><\/span><\/li>\n<li><span style=\"font-size: 20px;\"><strong>EMSCULPT,<\/strong><\/span><\/li>\n<li><span style=\"font-size: 20px;\"><strong>TESLA FORMER ,\u00a0<\/strong><\/span><\/li>\n<li><span style=\"font-size: 20px;\"><a href=\"https:\/\/adoxy.com.br\/produtos\/supramaximus\/\" target=\"_blank\" rel=\"noopener\"><strong>SUPRAMAXIMUS <\/strong><\/a><\/span><\/li>\n<\/ul>\n<p><span style=\"font-size: 20px;\"><strong><em>visam tonificar, fortalecer e firmar as \u00e1reas tratadas, usando os efeitos desse campo magn\u00e9tico.<\/em><\/strong><\/span><\/p>\n<h3><span style=\"font-size: 20px;\">\u00a0Efeitos colaterais dos\u00a0aparelhos de\u00a0 campo eletromagn\u00e9tico, tipo CLSLIM, SUPPRA MAXIMUS, TESLA<\/span><\/h3>\n<blockquote><p><span style=\"font-size: 20px;\"><strong>N\u00e3o h\u00e1 relatos de efeitos colaterais. Mas a literatura \u00e9 pobre em artigos!<\/strong><\/span><\/p>\n<p><span style=\"font-size: 20px;\"><strong>Infelizmente ainda temos pouco material publicado<\/strong><\/span><\/p><\/blockquote>\n<p>&nbsp;<\/p>\n<p><span style=\"font-size: 20px;\">No entanto, se o paciente apresentar sintomas anormais, o operador deve interromper o tratamento imediatamente e entrar em contato com o m\u00e9dico apropriado.<\/span><\/p>\n<p><span style=\"font-size: 20px;\">Os efeitos adversos podem incluir, mas n\u00e3o est\u00e3o limitados a:<\/span><br \/>\n<span style=\"font-size: 20px;\">\uf09f Dor muscular.<\/span><br \/>\n<span style=\"font-size: 20px;\">\uf09f C\u00e2imbras musculares tempor\u00e1rias.<\/span><br \/>\n<span style=\"font-size: 20px;\">\uf09f Dor tempor\u00e1ria nas articula\u00e7\u00f5es ou tend\u00f5es.<\/span><br \/>\n<span style=\"font-size: 20px;\">\uf09f Eritema local ou vermelhid\u00e3o na pele.<\/span><\/p>\n<p><span style=\"font-size: 20px;\"><img decoding=\"async\" class=\"aligncenter size-full wp-image-2858\" src=\"https:\/\/justlaser.com.br\/alugueldelasers\/wp-content\/uploads\/2021\/12\/aluguel-cmslim.jpg\" alt=\"aluguel cmslim\" width=\"600\" height=\"296\" title=\"\" srcset=\"https:\/\/justlaser.com.br\/alugueldelasers\/wp-content\/uploads\/2021\/12\/aluguel-cmslim-200x99.jpg 200w, https:\/\/justlaser.com.br\/alugueldelasers\/wp-content\/uploads\/2021\/12\/aluguel-cmslim-300x148.jpg 300w, https:\/\/justlaser.com.br\/alugueldelasers\/wp-content\/uploads\/2021\/12\/aluguel-cmslim-400x197.jpg 400w, https:\/\/justlaser.com.br\/alugueldelasers\/wp-content\/uploads\/2021\/12\/aluguel-cmslim-500x247.jpg 500w, https:\/\/justlaser.com.br\/alugueldelasers\/wp-content\/uploads\/2021\/12\/aluguel-cmslim.jpg 600w\" sizes=\"(max-width: 600px) 100vw, 600px\" \/><\/span><\/p>\n<h3><span style=\"font-size: 28px;\">Procura por tratamentos est\u00e9ticos para tratar flacidez, um pouco de contexto para entender por que aluguel aparelhos ou m\u00e1quinas de PEMF (Pulsed Electromagnetic Field) como Supra m\u00e1ximus e outros acima<\/span><\/h3>\n<p><span style=\"font-size: 20px;\">A cirurgia pl\u00e1stica caminha na contram\u00e3o do cen\u00e1rio econ\u00f4mico brasileiro. Dados do censo bianual da SBCP (Sociedade Brasileira de Cirurgia Pl\u00e1stica) comprovam que as pessoas t\u00eam priorizado<\/span><br \/>\n<span style=\"font-size: 20px;\">opera\u00e7\u00f5es para fins est\u00e9ticos.<\/span><\/p>\n<p><span style=\"font-size: 20px;\">O Brasil realizou 1,7 milh\u00e3o de procedimentos cir\u00fargicos em 2018, sendo 60% pl\u00e1sticos.<\/span><\/p>\n<p><span style=\"font-size: 20px;\">Em compara\u00e7\u00e3o com 2016, o crescimento representou 25,5%.<\/span><\/p>\n<p><span style=\"font-size: 20px;\">A busca por uma apar\u00eancia renovada entrou no radar de pessoas at\u00e9 50 anos e deve virar tend\u00eancia por conta do aumento da qualidade de vida.<\/span><\/p>\n<p><span style=\"font-size: 20px;\">Segundo a SBCP, a faixa et\u00e1ria representou 34,7% dos procedimentos e soma, por ano, at\u00e9 80 mil cirurgias. Esse p\u00fablico opta por interven\u00e7\u00f5es no rosto, mamas e abd\u00f4men.<\/span><br \/>\n<span style=\"font-size: 20px;\">Os cuidados com a apar\u00eancia ganharam outro forte aliado:<\/span><br \/>\n<span style=\"font-size: 20px;\">os procedimentos que n\u00e3o levam o paciente para a mesa cir\u00fargica.<\/span><\/p>\n<p><span style=\"font-size: 20px;\">O grande destaque \u00e9 o avan\u00e7o da aplica\u00e7\u00e3o de botox e preenchimentos entre os brasileiros, e agora em 2022\u00a0 tratamentos corporais eficientes, como\u00a0aparelhos ou m\u00e1quinas de PEMF (Pulsed Electromagnetic Field) .<\/span><\/p>\n<p>&nbsp;<\/p>\n<h1 data-pm-slice=\"1 1 []\" data-en-clipboard=\"true\"><span style=\"color: #ff0000;\">ATEN\u00c7\u00c3O :\u00a0 N\u00c3O FAZEMOS MAIS LOCA\u00c7\u00c3O DE CMSLIM E OUTROS SIMILARES, MUDAMOS A ATUA\u00c7\u00c3O !<\/span><\/h1>\n<p><span style=\"color: #ff0000; font-size: 20px;\">A P\u00c1GINA MANTEMOS AQUI POR SUAS CARACTER\u00cdSTICAS INFORMATIVAS E ESCLARECEDORAS ! MAS N\u00c3O DISPOMOS MAIS DE CMSLIM PARA LOCA\u00c7\u00c3O !<\/span><\/p>\n<p><span style=\"font-size: 20px;\"><strong>Abaixo links de p\u00e1ginas para mais informa\u00e7\u00f5es:<\/strong><\/span><\/p>\n<p><span style=\"font-size: 20px;\"><a href=\"https:\/\/justlaser.com.br\/alugueldelasers\/aluguel-de-aparelho-de-campo-eletromagnetico\/cuidados-com-aparelhos-de-campo-eletromagnetico-cmslim-supramaximus\">Cuidados e perigos dos aparelhos de campos eletromagn\u00e9ticos para flacidez\u00a0<\/a><\/span><\/p>\n<p><span style=\"font-size: 20px;\"><a href=\"https:\/\/justlaser.com.br\/alugueldelasers\/aluguel-de-aparelho-de-campo-eletromagnetico\/aluguel-supra-maximus-locacaosupramaximus\">Aluguel SupraM\u00e1ximus<\/a><\/span><\/p>\n<p><span style=\"font-size: 20px;\"><a href=\"https:\/\/justlaser.com.br\/alugueldelasers\/aluguel-de-aparelho-de-campo-eletromagnetico\/aluguel-locacao-cm-slim-cmslim\/\">Aluguel loca\u00e7\u00e3o CMSLIM\u00a0<\/a><\/span><\/p>\n<p><span style=\"font-size: 20px;\"><a href=\"https:\/\/justlaser.com.br\/alugueldelasers\/aluguel-de-aparelho-de-campo-eletromagnetico\/\">Aluguel de aparelhos de campo onda eletro magn\u00e9tica\u00a0<\/a><\/span><\/p>\n<p>&nbsp;<\/p>\n<p><em><strong><span style=\"font-size: 14pt;\">Se voc\u00ea procura aluguel loca\u00e7\u00e3o de aparelhos de campo eletromagn\u00e9tico para flacidez ( HI- EMT ou tecnologia PEMF) PROCURE OUTRO DISTRIBUIDOR !\u00a0\u00a0<\/span><\/strong><\/em><\/p>\n<p><span style=\"font-size: 28px;\"><strong>Veja links de outros aparelhos para loca\u00e7\u00e3o:<\/strong><\/span><\/p>\n<p><span style=\"font-size: 20px;\"><a href=\"https:\/\/justlaser.com.br\/alugueldelasers\/aluguel-locacao-de-lasers\/locacao-aluguel-do-laser-plataforma-ethereamx-sao-paulo\/\">Aluguel Etherea MX<\/a><\/span><\/p>\n<p><span style=\"font-size: 20px;\"><a href=\"https:\/\/justlaser.com.br\/alugueldelasers\/aluguel-e-locacao-de-laser-para-depilacao-a-laser\/aluguel-soprano-platinum\">Aluguel\u00a0 Soprano Platinum<\/a><\/span><\/p>\n<p><span style=\"font-size: 20px;\"><a href=\"https:\/\/justlaser.com.br\/alugueldelasers\/aluguel-e-locacao-de-laser-para-depilacao-a-laser\/locacao-de-soprano-platinum\/\"><strong>Loca\u00e7\u00e3o de Soprano Platinum<\/strong><\/a><\/span><\/p>\n<p><span style=\"font-size: 20px;\"><a href=\"https:\/\/endoliftacademy.com.br\/\" target=\"_blank\" rel=\"noopener\">Curso de Endolaser<\/a><\/span><\/p>\n<p><span style=\"font-size: 20px;\"><strong><a href=\"https:\/\/www.instagram.com\/endoliftacademybrasil\/\" target=\"_blank\" rel=\"noopener\">Tudo sobre Endolaser &#8211; dicas e cursos no Instagram\u00a0<\/a><\/strong><\/span><\/p>\n<p><span style=\"font-size: 20px;\"><a href=\"https:\/\/justlaser.com.br\/alugueldelasers\/aluguel-de-endolift\/\"><strong>J\u00e1 pensou em aluguel do ENDOLASER\u00a0\u00a0<\/strong><\/a><\/span><\/p>\n<p>&nbsp;<\/p>\n<p><span style=\"font-size: 20px;\"><strong>N\u00e3o perca tempo!<\/strong> <\/span><\/p>\n<p><span style=\"font-size: 20px;\">Traga a tecnologia de depila\u00e7\u00e3o a laser mais avan\u00e7ada do mundo para o seu espa\u00e7o e ofere\u00e7a aos seus clientes <strong>seguran\u00e7a, efic\u00e1cia e conforto<\/strong> com o Soprano Platinum da Just Laser.<\/span><\/p>\n<blockquote><p><span style=\"font-size: 28px;\"><strong>Chame a gente agora, pelo Whatsapp.<br \/>\nO link est\u00e1 logo aqui: abaixo \u00e0 direita!<\/strong><\/span><\/p><\/blockquote>\n","protected":false},"excerpt":{"rendered":"<p>ATEN\u00c7\u00c3O :\u00a0 N\u00c3O FAZEMOS MAIS LOCA\u00c7\u00c3O DE CMSLIM E OUTROS SIMILARES, MUDAMOS A ATUA\u00c7\u00c3O [&hellip;]<\/p>\n","protected":false},"author":2,"featured_media":0,"parent":0,"menu_order":0,"comment_status":"closed","ping_status":"closed","template":"","meta":{"footnotes":""},"_links":{"self":[{"href":"https:\/\/justlaser.com.br\/alugueldelasers\/wp-json\/wp\/v2\/pages\/2833"}],"collection":[{"href":"https:\/\/justlaser.com.br\/alugueldelasers\/wp-json\/wp\/v2\/pages"}],"about":[{"href":"https:\/\/justlaser.com.br\/alugueldelasers\/wp-json\/wp\/v2\/types\/page"}],"author":[{"embeddable":true,"href":"https:\/\/justlaser.com.br\/alugueldelasers\/wp-json\/wp\/v2\/users\/2"}],"replies":[{"embeddable":true,"href":"https:\/\/justlaser.com.br\/alugueldelasers\/wp-json\/wp\/v2\/comments?post=2833"}],"version-history":[{"count":0,"href":"https:\/\/justlaser.com.br\/alugueldelasers\/wp-json\/wp\/v2\/pages\/2833\/revisions"}],"wp:attachment":[{"href":"https:\/\/justlaser.com.br\/alugueldelasers\/wp-json\/wp\/v2\/media?parent=2833"}],"curies":[{"name":"wp","href":"https:\/\/api.w.org\/{rel}","templated":true}]}}