{"id":2834,"date":"2024-12-27T12:33:29","date_gmt":"2024-12-27T15:33:29","guid":{"rendered":"https:\/\/justlaser.com.br\/alugueldelasers\/?page_id=2834"},"modified":"2025-03-05T13:31:49","modified_gmt":"2025-03-05T16:31:49","slug":"aluguel-locacao-cm-slim-cmslim","status":"publish","type":"page","link":"https:\/\/justlaser.com.br\/alugueldelasers\/aluguel-de-aparelho-de-campo-eletromagnetico\/aluguel-locacao-cm-slim-cmslim\/","title":{"rendered":"Aluguel Loca\u00e7\u00e3o CM Slim CMSLIM"},"content":{"rendered":"<h1>Aluguel ou Loca\u00e7\u00e3o\u00a0 CMSLIM<\/h1>\n<h1 data-pm-slice=\"1 1 []\" data-en-clipboard=\"true\"><span style=\"color: #ff0000;\">ATEN\u00c7\u00c3O :\u00a0 N\u00c3O FAZEMOS MAIS LOCA\u00c7\u00c3O DE CMSLIM E OUTROS SIMILARES, MUDAMOS A ATUA\u00c7\u00c3O !<\/span><\/h1>\n<p><span style=\"color: #ff0000; font-size: 20px;\">A P\u00c1GINA MANTEMOS AQUI POR SUAS CARACTER\u00cdSTICAS INFORMATIVAS E ESCLARECEDORAS ! MAS N\u00c3O DISPOMOS MAIS DE CMSLIM PARA LOCA\u00c7\u00c3O !<\/span><\/p>\n<blockquote><p><img decoding=\"async\" class=\"aligncenter wp-image-2943\" src=\"https:\/\/justlaser.com.br\/alugueldelasers\/wp-content\/uploads\/2021\/12\/Cmslim-aluguel-locacao-maquina.jpg\" alt=\"Cmslim aluguel locacao maquina\" width=\"1059\" height=\"661\" title=\"\"><\/p>\n<h2><span style=\"font-size: 20px;\"><strong>DISCLAIMER DE ALUGUEL e LOCA\u00c7AO<\/strong><\/span><br \/>\n<span style=\"font-size: 20px;\"><strong> DE APARELHOS DE CAMPO ELETRO MAGN\u00c9TICO<\/strong><\/span><\/h2>\n<\/blockquote>\n<p><span style=\"font-size: 20px;\"><strong>\u00a0ATEN\u00c7\u00c3O :\u00a0 H\u00e1 m\u00e1quinas que n\u00e3o est\u00e3o liberadas para loca\u00e7\u00e3o !<br \/>\nE existem aparelhos de Campo eletromagn\u00e9tico de alta intensidade\u00a0 de uso exclusivo m\u00e9dico.<br \/>\nConsulte para saber qual se adequa ao seu perfil !<\/strong><\/span><\/p>\n<p>&nbsp;<\/p>\n<h2>Abaixo conte\u00fado do <a href=\"https:\/\/www.skintec.com.br\/veraocmslim\" target=\"_blank\" rel=\"noopener\">manual do CMSLIM<\/a> , como car\u00e1ter informativo e esclarecedor !<\/h2>\n<h3>Tecnologia do CMSLIM no quesito de aluguel de lasers e equipamentos de est\u00e9tica<\/h3>\n<p><span style=\"font-size: 20px;\">O CMSlim trabalha com a tecnologia HI-EMT (Treinamento Eletromagn\u00e9tico Muscular de Alta Intensidade) e \u00e9 indicado para:<\/span><br \/>\n<span style=\"font-size: 20px;\">\u2022 Melhora do t\u00f4nus muscular;<\/span><br \/>\n<span style=\"font-size: 20px;\">\u2022 Aumento de for\u00e7a e rendimento muscular;<\/span><br \/>\n<span style=\"font-size: 20px;\">\u2022 Contorno corporal.<\/span><\/p>\n<p><span style=\"font-size: 20px;\">Al\u00e9m disso o tratamento \u00e9 confort\u00e1vel, n\u00e3o requer anestesia.<\/span><\/p>\n<p><span style=\"font-size: 20px;\">Os pacientes conseguem relaxar, enquanto o equipamento executa o equivalente a mais de 20.000 abdominais ou agachamentos.<\/span><\/p>\n<p><span style=\"font-size: 20px;\">Essas contra\u00e7\u00f5es desencadeiam a libera\u00e7\u00e3o de \u00e1cidos graxos livres, que diminuem os dep\u00f3sitos de gordura e aumentam o t\u00f4nus e a for\u00e7a muscular, semelhante a forma do exerc\u00edcio f\u00edsico.<\/span><\/p>\n<p><img decoding=\"async\" class=\"aligncenter wp-image-2857\" src=\"https:\/\/justlaser.com.br\/alugueldelasers\/wp-content\/uploads\/2021\/12\/aluguel-campo-magnetico.jpg\" alt=\"aluguel campo magnetico\" width=\"738\" height=\"310\" title=\"\" srcset=\"https:\/\/justlaser.com.br\/alugueldelasers\/wp-content\/uploads\/2021\/12\/aluguel-campo-magnetico-200x84.jpg 200w, https:\/\/justlaser.com.br\/alugueldelasers\/wp-content\/uploads\/2021\/12\/aluguel-campo-magnetico-300x126.jpg 300w, https:\/\/justlaser.com.br\/alugueldelasers\/wp-content\/uploads\/2021\/12\/aluguel-campo-magnetico-400x168.jpg 400w, https:\/\/justlaser.com.br\/alugueldelasers\/wp-content\/uploads\/2021\/12\/aluguel-campo-magnetico-500x210.jpg 500w, https:\/\/justlaser.com.br\/alugueldelasers\/wp-content\/uploads\/2021\/12\/aluguel-campo-magnetico.jpg 600w\" sizes=\"(max-width: 738px) 100vw, 738px\" \/><\/p>\n<p><span style=\"font-size: 14pt;\"><strong>N\u00e3o entre em contato para confirmar disponibilidade de aluguel de aparelhos de campo eletromagn\u00e9tico<br \/>\n( HIFEM) OU HI-EMT (Treinamento Eletromagn\u00e9tico Muscular de Alta Intensidade)\u00a0 pois a partir de 2025 paramos de alugar aparelhos de HIFEM<\/strong><\/span><\/p>\n<p>&nbsp;<\/p>\n<p><iframe src=\"\/\/www.youtube.com\/embed\/CfxOswMNGBo\" width=\"560\" height=\"314\" allowfullscreen=\"allowfullscreen\"><\/iframe><\/p>\n<p>&nbsp;<\/p>\n<h3>Aplicadores do <a href=\"https:\/\/www.skintec.com.br\/veraocmslim\" target=\"_blank\" rel=\"noopener\">CMSLIM<\/a><\/h3>\n<p><span style=\"font-size: 20px;\">O <strong>CMSlim<\/strong> conta com 2 aplicadores ergon\u00f4micos, que se adaptam a diferentes regi\u00f5es. S\u00e3o colocados sobre o grupo muscular alvo, como os abdominais, gl\u00fateos ou posterior de coxa.<\/span><br \/>\n<span style=\"font-size: 20px;\">Em contato com a \u00e1rea de tratamento, os aplicadores geram um intenso est\u00edmulo eletromagn\u00e9tico que promovem as contra\u00e7\u00f5es musculares involunt\u00e1rias supra m\u00e1ximas.<\/span><\/p>\n<p>&nbsp;<\/p>\n<p><span style=\"font-size: 20px;\">Utilizando um sistema exclusivo de resfriamento a base de \u00e1gua, o <em><strong>CMSlim<\/strong> <\/em>foi desenvolvido para atuar em opera\u00e7\u00e3o por longos per\u00edodos, sem a necessidade de inatividade. Isso proporciona maior produtividade e resultado para a cl\u00ednica<\/span><\/p>\n<h3><span style=\"font-size: 20px;\">\u00a0Introdu\u00e7\u00e3o aos aparelhos e m\u00e1quinas de\u00a0 Campo eletro magn\u00e9tico para flacidez muscular para aluguel ou loca\u00e7\u00e3o<\/span><\/h3>\n<h4><span style=\"font-size: 20px;\">1. Uso pretendido\u00a0aparelhos e m\u00e1quinas de\u00a0 Campo eletro magn\u00e9tico para flacidez muscular na loca\u00e7\u00e3o<\/span><\/h4>\n<p><span style=\"font-size: 20px;\">O <strong>CMSLIM<\/strong> destina-se ao dispositivo de estimula\u00e7\u00e3o de campo eletromagn\u00e9tico de alta intensidade usado para<\/span><br \/>\n<span style=\"font-size: 20px;\">tonifica\u00e7\u00e3o muscular. Este produto deve ser usado por pacientes acima de 18 anos de idade.<\/span><\/p>\n<h4><span style=\"font-size: 20px;\">2. Contraindica\u00e7\u00f5es\u00a0aparelho \/ m\u00e1quina de\u00a0 Campo eletromagn\u00e9tico HIFEM\u00a0 para flacidez muscular<\/span><\/h4>\n<p><span style=\"font-size: 20px;\">\uf09f\u00a0 <strong>CMSLIM<\/strong> N\u00e3o deve ser usado em paralelo com outros dispositivos m\u00e9dicos eletr\u00f4nicos.<\/span><br \/>\n<span style=\"font-size: 20px;\">\uf09f <strong>CMSLIM<\/strong> N\u00e3o use dispositivos e componentes n\u00e3o especificados no manual do usu\u00e1rio.<\/span><br \/>\n<span style=\"font-size: 20px;\">\uf09f <strong>CMSLIM\u00a0<\/strong> N\u00e3o use para outros fins que n\u00e3o os descritos neste manual.<\/span><\/p>\n<h4><span style=\"font-size: 20px;\">Evitar o uso do CMSLIM para<\/span><\/h4>\n<p><span style=\"font-size: 20px;\">O usu\u00e1rio <strong>deve evitar o uso do CMSLIM\u00a0<\/strong> nos seguintes casos para as condi\u00e7\u00f5es cl\u00ednicas espec\u00edficas:<\/span><br \/>\n<span style=\"font-size: 20px;\">&#8211; Gestantes e lactantes.<\/span><br \/>\n<span style=\"font-size: 20px;\">&#8211; Pacientes com doen\u00e7as cardiovasculares.<\/span><br \/>\n<span style=\"font-size: 20px;\">&#8211; N\u00e3o use na \u00e1rea da art\u00e9ria car\u00f3tida ou nas suas proximidades.<\/span><br \/>\n<span style=\"font-size: 20px;\">&#8211; Pacientes que foram submetidas a cirurgias ou est\u00e3o em fase de recupera\u00e7\u00e3o.<\/span><br \/>\n<span style=\"font-size: 20px;\">&#8211; Pacientes com dist\u00farbios vasculares cerebrais (acidente vascular cerebral).<\/span><br \/>\n<span style=\"font-size: 20px;\">&#8211; Pacientes com les\u00e3o cerebral ou cirurgia cerebral.<\/span><br \/>\n<span style=\"font-size: 20px;\">&#8211; Pacientes sens\u00edveis a est\u00edmulos externos.<\/span><br \/>\n<span style=\"font-size: 20px;\">&#8211; Quando o paciente n\u00e3o sente altera\u00e7\u00f5es t\u00e9rmicas.<\/span><br \/>\n<span style=\"font-size: 20px;\">&#8211; Paciente com dist\u00farbio de coagula\u00e7\u00e3o ou tend\u00eancia a sangramento.<\/span><br \/>\n<span style=\"font-size: 20px;\">&#8211; Pacientes hipertensos.<\/span><br \/>\n<span style=\"font-size: 20px;\">&#8211; Pessoas com implante, marcapasso ou formigamento e outro \u00f3rg\u00e3o artificial dentro do corpo.<\/span><br \/>\n<span style=\"font-size: 20px;\">&#8211; Pessoas com doen\u00e7as cardiovasculares.<\/span><br \/>\n<span style=\"font-size: 20px;\">&#8211; Uma queimadura ou cuidado ap\u00f3s uma queimadura.<\/span><br \/>\n<span style=\"font-size: 20px;\">&#8211; Pacientes com suspeita de doen\u00e7as infecciosas graves e\/ou doen\u00e7as onde \u00e9 aconselh\u00e1vel, para fins<\/span><br \/>\n<span style=\"font-size: 20px;\">m\u00e9dicos gerais, suprimir o calor ou a febre.<\/span><br \/>\n<span style=\"font-size: 20px;\">&#8211; Sangramento, problemas de circula\u00e7\u00e3o (esclerose arterial trombo, etc.), inflama\u00e7\u00e3o aguda das<\/span><br \/>\n<span style=\"font-size: 20px;\">articula\u00e7\u00f5es e ossos, supura\u00e7\u00e3o de tecidos moles, etc.<\/span><br \/>\n<span style=\"font-size: 20px;\">&#8211; Pacientes com hist\u00f3rico de complica\u00e7\u00f5es de doen\u00e7as convulsivas como epilepsia.<\/span><br \/>\n<span style=\"font-size: 20px;\">&#8211; Este equipamento n\u00e3o deve ser usado para tratamento de al\u00edvio da dor em local sintom\u00e1tico.<\/span><\/p>\n<p><span style=\"font-size: 20px;\">O usu\u00e1rio deve evitar o uso do produto nos seguintes casos para regi\u00f5es espec\u00edficas:<\/span><br \/>\n<span style=\"font-size: 20px;\">&#8211; Les\u00f5es cancer\u00edgenas.<\/span><br \/>\n<span style=\"font-size: 20px;\">&#8211; Acima ou pr\u00f3ximo dos centros de crescimento \u00f3sseo.<\/span><br \/>\n<span style=\"font-size: 20px;\">&#8211; Cabe\u00e7a, c\u00e9rebro, coluna vertebral, olho, cora\u00e7\u00e3o, test\u00edculos, ov\u00e1rio, tumor (benigno ou maligno) e<\/span><br \/>\n<span style=\"font-size: 20px;\">tuberculose.<\/span><br \/>\n<span style=\"font-size: 20px;\">&#8211; N\u00e3o use implantes met\u00e1licos ou pr\u00f3teses met\u00e1licas na \u00e1rea de aplica\u00e7\u00e3o.<\/span><br \/>\n<span style=\"font-size: 20px;\">&#8211; Este dispositivo n\u00e3o deve ser usado sobre a \u00e1rea tor\u00e1cica se o paciente estiver usando um marcapasso<\/span><br \/>\n<span style=\"font-size: 20px;\">card\u00edaco.<\/span><\/p>\n<p>&nbsp;<\/p>\n<h2><span style=\"font-size: 20px;\">Manual do Operador: CMSlim \u2013 Estimulador Eletromagn\u00e9tico\u00a0 HI-EMT<\/span><\/h2>\n<h3><span style=\"font-size: 20px;\">1 Indica\u00e7\u00e3o de uso do CMSLIM<\/span><\/h3>\n<p><span style=\"font-size: 20px;\">O CMSLIM \u00e9 um eletroestimulador muscular \u2013 tonificador de alta intensidade, que atrav\u00e9s da emiss\u00e3o<\/span><br \/>\n<span style=\"font-size: 20px;\">eletromagn\u00e9tica promove a tonifica\u00e7\u00e3o, fortalecimento e firmeza das \u00e1reas abdominal, gl\u00fateos, m\u00fasculos anteriores e<\/span><br \/>\n<span style=\"font-size: 20px;\">posteriores das coxas, bra\u00e7os e ombros, reduzindo gordura subcut\u00e2nea (hipod\u00e9rmica).<\/span><br \/>\n<span style=\"font-size: 20px;\">2.4. Perfil de usu\u00e1rio pretendido<\/span><br \/>\n<span style=\"font-size: 20px;\">1) Educa\u00e7\u00e3o:<\/span><br \/>\n<span style=\"font-size: 20px;\">&#8211; Profissional da \u00e1rea m\u00e9dica, com forma\u00e7\u00e3o acad\u00eamica comprovada.<\/span><br \/>\n<span style=\"font-size: 20px;\">&#8211; Fisioterapeutas, com forma\u00e7\u00e3o acad\u00eamica comprovada.<\/span><br \/>\n<span style=\"font-size: 20px;\">&#8211; Esteticistas, com forma\u00e7\u00e3o acad\u00eamica comprovada.<\/span><br \/>\n<span style=\"font-size: 20px;\">&#8211; Enfermeiras, com forma\u00e7\u00e3o acad\u00eamica comprovada.<\/span><br \/>\n<span style=\"font-size: 20px;\">&#8211; M\u00e9dicos, com especializa\u00e7\u00e3o em tratamentos est\u00e9ticos.<\/span><br \/>\n<span style=\"font-size: 20px;\">2) Conhecimento:<\/span><br \/>\n<span style=\"font-size: 20px;\">&#8211; Leitura integral do manual do operador antes da utiliza\u00e7\u00e3o do equipamento.<\/span><br \/>\n<span style=\"font-size: 20px;\">&#8211; Leitura e entendimento do idioma ingl\u00eas.<\/span><br \/>\n<span style=\"font-size: 20px;\">3) Experi\u00eancia:<\/span><br \/>\n<span style=\"font-size: 20px;\">&#8211; Profissionais acima mencionados com treinamento, capacita\u00e7\u00e3o e qualifica\u00e7\u00e3o na utiliza\u00e7\u00e3o do equipamento.<\/span><br \/>\n<span style=\"font-size: 20px;\">2.5. Princ\u00edpio de funcionamento<\/span><br \/>\n<span style=\"font-size: 20px;\">O estimulador eletromagn\u00e9tico CMSLIM \u00e9 um equipamento que aplica campos eletromagn\u00e9ticos com o objetivo<\/span><br \/>\n<span style=\"font-size: 20px;\">de tonifica\u00e7\u00e3o, fortalecimento e firmeza das \u00e1reas tratadas. Ao carregar a energia gerada pela alta tens\u00e3o gerada com o<\/span><br \/>\n<span style=\"font-size: 20px;\">capacitor, o gerador de campo magn\u00e9tico \u00e9 momentaneamente descarregado na bobina atrav\u00e9s do circuito de descarga,<\/span><br \/>\n<span style=\"font-size: 20px;\">resultando no campo magn\u00e9tico. O dispositivo tem uma fun\u00e7\u00e3o para controlar a sa\u00edda de energia e o controlador \u00e9<\/span><br \/>\n<span style=\"font-size: 20px;\">respons\u00e1vel por controlar a gera\u00e7\u00e3o de campos magn\u00e9ticos.<\/span><br \/>\n<span style=\"font-size: 20px;\">Quando um campo magn\u00e9tico \u00e9 induzido no corpo humano, uma corrente induzida flui dentro do corpo. A<\/span><br \/>\n<span style=\"font-size: 20px;\">corrente induzida for\u00e7a o m\u00fasculo a relaxar e contrair. Isso \u00e9 semelhante ao mecanismo de exerc\u00edcio dos m\u00fasculos<\/span><br \/>\n<span style=\"font-size: 20px;\">quando uma pessoa se exercita e pode melhorar o t\u00f4nus muscular.<\/span><br \/>\n<span style=\"font-size: 20px;\">O CMSLIM visa tonificar, fortalecer e firmar as \u00e1reas tratadas, usando os efeitos desse campo magn\u00e9tico.<\/span><\/p>\n<p><span style=\"font-size: 20px;\">2.6. Efeitos colaterais<\/span><br \/>\n<span style=\"font-size: 20px;\">N\u00e3o h\u00e1 relatos de efeitos colaterais. No entanto, se o paciente apresentar sintomas anormais, o operador deve<\/span><br \/>\n<span style=\"font-size: 20px;\">interromper o tratamento imediatamente e entrar em contato com o m\u00e9dico apropriado.<\/span><br \/>\n<span style=\"font-size: 20px;\">Os efeitos adversos podem incluir, mas n\u00e3o est\u00e3o limitados a:<\/span><br \/>\n<span style=\"font-size: 20px;\">\uf09f Dor muscular.<\/span><br \/>\n<span style=\"font-size: 20px;\">\uf09f C\u00e2imbras musculares tempor\u00e1rias.<\/span><br \/>\n<span style=\"font-size: 20px;\">\uf09f Dor tempor\u00e1ria nas articula\u00e7\u00f5es ou tend\u00f5es.<\/span><br \/>\n<span style=\"font-size: 20px;\">\uf09f Eritema local ou vermelhid\u00e3o na pele.<\/span><\/p>\n<p>&nbsp;<\/p>\n<p><span style=\"font-size: 20px;\"><strong>Abaixo links de p\u00e1ginas para mais informa\u00e7\u00f5es:<\/strong><\/span><\/p>\n<p><span style=\"font-size: 20px;\"><a href=\"https:\/\/justlaser.com.br\/alugueldelasers\/aluguel-de-aparelho-de-campo-eletromagnetico\/cuidados-com-aparelhos-de-campo-eletromagnetico-cmslim-supramaximus\">Cuidados e perigos dos aparelhos de campos eletromagn\u00e9ticos para flacidez\u00a0<\/a><\/span><\/p>\n<p><span style=\"font-size: 20px;\"><a href=\"https:\/\/justlaser.com.br\/alugueldelasers\/aluguel-de-aparelho-de-campo-eletromagnetico\/\">Aluguel de aparelhos de campo onda eletro magn\u00e9tica\u00a0<\/a><\/span><\/p>\n<h1 data-pm-slice=\"1 1 []\" data-en-clipboard=\"true\"><span style=\"color: #ff0000;\">ATEN\u00c7\u00c3O :\u00a0 N\u00c3O FAZEMOS MAIS LOCA\u00c7\u00c3O DE CMSLIM E OUTROS SIMILARES, MUDAMOS A ATUA\u00c7\u00c3O !<\/span><\/h1>\n<p><span style=\"color: #ff0000; font-size: 20px;\">A P\u00c1GINA MANTEMOS AQUI POR SUAS CARACTER\u00cdSTICAS INFORMATIVAS E ESCLARECEDORAS ! MAS N\u00c3O DISPOMOS MAIS DE CMSLIM PARA LOCA\u00c7\u00c3O !<\/span><\/p>\n<p><span style=\"font-size: 20px;\"><em><strong>Se voc\u00ea procura aluguel loca\u00e7\u00e3o de aparelhos de lasers e tecnologias para est\u00e9tica <\/strong><\/em><\/span><span style=\"font-size: 20px;\"><em><strong>ou treinamento: entre em contato !<\/strong><\/em><\/span><\/p>\n<p><span style=\"font-size: 28px;\"><strong>Veja links de outros aparelhos para loca\u00e7\u00e3o:<\/strong><\/span><\/p>\n<p><span style=\"font-size: 20px;\"><a href=\"https:\/\/justlaser.com.br\/alugueldelasers\/aluguel-locacao-de-lasers\/locacao-aluguel-do-laser-plataforma-ethereamx-sao-paulo\/\">Aluguel Etherea MX<\/a><\/span><\/p>\n<p><span style=\"font-size: 20px;\"><a href=\"https:\/\/justlaser.com.br\/alugueldelasers\/aluguel-e-locacao-de-laser-para-depilacao-a-laser\/aluguel-soprano-platinum\">Aluguel\u00a0 Soprano Platinum<\/a><\/span><\/p>\n<p><span style=\"font-size: 20px;\"><a href=\"https:\/\/justlaser.com.br\/alugueldelasers\/aluguel-e-locacao-de-laser-para-depilacao-a-laser\/locacao-de-soprano-platinum\/\"><strong>Loca\u00e7\u00e3o de Soprano Platinum<\/strong><\/a><\/span><\/p>\n<p><span style=\"font-size: 20px;\"><a href=\"https:\/\/endoliftacademy.com.br\/\" target=\"_blank\" rel=\"noopener\">Curso de Endolaser<\/a><\/span><\/p>\n<p><span style=\"font-size: 20px;\"><strong><a href=\"https:\/\/www.instagram.com\/endoliftacademybrasil\/\" target=\"_blank\" rel=\"noopener\">Tudo sobre Endolaser &#8211; dicas e cursos no Instagram\u00a0<\/a><\/strong><\/span><\/p>\n<p><span style=\"font-size: 20px;\"><a href=\"https:\/\/justlaser.com.br\/alugueldelasers\/aluguel-de-endolift\/\"><strong>J\u00e1 pensou em aluguel do ENDOLASER\u00a0\u00a0<\/strong><\/a><\/span><\/p>\n<p>&nbsp;<\/p>\n<p><span style=\"font-size: 20px;\"><strong>N\u00e3o perca tempo!<\/strong> <\/span><\/p>\n<p><span style=\"font-size: 20px;\">Traga a tecnologia de depila\u00e7\u00e3o a laser mais avan\u00e7ada do mundo para o seu espa\u00e7o e ofere\u00e7a aos seus clientes <strong>seguran\u00e7a, efic\u00e1cia e conforto<\/strong> com o Soprano Platinum da Just Laser.<\/span><\/p>\n<blockquote><p><span style=\"font-size: 28px;\"><strong>Chame a gente agora, pelo Whatsapp.<br \/>\nO link est\u00e1 logo aqui: abaixo \u00e0 direita!<\/strong><\/span><\/p><\/blockquote>\n","protected":false},"excerpt":{"rendered":"<p>Aluguel ou Loca\u00e7\u00e3o\u00a0 CMSLIM ATEN\u00c7\u00c3O :\u00a0 N\u00c3O FAZEMOS MAIS LOCA\u00c7\u00c3O DE CMSLIM E OUTROS [&hellip;]<\/p>\n","protected":false},"author":2,"featured_media":0,"parent":2833,"menu_order":0,"comment_status":"closed","ping_status":"closed","template":"","meta":{"footnotes":""},"_links":{"self":[{"href":"https:\/\/justlaser.com.br\/alugueldelasers\/wp-json\/wp\/v2\/pages\/2834"}],"collection":[{"href":"https:\/\/justlaser.com.br\/alugueldelasers\/wp-json\/wp\/v2\/pages"}],"about":[{"href":"https:\/\/justlaser.com.br\/alugueldelasers\/wp-json\/wp\/v2\/types\/page"}],"author":[{"embeddable":true,"href":"https:\/\/justlaser.com.br\/alugueldelasers\/wp-json\/wp\/v2\/users\/2"}],"replies":[{"embeddable":true,"href":"https:\/\/justlaser.com.br\/alugueldelasers\/wp-json\/wp\/v2\/comments?post=2834"}],"version-history":[{"count":0,"href":"https:\/\/justlaser.com.br\/alugueldelasers\/wp-json\/wp\/v2\/pages\/2834\/revisions"}],"up":[{"embeddable":true,"href":"https:\/\/justlaser.com.br\/alugueldelasers\/wp-json\/wp\/v2\/pages\/2833"}],"wp:attachment":[{"href":"https:\/\/justlaser.com.br\/alugueldelasers\/wp-json\/wp\/v2\/media?parent=2834"}],"curies":[{"name":"wp","href":"https:\/\/api.w.org\/{rel}","templated":true}]}}