{"id":2852,"date":"2021-12-27T13:57:59","date_gmt":"2021-12-27T16:57:59","guid":{"rendered":"https:\/\/justlaser.com.br\/alugueldelasers\/?page_id=2852"},"modified":"2021-12-30T13:24:50","modified_gmt":"2021-12-30T16:24:50","slug":"cuidados-com-aparelhos-de-campo-eletromagnetico-cmslim-supramaximus","status":"publish","type":"page","link":"https:\/\/justlaser.com.br\/alugueldelasers\/aluguel-de-aparelho-de-campo-eletromagnetico\/cuidados-com-aparelhos-de-campo-eletromagnetico-cmslim-supramaximus\/","title":{"rendered":"CUIDADOS COM APARELHOS DE CAMPO ELETROMAGNETICO CMSLIM SUPRAMAXIMUS"},"content":{"rendered":"<h1><strong><span style=\"font-size: 18pt;\">CUIDADOS COM APARELHOS DE CAMPO ELETROMAGN\u00c9TICO<br \/>\n<\/span><span style=\"font-size: 18pt;\"><a href=\"https:\/\/adoxy.com.br\/produtos\/supramaximus\/\" target=\"_blank\" rel=\"noopener\">SUPRAMAXIMUS<\/a>, <a href=\"https:\/\/www.skintec.com.br\/veraocmslim\" target=\"_blank\" rel=\"noopener\">CMSLIM<\/a>, TESLA, EMSCULPT ETC..<\/span><\/strong><\/h1>\n<p>&nbsp;<\/p>\n<h3>Avisos e Cuidados no uso e manejo<br \/>\ndos aparelhos de pulso e campo magn\u00e9tico no aluguel e loca\u00e7\u00e3o<\/h3>\n<ol>\n<li><span style=\"font-size: 14pt;\">Use o dispositivo de acordo com o manual de instru\u00e7\u00f5es.<\/span><\/li>\n<li><span style=\"font-size: 14pt;\"><strong><span style=\"color: #ff0000;\">USE AR-CONDICIONADO A TEMPERATURA DE 20 GRAUS<br \/>\nPARA QUE O APARELHO N\u00c3O SUPER AQUE\u00c7A E PARE DE FUNCIONAR\u00a0<\/span><\/strong><\/span><\/li>\n<li><span style=\"font-size: 14pt;\">\u00a0O manual de instru\u00e7\u00f5es explica como operar o equipamento corretamente. Por favor, leia atentamente o\u00a0<\/span><span style=\"font-size: 14pt;\">manual de instru\u00e7\u00f5es e mantenha-o guardado.<\/span><\/li>\n<li><span style=\"font-size: 14pt;\">O dispositivo deve ser usado sob a supervis\u00e3o de uma pessoa com certifica\u00e7\u00e3o m\u00e9dica profissional ou de uma\u00a0<\/span><span style=\"font-size: 14pt;\">pessoa que concluiu a educa\u00e7\u00e3o relacionada (veja se\u00e7\u00e3o 2.4 deste manual).<\/span><\/li>\n<li><span style=\"font-size: 14pt;\">\u00a0<strong>A empresa de loca\u00e7\u00e3o\u00a0 n\u00e3o se responsabiliza por quaisquer problemas decorrentes do uso do produto por pessoas sem\u00a0<\/strong><\/span><span style=\"font-size: 14pt;\"><strong>certifica\u00e7\u00e3o m\u00e9dica profissional ou por aqueles que n\u00e3o conclu\u00edram o treinamento relacionado.<\/strong><\/span><\/li>\n<li><span style=\"font-size: 14pt;\">\u00a0Este dispositivo n\u00e3o deve ser adulterado, modificado ou usado para qualquer outra finalidade que n\u00e3o seja o<\/span><span style=\"font-size: 14pt;\">uso pretendido.<\/span><\/li>\n<li><span style=\"font-size: 14pt;\">\u00a0Quando a emiss\u00e3o de RF for gerada pelo aplicador, n\u00e3o o aproxime dos olhos.<\/span><span style=\"font-size: 14pt;\">\u00a0Em<strong> caso de trov\u00e3o, raio, terremoto, etc., pare imediatamente de usar o produto, desligue a energia e\u00a0<\/strong><\/span><span style=\"font-size: 14pt;\"><strong>desconecte o cabo de alimenta\u00e7\u00e3o<\/strong>.<\/span><\/li>\n<li><span style=\"font-size: 14pt;\">\u00a0Os pacientes n\u00e3o devem ser contatados com um componente condutor aterrado ou com uma capacit\u00e2ncia\u00a0<\/span><span style=\"font-size: 14pt;\">bem aterrada e pode fornecer um caminho indesejado para a corrente de RF.<br \/>\n<strong>Em particular, n\u00e3o use uma cama\u00a0<\/strong><\/span><span style=\"font-size: 14pt;\"><strong>ou cadeira com uma arma\u00e7\u00e3o de metal.<\/strong><\/span><\/li>\n<li><span style=\"font-size: 14pt;\">Os cabos de conex\u00e3o relacionados ao aplicador devem ser dispostos de modo que n\u00e3o entrem em contato com\u00a0<\/span><span style=\"font-size: 14pt;\">o paciente ou objetos condutores ou que absorvem energia<\/span><\/li>\n<li><span style=\"font-size: 14pt;\">Nos seguintes casos, entre em contato com o centro de atendimento ao cliente da empresa para verificar e\u00a0<\/span><span style=\"font-size: 14pt;\">reparar o produto.<br \/>\n<\/span><span style=\"font-size: 14pt;\">&#8211; O produto n\u00e3o funciona normalmente.<br \/>\nN\u00c3O USE EM CASO DE D\u00daVIDAS !!!!<\/span><\/li>\n<li><span style=\"font-size: 14pt;\">\u00a0Mantenha as pessoas com <strong>marcapassos<\/strong> afastadas do equipamento durante a opera\u00e7\u00e3o.<\/span><\/li>\n<li><span style=\"font-size: 14pt;\"><strong>Se o equipamento apresentar defeito e mesmo assim o usu\u00e1rio utiliz\u00e1-lo, o usu\u00e1rio \u00e9 totalmente respons\u00e1vel\u00a0<\/strong><\/span><span style=\"font-size: 14pt;\"><strong>por qualquer dano causado pelo dispositivo.<\/strong><\/span><\/li>\n<li><span style=\"font-size: 14pt;\">O dispositivo exibe uma mensagem sobre erros ou defeitos no dispositivo e nos componentes. Se voc\u00ea n\u00e3o\u00a0<\/span><span style=\"font-size: 14pt;\">tiver certeza do significado, pare de usar o dispositivo e entre em contato com o centro de atendimento E DESLIGUE O APARELHO<\/span><\/li>\n<li><span style=\"font-size: 14pt;\">Durante o uso, o aplicador n\u00e3o deve ser aproximado a uma dist\u00e2ncia inferior a 15 cm, como mostrado abaixo.<\/span><span style=\"font-size: 14pt;\"><img decoding=\"async\" class=\"size-full wp-image-2853 aligncenter\" src=\"https:\/\/justlaser.com.br\/alugueldelasers\/wp-content\/uploads\/2021\/12\/ALUGUEL-SUPRAMAXIUS-E-CMSLIM.png\" alt=\"ALUGUEL SUPRAMAXIUS E CMSLIM\" width=\"120\" height=\"135\" title=\"\"><\/span><\/li>\n<li><span style=\"font-size: 14pt;\">\u00a0A conex\u00e3o simult\u00e2nea de um PACIENTE a um EQUIPAMENTO EM cir\u00fargico de alta frequ\u00eancia pode resultar em\u00a0<\/span><span style=\"font-size: 14pt;\">queimaduras no local dos eletrodos do ESTIMULADOR e poss\u00edvel dano ao ESTIMULADOR.<\/span><\/li>\n<li><span style=\"font-size: 14pt;\">A opera\u00e7\u00e3o em estreita proximidade (por exemplo, 1 m) com um equipamento EM de terapia de ondas curtas\u00a0<\/span><span style=\"font-size: 14pt;\">ou de microondas pode produzir instabilidade na sa\u00edda do ESTIMULADOR.<\/span><\/li>\n<li><span style=\"font-size: 14pt;\">A <strong>aplica\u00e7\u00e3o de eletrodos perto do t\u00f3rax pode aumentar o risco de fibrila\u00e7\u00e3o card\u00edaca.<\/strong><\/span><\/li>\n<li><span style=\"font-size: 14pt;\"><strong>Como o dispositivo n\u00e3o pode ser reparado, exceto por profissionais autorizados pelo\u00a0 fabricante , n\u00e3o desmonte\u00a0<\/strong><\/span><span style=\"font-size: 14pt;\"><strong>nem monte o dispositivo a seu crit\u00e9rio.<\/strong><\/span><\/li>\n<li><span style=\"font-size: 14pt;\"><span style=\"color: #ff0000;\"><strong>\u00a0Para seguran\u00e7a el\u00e9trica, o dispositivo deve estar conectado a uma fonte de energia aterrada de seguran\u00e7a.<\/strong><\/span><\/span><\/li>\n<li><span style=\"font-size: 14pt;\">O operador do dispositivo deve estar familiarizado com o manual do usu\u00e1rio, e o manual do usu\u00e1rio deve ser\u00a0<\/span><span style=\"font-size: 14pt;\">mantido pr\u00f3ximo ao dispositivo.<\/span><\/li>\n<li><span style=\"font-size: 14pt;\">\u00a0Para evitar acidentes de seguran\u00e7a e ter manuten\u00e7\u00e3o adequada, forne\u00e7a sinais e instru\u00e7\u00f5es de seguran\u00e7a\u00a0<\/span><span style=\"font-size: 14pt;\">fornecidos com o dispositivo em um local facilmente vis\u00edvel ao redor do dispositivo.<\/span><\/li>\n<li><span style=\"font-size: 14pt;\">Como o corpo principal do dispositivo est\u00e1 equipado com um ventilador para circula\u00e7\u00e3o de ar interno, remova\u00a0<\/span><span style=\"font-size: 14pt;\">as cortinas ou outros objetos que possam bloquear o fluxo de ar ao redor do dispositivo.<\/span><\/li>\n<li><span style=\"color: #ff0000; font-size: 14pt;\">Deve ser monitorado para que n\u00e3o haja \u00e1gua, \u00e1lcool, cola inflam\u00e1vel, etc. ao redor do dispositivo.<\/span><\/li>\n<li><span style=\"font-size: 14pt;\"><strong>\u00a0Como um forte campo magn\u00e9tico \u00e9 gerado ao redor do aplicador, todos os t\u00e9cnicos, assistentes e pacientes da\u00a0<\/strong><\/span><span style=\"font-size: 14pt;\"><strong>opera\u00e7\u00e3o do dispositivo n\u00e3o devem carregar nenhum objeto que possa ser afetado pelo campo magn\u00e9tico.<\/strong><\/span><\/li>\n<li><span style=\"color: #ff0000; font-size: 14pt;\"><strong>Em particular, se o paciente tiver acess\u00f3rios met\u00e1licos (por exemplo, colares, brincos, rel\u00f3gios, an\u00e9is, cintos\u00a0<\/strong><\/span><span style=\"color: #ff0000; font-size: 14pt;\"><strong>met\u00e1licos, fivelas nos cintos, etc.) no corpo humano, existe o risco de queimaduras e deve ser removido e\u00a0<\/strong><\/span><span style=\"color: #ff0000; font-size: 14pt;\"><strong>utilizado.<\/strong><\/span><\/li>\n<li><span style=\"font-size: 14pt;\">N\u00e3o use telefones celulares, walkie-talkies, transmissores de r\u00e1dio m\u00f3veis, brinquedos de r\u00e1dio, etc. enquanto\u00a0<\/span><span style=\"font-size: 14pt;\">o dispositivo estiver em opera\u00e7\u00e3o.<\/span><\/li>\n<li><span style=\"font-size: 14pt;\"><strong>Os pacientes n\u00e3o devem consumir alimentos, como bebidas ou \u00e1gua, que podem afetar o dispositivo durante\u00a0<\/strong><\/span><span style=\"font-size: 14pt;\"><strong>o tratamento.<\/strong><\/span><\/li>\n<li><span style=\"font-size: 14pt;\"><strong>N\u00e3o use o dispositivo com as m\u00e3os molhadas.<\/strong><\/span><\/li>\n<li><span style=\"font-size: 14pt;\">O local da aplica\u00e7\u00e3o de acordo com o tratamento \u00e9 decidido pelo usu\u00e1rio ou operador e este \u00e9 totalmente\u00a0<\/span><span style=\"font-size: 14pt;\">respons\u00e1vel pela aplica\u00e7\u00e3o.<\/span><\/li>\n<li><span style=\"font-size: 14pt;\">Observe o tempo de opera\u00e7\u00e3o e o m\u00e9todo recomendados.<\/span><\/li>\n<li><span style=\"font-size: 14pt;\">Instale em uma superf\u00edcie plana.<\/span><\/li>\n<li><span style=\"font-size: 14pt;\"><em><strong>\u00a0Ap\u00f3s o uso, limpe todas as pe\u00e7as com um pano macio \/ gaze desinfetante e \u00e1lcool.<\/strong><\/em><\/span><\/li>\n<li><span style=\"font-size: 14pt;\">Para uso seguro, n\u00e3o use diretamente sobre a pele. Certifique-se de us\u00e1-lo sobre as roupas.<\/span><\/li>\n<li><span style=\"color: #ff0000; font-size: 14pt;\"><strong>Quando estiver em uso, voc\u00ea deve se comunicar constantemente com o paciente. O paciente nunca deve ficar\u00a0<\/strong><\/span><span style=\"color: #ff0000; font-size: 14pt;\"><strong>indiferente.<\/strong><\/span><\/li>\n<li><span style=\"color: #ff0000; font-size: 14pt;\"><strong>N\u00e3o coloque o dispositivo sob luz solar direta ou perto de uma fonte de calor.<\/strong><\/span><\/li>\n<li><span style=\"font-size: 14pt;\"><strong>Quando o dispositivo \u00e9 trazido de um ambiente frio para um ambiente quente, aguarde a temperatura se\u00a0<\/strong><\/span><span style=\"font-size: 14pt;\"><strong>igualar antes de conect\u00e1-lo \u00e0 fonte de alimenta\u00e7\u00e3o antes de us\u00e1-lo. (m\u00ednimo 2 horas).<\/strong><\/span><\/li>\n<li><span style=\"font-size: 14pt;\">A fonte de alimenta\u00e7\u00e3o principal \u00e0 qual o dispositivo ser\u00e1 conectado deve ser instalada e calibrada de acordo\u00a0<\/span><span style=\"font-size: 14pt;\">com os padr\u00f5es vigentes para instala\u00e7\u00f5es el\u00e9tricas em institui\u00e7\u00f5es m\u00e9dicas.<\/span><\/li>\n<li><span style=\"font-size: 14pt;\">\u00a0Verifique se a energia de entrada est\u00e1 correta.<\/span><\/li>\n<li><span style=\"color: #ff0000; font-size: 14pt;\"><strong>\u00a0Os efeitos a longo prazo da estimula\u00e7\u00e3o magn\u00e9tica cr\u00f4nica s\u00e3o desconhecidos.<\/strong><\/span><\/li>\n<li><span style=\"font-size: 14pt;\">\u00a0Antes de iniciar, verifique se todos os par\u00e2metros de configura\u00e7\u00e3o correspondem aos requisitos.<\/span><\/li>\n<li><span style=\"font-size: 14pt;\"><strong>N\u00e3o dobre o cabo el\u00e9trico ou os acess\u00f3rios com for\u00e7a nem coloque objetos pontiagudos ou pesados sobre eles.<br \/>\n<\/strong><\/span><span style=\"font-size: 14pt;\"><strong>(Pode haver risco de choque el\u00e9trico ou inc\u00eandio.)<\/strong><\/span><\/li>\n<li><span style=\"font-size: 14pt;\">N\u00e3o conecte v\u00e1rios cabos de energia de aparelhos el\u00e9tricos em um recept\u00e1culo ao mesmo tempo (pode haver\u00a0<\/span><span style=\"font-size: 14pt;\">risco de inc\u00eandio).<\/span><\/li>\n<li><span style=\"color: #ff0000; font-size: 18pt;\"><strong>A estimula\u00e7\u00e3o n\u00e3o deve ser aplicada sobre ou atrav\u00e9s da cabe\u00e7a, diretamente nos olhos, cobrindo a boca, na\u00a0<\/strong><\/span><span style=\"color: #ff0000; font-size: 18pt;\"><strong>frente do pesco\u00e7o (especialmente o seio carot\u00eddeo) ou de eletrodos colocados no peito e na parte superior das\u00a0<\/strong><\/span><span style=\"color: #ff0000; font-size: 18pt;\"><strong>costas ou pr\u00f3ximo ao cora\u00e7\u00e3o.<\/strong><\/span><\/li>\n<\/ol>\n<p>&nbsp;<\/p>\n<h2>Evitar o uso dos aparelhos de campo magn\u00e9ticos para<\/h2>\n<p><strong>O usu\u00e1rio deve evitar o uso nos seguintes casos para as condi\u00e7\u00f5es cl\u00ednicas espec\u00edficas:<\/strong><\/p>\n<p>&#8211; Gestantes e lactantes.<br \/>\n&#8211; Pacientes com doen\u00e7as cardiovasculares.<br \/>\n&#8211; N\u00e3o use na \u00e1rea da art\u00e9ria car\u00f3tida ou nas suas proximidades.<br \/>\n&#8211; Pacientes que foram submetidas a cirurgias ou est\u00e3o em fase de recupera\u00e7\u00e3o.<br \/>\n&#8211; Pacientes com dist\u00farbios vasculares cerebrais (acidente vascular cerebral).<br \/>\n&#8211; Pacientes com les\u00e3o cerebral ou cirurgia cerebral.<br \/>\n&#8211; Pacientes sens\u00edveis a est\u00edmulos externos.<br \/>\n&#8211; Quando o paciente n\u00e3o sente altera\u00e7\u00f5es t\u00e9rmicas.<br \/>\n&#8211; Paciente com dist\u00farbio de coagula\u00e7\u00e3o ou tend\u00eancia a sangramento.<br \/>\n&#8211; Pacientes hipertensos.<br \/>\n&#8211; Pessoas com implante, marcapasso ou formigamento e outro \u00f3rg\u00e3o artificial dentro do corpo.<br \/>\n&#8211; Pessoas com doen\u00e7as cardiovasculares.<br \/>\n&#8211; Uma queimadura ou cuidado ap\u00f3s uma queimadura.<br \/>\n&#8211; Pacientes com suspeita de doen\u00e7as infecciosas graves e\/ou doen\u00e7as onde \u00e9 aconselh\u00e1vel, para fins<br \/>\nm\u00e9dicos gerais, suprimir o calor ou a febre.<br \/>\n&#8211; Sangramento, problemas de circula\u00e7\u00e3o (esclerose arterial trombo, etc.), inflama\u00e7\u00e3o aguda das<br \/>\narticula\u00e7\u00f5es e ossos, supura\u00e7\u00e3o de tecidos moles, etc.<br \/>\n&#8211; Pacientes com hist\u00f3rico de complica\u00e7\u00f5es de doen\u00e7as convulsivas como epilepsia.<br \/>\n&#8211; Este equipamento n\u00e3o deve ser usado para tratamento de al\u00edvio da dor em local sintom\u00e1tico.<\/p>\n<p>&nbsp;<\/p>\n<h3>E uso do produto nos seguintes casos para regi\u00f5es espec\u00edficas:<\/h3>\n<p>&#8211; Les\u00f5es cancer\u00edgenas.<br \/>\n&#8211; Acima ou pr\u00f3ximo dos centros de crescimento \u00f3sseo.<br \/>\n&#8211; Cabe\u00e7a, c\u00e9rebro, coluna vertebral, olho, cora\u00e7\u00e3o, test\u00edculos, ov\u00e1rio, tumor (benigno ou maligno) e<br \/>\ntuberculose.<br \/>\n&#8211; N\u00e3o use implantes met\u00e1licos ou pr\u00f3teses met\u00e1licas na \u00e1rea de aplica\u00e7\u00e3o.<br \/>\n&#8211; Este dispositivo n\u00e3o deve ser usado sobre a \u00e1rea tor\u00e1cica se o paciente estiver usando um marcapasso<br \/>\ncard\u00edaco.<\/p>\n<p>&nbsp;<\/p>\n<p><strong>Abaixo links de p\u00e1ginas para mais informa\u00e7\u00f5es:<\/strong><\/p>\n<p><a href=\"https:\/\/justlaser.com.br\/alugueldelasers\/aluguel-de-aparelho-de-campo-eletromagnetico\/cuidados-com-aparelhos-de-campo-eletromagnetico-cmslim-supramaximus\">Cuidados e perigos dos aparelhos de campos eletromagn\u00e9ticos para flacidez\u00a0<\/a><\/p>\n<p><a href=\"https:\/\/justlaser.com.br\/alugueldelasers\/aluguel-de-aparelho-de-campo-eletromagnetico\/aluguel-supra-maximus-locacaosupramaximus\">Aluguel SupraM\u00e1ximus<\/a><\/p>\n<p><a href=\"https:\/\/justlaser.com.br\/alugueldelasers\/aluguel-de-aparelho-de-campo-eletromagnetico\/aluguel-locacao-cm-slim-cmslim\/\">Aluguel loca\u00e7\u00e3o CMSLIM\u00a0<\/a><\/p>\n<p><a href=\"https:\/\/justlaser.com.br\/alugueldelasers\/aluguel-de-aparelho-de-campo-eletromagnetico\/\">Aluguel de aparelhos de campo onda eletro magn\u00e9tica\u00a0<\/a><\/p>\n<p>&nbsp;<\/p>\n<p><em><strong><span style=\"font-size: 14pt;\">Se voc\u00ea procura aluguel loca\u00e7\u00e3o de aparelhos de campo eletromagn\u00e9tico para flacidez ( HI- EMT ou\u00a0tecnologia PEMF)\u00a0<\/span><\/strong><\/em><br \/>\n<em><strong><span style=\"font-size: 14pt;\"> ou treinamento: entre em contato !<\/span><\/strong><\/em><\/p>\n<p>&nbsp;<\/p>\n","protected":false},"excerpt":{"rendered":"<p>CUIDADOS COM APARELHOS DE CAMPO ELETROMAGN\u00c9TICO SUPRAMAXIMUS, CMSLIM, TESLA, EMSCULPT ETC.. &nbsp; Avisos e [&hellip;]<\/p>\n","protected":false},"author":2,"featured_media":0,"parent":2833,"menu_order":0,"comment_status":"closed","ping_status":"closed","template":"","meta":{"footnotes":""},"_links":{"self":[{"href":"https:\/\/justlaser.com.br\/alugueldelasers\/wp-json\/wp\/v2\/pages\/2852"}],"collection":[{"href":"https:\/\/justlaser.com.br\/alugueldelasers\/wp-json\/wp\/v2\/pages"}],"about":[{"href":"https:\/\/justlaser.com.br\/alugueldelasers\/wp-json\/wp\/v2\/types\/page"}],"author":[{"embeddable":true,"href":"https:\/\/justlaser.com.br\/alugueldelasers\/wp-json\/wp\/v2\/users\/2"}],"replies":[{"embeddable":true,"href":"https:\/\/justlaser.com.br\/alugueldelasers\/wp-json\/wp\/v2\/comments?post=2852"}],"version-history":[{"count":0,"href":"https:\/\/justlaser.com.br\/alugueldelasers\/wp-json\/wp\/v2\/pages\/2852\/revisions"}],"up":[{"embeddable":true,"href":"https:\/\/justlaser.com.br\/alugueldelasers\/wp-json\/wp\/v2\/pages\/2833"}],"wp:attachment":[{"href":"https:\/\/justlaser.com.br\/alugueldelasers\/wp-json\/wp\/v2\/media?parent=2852"}],"curies":[{"name":"wp","href":"https:\/\/api.w.org\/{rel}","templated":true}]}}