{"id":2863,"date":"2021-12-27T16:24:54","date_gmt":"2021-12-27T19:24:54","guid":{"rendered":"https:\/\/justlaser.com.br\/alugueldelasers\/?page_id=2863"},"modified":"2023-02-21T09:23:12","modified_gmt":"2023-02-21T12:23:12","slug":"locacao-scizer","status":"publish","type":"page","link":"https:\/\/justlaser.com.br\/alugueldelasers\/aluguel-ultrassom-macro-focado-scizer\/locacao-scizer\/","title":{"rendered":"Loca\u00e7\u00e3o Scizer"},"content":{"rendered":"<h1><span style=\"font-size: 18pt;\">Loca\u00e7\u00e3o Scizer<\/span><\/h1>\n<p><img decoding=\"async\" class=\"aligncenter wp-image-2864 size-full\" title=\"LOCACAO SCIZER SAO PAULO\" src=\"https:\/\/justlaser.com.br\/alugueldelasers\/wp-content\/uploads\/2021\/12\/locacao-aluguel-scizer.png\" alt=\"locacao scizer\" width=\"777\" height=\"435\" srcset=\"https:\/\/justlaser.com.br\/alugueldelasers\/wp-content\/uploads\/2021\/12\/locacao-aluguel-scizer-200x112.png 200w, https:\/\/justlaser.com.br\/alugueldelasers\/wp-content\/uploads\/2021\/12\/locacao-aluguel-scizer-300x168.png 300w, https:\/\/justlaser.com.br\/alugueldelasers\/wp-content\/uploads\/2021\/12\/locacao-aluguel-scizer-400x224.png 400w, https:\/\/justlaser.com.br\/alugueldelasers\/wp-content\/uploads\/2021\/12\/locacao-aluguel-scizer-500x280.png 500w, https:\/\/justlaser.com.br\/alugueldelasers\/wp-content\/uploads\/2021\/12\/locacao-aluguel-scizer-600x336.png 600w, https:\/\/justlaser.com.br\/alugueldelasers\/wp-content\/uploads\/2021\/12\/locacao-aluguel-scizer-700x392.png 700w, https:\/\/justlaser.com.br\/alugueldelasers\/wp-content\/uploads\/2021\/12\/locacao-aluguel-scizer-768x430.png 768w, https:\/\/justlaser.com.br\/alugueldelasers\/wp-content\/uploads\/2021\/12\/locacao-aluguel-scizer.png 777w\" sizes=\"(max-width: 777px) 100vw, 777px\" \/><\/p>\n<p>&nbsp;<\/p>\n<blockquote><p>Aparelho para loca\u00e7\u00e3o macrofocado Scizer, da Medsystems.<br \/>\nUma das maiores procuras em cl\u00ednicas de est\u00e9tica \u00e9 a busca de loca\u00e7\u00e3o para\u00a0 aparelhos\u00a0 de Ultrassom Macro Focado Scizer,\u00a0 para tratamento da\u00a0 gordura.<br \/>\nUtilizado isoladamente ou em parceria com o Ultraformer III ou Ultraformer MPT.<\/p><\/blockquote>\n<div class=\"mkdf-row-grid-section-wrapper mkdf-content-aligment-center\">\n<div class=\"mkdf-row-grid-section\">\n<div class=\"vc_row wpb_row vc_row-fluid vc_custom_1602529285427\">\n<div class=\"wpb_column vc_column_container vc_col-sm-12\">\n<div class=\"vc_column-inner\">\n<div class=\"wpb_wrapper\">\n<div class=\"mkdf-section-title-holder \">\n<div class=\"mkdf-st-inner\">\n<h2 class=\"mkdf-st-title\"><span style=\"font-size: 14pt;\">PARA QUEM \u00c9 INDICADA A LOCA\u00c7\u00c3O E TRATAMENTO COM APARELHO SCIZER ?<\/span><\/h2>\n<div class=\"mkdf-st-line\">\u00a0Ideal para pessoas que <em>possuem dificuldades para combater a gordura localizada<\/em> em regi\u00f5es como: flancos, abd\u00f4men, interno de coxas e culotes. Al\u00e9m disso, por ser um tratamento r\u00e1pido, \u00e9 ideal para quem n\u00e3o tem uma rotina que permite tratamentos de longa dura\u00e7\u00e3o.<\/div>\n<\/div>\n<\/div>\n<\/div>\n<\/div>\n<\/div>\n<\/div>\n<\/div>\n<\/div>\n<div class=\"mkdf-row-grid-section-wrapper mkdf-content-aligment-center\">\n<div class=\"mkdf-row-grid-section\">\n<div class=\"vc_row wpb_row vc_row-fluid vc_custom_1602529295070\">\n<div class=\"wpb_column vc_column_container vc_col-sm-12\">\n<div class=\"vc_column-inner\">\n<div class=\"wpb_wrapper\">\n<div class=\"wpb_text_column wpb_content_element \">\n<div class=\"wpb_wrapper\">\n<p><em>Essa tecnologia n\u00e3o \u00e9 indicada para mulheres gr\u00e1vidas, pessoas com doen\u00e7as autoimunes e com marca-passos<\/em><\/p>\n<\/div>\n<\/div>\n<\/div>\n<\/div>\n<\/div>\n<\/div>\n<\/div>\n<\/div>\n<h2><span style=\"font-size: 14pt;\">Como fazer o tratamento durante a loca\u00e7\u00e3o do Scizer<\/span><\/h2>\n<h3><span style=\"font-size: 12pt;\">Passo a passo do Tratamento\u00a0 &#8211; o que saber em\u00a0 caso de loca\u00e7\u00e3o do Scizer<\/span><\/h3>\n<p><strong>1. Ligando o Equipamento durante a loca\u00e7\u00e3o<\/strong><br \/>\nPressione o s\u00edmbolo &#8216;I no interruptor de alimenta\u00e7\u00e3o CA na parte traseira do EQUIPAMENTO e gire a chave no sentido hor\u00e1rio para ligar o sistema.<\/p>\n<p><strong>2. Selecionando Transdutores<\/strong><br \/>\nSelecione o transdutor com base na avalia\u00e7\u00e3o do paciente e na \u00e1rea de tratamento alvo.<\/p>\n<p>Os pacientes devem cumprir os padr\u00f5es de cada transdutor, com base no teste de pin\u00e7a da \u00e1rea a ser tratada:<\/p>\n<p><em><strong>Transdutores do Scizer\u00a0<\/strong><\/em><br \/>\n<em><strong>D9: profundidade de pelo menos 1.5cm<\/strong><\/em><br \/>\n<em><strong>D13: profundidade de pelo menos 2.5em<\/strong><\/em><\/p>\n<p><strong>3. Inspecionando os Transdutores\u00a0do Scizer\u00a0<\/strong><br \/>\nSempre verifique as condi\u00e7\u00f5es f\u00edsicas do transdutor e verifique se n\u00e3o h\u00e1 res\u00edduos de \u00e1gua ou part\u00edculas de poeira residuais antes de prosseguir com o tratamento.<\/p>\n<p><strong>4. Marca\u00e7\u00e3o da \u00c1rea-alvo do paciente<\/strong><br \/>\nPe\u00e7a ao paciente que se deite na maca de tratamento e marque as \u00e1reas a serem tratadas usando a r\u00e9gua de marca\u00e7\u00e3o.<\/p>\n<p><strong>5. Aplicando \u00c1gua\u00a0<\/strong><br \/>\nBorrife quantidade suficiente de \u00e1gua na \u00e1rea de tratamento como um agente lubrificante para o handpiece durante o procedimento. Sempre reaplique \u00e1gua quando necess\u00e1rio.<\/p>\n<p><strong>6. Configurando Par\u00e2metros e Prefer\u00eancias do Scizer\u00a0<\/strong><br \/>\nDefina os par\u00e2metros e prefer\u00eancias na Interface Gr\u00e1fica e pressione PRONTO.<\/p>\n<p>As seguintes configura\u00e7\u00f5es est\u00e3o dispon\u00edveis para serem personalizadas:<br \/>\n&#8211; Flu\u00eancia de Energia<br \/>\n&#8211; Padr\u00e3o de disparo<br \/>\n&#8211; Controle de resfriamento por contato<br \/>\n&#8211; Alarme<br \/>\n&#8211; Cron\u00f4metro<br \/>\n&#8211; Volume<br \/>\n&#8211; Modo de disparo \u00fanico \/ sequencial<\/p>\n<h3><span style=\"font-size: 12pt;\">GUIA DE TRATAMENTO SCIZER DURANTE A LOCA\u00c7\u00c3O<\/span><\/h3>\n<p>Tratamento<br \/>\n<strong>7. Aplicando a handpiece<\/strong><br \/>\nAplique a handpiece na \u00e1rea de tratamento delimitada pela r\u00e9gua e pressione o bot\u00e3o Shot para emitir energia.<br \/>\n* Para detalhes adicionais sobre como evitar \u00e1reas \u00f3sseas e regi\u00f5es dos nervos ao aplicar a handpiece durante o tratamento, consulte as precau\u00e7\u00f5es espec\u00edficas para cada \u00e1rea do guia de tratamento.<\/p>\n<div id=\"attachment_2862\" style=\"width: 708px\" class=\"wp-caption aligncenter\"><img decoding=\"async\" aria-describedby=\"caption-attachment-2862\" class=\"wp-image-2862 size-full\" title=\"LOCACAO SCIZER\" src=\"https:\/\/justlaser.com.br\/alugueldelasers\/wp-content\/uploads\/2021\/12\/ALUGUEL-LOCACAO-SCIZER-.png\" alt=\"ALUGUEL LOCACAO SCIZER\" width=\"698\" height=\"306\" srcset=\"https:\/\/justlaser.com.br\/alugueldelasers\/wp-content\/uploads\/2021\/12\/ALUGUEL-LOCACAO-SCIZER--200x88.png 200w, https:\/\/justlaser.com.br\/alugueldelasers\/wp-content\/uploads\/2021\/12\/ALUGUEL-LOCACAO-SCIZER--300x132.png 300w, https:\/\/justlaser.com.br\/alugueldelasers\/wp-content\/uploads\/2021\/12\/ALUGUEL-LOCACAO-SCIZER--400x175.png 400w, https:\/\/justlaser.com.br\/alugueldelasers\/wp-content\/uploads\/2021\/12\/ALUGUEL-LOCACAO-SCIZER--500x219.png 500w, https:\/\/justlaser.com.br\/alugueldelasers\/wp-content\/uploads\/2021\/12\/ALUGUEL-LOCACAO-SCIZER--600x263.png 600w, https:\/\/justlaser.com.br\/alugueldelasers\/wp-content\/uploads\/2021\/12\/ALUGUEL-LOCACAO-SCIZER-.png 698w\" sizes=\"(max-width: 698px) 100vw, 698px\" \/><p id=\"caption-attachment-2862\" class=\"wp-caption-text\">TRANSDUTORES CORPORAIS DO SCIZER PARA LOCA\u00c7\u00c3O<\/p><\/div>\n<p>8. Pausando ou parando procedimentos<br \/>\nPara pausar ou interromper o uso do cartucho durante o tratamento, mantenha pressionado o bot\u00e3o Shot para interromper a emiss\u00e3o de energia do ultrassom.<\/p>\n<p>Ao aplicar o transdutor, mantenha-o acoplado a pele at\u00e9 que a passagem e a entrega da energia estejam completas.<br \/>\n9. Limpando o transdutor e a handpiece<br \/>\nLimpe o transdutor com \u00e1lcool isoprop\u00edlico 50-70% antes de coloc\u00e1-lo no suporte da handpiece.<br \/>\n10. Limpando a \u00e1rea tratada<br \/>\nLimpe a \u00e1rea tratada dos res\u00edduos de \u00e1gua restantes com um pano seco.<\/p>\n<p><iframe src=\"\/\/www.youtube.com\/embed\/RYdo5Xh13mk\" width=\"560\" height=\"314\" allowfullscreen=\"allowfullscreen\"><\/iframe><\/p>\n<p>&nbsp;<\/p>\n<h2><span style=\"font-size: 14pt;\">Temos 3 m\u00e1quinas no mercado Brasileiro que s\u00e3o refer\u00eancia de ultrassom macro focado.<\/span><\/h2>\n<p><strong>Uma <em>exclusiva <a href=\"https:\/\/classys.com\/product-line\/scizer\/\" target=\"_blank\" rel=\"noopener\">MACRO FOCADA<\/a><\/em>: APARELHO SCIZER, DA CLASSYS, COREANA.<\/strong><\/p>\n<p><strong>E <em>duas m\u00e1quinas mistas<\/em>, com ponteiras micro e macrofocadas:<\/strong><\/p>\n<ul>\n<li><strong>UltraFormer III , tamb\u00e9m da Classys<\/strong><\/li>\n<li><a href=\"https:\/\/www.vydence.com\/pt\/accutyte-ultra\/\" target=\"_blank\" rel=\"noopener\"><strong>Accutyte Ultra, Vydence<\/strong><\/a><\/li>\n<\/ul>\n<p>&nbsp;<\/p>\n<p><strong>Abaixo links de p\u00e1ginas para mais informa\u00e7\u00f5es:<\/strong><\/p>\n<p><a href=\"https:\/\/justlaser.com.br\/alugueldelasers\/aluguel-de-aparelho-de-campo-eletromagnetico\/aluguel-supra-maximus-locacaosupramaximus\">Aluguel SupraM\u00e1ximus<\/a><\/p>\n<p><a href=\"https:\/\/justlaser.com.br\/alugueldelasers\/aluguel-de-aparelho-de-campo-eletromagnetico\/aluguel-locacao-cm-slim-cmslim\/\">Aluguel loca\u00e7\u00e3o CMSLIM\u00a0<\/a><\/p>\n<p><a href=\"https:\/\/justlaser.com.br\/alugueldelasers\/aluguel-de-aparelho-de-campo-eletromagnetico\/\">Aluguel de aparelhos de campo onda eletro magn\u00e9tica\u00a0<\/a><\/p>\n<p><a href=\"https:\/\/justlaser.com.br\/alugueldelasers\/aluguel-ultrassom-macro-focado-scizer\/aluguel-do-scizer\/\">Aluguel do Scizer\u00a0<\/a><\/p>\n<p><a href=\"https:\/\/justlaser.com.br\/alugueldelasers\/aluguel-ultrassom-macro-focado-scizer\/locacao-scizer\">Loca\u00e7\u00e3o do Scizer pelo Brasil\u00a0<\/a><\/p>\n<p><a href=\"https:\/\/justlaser.com.br\/alugueldelasers\/aluguel-locacao-harmony-xl\/\">Aluguel laser plataforma Harmony\u00a0<\/a><\/p>\n<p>&nbsp;<\/p>\n<h2>LOCA\u00c7\u00c3O SCIZER<\/h2>\n<p>Trabalhamos com loca\u00e7\u00e3o di\u00e1ria, semanal ou mensal !<\/p>\n<p><em><strong><span style=\"font-size: 14pt;\">Se voc\u00ea procura aluguel loca\u00e7\u00e3o de aparelhos de ULTRASSOM MACRO FOCADO, COMO SCIZER,\u00a0<\/span><\/strong><\/em><br \/>\n<em><strong><span style=\"font-size: 14pt;\"> ou treinamento de SCIZER : entre em contato !<\/span><\/strong><\/em><\/p>\n","protected":false},"excerpt":{"rendered":"<p>Loca\u00e7\u00e3o Scizer &nbsp; Aparelho para loca\u00e7\u00e3o macrofocado Scizer, da Medsystems. Uma das maiores procuras [&hellip;]<\/p>\n","protected":false},"author":2,"featured_media":0,"parent":2859,"menu_order":0,"comment_status":"closed","ping_status":"closed","template":"","meta":{"footnotes":""},"_links":{"self":[{"href":"https:\/\/justlaser.com.br\/alugueldelasers\/wp-json\/wp\/v2\/pages\/2863"}],"collection":[{"href":"https:\/\/justlaser.com.br\/alugueldelasers\/wp-json\/wp\/v2\/pages"}],"about":[{"href":"https:\/\/justlaser.com.br\/alugueldelasers\/wp-json\/wp\/v2\/types\/page"}],"author":[{"embeddable":true,"href":"https:\/\/justlaser.com.br\/alugueldelasers\/wp-json\/wp\/v2\/users\/2"}],"replies":[{"embeddable":true,"href":"https:\/\/justlaser.com.br\/alugueldelasers\/wp-json\/wp\/v2\/comments?post=2863"}],"version-history":[{"count":0,"href":"https:\/\/justlaser.com.br\/alugueldelasers\/wp-json\/wp\/v2\/pages\/2863\/revisions"}],"up":[{"embeddable":true,"href":"https:\/\/justlaser.com.br\/alugueldelasers\/wp-json\/wp\/v2\/pages\/2859"}],"wp:attachment":[{"href":"https:\/\/justlaser.com.br\/alugueldelasers\/wp-json\/wp\/v2\/media?parent=2863"}],"curies":[{"name":"wp","href":"https:\/\/api.w.org\/{rel}","templated":true}]}}