{"id":2866,"date":"2024-12-27T16:32:25","date_gmt":"2024-12-27T19:32:25","guid":{"rendered":"https:\/\/justlaser.com.br\/alugueldelasers\/?page_id=2866"},"modified":"2025-03-05T14:23:48","modified_gmt":"2025-03-05T17:23:48","slug":"aluguel-do-scizer","status":"publish","type":"page","link":"https:\/\/justlaser.com.br\/alugueldelasers\/aluguel-ultrassom-macro-focado-scizer\/aluguel-do-scizer\/","title":{"rendered":"Aluguel do Scizer"},"content":{"rendered":"<h1><span style=\"font-size: 32px;\">Aluguel do Scizer<\/span><\/h1>\n<p><span style=\"font-size: 20px;\">Que tal pensar no <strong>Aluguel do Scizer<\/strong> para alavancar os tratamentos corporais de sua cl\u00ednica ?<\/span><\/p>\n<p><span style=\"font-size: 20px;\">Sim, gordura localizada \u00e9 com Ultrassom Macro focado.<\/span><br \/>\n<span style=\"font-size: 20px;\">Associando com enzimas, ciclando outras m\u00e1quinas, o efeito pode ser arrasador !!<\/span><\/p>\n<div id=\"attachment_2862\" style=\"width: 708px\" class=\"wp-caption aligncenter\"><img decoding=\"async\" aria-describedby=\"caption-attachment-2862\" class=\"wp-image-2862 size-full\" title=\"aluguel scizer\" src=\"https:\/\/justlaser.com.br\/alugueldelasers\/wp-content\/uploads\/2021\/12\/ALUGUEL-LOCACAO-SCIZER-.png\" alt=\"ALUGUEL LOCACAO SCIZER\" width=\"698\" height=\"306\" srcset=\"https:\/\/justlaser.com.br\/alugueldelasers\/wp-content\/uploads\/2021\/12\/ALUGUEL-LOCACAO-SCIZER--200x88.png 200w, https:\/\/justlaser.com.br\/alugueldelasers\/wp-content\/uploads\/2021\/12\/ALUGUEL-LOCACAO-SCIZER--300x132.png 300w, https:\/\/justlaser.com.br\/alugueldelasers\/wp-content\/uploads\/2021\/12\/ALUGUEL-LOCACAO-SCIZER--400x175.png 400w, https:\/\/justlaser.com.br\/alugueldelasers\/wp-content\/uploads\/2021\/12\/ALUGUEL-LOCACAO-SCIZER--500x219.png 500w, https:\/\/justlaser.com.br\/alugueldelasers\/wp-content\/uploads\/2021\/12\/ALUGUEL-LOCACAO-SCIZER--600x263.png 600w, https:\/\/justlaser.com.br\/alugueldelasers\/wp-content\/uploads\/2021\/12\/ALUGUEL-LOCACAO-SCIZER-.png 698w\" sizes=\"(max-width: 698px) 100vw, 698px\" \/><p id=\"caption-attachment-2862\" class=\"wp-caption-text\">TRANSDUTORES CORPORAIS DO SCIZER PARA LOCA\u00c7\u00c3O<\/p><\/div>\n<div class=\"wWOJcd\" tabindex=\"0\" role=\"button\" aria-controls=\"exacc_4hTKYa-BLPDd1sQP--yyuAM26\" aria-expanded=\"true\" aria-labelledby=\"exacc_4hTKYa-BLPDd1sQP--yyuAM25\">\n<h2 id=\"exacc_4hTKYa-BLPDd1sQP--yyuAM25\" class=\"iDjcJe IX9Lgd wwB5gf\"><span style=\"font-size: 20px;\">Como funciona <a href=\"https:\/\/classys.com\/product-line\/scizer\/\" target=\"_blank\" rel=\"noopener\">aluguel do aparelho Scizer<\/a>?<\/span><\/h2>\n<div class=\"r21Kzd\" data-hveid=\"CBMQAQ\" data-ved=\"2ahUKEwiv-sGp3IT1AhXwrpUCHXu2DDcQuk56BAgTEAE\"><span style=\"font-size: 20px;\">\u00a0A a\u00e7\u00e3o do equipamento acontece na camada da gordura subcut\u00e2nea. Por meio da energia t\u00e9rmica concentrada, as ondas emitidas pelo\u00a0<b>aparelho<\/b>\u00a0promovem um est\u00edmulo que causa a morte das c\u00e9lulas de gordura de maneira totalmente focalizada, ou seja, sem prejudicar \u00e1reas que n\u00e3o precisam ser tratadas.<\/span><\/div>\n<\/div>\n<div data-hveid=\"CBMQAQ\" data-ved=\"2ahUKEwiv-sGp3IT1AhXwrpUCHXu2DDcQuk56BAgTEAE\"><\/div>\n<div data-hveid=\"CBMQAQ\" data-ved=\"2ahUKEwiv-sGp3IT1AhXwrpUCHXu2DDcQuk56BAgTEAE\"><span style=\"font-size: 20px;\"><strong>Combina\u00e7\u00f5es de t\u00e9cnicas associadas os Scizer\u00a0<\/strong><\/span><\/div>\n<p data-hveid=\"CBMQAQ\" data-ved=\"2ahUKEwiv-sGp3IT1AhXwrpUCHXu2DDcQuk56BAgTEAE\"><span style=\"font-size: 20px;\">Sabia que o Scizer pode ser usado isoladamente , ou em combina\u00e7\u00e3o com ULtraformer III, ou ULtraformer MPT ?<br \/>\nE ainda alternando com enzimas, esvaziadores ou bioestimuladores ?\u00a0<\/span><\/p>\n<div data-hveid=\"CBMQAQ\" data-ved=\"2ahUKEwiv-sGp3IT1AhXwrpUCHXu2DDcQuk56BAgTEAE\"><img decoding=\"async\" class=\"aligncenter size-large wp-image-3185\" src=\"https:\/\/justlaser.com.br\/alugueldelasers\/wp-content\/uploads\/2022\/06\/aluguel-scizer-1024x421.png\" alt=\"aluguel scizer\" width=\"1024\" height=\"421\" title=\"\" srcset=\"https:\/\/justlaser.com.br\/alugueldelasers\/wp-content\/uploads\/2022\/06\/aluguel-scizer-200x82.png 200w, https:\/\/justlaser.com.br\/alugueldelasers\/wp-content\/uploads\/2022\/06\/aluguel-scizer-300x123.png 300w, https:\/\/justlaser.com.br\/alugueldelasers\/wp-content\/uploads\/2022\/06\/aluguel-scizer-400x164.png 400w, https:\/\/justlaser.com.br\/alugueldelasers\/wp-content\/uploads\/2022\/06\/aluguel-scizer-500x206.png 500w, https:\/\/justlaser.com.br\/alugueldelasers\/wp-content\/uploads\/2022\/06\/aluguel-scizer-600x247.png 600w, https:\/\/justlaser.com.br\/alugueldelasers\/wp-content\/uploads\/2022\/06\/aluguel-scizer-700x288.png 700w, https:\/\/justlaser.com.br\/alugueldelasers\/wp-content\/uploads\/2022\/06\/aluguel-scizer-768x316.png 768w, https:\/\/justlaser.com.br\/alugueldelasers\/wp-content\/uploads\/2022\/06\/aluguel-scizer-800x329.png 800w, https:\/\/justlaser.com.br\/alugueldelasers\/wp-content\/uploads\/2022\/06\/aluguel-scizer-1024x421.png 1024w, https:\/\/justlaser.com.br\/alugueldelasers\/wp-content\/uploads\/2022\/06\/aluguel-scizer.png 1097w\" sizes=\"(max-width: 1024px) 100vw, 1024px\" \/><\/div>\n<div data-hveid=\"CBMQAQ\" data-ved=\"2ahUKEwiv-sGp3IT1AhXwrpUCHXu2DDcQuk56BAgTEAE\">\n<div id=\"rd-row-jsc68n46\" class=\"bricks--row rd-row\">\n<div id=\"rd-column-jsc68n47\" class=\"bricks--column rd-column\">\n<div>\n<div id=\"rd-text-jsc6ek2d\" class=\"bricks--component bricks--component-text rd-text\">\n<h2><span style=\"font-size: 24px;\">EFEITO DE LIPO\u00a0<strong>SEM CIRURGIA, com o aluguel\u00a0 Scizer em 2 ou 3 sess\u00f5es<\/strong><\/span><\/h2>\n<\/div>\n<\/div>\n<\/div>\n<\/div>\n<div id=\"rd-row-jsc6l23d\" class=\"bricks--row rd-row\">\n<div id=\"rd-column-jsc91but\" class=\"bricks--column rd-column\">\n<div>\n<div id=\"rd-text-jsc8zcef\" class=\"bricks--component bricks--component-text rd-text\">\n<p><span style=\"font-size: 20px;\">Tecnologia N\u00e3o-invasiva:\u00a0Efeitos de cirurgia, sem dor, sem downtime<\/span><\/p>\n<\/div>\n<\/div>\n<\/div>\n<div id=\"rd-column-jsc6l23e\" class=\"bricks--column rd-column\">\n<div>\n<div id=\"rd-text-jsc91zee\" class=\"bricks--component bricks--component-text rd-text\">\n<h5><span style=\"font-size: 20px;\">Transdutores Complementares<\/span><br \/>\n<span style=\"font-size: 20px;\">Uso simult\u00e2neo para aplica\u00e7\u00f5es r\u00e1pidas<\/span><\/h5>\n<\/div>\n<\/div>\n<\/div>\n<\/div>\n<div id=\"rd-row-jsc935qk\" class=\"bricks--row rd-row\">\n<div id=\"rd-column-jsc935qn\" class=\"bricks--column rd-column\">\n<div>\n<div id=\"rd-text-jsc935qo\" class=\"bricks--component bricks--component-text rd-text\">\n<h5><span style=\"font-size: 20px;\">Controle de Resfriamento Integrado<\/span><br \/>\n<span style=\"font-size: 20px;\">Efeito anest\u00e9sico para m\u00e1ximo conforto do paciente<\/span><\/h5>\n<\/div>\n<\/div>\n<\/div>\n<div id=\"rd-column-jsc935qs\" class=\"bricks--column rd-column\">\n<div>\n<div id=\"rd-text-jsc935qu\" class=\"bricks--component bricks--component-text rd-text\">\n<h5><span style=\"font-size: 20px;\">Distribui\u00e7\u00e3o de energia uniforme<\/span><br \/>\n<span style=\"font-size: 20px;\">Pattern digital de disparos macrofocados<\/span><\/h5>\n<p><iframe src=\"\/\/www.youtube.com\/embed\/ElpvD0OkWBw?list=PLljlFr2ZTrbdLkviaARpEBZtxrMnnf1rd\" width=\"560\" height=\"314\" allowfullscreen=\"allowfullscreen\"><\/iframe><\/p>\n<\/div>\n<\/div>\n<\/div>\n<\/div>\n<\/div>\n<h3><span style=\"font-size: 24px;\">Precau\u00e7\u00f5es Gerais durante aluguel do Scizer na sua cl\u00ednica<\/span><\/h3>\n<p><span style=\"font-size: 20px;\">-N\u00e3o realize o tratamento\u00a0 do <a href=\"https:\/\/classys.com\/product-line\/scizer\/\" target=\"_blank\" rel=\"noopener\">Scizer <\/a>sobre proemin\u00eancias \u00f3sseas e em regi\u00f5es em que os nervos s\u00e3o mais superficiais.<\/span><br \/>\n<span style=\"font-size: 20px;\">&#8211; N\u00e3o aplique o tratamento durante o aluguel do Scizer, diretamente no umbigo, crista il\u00edaca, nervos p\u00e9lvicos ou ci\u00e1ticos.<\/span><br \/>\n<span style=\"font-size: 20px;\">-Com base no n\u00edvel de toler\u00e2ncia do paciente, os m\u00e9dicos podem aplicar passes em diferentes n\u00edveis de energia por \u00e1rea.<\/span><br \/>\n<span style=\"font-size: 20px;\">&#8211; Monitorar as rea\u00e7\u00f5es do paciente ap\u00f3s a entrega de energia de ultrassom no corpo. Ajustar n\u00edveis de energia se 0 paciente sentir desconforto.<\/span><\/p>\n<p><span style=\"font-size: 20px;\">&#8211; Os pacientes devem cumprir as normas de cada transdutor Corporal com base na prega da \u00e1rea alvo que ser\u00e1 tratada:<\/span><br \/>\n<span style=\"font-size: 20px;\">* 13.0mm &#8211; profundidade acima de 2.5cm<\/span><br \/>\n<span style=\"font-size: 20px;\">* 9,0 mm &#8211; profundidade a partir de 1,5 cm<\/span><\/p>\n<p><span style=\"font-size: 20px;\">Observe que o s\u00edmbolo &#8216;\/ nos par\u00e2metros indica n\u00edveis opcionais de energia de disparo com base no n\u00famero de passadas para cada \u00e1rea de tratamento.<\/span><\/p>\n<p><span style=\"font-size: 20px;\">Antes de realizar disparos, verifique se o transdutor conectado ao handpiece est\u00e1 acoplado a pele corretamente.<\/span><\/p>\n<p><span style=\"font-size: 20px;\"><strong>Entre em contato se voc\u00ea procura aluguel de aparelhos de Ultrassom Macro Focados !<\/strong><\/span><\/p>\n<h2><span style=\"font-size: 20px;\">Just Laser ? Temos as 3 m\u00e1quinas no mercado Brasileiro que s\u00e3o refer\u00eancia de ultrassom macro focado.<\/span><\/h2>\n<p><span style=\"font-size: 20px;\"><strong>Uma <em>exclusiva <a href=\"https:\/\/classys.com\/product-line\/scizer\/\" target=\"_blank\" rel=\"noopener\">MACRO FOCADA<\/a><\/em>: APARELHO SCIZER, DA CLASSYS, COREANA.<\/strong><\/span><\/p>\n<p><span style=\"font-size: 20px;\"><strong>E <em>duas m\u00e1quinas mistas<\/em>, com ponteiras micro e macrofocadas:<\/strong><\/span><\/p>\n<ul>\n<li><span style=\"font-size: 20px;\"><strong>UltraFormer III , tamb\u00e9m da Classys<\/strong><\/span><\/li>\n<li><span style=\"font-size: 20px;\"><a href=\"https:\/\/justlaser.com.br\/alugueldelasers\/aluguel-ultraformer-mpt-4\/\">Ultraformer MPT , da Medsystems e Classys, 2023<\/a><\/span><\/li>\n<li><strong>Accutyte Ultra, Vydence<\/strong><\/li>\n<\/ul>\n<p><span style=\"font-size: 14pt;\"><strong>Abaixo links de p\u00e1ginas para mais informa\u00e7\u00f5es:<\/strong><\/span><\/p>\n<p><span style=\"font-size: 20px;\"><a href=\"https:\/\/justlaser.com.br\/alugueldelasers\/aluguel-de-aparelho-de-campo-eletromagnetico\/aluguel-supra-maximus-locacaosupramaximus\">Aluguel SupraM\u00e1ximus<\/a><\/span><\/p>\n<p><span style=\"font-size: 20px;\"><a href=\"https:\/\/justlaser.com.br\/alugueldelasers\/aluguel-de-aparelho-de-campo-eletromagnetico\/aluguel-locacao-cm-slim-cmslim\/\">Aluguel loca\u00e7\u00e3o CMSLIM\u00a0<\/a><\/span><\/p>\n<p><span style=\"font-size: 20px;\"><a href=\"https:\/\/justlaser.com.br\/alugueldelasers\/aluguel-de-aparelho-de-campo-eletromagnetico\/\">Aluguel de aparelhos de campo onda eletro magn\u00e9tica\u00a0<\/a><\/span><\/p>\n<p><span style=\"font-size: 20px;\"><a href=\"https:\/\/justlaser.com.br\/alugueldelasers\/aluguel-ultrassom-macro-focado-scizer\/aluguel-do-scizer\/\">Aluguel do Scizer\u00a0<\/a><\/span><\/p>\n<p><span style=\"font-size: 20px;\"><a href=\"https:\/\/justlaser.com.br\/alugueldelasers\/aluguel-ultrassom-macro-focado-scizer\/locacao-scizer\">Loca\u00e7\u00e3o do Scizer pelo Brasil\u00a0<\/a><\/span><\/p>\n<p><span style=\"font-size: 20px;\"><a href=\"http:\/\/Aluguel laser plataforma Harmony\">Locacao laser Harmony\u00a0<\/a><\/span><\/p>\n<p>&nbsp;<\/p>\n<p><em><strong><span style=\"font-size: 14pt;\">Se voc\u00ea procura aluguel loca\u00e7\u00e3o de aparelhos de ULTRASSOM MACRO FOCADO, COMO SCIZER,\u00a0<\/span><\/strong><\/em><br \/>\n<em><strong><span style=\"font-size: 14pt;\"> ou treinamento de SCIZER : entre em contato !<\/span><\/strong><\/em><\/p>\n<p>&nbsp;<\/p>\n<p><span style=\"font-size: 28px;\"><strong>Veja links de outros aparelhos para loca\u00e7\u00e3o:<\/strong><\/span><\/p>\n<p><span style=\"font-size: 20px;\"><a href=\"https:\/\/justlaser.com.br\/alugueldelasers\/aluguel-locacao-de-lasers\/locacao-aluguel-do-laser-plataforma-ethereamx-sao-paulo\/\">Aluguel Etherea MX<\/a><\/span><\/p>\n<p><span style=\"font-size: 20px;\"><a href=\"https:\/\/justlaser.com.br\/alugueldelasers\/aluguel-e-locacao-de-laser-para-depilacao-a-laser\/aluguel-soprano-platinum\">Aluguel\u00a0 Soprano Platinum<\/a><\/span><\/p>\n<p><span style=\"font-size: 20px;\"><a href=\"https:\/\/justlaser.com.br\/alugueldelasers\/aluguel-e-locacao-de-laser-para-depilacao-a-laser\/locacao-de-soprano-platinum\/\"><strong>Loca\u00e7\u00e3o de Soprano Platinum<\/strong><\/a><\/span><\/p>\n<p><span style=\"font-size: 20px;\"><a href=\"https:\/\/endoliftacademy.com.br\/\" target=\"_blank\" rel=\"noopener\">Curso de Endolaser<\/a><\/span><\/p>\n<p><span style=\"font-size: 20px;\"><strong><a href=\"https:\/\/www.instagram.com\/endoliftacademybrasil\/\" target=\"_blank\" rel=\"noopener\">Tudo sobre Endolaser &#8211; dicas e cursos no Instagram\u00a0<\/a><\/strong><\/span><\/p>\n<p><span style=\"font-size: 20px;\"><a href=\"https:\/\/justlaser.com.br\/alugueldelasers\/aluguel-de-endolift\/\"><strong>J\u00e1 pensou em aluguel do ENDOLASER\u00a0\u00a0<\/strong><\/a><\/span><\/p>\n<p>&nbsp;<\/p>\n<p><span style=\"font-size: 20px;\"><strong>N\u00e3o perca tempo!<\/strong> <\/span><\/p>\n<p><span style=\"font-size: 20px;\">Traga a tecnologia de depila\u00e7\u00e3o a laser mais avan\u00e7ada do mundo para o seu espa\u00e7o e ofere\u00e7a aos seus clientes <strong>seguran\u00e7a, efic\u00e1cia e conforto<\/strong> com o Soprano Platinum da Just Laser.<\/span><\/p>\n<blockquote><p><span style=\"font-size: 28px;\"><strong>Chame a gente agora, pelo Whatsapp.<br \/>\nO link est\u00e1 logo aqui: abaixo \u00e0 direita!<\/strong><\/span><\/p><\/blockquote>\n","protected":false},"excerpt":{"rendered":"<p>Aluguel do Scizer Que tal pensar no Aluguel do Scizer para alavancar os tratamentos [&hellip;]<\/p>\n","protected":false},"author":2,"featured_media":0,"parent":2859,"menu_order":0,"comment_status":"closed","ping_status":"closed","template":"","meta":{"footnotes":""},"_links":{"self":[{"href":"https:\/\/justlaser.com.br\/alugueldelasers\/wp-json\/wp\/v2\/pages\/2866"}],"collection":[{"href":"https:\/\/justlaser.com.br\/alugueldelasers\/wp-json\/wp\/v2\/pages"}],"about":[{"href":"https:\/\/justlaser.com.br\/alugueldelasers\/wp-json\/wp\/v2\/types\/page"}],"author":[{"embeddable":true,"href":"https:\/\/justlaser.com.br\/alugueldelasers\/wp-json\/wp\/v2\/users\/2"}],"replies":[{"embeddable":true,"href":"https:\/\/justlaser.com.br\/alugueldelasers\/wp-json\/wp\/v2\/comments?post=2866"}],"version-history":[{"count":0,"href":"https:\/\/justlaser.com.br\/alugueldelasers\/wp-json\/wp\/v2\/pages\/2866\/revisions"}],"up":[{"embeddable":true,"href":"https:\/\/justlaser.com.br\/alugueldelasers\/wp-json\/wp\/v2\/pages\/2859"}],"wp:attachment":[{"href":"https:\/\/justlaser.com.br\/alugueldelasers\/wp-json\/wp\/v2\/media?parent=2866"}],"curies":[{"name":"wp","href":"https:\/\/api.w.org\/{rel}","templated":true}]}}