{"id":2894,"date":"2021-12-28T16:18:17","date_gmt":"2021-12-28T19:18:17","guid":{"rendered":"https:\/\/justlaser.com.br\/alugueldelasers\/?page_id=2894"},"modified":"2022-06-01T17:47:51","modified_gmt":"2022-06-01T20:47:51","slug":"aluguel-etherea","status":"publish","type":"page","link":"https:\/\/justlaser.com.br\/alugueldelasers\/aluguel-locacao-de-lasers\/locacao-aluguel-do-laser-plataforma-etherea-mx-sao-paulo\/aluguel-etherea\/","title":{"rendered":"Aluguel Etherea"},"content":{"rendered":"<h1>Aluguel Etherea<\/h1>\n<p><img decoding=\"async\" class=\"aligncenter size-full wp-image-2706\" src=\"https:\/\/justlaser.com.br\/alugueldelasers\/wp-content\/uploads\/2021\/07\/ETEHREA-LOCACAO-1.png\" alt=\"aluguel ETHEREA LOCACAO\" width=\"2766\" height=\"1080\" title=\"\" srcset=\"https:\/\/justlaser.com.br\/alugueldelasers\/wp-content\/uploads\/2021\/07\/ETEHREA-LOCACAO-1-50x20.png 50w, https:\/\/justlaser.com.br\/alugueldelasers\/wp-content\/uploads\/2021\/07\/ETEHREA-LOCACAO-1-150x59.png 150w, https:\/\/justlaser.com.br\/alugueldelasers\/wp-content\/uploads\/2021\/07\/ETEHREA-LOCACAO-1-260x102.png 260w, https:\/\/justlaser.com.br\/alugueldelasers\/wp-content\/uploads\/2021\/07\/ETEHREA-LOCACAO-1-300x117.png 300w, https:\/\/justlaser.com.br\/alugueldelasers\/wp-content\/uploads\/2021\/07\/ETEHREA-LOCACAO-1-500x195.png 500w, https:\/\/justlaser.com.br\/alugueldelasers\/wp-content\/uploads\/2021\/07\/ETEHREA-LOCACAO-1-700x273.png 700w, https:\/\/justlaser.com.br\/alugueldelasers\/wp-content\/uploads\/2021\/07\/ETEHREA-LOCACAO-1-768x300.png 768w, https:\/\/justlaser.com.br\/alugueldelasers\/wp-content\/uploads\/2021\/07\/ETEHREA-LOCACAO-1-1024x400.png 1024w, https:\/\/justlaser.com.br\/alugueldelasers\/wp-content\/uploads\/2021\/07\/ETEHREA-LOCACAO-1-1280x500.png 1280w, https:\/\/justlaser.com.br\/alugueldelasers\/wp-content\/uploads\/2021\/07\/ETEHREA-LOCACAO-1-1920x750.png 1920w, https:\/\/justlaser.com.br\/alugueldelasers\/wp-content\/uploads\/2021\/07\/ETEHREA-LOCACAO-1.png 2766w\" sizes=\"(max-width: 2766px) 100vw, 2766px\" \/><\/p>\n<div class=\"post-content\">\n<h2>Etherea MX e ponteiras- Aluguel com a Just Laser<\/h2>\n<p>Aluguel do laser Etherea e ponteiras \u00e9 aqui mesmo.<\/p>\n<p>O <strong>ETHEREA<\/strong>\u00ae foi desenvolvido para trazer ao mercado o que h\u00e1 de melhor, mais moderno e eficaz em aplica\u00e7\u00f5es \u00e0 base de LASER e luz. Contando com 6 handpieces diferentes, ETHEREA\u00ae busca atender \u00e0s necessidades espec\u00edficas de m\u00e9dicos e pacientes, oferecendo ampla variedade em indica\u00e7\u00f5es de tratamento.<\/p>\n<h2>Se voc\u00ea procura <a href=\"https:\/\/www.vydence.com\/pt\/etherea-mx\/\" target=\"_blank\" rel=\"noopener\">aluguel do Etherea MX<\/a>, entre em contato agora !<\/h2>\n<p>O Etherea MX \u00e9 uma plataforma desenvolvida no Brasil e presente no mundo inteiro, que associa lasers de intensidade regul\u00e1vel com ponteiras especificas para diferentes tratamentos. No total, mais de 70 procedimentos podem ser realizados com o Etherea MX, desde lifting facial at\u00e9 a remo\u00e7\u00e3o de tatuagens coloridas. Quer saber mais? Confira o artigo.<\/p>\n<h2><strong>Por que alugar o\u00a0 Etherea MX?<\/strong><\/h2>\n<p>O\u00a0Etherea MX\u00a0\u00e9 um aparelho de tratamentos a laser totalmente desenvolvido no Brasil. Ele conta com diversas\u00a0<em>handpieces<\/em> (em portugu\u00eas, s\u00e3o chamadas de ponteiras) que trabalham os feixes de luz de maneiras diferentes. Extatamento\u00a0 esta variedade que permite ao Etherea ser capaz de tratar mais de 70 patologias e quest\u00f5es est\u00e9ticas com laser.<\/p>\n<p><a href=\"https:\/\/www.vydence.com\/pt\/etherea-mx\/\" target=\"_blank\" rel=\"noopener\">O aluguel do Etherea MX<\/a> com suas\u00a0 m\u00faltiplas possibilidades de intensidade e varia\u00e7\u00f5es no espectro de luz, geram uma f\u00e1cil adapta\u00e7\u00e3o aos procedimentos desejados, promovendo tamb\u00e9m uma maior seguran\u00e7a e efici\u00eancia nos resultados.<\/p>\n<h2><strong>Como funciona o aluguel do<\/strong><strong>\u00a0Etherea MX?<\/strong><\/h2>\n<p>Devido \u00e0 sua versatilidade de\u00a0<em>handpieces<\/em>, o Etherea MX realiza tratamentos de diferentes formas dentro das fun\u00e7\u00f5es e modula\u00e7\u00e3o do espectro de luz e intensidade. Estes feixes s\u00e3o liberados de maneira uniforme, garantindo uma efic\u00e1cia superior aos procedimentos.<\/p>\n<p>A plataforma pode penetrar a energia em locais com maior densidade de gordura e profundidade, com a mesma efici\u00eancia que trabalha em locais superficiais e com menor concentra\u00e7\u00e3o de lip\u00eddios.<\/p>\n<p>Em uma an\u00e1lise geral, os procedimentos com o Etherea MX n\u00e3o geram um grande desconforto para o paciente. Contudo, cada pessoa tem uma sensibilidade diferente e, por isso, em alguns casos, o m\u00e9dico respons\u00e1vel poder\u00e1 optar pela administra\u00e7\u00e3o de anestesia.<\/p>\n<p>&nbsp;<\/p>\n<h2><strong>Indica\u00e7\u00f5es\u00a0 em loca\u00e7\u00e3o e aluguel em S\u00e3o Paulo e arredores <\/strong><strong>do Etherea<\/strong><\/h2>\n<p>O Etherea MX pode ter seus lasers utilizados para procedimentos como atenua\u00e7\u00e3o de rugas profundas, lifting facial, redu\u00e7\u00e3o de cicatrizes, acne ativa, estrias e melasma (manchas escuras na pele).<\/p>\n<p>Outro uso muito recorrente da plataforma \u00e9 para a\u00a0remo\u00e7\u00e3o de tatuagens.\u00a0O Etherea MX consegue remover praticamente todos os tipos de pigmenta\u00e7\u00f5es (exceto tatuagens com tons amarelos, que podem necessitar de avalia\u00e7\u00e3o para averiguar a viabilidade de remo\u00e7\u00e3o).<\/p>\n<p>Para este tratamento, o Etherea MX detecta a pigmenta\u00e7\u00e3o na derme e age somente sobre ela, preservando a pele ao redor da regi\u00e3o. O tom de pele tamb\u00e9m n\u00e3o \u00e9 um problema, pois o equipamento consegue realizar uma despigmenta\u00e7\u00e3o tanto em peles claras, quanto peles em negras.<\/p>\n<h2><strong>Quais as ponteiras dispon\u00edveis\u00a0 \u00a0para loca\u00e7\u00e3o ou aluguel ?<img decoding=\"async\" class=\"aligncenter size-full wp-image-2895\" src=\"https:\/\/justlaser.com.br\/alugueldelasers\/wp-content\/uploads\/2021\/12\/aluguel-etherea-.png\" alt=\"aluguel etherea\" width=\"1177\" height=\"500\" title=\"\" srcset=\"https:\/\/justlaser.com.br\/alugueldelasers\/wp-content\/uploads\/2021\/12\/aluguel-etherea--200x85.png 200w, https:\/\/justlaser.com.br\/alugueldelasers\/wp-content\/uploads\/2021\/12\/aluguel-etherea--300x127.png 300w, https:\/\/justlaser.com.br\/alugueldelasers\/wp-content\/uploads\/2021\/12\/aluguel-etherea--400x170.png 400w, https:\/\/justlaser.com.br\/alugueldelasers\/wp-content\/uploads\/2021\/12\/aluguel-etherea--500x212.png 500w, https:\/\/justlaser.com.br\/alugueldelasers\/wp-content\/uploads\/2021\/12\/aluguel-etherea--600x255.png 600w, https:\/\/justlaser.com.br\/alugueldelasers\/wp-content\/uploads\/2021\/12\/aluguel-etherea--700x297.png 700w, https:\/\/justlaser.com.br\/alugueldelasers\/wp-content\/uploads\/2021\/12\/aluguel-etherea--768x326.png 768w, https:\/\/justlaser.com.br\/alugueldelasers\/wp-content\/uploads\/2021\/12\/aluguel-etherea--800x340.png 800w, https:\/\/justlaser.com.br\/alugueldelasers\/wp-content\/uploads\/2021\/12\/aluguel-etherea--940x400.png 940w, https:\/\/justlaser.com.br\/alugueldelasers\/wp-content\/uploads\/2021\/12\/aluguel-etherea--1024x435.png 1024w, https:\/\/justlaser.com.br\/alugueldelasers\/wp-content\/uploads\/2021\/12\/aluguel-etherea-.png 1177w\" sizes=\"(max-width: 1177px) 100vw, 1177px\" \/><\/strong><\/h2>\n<p><strong>Temos todas as ponteiras, abaixo alguns exemplos de indica\u00e7\u00e3o.<\/strong><\/p>\n<p><strong>DualMode<\/strong>: combina indica\u00e7\u00f5es de tratamentos ablativos e coagulativos em um mesmo disparo. \u00c9 indicada para rugas finas, manchas de sol, melhora da textura da pele e tratamento intraoral com indica\u00e7\u00e3o para efeito lifting.<\/p>\n<p>Outra fun\u00e7\u00e3o desta ponteira \u00e9 para tratamentos em mulheres na fase p\u00f3s-menopausa, reduzindo a flacidez \u00edntima e a incontin\u00eancia urin\u00e1ria.<\/p>\n<p><strong>LUZ PULSADA OU IPL-SQ:<\/strong>\u00a0\u00e9 uma ponteira de luz intensa pulsada (Intense Pulsed Light, em ingl\u00eas) que alia efic\u00e1cia de resultados \u00e0 seguran\u00e7a, permitindo a realiza\u00e7\u00e3o de uma ampla variedade de tratamentos. \u00c9 ideal para peles do tipo mista, a mais comum no Brasil.<\/p>\n<p>A ponteira IPL-SQ \u00e9 indicada para depila\u00e7\u00e3o, rejuvenescimento, les\u00f5es pigmentares, les\u00f5es vasculares superficiais e tratamento de acne ativa.<\/p>\n<p><strong>ACROMA<\/strong>: essa ponteira trabalha com pulsos de baixa frequ\u00eancia para gerar rejuvenescimento n\u00e3o-ablativo (provedor de ilumina\u00e7\u00e3o da camada mais superficial da pele), clareamento de melasmas e a remo\u00e7\u00e3o de tatuagens e\u00a0micropigmenta\u00e7\u00e3o de sobrancelhas definitivas.<\/p>\n<p>Quando utilizada para remo\u00e7\u00e3o de tatuagens, a Acroma consegue focar na pigmenta\u00e7\u00e3o e poupar os tecidos sem colora\u00e7\u00e3o artificial, gerando maior seguran\u00e7a e efici\u00eancia para o tratamento.<\/p>\n<h2><strong>Quantas sess\u00f5es ser\u00e3o necess\u00e1rias?<\/strong><\/h2>\n<p>Como j\u00e1 citado, o Etherea MX pode atuar em diversos tratamentos, e estes possuem uma complexidade que ao ser avaliada junto ao caso de cada paciente, necessitar\u00e1 de um n\u00famero espec\u00edfico de sess\u00f5es, que apenas um m\u00e9dico especialista poder\u00e1 determinar.<\/p>\n<p>Para o processo de recupera\u00e7\u00e3o vale a mesma regra, como cada paciente tem um objetivo e um procedimento que melhor se encaixa para atingir suas demandas, logo, o tempo de recupera\u00e7\u00e3o tamb\u00e9m apenas poder\u00e1 ser definido ap\u00f3s uma avalia\u00e7\u00e3o m\u00e9dica.<\/p>\n<h3>\u00a0<strong>A PLATAFORMA LASER BRASILEIRA MAIS VENDIDA NO MUNDO<\/strong><\/h3>\n<h2><img decoding=\"async\" class=\"alignright size-full wp-image-3159\" src=\"https:\/\/justlaser.com.br\/alugueldelasers\/wp-content\/uploads\/2022\/06\/aluguel-etherea-mx.jpg\" alt=\"aluguel etherea mx\" width=\"807\" height=\"483\" title=\"\" srcset=\"https:\/\/justlaser.com.br\/alugueldelasers\/wp-content\/uploads\/2022\/06\/aluguel-etherea-mx-200x120.jpg 200w, https:\/\/justlaser.com.br\/alugueldelasers\/wp-content\/uploads\/2022\/06\/aluguel-etherea-mx-300x180.jpg 300w, https:\/\/justlaser.com.br\/alugueldelasers\/wp-content\/uploads\/2022\/06\/aluguel-etherea-mx-400x239.jpg 400w, https:\/\/justlaser.com.br\/alugueldelasers\/wp-content\/uploads\/2022\/06\/aluguel-etherea-mx-500x299.jpg 500w, https:\/\/justlaser.com.br\/alugueldelasers\/wp-content\/uploads\/2022\/06\/aluguel-etherea-mx-600x359.jpg 600w, https:\/\/justlaser.com.br\/alugueldelasers\/wp-content\/uploads\/2022\/06\/aluguel-etherea-mx-700x419.jpg 700w, https:\/\/justlaser.com.br\/alugueldelasers\/wp-content\/uploads\/2022\/06\/aluguel-etherea-mx-768x460.jpg 768w, https:\/\/justlaser.com.br\/alugueldelasers\/wp-content\/uploads\/2022\/06\/aluguel-etherea-mx-800x479.jpg 800w, https:\/\/justlaser.com.br\/alugueldelasers\/wp-content\/uploads\/2022\/06\/aluguel-etherea-mx.jpg 807w\" sizes=\"(max-width: 807px) 100vw, 807px\" \/><\/h2>\n<ul>\n<li><span style=\"font-size: 14pt;\">Vers\u00e1til: mais de 70 indica\u00e7\u00f5es de tratamentos cl\u00ednicos e est\u00e9ticos.<\/span><\/li>\n<\/ul>\n<h5>Utiliza\u00e7\u00e3o<\/h5>\n<ul>\n<li>Epila\u00e7\u00e3o;<\/li>\n<li>Fotorejuvenescimento;<\/li>\n<li><em>Resurfacing<\/em>\u00a0fracionado;<\/li>\n<li><em>Resurfacing<\/em>\u00a0fracionado n\u00e3o ablativo;<\/li>\n<li>Les\u00f5es pigmentares;<\/li>\n<li>Les\u00f5es vasculares profundas e superficiais;<\/li>\n<li>Acne;<\/li>\n<li>Flacidez;<\/li>\n<li>LASER toning;<\/li>\n<li>Melasma;<\/li>\n<li>Remo\u00e7\u00e3o de tatuagens.<\/li>\n<\/ul>\n<p><iframe id=\"player_1\" src=\"https:\/\/www.youtube.com\/embed\/JHCT89RbAS8?enablejsapi=1&amp;wmode=opaque\" width=\"560\" height=\"314\" allowfullscreen=\"allowfullscreen\" data-mce-fragment=\"1\"><\/iframe><\/p>\n<h3>Plataforma ETHEREA PARA LOCA\u00c7\u00c3O<\/h3>\n<h5>Preparado para adequa\u00e7\u00e3o e upgrade para novas fontes de luz, incluindo os lasers bombeados. ETHEREA\u00ae incorpora o conceito de plataforma expans\u00edvel e alia versatilidade e alta tecnologia em um \u00fanico equipamento.<\/h5>\n<h5>Display one-touch<\/h5>\n<p>Display em touch screen, de f\u00e1cil parametriza\u00e7\u00e3o.<\/p>\n<h5>Tecnologia de vanguarda<\/h5>\n<p>Primeiro equipamento nacional da categoria.<\/p>\n<h3>Rentabilidade assegurada com aluguel de Etherea MX<\/h3>\n<p>Al\u00e9m de cobrir uma vasta gama de indica\u00e7\u00f5es, novas fontes de luz podem ser facilmente agregadas de acordo com a demanda e necessidade em sua cl\u00ednica ou neg\u00f3cio, aumentando o repert\u00f3rio de indica\u00e7\u00f5es de tratamento.<\/p>\n<p><img decoding=\"async\" class=\"aligncenter size-full wp-image-2895\" src=\"https:\/\/justlaser.com.br\/alugueldelasers\/wp-content\/uploads\/2021\/12\/aluguel-etherea-.png\" alt=\"aluguel etherea\" width=\"1177\" height=\"500\" title=\"\" srcset=\"https:\/\/justlaser.com.br\/alugueldelasers\/wp-content\/uploads\/2021\/12\/aluguel-etherea--200x85.png 200w, https:\/\/justlaser.com.br\/alugueldelasers\/wp-content\/uploads\/2021\/12\/aluguel-etherea--300x127.png 300w, https:\/\/justlaser.com.br\/alugueldelasers\/wp-content\/uploads\/2021\/12\/aluguel-etherea--400x170.png 400w, https:\/\/justlaser.com.br\/alugueldelasers\/wp-content\/uploads\/2021\/12\/aluguel-etherea--500x212.png 500w, https:\/\/justlaser.com.br\/alugueldelasers\/wp-content\/uploads\/2021\/12\/aluguel-etherea--600x255.png 600w, https:\/\/justlaser.com.br\/alugueldelasers\/wp-content\/uploads\/2021\/12\/aluguel-etherea--700x297.png 700w, https:\/\/justlaser.com.br\/alugueldelasers\/wp-content\/uploads\/2021\/12\/aluguel-etherea--768x326.png 768w, https:\/\/justlaser.com.br\/alugueldelasers\/wp-content\/uploads\/2021\/12\/aluguel-etherea--800x340.png 800w, https:\/\/justlaser.com.br\/alugueldelasers\/wp-content\/uploads\/2021\/12\/aluguel-etherea--940x400.png 940w, https:\/\/justlaser.com.br\/alugueldelasers\/wp-content\/uploads\/2021\/12\/aluguel-etherea--1024x435.png 1024w, https:\/\/justlaser.com.br\/alugueldelasers\/wp-content\/uploads\/2021\/12\/aluguel-etherea-.png 1177w\" sizes=\"(max-width: 1177px) 100vw, 1177px\" \/><\/p>\n<div class=\"et_pb_module et_pb_text et_pb_text_0 et_pb_text_align_left et_pb_bg_layout_light et_had_animation\">\n<div class=\"et_pb_text_inner\">\n<h2 class=\"titulo_altura\">Aluguel da\u00a0 plataforma laser brasileira mais vendida <strong>do mundo<\/strong><\/h2>\n<p>REGISTRO ANVISA N\u00b0\u00a080058580021<\/p>\n<\/div>\n<\/div>\n<div class=\"et_pb_module et_pb_text et_pb_text_1 et_pb_text_align_left et_pb_bg_layout_light et_had_animation\">\n<div class=\"et_pb_text_inner\">\n<p>ETHEREA-MX\u00ae foi concebido para condensar, em um \u00fanico sistema de plataforma, todo o conhecimento e expertise adquiridos ao longo de uma trajet\u00f3ria crescente no mercado de LASERs para sa\u00fade e bem-estar, com pesquisa e desenvolvimento voltados exclusivamente para projetos de amplo espectro, levando a m\u00e9dicos e pacientes a m\u00e1xima confian\u00e7a e robustez.<\/p>\n<\/div>\n<h2 class=\"titulo_altura\"><strong>NOVOS HANDPIECES ETHEREA E TECNOLOGIAS INCOMPAR\u00c1VEIS<\/strong><\/h2>\n<p><strong>ETHEREA-MX\u00ae oferece um sistema integrado para acoplamento de resfriador epid\u00e9rmico ou aspirador de fuma\u00e7a para seus handpieces LASER, al\u00e9m de tecnologias inigual\u00e1veis como o novo handpiece ProDeep\u00ae para rejuvenescimento n\u00e3o ablativo no padr\u00e3o ouro mundial; a tecnologia ATHENA\u00ae para rejuvenescimento \u00edntimo; o modo Dynamics de pulso curto para peeling t\u00e9rmico com o LASER LongPulse; e a indica\u00e7\u00e3o de tratamento intraoral com o spot InLift.<\/strong><\/p>\n<\/div>\n<h2>Veja tamb\u00e9m outras op\u00e7\u00f5es de m\u00e1quinas para loca\u00e7\u00e3o<\/h2>\n<p><a href=\"http:\/\/www.alugueldelasers.com.br\/transporte-de-lasers-e-equipamentos-estetica\/\" target=\"_blank\" rel=\"noopener\">Transporte de aparelhos de laser e equipamentos de est\u00e9tica na grande S\u00e3o Paulo.<\/a><\/p>\n<p><a href=\"http:\/\/www.alugueldelasers.com.br\/aluguel-e-locacao-de-ponteiras-de-lasers-em-sao-paulo\/\" target=\"_blank\" rel=\"noopener\">Aluguel e loca\u00e7\u00e3o de ponteiras de lasers em S\u00e3o Paulo.<\/a><\/p>\n<p><a href=\"http:\/\/www.alugueldelasers.com.br\/aluguel-locacao-de-lasers\/locacao-aluguel-do-laser-plataforma-etherea-sao-paulo\/\" target=\"_blank\" rel=\"noopener\">Loca\u00e7\u00e3o e Aluguel do Laser Plataforma Etherea em S\u00e3o Paulo.<\/a><\/p>\n<p><a href=\"https:\/\/justlaser.com.br\/alugueldelasers\/aluguel-locacao-ultraformer-iii\/\">J\u00e1 pensou em aluguel de Ultraformer ?<\/a><\/p>\n<\/div>\n<div class=\"fusion-meta-info\">\n<p><strong><a href=\"https:\/\/justlaser.com.br\/alugueldelasers\/aluguel-locacao-ultraformer-iii\/\">J\u00e1 pensou em aluguel de Ultraformer ?<\/a><\/strong><\/p>\n<p><strong><a href=\"https:\/\/justlaser.com.br\/alugueldelasers\/aluguel-locacao-ultraformer-iii\/locacao-vzet\/\">Que tal loca\u00e7\u00e3o\u00a0 do VZET ?<\/a><\/strong><\/p>\n<p><a href=\"https:\/\/justlaser.com.br\/alugueldelasers\/aluguel-locacao-ultraformer-iii\/aluguel-do-vzet\"><strong>E alugar ou aluguel do VZET<\/strong><\/a><\/p>\n<h3><strong>Entre em contato pelo WhatsApp para or\u00e7amento de aluguel de Ultraformer para S\u00e3o Paulo e Brasil\u00a0<\/strong><\/h3>\n<p>&nbsp;<\/p>\n<\/div>\n<section class=\"about-author\">\n<div class=\"fusion-title fusion-title-size-three sep-double sep-solid\"><\/div>\n<\/section>\n","protected":false},"excerpt":{"rendered":"<p>Aluguel Etherea Etherea MX e ponteiras- Aluguel com a Just Laser Aluguel do laser [&hellip;]<\/p>\n","protected":false},"author":2,"featured_media":0,"parent":2406,"menu_order":0,"comment_status":"closed","ping_status":"closed","template":"","meta":{"footnotes":""},"_links":{"self":[{"href":"https:\/\/justlaser.com.br\/alugueldelasers\/wp-json\/wp\/v2\/pages\/2894"}],"collection":[{"href":"https:\/\/justlaser.com.br\/alugueldelasers\/wp-json\/wp\/v2\/pages"}],"about":[{"href":"https:\/\/justlaser.com.br\/alugueldelasers\/wp-json\/wp\/v2\/types\/page"}],"author":[{"embeddable":true,"href":"https:\/\/justlaser.com.br\/alugueldelasers\/wp-json\/wp\/v2\/users\/2"}],"replies":[{"embeddable":true,"href":"https:\/\/justlaser.com.br\/alugueldelasers\/wp-json\/wp\/v2\/comments?post=2894"}],"version-history":[{"count":0,"href":"https:\/\/justlaser.com.br\/alugueldelasers\/wp-json\/wp\/v2\/pages\/2894\/revisions"}],"up":[{"embeddable":true,"href":"https:\/\/justlaser.com.br\/alugueldelasers\/wp-json\/wp\/v2\/pages\/2406"}],"wp:attachment":[{"href":"https:\/\/justlaser.com.br\/alugueldelasers\/wp-json\/wp\/v2\/media?parent=2894"}],"curies":[{"name":"wp","href":"https:\/\/api.w.org\/{rel}","templated":true}]}}