{"id":2897,"date":"2021-12-29T12:29:19","date_gmt":"2021-12-29T15:29:19","guid":{"rendered":"https:\/\/justlaser.com.br\/alugueldelasers\/?page_id=2897"},"modified":"2021-12-29T17:01:52","modified_gmt":"2021-12-29T20:01:52","slug":"curso-de-ultraformer","status":"publish","type":"page","link":"https:\/\/justlaser.com.br\/alugueldelasers\/curso-treinamento-aparelhos-de-laser-depilacao-ultrassom\/curso-de-ultraformer\/","title":{"rendered":"Curso de Ultraformer"},"content":{"rendered":"<h1>Curso de Ultraformer<\/h1>\n<p><img decoding=\"async\" class=\"aligncenter size-full wp-image-2903\" src=\"https:\/\/justlaser.com.br\/alugueldelasers\/wp-content\/uploads\/2021\/12\/curso-ultrassom-microfocado.jpg\" alt=\"curso ultrassom microfocado\" width=\"1140\" height=\"350\" title=\"\" srcset=\"https:\/\/justlaser.com.br\/alugueldelasers\/wp-content\/uploads\/2021\/12\/curso-ultrassom-microfocado-200x61.jpg 200w, https:\/\/justlaser.com.br\/alugueldelasers\/wp-content\/uploads\/2021\/12\/curso-ultrassom-microfocado-300x92.jpg 300w, https:\/\/justlaser.com.br\/alugueldelasers\/wp-content\/uploads\/2021\/12\/curso-ultrassom-microfocado-400x123.jpg 400w, https:\/\/justlaser.com.br\/alugueldelasers\/wp-content\/uploads\/2021\/12\/curso-ultrassom-microfocado-500x154.jpg 500w, https:\/\/justlaser.com.br\/alugueldelasers\/wp-content\/uploads\/2021\/12\/curso-ultrassom-microfocado-600x184.jpg 600w, https:\/\/justlaser.com.br\/alugueldelasers\/wp-content\/uploads\/2021\/12\/curso-ultrassom-microfocado-700x215.jpg 700w, https:\/\/justlaser.com.br\/alugueldelasers\/wp-content\/uploads\/2021\/12\/curso-ultrassom-microfocado-768x236.jpg 768w, https:\/\/justlaser.com.br\/alugueldelasers\/wp-content\/uploads\/2021\/12\/curso-ultrassom-microfocado-800x246.jpg 800w, https:\/\/justlaser.com.br\/alugueldelasers\/wp-content\/uploads\/2021\/12\/curso-ultrassom-microfocado-1024x314.jpg 1024w, https:\/\/justlaser.com.br\/alugueldelasers\/wp-content\/uploads\/2021\/12\/curso-ultrassom-microfocado.jpg 1140w\" sizes=\"(max-width: 1140px) 100vw, 1140px\" \/><\/p>\n<p>A tecnologia que apaixonou os brasileiros, e que a cada ano cresce mais.<\/p>\n<p>Ultraformer oferece um lifting n\u00e3o cir\u00fargico,\u00a0 melhora flacidez, rugas finas, textura da pele e at\u00e9 melasma!<\/p>\n<p>&nbsp;<\/p>\n<h2>OBJETIVOS DO CURSO DE ULTRAFORMER<\/h2>\n<p>Obter conhecimento te\u00f3rico e pr\u00e1tico na mais avan\u00e7ada tecnologia existente hoje para Lifting Sem Cortes, Est\u00edmulo de Neocolag\u00eanese e Lip\u00f3lise de Papada N\u00e3o Invasiva:\u00a0 o Ultraformer III \u2013 um aparelhos de Ultrassom Micro e Macrofocado.<\/p>\n<p>&nbsp;<\/p>\n<h3>O Curso Ultraformer III \u00e9 te\u00f3rico e pr\u00e1tico<\/h3>\n<p><img decoding=\"async\" class=\"aligncenter wp-image-2898\" src=\"https:\/\/justlaser.com.br\/alugueldelasers\/wp-content\/uploads\/2021\/12\/curso-ultraformer-III.jpg\" alt=\"curso ultraformer III\" width=\"976\" height=\"507\" title=\"\" srcset=\"https:\/\/justlaser.com.br\/alugueldelasers\/wp-content\/uploads\/2021\/12\/curso-ultraformer-III-200x104.jpg 200w, https:\/\/justlaser.com.br\/alugueldelasers\/wp-content\/uploads\/2021\/12\/curso-ultraformer-III-300x156.jpg 300w, https:\/\/justlaser.com.br\/alugueldelasers\/wp-content\/uploads\/2021\/12\/curso-ultraformer-III-400x208.jpg 400w, https:\/\/justlaser.com.br\/alugueldelasers\/wp-content\/uploads\/2021\/12\/curso-ultraformer-III-500x260.jpg 500w, https:\/\/justlaser.com.br\/alugueldelasers\/wp-content\/uploads\/2021\/12\/curso-ultraformer-III-600x311.jpg 600w, https:\/\/justlaser.com.br\/alugueldelasers\/wp-content\/uploads\/2021\/12\/curso-ultraformer-III-700x363.jpg 700w, https:\/\/justlaser.com.br\/alugueldelasers\/wp-content\/uploads\/2021\/12\/curso-ultraformer-III-768x399.jpg 768w, https:\/\/justlaser.com.br\/alugueldelasers\/wp-content\/uploads\/2021\/12\/curso-ultraformer-III-800x415.jpg 800w, https:\/\/justlaser.com.br\/alugueldelasers\/wp-content\/uploads\/2021\/12\/curso-ultraformer-III-1024x531.jpg 1024w, https:\/\/justlaser.com.br\/alugueldelasers\/wp-content\/uploads\/2021\/12\/curso-ultraformer-III-1200x623.jpg 1200w, https:\/\/justlaser.com.br\/alugueldelasers\/wp-content\/uploads\/2021\/12\/curso-ultraformer-III.jpg 1497w\" sizes=\"(max-width: 976px) 100vw, 976px\" \/><\/p>\n<div class=\"elementor-element elementor-element-78fdfe78 elementor-widget elementor-widget-heading\" data-id=\"78fdfe78\" data-element_type=\"widget\" data-widget_type=\"heading.default\">\n<div class=\"elementor-widget-container\">\n<h3 class=\"elementor-heading-title elementor-size-default\">CONTE\u00daDO\u00a0 SUGERIDO DO CURSO<\/h3>\n<\/div>\n<\/div>\n<section class=\"elementor-section elementor-inner-section elementor-element elementor-element-20f83ad6 elementor-section-boxed elementor-section-height-default elementor-section-height-default\" data-id=\"20f83ad6\" data-element_type=\"section\">\n<div class=\"elementor-container elementor-column-gap-default\">\n<div class=\"elementor-column elementor-col-100 elementor-inner-column elementor-element elementor-element-1e558261\" data-id=\"1e558261\" data-element_type=\"column\">\n<div class=\"elementor-widget-wrap elementor-element-populated\">\n<div class=\"elementor-element elementor-element-ddce5d3 elementor-widget elementor-widget-text-editor\" data-id=\"ddce5d3\" data-element_type=\"widget\" data-widget_type=\"text-editor.default\">\n<div class=\"elementor-widget-container\">\n<div class=\"col-md-6 col-sm-12\">\n<p>&nbsp;<\/p>\n<ol>\n<li>ANATOMIA FACIAL<\/li>\n<li>ULTRASSOM MICROFOCADO: HIST\u00d3RICO<\/li>\n<li>ULTRASSOM MICROFOCADO: CI\u00caNCIA E FUNDAMENTOS B\u00c1SICOS<\/li>\n<li>MECANISMO DE A\u00c7\u00c3O DO ULTRASSOM MICROFOCADO<\/li>\n<li>COMPARA\u00c7\u00c3O COM OUTRAS TECNOLOGIAS<\/li>\n<li>DIFERENCIAIS DO ULTRAFORMER III FRENTE AO ACCUTYTE, ULTHERA E OUTROS<\/li>\n<li>PROCESSOS DE NEOCOLAG\u00caNESE E LIP\u00d3LISE<\/li>\n<li>INDICA\u00c7\u00d5ES E CONTRAINDICA\u00c7\u00d5ES<\/li>\n<li>SELE\u00c7\u00c3O DOS PACIENTES<\/li>\n<li>CUIDADOS PR\u00c9 E P\u00d3S-OPERAT\u00d3RIOS<\/li>\n<li>PROTOCOLO FOTOGR\u00c1FICO<\/li>\n<li>PROTOCOLOS DE APLICA\u00c7\u00c3O NA FACE E PESCO\u00c7O<\/li>\n<li>COMO RECONEHCER E MAPEAR \u00c1REAS DE RISCO<\/li>\n<li>COMPLICA\u00c7\u00d5ES E MANEJO DO PACIENTE<\/li>\n<li>ASSOCIA\u00c7\u00c3O DE T\u00c9CNICAS<\/li>\n<li>AJUDA\u00a0 PARA\u00a0 TABELA DE PRE\u00c7OS, PRECIFICA\u00c7\u00c3O E VALORES.<\/li>\n<li><\/li>\n<\/ol>\n<\/div>\n<\/div>\n<\/div>\n<\/div>\n<\/div>\n<\/div>\n<\/section>\n<p><iframe src=\"\/\/www.youtube.com\/embed\/0HW85A7oJgE\" width=\"560\" height=\"314\" allowfullscreen=\"allowfullscreen\"><\/iframe><\/p>\n<section class=\"elementor-section elementor-inner-section elementor-element elementor-element-20f83ad6 elementor-section-boxed elementor-section-height-default elementor-section-height-default\" data-id=\"20f83ad6\" data-element_type=\"section\">\n<div class=\"elementor-container elementor-column-gap-default\">\n<div class=\"elementor-column elementor-col-100 elementor-inner-column elementor-element elementor-element-1e558261\" data-id=\"1e558261\" data-element_type=\"column\">\n<div class=\"elementor-widget-wrap elementor-element-populated\">\n<div class=\"elementor-element elementor-element-ddce5d3 elementor-widget elementor-widget-text-editor\" data-id=\"ddce5d3\" data-element_type=\"widget\" data-widget_type=\"text-editor.default\">\n<div class=\"elementor-widget-container\">\n<p>&nbsp;<\/p>\n<\/div>\n<\/div>\n<\/div>\n<\/div>\n<\/div>\n<\/section>\n<h2>Temos 3 m\u00e1quinas no mercado Brasileiro que s\u00e3o refer\u00eancia de ultrassom\u00a0 micro e macro focado.<\/h2>\n<p><strong>Uma <em>exclusiva <a href=\"https:\/\/classys.com\/product-line\/scizer\/\" target=\"_blank\" rel=\"noopener\">MACROFOCADA<\/a><\/em>: APARELHO SCIZER, DA CLASSYS, COREANA.<\/strong><\/p>\n<p><strong>E <em>duas m\u00e1quinas mistas<\/em>, com ponteiras micro e macrofocadas:<\/strong><\/p>\n<ul>\n<li><strong>UltraFormer III , tamb\u00e9m da Classys<\/strong><\/li>\n<li><a href=\"https:\/\/www.vydence.com\/pt\/accutyte-ultra\/\" target=\"_blank\" rel=\"noopener\"><strong>Accutyte Ultra, Vydence<\/strong><\/a><\/li>\n<\/ul>\n<p>&nbsp;<\/p>\n<div id=\"attachment_2899\" style=\"width: 1060px\" class=\"wp-caption aligncenter\"><img decoding=\"async\" aria-describedby=\"caption-attachment-2899\" class=\" wp-image-2899\" src=\"https:\/\/justlaser.com.br\/alugueldelasers\/wp-content\/uploads\/2021\/12\/curso-ultraformer-corporal-macrofocado.jpg\" alt=\"curso ultraformer corporal macrofocado\" width=\"1050\" height=\"513\" title=\"\" srcset=\"https:\/\/justlaser.com.br\/alugueldelasers\/wp-content\/uploads\/2021\/12\/curso-ultraformer-corporal-macrofocado-200x98.jpg 200w, https:\/\/justlaser.com.br\/alugueldelasers\/wp-content\/uploads\/2021\/12\/curso-ultraformer-corporal-macrofocado-300x147.jpg 300w, https:\/\/justlaser.com.br\/alugueldelasers\/wp-content\/uploads\/2021\/12\/curso-ultraformer-corporal-macrofocado-400x196.jpg 400w, https:\/\/justlaser.com.br\/alugueldelasers\/wp-content\/uploads\/2021\/12\/curso-ultraformer-corporal-macrofocado-500x244.jpg 500w, https:\/\/justlaser.com.br\/alugueldelasers\/wp-content\/uploads\/2021\/12\/curso-ultraformer-corporal-macrofocado-600x293.jpg 600w, https:\/\/justlaser.com.br\/alugueldelasers\/wp-content\/uploads\/2021\/12\/curso-ultraformer-corporal-macrofocado-700x342.jpg 700w, https:\/\/justlaser.com.br\/alugueldelasers\/wp-content\/uploads\/2021\/12\/curso-ultraformer-corporal-macrofocado-768x375.jpg 768w, https:\/\/justlaser.com.br\/alugueldelasers\/wp-content\/uploads\/2021\/12\/curso-ultraformer-corporal-macrofocado-800x391.jpg 800w, https:\/\/justlaser.com.br\/alugueldelasers\/wp-content\/uploads\/2021\/12\/curso-ultraformer-corporal-macrofocado-1024x501.jpg 1024w, https:\/\/justlaser.com.br\/alugueldelasers\/wp-content\/uploads\/2021\/12\/curso-ultraformer-corporal-macrofocado-1200x587.jpg 1200w, https:\/\/justlaser.com.br\/alugueldelasers\/wp-content\/uploads\/2021\/12\/curso-ultraformer-corporal-macrofocado.jpg 1575w\" sizes=\"(max-width: 1050px) 100vw, 1050px\" \/><p id=\"caption-attachment-2899\" class=\"wp-caption-text\">PONTEIRAS MACROFOCADAS ULTRAFORMER<\/p><\/div>\n<h3><strong>O QUE O ALUNO APRENDER\u00c1 NO CURSO DE ULTRAFORMER ?<\/strong><\/h3>\n<ul>\n<li>O curso ajudar\u00e1 o aluno, de maneira global, a incorpora\u00e7\u00e3o de duas das tecnologias mais faladas no momento: ultrassom micro e macrofocado na sua clinica di\u00e1ria<\/li>\n<li>Vamos abordar (de maneira BEM pr\u00e1tica) t\u00e9cnicas, protocolos de tratamento de Ultraformer , manejo de complica\u00e7\u00f5es, erros e acertos sobre a implementa\u00e7\u00e3o das t\u00e9cnicas.<\/li>\n<\/ul>\n<h4>Curso B\u00f4nus de Ultrafomer para Hiperidrose\u00a0 Axilar<\/h4>\n<ul>\n<li>Aula e treinamento b\u00f4nus de como tratar HIPERIDROSE axilar, sudorese axilar excessiva,\u00a0 COM ULTRAFORMER, baseado na nova t\u00e9cnica PORTUGUESA\u00a0 apresentada no \u00faltimo encontro de usu\u00e1rios m\u00e9dicos do aparelho Ultraformer III, novembro 2021<\/li>\n<\/ul>\n<p>&nbsp;<\/p>\n<p>&nbsp;<\/p>\n<div id=\"attachment_2900\" style=\"width: 754px\" class=\"wp-caption aligncenter\"><img decoding=\"async\" aria-describedby=\"caption-attachment-2900\" class=\"size-full wp-image-2900\" src=\"https:\/\/justlaser.com.br\/alugueldelasers\/wp-content\/uploads\/2021\/12\/curso-ultraformer.png\" alt=\"curso ultraformer\" width=\"744\" height=\"397\" title=\"\" srcset=\"https:\/\/justlaser.com.br\/alugueldelasers\/wp-content\/uploads\/2021\/12\/curso-ultraformer-200x107.png 200w, https:\/\/justlaser.com.br\/alugueldelasers\/wp-content\/uploads\/2021\/12\/curso-ultraformer-300x160.png 300w, https:\/\/justlaser.com.br\/alugueldelasers\/wp-content\/uploads\/2021\/12\/curso-ultraformer-400x213.png 400w, https:\/\/justlaser.com.br\/alugueldelasers\/wp-content\/uploads\/2021\/12\/curso-ultraformer-500x267.png 500w, https:\/\/justlaser.com.br\/alugueldelasers\/wp-content\/uploads\/2021\/12\/curso-ultraformer-600x320.png 600w, https:\/\/justlaser.com.br\/alugueldelasers\/wp-content\/uploads\/2021\/12\/curso-ultraformer-700x374.png 700w, https:\/\/justlaser.com.br\/alugueldelasers\/wp-content\/uploads\/2021\/12\/curso-ultraformer.png 744w\" sizes=\"(max-width: 744px) 100vw, 744px\" \/><p id=\"caption-attachment-2900\" class=\"wp-caption-text\">USOS DA PONTEIRA 2MM ULTRAFORMER<\/p><\/div>\n<p>&nbsp;<\/p>\n<p><strong>Abaixo links de p\u00e1ginas para mais informa\u00e7\u00f5es:<\/strong><\/p>\n<p><a href=\"https:\/\/justlaser.com.br\/alugueldelasers\/aluguel-ultrassom-macro-focado-scizer\/aluguel-do-scizer\/\">Aluguel do Scizer\u00a0<\/a><\/p>\n<p><a href=\"https:\/\/justlaser.com.br\/alugueldelasers\/aluguel-ultrassom-macro-focado-scizer\/locacao-scizer\">Loca\u00e7\u00e3o do Scizer pelo Brasil\u00a0<\/a><\/p>\n<p><a href=\"https:\/\/justlaser.com.br\/alugueldelasers\/aluguel-locacao-harmony-xl\/\">Aluguel laser plataforma Harmony\u00a0<\/a><\/p>\n<p>&nbsp;<\/p>\n<p><em><strong><span style=\"font-size: 14pt;\">Se voc\u00ea procura aluguel loca\u00e7\u00e3o de aparelhos de ULTRASSOM MICROFOCADO, COMO ULTRAFORMER,\u00a0<\/span><\/strong><\/em><br \/>\n<em><strong><span style=\"font-size: 14pt;\"> ou treinamento de ULTRAFORMER\u00a0 OU Ultrassom MicroFocado: entre em contato !<\/span><\/strong><\/em><\/p>\n<h2>Entre em contato para ver datas e disponibilidade do Curso do UltraFormer pelo nosso WhatsApp<\/h2>\n","protected":false},"excerpt":{"rendered":"<p>Curso de Ultraformer A tecnologia que apaixonou os brasileiros, e que a cada ano [&hellip;]<\/p>\n","protected":false},"author":2,"featured_media":0,"parent":2597,"menu_order":0,"comment_status":"closed","ping_status":"closed","template":"","meta":{"footnotes":""},"_links":{"self":[{"href":"https:\/\/justlaser.com.br\/alugueldelasers\/wp-json\/wp\/v2\/pages\/2897"}],"collection":[{"href":"https:\/\/justlaser.com.br\/alugueldelasers\/wp-json\/wp\/v2\/pages"}],"about":[{"href":"https:\/\/justlaser.com.br\/alugueldelasers\/wp-json\/wp\/v2\/types\/page"}],"author":[{"embeddable":true,"href":"https:\/\/justlaser.com.br\/alugueldelasers\/wp-json\/wp\/v2\/users\/2"}],"replies":[{"embeddable":true,"href":"https:\/\/justlaser.com.br\/alugueldelasers\/wp-json\/wp\/v2\/comments?post=2897"}],"version-history":[{"count":0,"href":"https:\/\/justlaser.com.br\/alugueldelasers\/wp-json\/wp\/v2\/pages\/2897\/revisions"}],"up":[{"embeddable":true,"href":"https:\/\/justlaser.com.br\/alugueldelasers\/wp-json\/wp\/v2\/pages\/2597"}],"wp:attachment":[{"href":"https:\/\/justlaser.com.br\/alugueldelasers\/wp-json\/wp\/v2\/media?parent=2897"}],"curies":[{"name":"wp","href":"https:\/\/api.w.org\/{rel}","templated":true}]}}