{"id":2904,"date":"2021-12-29T12:42:49","date_gmt":"2021-12-29T15:42:49","guid":{"rendered":"https:\/\/justlaser.com.br\/alugueldelasers\/?page_id=2904"},"modified":"2021-12-29T17:00:39","modified_gmt":"2021-12-29T20:00:39","slug":"curso-ultrassom-microfocado","status":"publish","type":"page","link":"https:\/\/justlaser.com.br\/alugueldelasers\/curso-treinamento-aparelhos-de-laser-depilacao-ultrassom\/curso-ultrassom-microfocado\/","title":{"rendered":"Curso Ultrassom MicroFocado"},"content":{"rendered":"<h1>Curso Ultrassom MicroFocado<\/h1>\n<p><img decoding=\"async\" class=\"aligncenter size-full wp-image-2903\" src=\"https:\/\/justlaser.com.br\/alugueldelasers\/wp-content\/uploads\/2021\/12\/curso-ultrassom-microfocado.jpg\" alt=\"curso ultrassom microfocado\" width=\"1140\" height=\"350\" title=\"\" srcset=\"https:\/\/justlaser.com.br\/alugueldelasers\/wp-content\/uploads\/2021\/12\/curso-ultrassom-microfocado-200x61.jpg 200w, https:\/\/justlaser.com.br\/alugueldelasers\/wp-content\/uploads\/2021\/12\/curso-ultrassom-microfocado-300x92.jpg 300w, https:\/\/justlaser.com.br\/alugueldelasers\/wp-content\/uploads\/2021\/12\/curso-ultrassom-microfocado-400x123.jpg 400w, https:\/\/justlaser.com.br\/alugueldelasers\/wp-content\/uploads\/2021\/12\/curso-ultrassom-microfocado-500x154.jpg 500w, https:\/\/justlaser.com.br\/alugueldelasers\/wp-content\/uploads\/2021\/12\/curso-ultrassom-microfocado-600x184.jpg 600w, https:\/\/justlaser.com.br\/alugueldelasers\/wp-content\/uploads\/2021\/12\/curso-ultrassom-microfocado-700x215.jpg 700w, https:\/\/justlaser.com.br\/alugueldelasers\/wp-content\/uploads\/2021\/12\/curso-ultrassom-microfocado-768x236.jpg 768w, https:\/\/justlaser.com.br\/alugueldelasers\/wp-content\/uploads\/2021\/12\/curso-ultrassom-microfocado-800x246.jpg 800w, https:\/\/justlaser.com.br\/alugueldelasers\/wp-content\/uploads\/2021\/12\/curso-ultrassom-microfocado-1024x314.jpg 1024w, https:\/\/justlaser.com.br\/alugueldelasers\/wp-content\/uploads\/2021\/12\/curso-ultrassom-microfocado.jpg 1140w\" sizes=\"(max-width: 1140px) 100vw, 1140px\" \/><\/p>\n<h1>Curso de Ultrassom MicroFocado<\/h1>\n<p>A tecnologia que apaixonou os brasileiros, e que a cada ano cresce mais.<\/p>\n<p>Ultrassom microfocado oferece um lifting n\u00e3o cir\u00fargico,\u00a0 melhora flacidez, rugas finas, textura da pele e at\u00e9 melasma!<\/p>\n<p>O Ultrassom microfocado \u00e9 um equipamento de \u00faltima gera\u00e7\u00e3o de ultrassom microfocado\/macrofocado. Muito procurado pelos clientes, famosos, especialistas e cl\u00ednicas de est\u00e9tica, para tratamento facial e corporal.<br \/>\n<strong>Benef\u00edcios para seus clientes:<\/strong>\u00a0auxilia na flacidez, contorno corporal e ancoragem muscular, promovendo um efeito lifting, melhorando a apar\u00eancia de linhas e rugas, atuando na gordura localizada.<br \/>\nN\u00e3o invasivo, sem cortes, sem pontos e sem downtime.<\/p>\n<h2>\u00a0Objetivos do Curso de Ultrassom MicroFocado<\/h2>\n<p>Obter conhecimento te\u00f3rico e pr\u00e1tico na mais avan\u00e7ada tecnologia existente hoje para Lifting Sem Cortes, Est\u00edmulo de Neocolag\u00eanese e Lip\u00f3lise de Papada N\u00e3o Invasiva:<\/p>\n<ul>\n<li>o Ultraformer III,<\/li>\n<li>Accutyte<\/li>\n<li>Ulthera<\/li>\n<li>Herus HIFU<\/li>\n<li>Doblo<\/li>\n<li>e outros aparelhos de Ultrassom Micro e Macrofocado.<\/li>\n<\/ul>\n<p>&nbsp;<\/p>\n<h3>O Curso Ultrassom MicroFocado \u00e9 te\u00f3rico e pr\u00e1tico<\/h3>\n<p><iframe src=\"\/\/www.youtube.com\/embed\/22vruO-Ar08\" width=\"560\" height=\"314\" allowfullscreen=\"allowfullscreen\"><\/iframe><\/p>\n<p>&nbsp;<\/p>\n<div class=\"elementor-element elementor-element-78fdfe78 elementor-widget elementor-widget-heading\" data-id=\"78fdfe78\" data-element_type=\"widget\" data-widget_type=\"heading.default\">\n<div class=\"elementor-widget-container\">\n<h3 class=\"elementor-heading-title elementor-size-default\">CONTE\u00daDO\u00a0 SUGERIDO DO CURSO de HIFU<\/h3>\n<\/div>\n<\/div>\n<section class=\"elementor-section elementor-inner-section elementor-element elementor-element-20f83ad6 elementor-section-boxed elementor-section-height-default elementor-section-height-default\" data-id=\"20f83ad6\" data-element_type=\"section\">\n<div class=\"elementor-container elementor-column-gap-default\">\n<div class=\"elementor-column elementor-col-100 elementor-inner-column elementor-element elementor-element-1e558261\" data-id=\"1e558261\" data-element_type=\"column\">\n<div class=\"elementor-widget-wrap elementor-element-populated\">\n<div class=\"elementor-element elementor-element-ddce5d3 elementor-widget elementor-widget-text-editor\" data-id=\"ddce5d3\" data-element_type=\"widget\" data-widget_type=\"text-editor.default\">\n<div class=\"elementor-widget-container\">\n<div class=\"col-md-6 col-sm-12\">\n<p>&nbsp;<\/p>\n<ol>\n<li>ANATOMIA FACIAL<\/li>\n<li>ULTRASSOM MICROFOCADO: HIST\u00d3RICO<\/li>\n<li>ULTRASSOM MICROFOCADO: CI\u00caNCIA E FUNDAMENTOS B\u00c1SICOS<\/li>\n<li>MECANISMO DE A\u00c7\u00c3O DO ULTRASSOM MICROFOCADO<\/li>\n<li>COMPARA\u00c7\u00c3O COM OUTRAS TECNOLOGIAS<\/li>\n<li>DIFERENCIAIS DO ULTRAFORMER III FRENTE AO ACCUTYTE, ULTHERA E OUTROS<\/li>\n<li>PROCESSOS DE NEOCOLAG\u00caNESE E LIP\u00d3LISE<\/li>\n<li>INDICA\u00c7\u00d5ES E CONTRAINDICA\u00c7\u00d5ES<\/li>\n<li>SELE\u00c7\u00c3O DOS PACIENTES<\/li>\n<li>CUIDADOS PR\u00c9 E P\u00d3S-OPERAT\u00d3RIOS<\/li>\n<li>PROTOCOLO FOTOGR\u00c1FICO<\/li>\n<li>PROTOCOLOS DE APLICA\u00c7\u00c3O NA FACE E PESCO\u00c7O<\/li>\n<li>COMO RECONEHCER E MAPEAR \u00c1REAS DE RISCO<\/li>\n<li>COMPLICA\u00c7\u00d5ES E MANEJO DO PACIENTE<\/li>\n<li>ASSOCIA\u00c7\u00c3O DE T\u00c9CNICAS<\/li>\n<li>AJUDA\u00a0 PARA\u00a0 TABELA DE PRE\u00c7OS, PRECIFICA\u00c7\u00c3O E VALORES.<\/li>\n<\/ol>\n<\/div>\n<p><iframe src=\"\/\/www.youtube.com\/embed\/dPBA-_UxZXQ\" width=\"560\" height=\"314\" allowfullscreen=\"allowfullscreen\"><\/iframe><\/p>\n<h5><\/h5>\n<h5><\/h5>\n<h5><\/h5>\n<h5 class=\"item-title mbr-fonts-style display-5\">Um pouco mais do que pode ser abordado no Curso<\/h5>\n<h5 class=\"item-title mbr-fonts-style display-5\"><span style=\"font-size: 16px;\">* Entenda a tecnologia: saiba individualizar seus protocolos;<\/span><\/h5>\n<p class=\"mbr-text mbr-fonts-style mt-3 display-7\">* Condutas pr\u00e9 e p\u00f3s tratamento;<br \/>\n* Pele fina x Pele grossa;<br \/>\n* \u00c1reas faciais de risco;<br \/>\n* Qual transdutor n\u00e3o pode ser utilizado;<br \/>\n* Protocolo Full Face para rosto magro e rosto gordo;<br \/>\n* Protocolo Bichetomia Like;<br \/>\n* Marca\u00e7\u00e3o e parte pr\u00e1tica em paciente incluindo: Ultra Lips e\u00a0<strong>Ultra Eyes<\/strong><br \/>\n* Protocolos para festoon e flacidez moderada a severa de p\u00e1lpebras;<br \/>\n* Tratamento de assimetria de superc\u00edlios e de abertura ocular;<br \/>\n* Banco de Col\u00e1geno: Protocolo para eventos;<br \/>\n* Periodicidade de tratamentos;<br \/>\n* Ultraformer como convers\u00e3o em outros tratamentos e fideliza\u00e7\u00e3o de pacientes;<br \/>\n*\u00a0<strong>UltraFormer\u00a0 Nefertiti<\/strong>\u00a0 para defini\u00e7\u00e3o de contorno facial;<br \/>\n* Tratamento de pes\u00e7oco e papada;<br \/>\n* Quantidade de disparos usados em tratamentos faciais; * Custos;<br \/>\n* Complica\u00e7\u00f5es faciais.<\/p>\n<p>&nbsp;<\/p>\n<\/div>\n<\/div>\n<\/div>\n<\/div>\n<\/div>\n<\/section>\n<h2>Temos 3 m\u00e1quinas no mercado Brasileiro que s\u00e3o refer\u00eancia de ultrassom\u00a0 micro e macro focado.<\/h2>\n<p><strong>Uma <em>exclusiva <a href=\"https:\/\/classys.com\/product-line\/scizer\/\" target=\"_blank\" rel=\"noopener\">MACRO FOCADA<\/a><\/em>: APARELHO SCIZER, DA CLASSYS, COREANA.<\/strong><\/p>\n<p><strong>E <em>duas m\u00e1quinas mistas<\/em>, com ponteiras micro e macrofocadas:<\/strong><\/p>\n<ul>\n<li><strong>UltraFormer III , tamb\u00e9m da Classys<\/strong><\/li>\n<li><a href=\"https:\/\/www.vydence.com\/pt\/accutyte-ultra\/\" target=\"_blank\" rel=\"noopener\"><strong>Accutyte Ultra, Vydence<\/strong><\/a><\/li>\n<\/ul>\n<p>&nbsp;<\/p>\n<div id=\"attachment_2899\" class=\"wp-caption aligncenter\">\n<p>&nbsp;<\/p>\n<p class=\"wp-caption-text\">PONTEIRAS MACROFOCADAS ULTRAFORMER<\/p>\n<\/div>\n<h3><strong>O QUE O ALUNO APRENDER\u00c1 NO CURSO DE ULTRASSOM MICROFOCADO ?<\/strong><\/h3>\n<ul>\n<li>O curso ajudar\u00e1 o aluno, de maneira global, a incorpora\u00e7\u00e3o de duas das tecnologias mais faladas no momento: ultrassom micro e macrofocado na sua clinica di\u00e1ria<\/li>\n<li>Vamos abordar (de maneira BEM pr\u00e1tica) t\u00e9cnicas, protocolos de tratamento de Ultraformer , manejo de complica\u00e7\u00f5es, erros e acertos sobre a implementa\u00e7\u00e3o das t\u00e9cnicas.<\/li>\n<\/ul>\n<h4>Curso B\u00f4nus de ultrassom microfocado para Hiperidrose\u00a0 Axilar<\/h4>\n<ul>\n<li>Aula e treinamento b\u00f4nus de como tratar HIPERIDROSE axilar, sudorese axilar excessiva,\u00a0 COM ultrassom microfocado, baseado na nova t\u00e9cnica PORTUGUESA\u00a0 apresentada no \u00faltimo encontro de usu\u00e1rios m\u00e9dicos do aparelho Ultraformer III, novembro 2021<\/li>\n<\/ul>\n<p><img decoding=\"async\" class=\"aligncenter size-full wp-image-2906\" src=\"https:\/\/justlaser.com.br\/alugueldelasers\/wp-content\/uploads\/2021\/12\/curso-ultrassom-microfocado.png\" alt=\"curso ultrassom microfocado\" width=\"1024\" height=\"233\" title=\"\" srcset=\"https:\/\/justlaser.com.br\/alugueldelasers\/wp-content\/uploads\/2021\/12\/curso-ultrassom-microfocado-200x46.png 200w, https:\/\/justlaser.com.br\/alugueldelasers\/wp-content\/uploads\/2021\/12\/curso-ultrassom-microfocado-300x68.png 300w, https:\/\/justlaser.com.br\/alugueldelasers\/wp-content\/uploads\/2021\/12\/curso-ultrassom-microfocado-400x91.png 400w, https:\/\/justlaser.com.br\/alugueldelasers\/wp-content\/uploads\/2021\/12\/curso-ultrassom-microfocado-500x114.png 500w, https:\/\/justlaser.com.br\/alugueldelasers\/wp-content\/uploads\/2021\/12\/curso-ultrassom-microfocado-600x137.png 600w, https:\/\/justlaser.com.br\/alugueldelasers\/wp-content\/uploads\/2021\/12\/curso-ultrassom-microfocado-700x159.png 700w, https:\/\/justlaser.com.br\/alugueldelasers\/wp-content\/uploads\/2021\/12\/curso-ultrassom-microfocado-768x175.png 768w, https:\/\/justlaser.com.br\/alugueldelasers\/wp-content\/uploads\/2021\/12\/curso-ultrassom-microfocado-800x182.png 800w, https:\/\/justlaser.com.br\/alugueldelasers\/wp-content\/uploads\/2021\/12\/curso-ultrassom-microfocado.png 1024w\" sizes=\"(max-width: 1024px) 100vw, 1024px\" \/><\/p>\n<p>&nbsp;<\/p>\n<p>&nbsp;<\/p>\n<p><strong>Abaixo links de p\u00e1ginas para mais informa\u00e7\u00f5es:<\/strong><\/p>\n<p><a href=\"https:\/\/justlaser.com.br\/alugueldelasers\/aluguel-de-aparelho-de-campo-eletromagnetico\/aluguel-supra-maximus-locacaosupramaximus\">Aluguel SupraM\u00e1ximus<\/a><\/p>\n<p><a href=\"https:\/\/justlaser.com.br\/alugueldelasers\/aluguel-de-aparelho-de-campo-eletromagnetico\/aluguel-locacao-cm-slim-cmslim\/\">Aluguel loca\u00e7\u00e3o CMSLIM\u00a0<\/a><\/p>\n<p><a href=\"https:\/\/justlaser.com.br\/alugueldelasers\/aluguel-de-aparelho-de-campo-eletromagnetico\/\">Aluguel de aparelhos de campo onda eletro magn\u00e9tica\u00a0<\/a><\/p>\n<p><a href=\"https:\/\/justlaser.com.br\/alugueldelasers\/aluguel-ultrassom-macro-focado-scizer\/aluguel-do-scizer\/\">Aluguel do Scizer\u00a0<\/a><\/p>\n<p><a href=\"https:\/\/justlaser.com.br\/alugueldelasers\/aluguel-ultrassom-macro-focado-scizer\/locacao-scizer\">Loca\u00e7\u00e3o do Scizer pelo Brasil\u00a0<\/a><\/p>\n<p><a href=\"https:\/\/justlaser.com.br\/alugueldelasers\/aluguel-locacao-harmony-xl\/\">Aluguel laser plataforma Harmony\u00a0<\/a><\/p>\n<p>&nbsp;<\/p>\n<p><em><strong><span style=\"font-size: 14pt;\">Se voc\u00ea procura aluguel loca\u00e7\u00e3o de aparelhos de ULTRASSOM MICROFOCADO, COMO ULTRAFORMER,\u00a0<\/span><\/strong><\/em><br \/>\n<em><strong><span style=\"font-size: 14pt;\"> ou treinamento de ULTRAFORMER\u00a0 OU Ultrassom MicroFocado: entre em contato !<\/span><\/strong><\/em><\/p>\n","protected":false},"excerpt":{"rendered":"<p>Curso Ultrassom MicroFocado Curso de Ultrassom MicroFocado A tecnologia que apaixonou os brasileiros, e [&hellip;]<\/p>\n","protected":false},"author":2,"featured_media":0,"parent":2597,"menu_order":0,"comment_status":"closed","ping_status":"closed","template":"","meta":{"footnotes":""},"_links":{"self":[{"href":"https:\/\/justlaser.com.br\/alugueldelasers\/wp-json\/wp\/v2\/pages\/2904"}],"collection":[{"href":"https:\/\/justlaser.com.br\/alugueldelasers\/wp-json\/wp\/v2\/pages"}],"about":[{"href":"https:\/\/justlaser.com.br\/alugueldelasers\/wp-json\/wp\/v2\/types\/page"}],"author":[{"embeddable":true,"href":"https:\/\/justlaser.com.br\/alugueldelasers\/wp-json\/wp\/v2\/users\/2"}],"replies":[{"embeddable":true,"href":"https:\/\/justlaser.com.br\/alugueldelasers\/wp-json\/wp\/v2\/comments?post=2904"}],"version-history":[{"count":0,"href":"https:\/\/justlaser.com.br\/alugueldelasers\/wp-json\/wp\/v2\/pages\/2904\/revisions"}],"up":[{"embeddable":true,"href":"https:\/\/justlaser.com.br\/alugueldelasers\/wp-json\/wp\/v2\/pages\/2597"}],"wp:attachment":[{"href":"https:\/\/justlaser.com.br\/alugueldelasers\/wp-json\/wp\/v2\/media?parent=2904"}],"curies":[{"name":"wp","href":"https:\/\/api.w.org\/{rel}","templated":true}]}}