{"id":2908,"date":"2021-12-29T13:14:49","date_gmt":"2021-12-29T16:14:49","guid":{"rendered":"https:\/\/justlaser.com.br\/alugueldelasers\/?page_id=2908"},"modified":"2021-12-29T16:57:31","modified_gmt":"2021-12-29T19:57:31","slug":"curso-ultrassom-macro-focado","status":"publish","type":"page","link":"https:\/\/justlaser.com.br\/alugueldelasers\/curso-treinamento-aparelhos-de-laser-depilacao-ultrassom\/curso-ultrassom-macro-focado\/","title":{"rendered":"Curso ultrassom Macro Focado"},"content":{"rendered":"<h1><img decoding=\"async\" class=\"aligncenter size-full wp-image-2936\" src=\"https:\/\/justlaser.com.br\/alugueldelasers\/wp-content\/uploads\/2021\/12\/curso-ultrassom-macrofocado.png\" alt=\"curso ultrassom macrofocado\" width=\"1473\" height=\"513\" title=\"\" srcset=\"https:\/\/justlaser.com.br\/alugueldelasers\/wp-content\/uploads\/2021\/12\/curso-ultrassom-macrofocado-200x70.png 200w, https:\/\/justlaser.com.br\/alugueldelasers\/wp-content\/uploads\/2021\/12\/curso-ultrassom-macrofocado-300x104.png 300w, https:\/\/justlaser.com.br\/alugueldelasers\/wp-content\/uploads\/2021\/12\/curso-ultrassom-macrofocado-400x139.png 400w, https:\/\/justlaser.com.br\/alugueldelasers\/wp-content\/uploads\/2021\/12\/curso-ultrassom-macrofocado-500x174.png 500w, https:\/\/justlaser.com.br\/alugueldelasers\/wp-content\/uploads\/2021\/12\/curso-ultrassom-macrofocado-600x209.png 600w, https:\/\/justlaser.com.br\/alugueldelasers\/wp-content\/uploads\/2021\/12\/curso-ultrassom-macrofocado-700x244.png 700w, https:\/\/justlaser.com.br\/alugueldelasers\/wp-content\/uploads\/2021\/12\/curso-ultrassom-macrofocado-768x267.png 768w, https:\/\/justlaser.com.br\/alugueldelasers\/wp-content\/uploads\/2021\/12\/curso-ultrassom-macrofocado-800x279.png 800w, https:\/\/justlaser.com.br\/alugueldelasers\/wp-content\/uploads\/2021\/12\/curso-ultrassom-macrofocado-1024x357.png 1024w, https:\/\/justlaser.com.br\/alugueldelasers\/wp-content\/uploads\/2021\/12\/curso-ultrassom-macrofocado-1200x418.png 1200w, https:\/\/justlaser.com.br\/alugueldelasers\/wp-content\/uploads\/2021\/12\/curso-ultrassom-macrofocado.png 1473w\" sizes=\"(max-width: 1473px) 100vw, 1473px\" \/><\/h1>\n<h1><strong>Curso de Ultrassom MacroFocado<\/strong><\/h1>\n<p><strong>\u00a0Como funciona e por que caiu no gosto do Brasileiro ?<br \/>\nQue tal perder gordura localizada sem cirurgia ?\u00a0<\/strong><\/p>\n<h2><strong>Curso ultrassom Macro Focado<\/strong><\/h2>\n<h3><strong>Para que serve Curso do Ultrassom MacroFocado?<\/strong><\/h3>\n<p>Para ensinar a usar o aparelho de Ultrassom MacroFocado, da Medsystems.<br \/>\nO\u00a0<strong> Ultrassom MacroFocado<\/strong>\u00a0\u00e9 um aparelho de \u00faltima gera\u00e7\u00e3o de ultrassom MacroFocado.\u00a0 Tem o objetivo de acabar com as gordurinhas localizadas e melhorar a defini\u00e7\u00e3o do contorno corporal.<\/p>\n<p>O Ultrassom MacroFocado atua atrav\u00e9s da tecnologia Macro Focused Scanning Ultrasound (MFSU), que destr\u00f3i os adip\u00f3citos de forma n\u00e3o invasiva.<\/p>\n<h3><strong>ALUGUEL DO\u00a0ULTRASSOM MACROFOCADO &#8211; MACRO FOCUSED SCANNING ULTRASOUND<\/strong><\/h3>\n<p>O ULTRASSOM MACROFOCADO \u00e9 um sistema de contorno corporal n\u00e3o cir\u00fargico que utiliza a tecnologia MFSU (Macro Focused Scanning Ultrasound).<\/p>\n<p>Uma tecnologia projetada para manipular os adip\u00f3citos na camada de gordura subcut\u00e2nea, atrav\u00e9s de ultrasom terap\u00eautico focalizado e n\u00e3o invasivo.<br \/>\nO processo \u00e9 baseado no desenvolvimento de necroses coagulativas, que reduzem os dep\u00f3sitos de gordura localizada e melhoram o contorno do corpo.<\/p>\n<p>A \u00faltima solu\u00e7\u00e3o para eliminar gordura localizada onde nem dietas, nem exerc\u00edcios f\u00edsicos alcan\u00e7am.<\/p>\n<p><iframe src=\"\/\/www.youtube.com\/embed\/5j2jpkn-ohU\" width=\"560\" height=\"314\" allowfullscreen=\"allowfullscreen\"><\/iframe><\/p>\n<h3><strong>COMO FUNCIONA\u00a0 O ULTRASSOM MACROFOCADO?<\/strong><\/h3>\n<p>O Ultrassom MacroFocado possui duas ponteiras:\u00a0 de\u00a0 9mm e\u00a0 13 mm de profundidades.<\/p>\n<p>Ele\u00a0 \u00e9 equipado com um exclusivo ultrassom de varredura macrofocado que permite um tratamento mais r\u00e1pido no mesmo curso de tratamento, sendo poss\u00edvel atuar em mais de uma \u00e1rea do corpo.<\/p>\n<p>Devido \u00e0 sua energia t\u00e9rmica concentrada, estimula a morte das c\u00e9lulas de gordura, o que significa que n\u00e3o prejudica as \u00e1reas que n\u00e3o precisam de tratamento. Com essa tecnologia, podemos atuar na camada de gordura sob a pele.<\/p>\n<h2>Temos 3 m\u00e1quinas no mercado Brasileiro que s\u00e3o refer\u00eancia de ultrassom macro focado.<\/h2>\n<p><strong>Uma <em>exclusiva <a href=\"https:\/\/classys.com\/product-line\/scizer\/\" target=\"_blank\" rel=\"noopener\">MACRO FOCADA<\/a><\/em>: APARELHO SCIZER, DA CLASSYS, COREANA.<\/strong><\/p>\n<p><strong>E <em>duas m\u00e1quinas mistas<\/em>, com ponteiras micro e macrofocadas:<\/strong><\/p>\n<ul>\n<li><strong>UltraFormer III , tamb\u00e9m da Classys<\/strong><\/li>\n<li><a href=\"https:\/\/www.vydence.com\/pt\/accutyte-ultra\/\" target=\"_blank\" rel=\"noopener\"><strong>Accutyte Ultra, Vydence<\/strong><\/a><\/li>\n<\/ul>\n<p>&nbsp;<\/p>\n<p>&nbsp;<\/p>\n<h3><strong>PARA QUEM \u00c9 INDICADO O TRATAMENTO COM O ULTRASSOM MACROFOCADO ?<\/strong><\/h3>\n<p>Ideal para pessoas que possuem dificuldades para combater a gordura localizada em regi\u00f5es como: flancos, abd\u00f4men, interno de coxas e culotes. Al\u00e9m disso, por ser um tratamento r\u00e1pido, \u00e9 ideal para quem n\u00e3o tem uma rotina que permite tratamentos de longa dura\u00e7\u00e3o.<\/p>\n<p><em>Essa tecnologia n\u00e3o \u00e9 indicada para mulheres gr\u00e1vidas, pessoas com doen\u00e7as autoimunes e com marca-passos.\u00a0<\/em><\/p>\n<p>&nbsp;<\/p>\n<p>&nbsp;<\/p>\n<p><strong>Abaixo links de p\u00e1ginas para mais informa\u00e7\u00f5es:<\/strong><\/p>\n<p><a href=\"https:\/\/justlaser.com.br\/alugueldelasers\/aluguel-de-aparelho-de-campo-eletromagnetico\/aluguel-supra-maximus-locacaosupramaximus\">Aluguel SupraM\u00e1ximus<\/a><\/p>\n<p><a href=\"https:\/\/justlaser.com.br\/alugueldelasers\/aluguel-de-aparelho-de-campo-eletromagnetico\/aluguel-locacao-cm-slim-cmslim\/\">Aluguel loca\u00e7\u00e3o CMSLIM\u00a0<\/a><\/p>\n<p><a href=\"https:\/\/justlaser.com.br\/alugueldelasers\/aluguel-de-aparelho-de-campo-eletromagnetico\/\">Aluguel de aparelhos de campo onda eletro magn\u00e9tica\u00a0<\/a><\/p>\n<p><a href=\"https:\/\/justlaser.com.br\/alugueldelasers\/aluguel-ultrassom-macro-focado-scizer\/aluguel-do-scizer\/\">Aluguel do Scizer\u00a0<\/a><\/p>\n<p><a href=\"https:\/\/justlaser.com.br\/alugueldelasers\/aluguel-ultrassom-macro-focado-scizer\/locacao-scizer\">Loca\u00e7\u00e3o do Scizer pelo Brasil\u00a0<\/a><\/p>\n<p><a href=\"https:\/\/justlaser.com.br\/alugueldelasers\/aluguel-locacao-harmony-xl\/\">Aluguel laser plataforma Harmony\u00a0<\/a><\/p>\n<p>&nbsp;<\/p>\n<p><em><strong><span style=\"font-size: 14pt;\">Se voc\u00ea procura aluguel loca\u00e7\u00e3o de aparelhos de ULTRASSOM MACRO FOCADO, COMO SCIZER,\u00a0<\/span><\/strong><\/em><br \/>\n<em><strong><span style=\"font-size: 14pt;\"> ou treinamento de SCIZER : entre em contato !<\/span><\/strong><\/em><\/p>\n<p><img decoding=\"async\" class=\"aligncenter size-full wp-image-2937\" src=\"https:\/\/justlaser.com.br\/alugueldelasers\/wp-content\/uploads\/2021\/12\/curso-ultrassom-macrofocado-SCIZER.png\" alt=\"curso ultrassom macrofocado SCIZER\" width=\"1493\" height=\"415\" title=\"\" srcset=\"https:\/\/justlaser.com.br\/alugueldelasers\/wp-content\/uploads\/2021\/12\/curso-ultrassom-macrofocado-SCIZER-200x56.png 200w, https:\/\/justlaser.com.br\/alugueldelasers\/wp-content\/uploads\/2021\/12\/curso-ultrassom-macrofocado-SCIZER-300x83.png 300w, https:\/\/justlaser.com.br\/alugueldelasers\/wp-content\/uploads\/2021\/12\/curso-ultrassom-macrofocado-SCIZER-400x111.png 400w, https:\/\/justlaser.com.br\/alugueldelasers\/wp-content\/uploads\/2021\/12\/curso-ultrassom-macrofocado-SCIZER-500x139.png 500w, https:\/\/justlaser.com.br\/alugueldelasers\/wp-content\/uploads\/2021\/12\/curso-ultrassom-macrofocado-SCIZER-600x167.png 600w, https:\/\/justlaser.com.br\/alugueldelasers\/wp-content\/uploads\/2021\/12\/curso-ultrassom-macrofocado-SCIZER-700x195.png 700w, https:\/\/justlaser.com.br\/alugueldelasers\/wp-content\/uploads\/2021\/12\/curso-ultrassom-macrofocado-SCIZER-768x213.png 768w, https:\/\/justlaser.com.br\/alugueldelasers\/wp-content\/uploads\/2021\/12\/curso-ultrassom-macrofocado-SCIZER-800x222.png 800w, https:\/\/justlaser.com.br\/alugueldelasers\/wp-content\/uploads\/2021\/12\/curso-ultrassom-macrofocado-SCIZER-1024x285.png 1024w, https:\/\/justlaser.com.br\/alugueldelasers\/wp-content\/uploads\/2021\/12\/curso-ultrassom-macrofocado-SCIZER-1200x334.png 1200w, https:\/\/justlaser.com.br\/alugueldelasers\/wp-content\/uploads\/2021\/12\/curso-ultrassom-macrofocado-SCIZER.png 1493w\" sizes=\"(max-width: 1493px) 100vw, 1493px\" \/><\/p>\n<p>&nbsp;<\/p>\n","protected":false},"excerpt":{"rendered":"<p>Curso de Ultrassom MacroFocado \u00a0Como funciona e por que caiu no gosto do Brasileiro [&hellip;]<\/p>\n","protected":false},"author":2,"featured_media":0,"parent":2597,"menu_order":0,"comment_status":"closed","ping_status":"closed","template":"","meta":{"footnotes":""},"_links":{"self":[{"href":"https:\/\/justlaser.com.br\/alugueldelasers\/wp-json\/wp\/v2\/pages\/2908"}],"collection":[{"href":"https:\/\/justlaser.com.br\/alugueldelasers\/wp-json\/wp\/v2\/pages"}],"about":[{"href":"https:\/\/justlaser.com.br\/alugueldelasers\/wp-json\/wp\/v2\/types\/page"}],"author":[{"embeddable":true,"href":"https:\/\/justlaser.com.br\/alugueldelasers\/wp-json\/wp\/v2\/users\/2"}],"replies":[{"embeddable":true,"href":"https:\/\/justlaser.com.br\/alugueldelasers\/wp-json\/wp\/v2\/comments?post=2908"}],"version-history":[{"count":0,"href":"https:\/\/justlaser.com.br\/alugueldelasers\/wp-json\/wp\/v2\/pages\/2908\/revisions"}],"up":[{"embeddable":true,"href":"https:\/\/justlaser.com.br\/alugueldelasers\/wp-json\/wp\/v2\/pages\/2597"}],"wp:attachment":[{"href":"https:\/\/justlaser.com.br\/alugueldelasers\/wp-json\/wp\/v2\/media?parent=2908"}],"curies":[{"name":"wp","href":"https:\/\/api.w.org\/{rel}","templated":true}]}}