{"id":2965,"date":"2022-01-05T18:12:09","date_gmt":"2022-01-05T21:12:09","guid":{"rendered":"https:\/\/justlaser.com.br\/alugueldelasers\/?page_id=2965"},"modified":"2022-01-05T21:24:21","modified_gmt":"2022-01-06T00:24:21","slug":"aluguel-soprano-ice","status":"publish","type":"page","link":"https:\/\/justlaser.com.br\/alugueldelasers\/aluguel-e-locacao-de-laser-para-depilacao-a-laser\/aluguel-soprano-ice\/","title":{"rendered":"Aluguel Soprano Ice"},"content":{"rendered":"<section class=\"elementor-section elementor-top-section elementor-element elementor-element-bf4b7c2 elementor-section-boxed elementor-section-height-default elementor-section-height-default\" data-id=\"bf4b7c2\" data-element_type=\"section\">\n<div class=\"elementor-container elementor-column-gap-default\">\n<div class=\"elementor-row\">\n<div class=\"elementor-column elementor-col-66 elementor-top-column elementor-element elementor-element-338d63a\" data-id=\"338d63a\" data-element_type=\"column\">\n<div class=\"elementor-column-wrap elementor-element-populated\">\n<div class=\"elementor-widget-wrap\">\n<div class=\"elementor-element elementor-element-fff592c elementor-widget elementor-widget-text-editor\" data-id=\"fff592c\" data-element_type=\"widget\" data-widget_type=\"text-editor.default\">\n<div class=\"elementor-widget-container\">\n<div class=\"elementor-text-editor elementor-clearfix\">\n<h1><strong>ALUGUEL DO SOPRANO ICE\u00a0<\/strong><\/h1>\n<h2><strong> LASER DA ALMA LASER PARA DEPILA\u00c7\u00c3O QUERIDINHO DAS CL\u00cdNICA DE DEPILA\u00c7\u00c3O A LASER<\/strong><\/h2>\n<h3><strong><a href=\"https:\/\/justlaser.com.br\/alugueldelasers\/aluguel-e-locacao-de-laser-para-depilacao-a-laser\/aluguel-soprano-ice\/\">\u00a0ALUGUEL DO SOPRANO ICE<\/a>?<\/strong><\/h3>\n<p>Sim,\u00a0 a maquina \u00e9 campe\u00e3 de vendas e de resultados, os pacientes adoram, d\u00f3i menos que o LightSheer e \u00e9 bem mais r\u00e1pida.<\/p>\n<p>Quem aluga o Soprano ama e n\u00e3o se arrepende, dada a facilidade e tecnologia associadas \u00e0 maquina.<br \/>\nAparelho israelense, voc\u00ea sabe que pode contar com a tecnologia de Israel , e as\u00a0 mais avan\u00e7ada maquinas de laser da dermatologia moderna<\/p>\n<h3><strong>Veja o que o fabricante fala do aparelho Soprano Ice, que pode fazer o aluguel aqui conosco<\/strong><\/h3>\n<h4 class=\"nitro-offscreen\"><strong>The Complete Solution for Hair Removal<\/strong><\/h4>\n<p class=\"nitro-offscreen\">The latest generation of the award-winning Soprano laser hair removal system, Soprano ICE is used by advanced hair removal clinics and leading physicians around the world.<\/p>\n<p class=\"nitro-offscreen\">The Soprano ICE platform represents a new era in laser hair removal technology and treatment methods. By incorporating multiple laser wavelengths and technologies, Soprano ICE allows you to treat the widest range of patients and hair types quickly and painlessly, all year round.<\/p>\n<ul class=\"nitro-offscreen\">\n<li><strong>Virtually Painless<\/strong><\/li>\n<li><strong>Proven Safety Record<\/strong><\/li>\n<li><strong>All Skin Types<\/strong><\/li>\n<li><strong>Tanned Skin<\/strong><\/li>\n<li><strong>Full Coverage Rate<\/strong><\/li>\n<\/ul>\n<h3><strong> <iframe src=\"\/\/www.youtube.com\/embed\/ihpYFXHzND0\" width=\"560\" height=\"314\" allowfullscreen=\"allowfullscreen\"><\/iframe><\/strong><\/h3>\n<p>O<strong><a href=\"https:\/\/www.almalasers.com\/alma-products\/soprano-ice-2\/\" target=\"_blank\" rel=\"noopener\">\u00a0<\/a>Soprano Ice\u00a0<\/strong>\u00e9 um equipamento utilizado para a remo\u00e7\u00e3o a laser definitiva dos pelos, nas seguintes \u00e1reas:<\/p>\n<ul>\n<li>Axila,<\/li>\n<li>costas,<\/li>\n<li>peito,<\/li>\n<li>perna,<\/li>\n<li>ombros e virilha<\/li>\n<li>etc&#8230;<\/li>\n<\/ul>\n<h2><strong>COMO FUNCIONA O SOPRANO ICE?<\/strong><\/h2>\n<p>Por meio do laser de diodo 800nm,\u00a0 <a href=\"https:\/\/www.almalasers.com\/alma-products\/soprano-ice-2\/\" target=\"_blank\" rel=\"noopener\">o <strong>Soprano Ice\u00a0<\/strong><\/a>aquece o bulbo (raiz) do pelo.<\/p>\n<p>Esse calor \u00e9 o respons\u00e1vel pela interrup\u00e7\u00e3o do crescimento dos fios.<\/p>\n<p>Para a realiza\u00e7\u00e3o desse procedimento, o equipamento pode trabalhar de dois modos diferentes:<\/p>\n<ul>\n<li>o HR, m\u00e9todo tradicional ponto a ponto;<\/li>\n<li>e o SHR, um m\u00e9todo avan\u00e7ado, que realiza fototerm\u00f3lise volum\u00e9trica.<\/li>\n<li><\/li>\n<\/ul>\n<h2><strong>QUAIS S\u00c3O AS PRINCIPAIS VANTAGENS DO ALUGUEL DO SOPRANO ICE?<\/strong><\/h2>\n<ul>\n<li>Possui um sistema exclusivo e altamente eficiente de depila\u00e7\u00e3o, o\u00a0<em>Super Hair Removal,\u00a0<\/em>respons\u00e1vel pelo r\u00e1pido desaparecimento dos pelos.<\/li>\n<li>Possui a\u00a0<em>Tecnologia ICE\u2122<\/em>\u00a0de refrigera\u00e7\u00e3o, que minimiza o risco de queimaduras na pele durante o procedimento.<\/li>\n<li>Apresenta maior possibilidade de n\u00edveis de efic\u00e1cia e de cobertura.<\/li>\n<li>Trata-se de uma t\u00e9cnica \u00e9 \u00e1gil, segura e praticamente indolor, contribuindo para o conforto do cliente.<\/li>\n<li>Pode ser utilizado em todos os tipos de pele (fototipos do I ao VI).<\/li>\n<li>Raramente apresenta efeitos colaterais.<\/li>\n<li>Respeita as normas e as regulamenta\u00e7\u00f5es da ANVISA.<\/li>\n<\/ul>\n<\/div>\n<\/div>\n<\/div>\n<\/div>\n<\/div>\n<\/div>\n<\/div>\n<\/div>\n<\/section>\n<section class=\"elementor-section elementor-top-section elementor-element elementor-element-6abf6ef elementor-section-boxed elementor-section-height-default elementor-section-height-default\" data-id=\"6abf6ef\" data-element_type=\"section\">\n<div class=\"elementor-container elementor-column-gap-default\">\n<div class=\"elementor-row\">\n<div class=\"elementor-column elementor-col-100 elementor-top-column elementor-element elementor-element-a80a484\" data-id=\"a80a484\" data-element_type=\"column\">\n<div class=\"elementor-column-wrap elementor-element-populated\">\n<div class=\"elementor-widget-wrap\">\n<div class=\"elementor-element elementor-element-78d5da5 elementor-widget elementor-widget-text-editor\" data-id=\"78d5da5\" data-element_type=\"widget\" data-widget_type=\"text-editor.default\">\n<div class=\"elementor-widget-container\">\n<div class=\"elementor-text-editor elementor-clearfix\">\n<h3><\/h3>\n<p><strong><span style=\"font-size: 14pt;\"><a href=\"https:\/\/justlaser.com.br\/alugueldelasers\/aluguel-e-locacao-de-laser-para-depilacao-a-laser\/aluguel-soprano-ice\/\">ALUGUEL DE APARELHO DE DEPILA\u00c7\u00c3O A LASER SOPRANO ICE<\/a><\/span><\/strong><\/p>\n<p><strong><span style=\"font-size: 14pt;\"><a href=\"https:\/\/justlaser.com.br\/alugueldelasers\/locacao-do-soprano-ice\/\">LOCA\u00c7\u00c3O DE SOPRANO ICE\u00a0<\/a><\/span><\/strong><\/p>\n<p><strong><span style=\"font-size: 14pt;\"><a href=\"https:\/\/justlaser.com.br\/alugueldelasers\/locacao-do-soprano-ice\/aluguel-soprano-xl\/\">ALUGUEL SOPRANO XL\u00a0<\/a><\/span><\/strong><\/p>\n<p><span style=\"font-size: 18pt;\">Entre em contato para <a href=\"https:\/\/justlaser.com.br\/alugueldelasers\/aluguel-e-locacao-de-laser-para-depilacao-a-laser\/aluguel-soprano-ice\/\"><strong>aluguel do aparelho SOPRANO ICE<\/strong><\/a>\u00a0 ou para treinamento de Soprano<\/span><\/p>\n<\/div>\n<\/div>\n<\/div>\n<\/div>\n<\/div>\n<\/div>\n<\/div>\n<\/div>\n<\/section>\n","protected":false},"excerpt":{"rendered":"<p>ALUGUEL DO SOPRANO ICE\u00a0 LASER DA ALMA LASER PARA DEPILA\u00c7\u00c3O QUERIDINHO DAS CL\u00cdNICA DE [&hellip;]<\/p>\n","protected":false},"author":2,"featured_media":0,"parent":2616,"menu_order":0,"comment_status":"closed","ping_status":"closed","template":"","meta":{"footnotes":""},"_links":{"self":[{"href":"https:\/\/justlaser.com.br\/alugueldelasers\/wp-json\/wp\/v2\/pages\/2965"}],"collection":[{"href":"https:\/\/justlaser.com.br\/alugueldelasers\/wp-json\/wp\/v2\/pages"}],"about":[{"href":"https:\/\/justlaser.com.br\/alugueldelasers\/wp-json\/wp\/v2\/types\/page"}],"author":[{"embeddable":true,"href":"https:\/\/justlaser.com.br\/alugueldelasers\/wp-json\/wp\/v2\/users\/2"}],"replies":[{"embeddable":true,"href":"https:\/\/justlaser.com.br\/alugueldelasers\/wp-json\/wp\/v2\/comments?post=2965"}],"version-history":[{"count":0,"href":"https:\/\/justlaser.com.br\/alugueldelasers\/wp-json\/wp\/v2\/pages\/2965\/revisions"}],"up":[{"embeddable":true,"href":"https:\/\/justlaser.com.br\/alugueldelasers\/wp-json\/wp\/v2\/pages\/2616"}],"wp:attachment":[{"href":"https:\/\/justlaser.com.br\/alugueldelasers\/wp-json\/wp\/v2\/media?parent=2965"}],"curies":[{"name":"wp","href":"https:\/\/api.w.org\/{rel}","templated":true}]}}