{"id":2967,"date":"2022-01-05T18:25:57","date_gmt":"2022-01-05T21:25:57","guid":{"rendered":"https:\/\/justlaser.com.br\/alugueldelasers\/?page_id=2967"},"modified":"2022-01-05T21:24:54","modified_gmt":"2022-01-06T00:24:54","slug":"locacao-do-soprano-ice","status":"publish","type":"page","link":"https:\/\/justlaser.com.br\/alugueldelasers\/locacao-do-soprano-ice\/","title":{"rendered":"Loca\u00e7\u00e3o do Soprano Ice"},"content":{"rendered":"<section class=\"elementor-section elementor-top-section elementor-element elementor-element-bf4b7c2 elementor-section-boxed elementor-section-height-default elementor-section-height-default\" data-id=\"bf4b7c2\" data-element_type=\"section\">\n<div class=\"elementor-container elementor-column-gap-default\">\n<div class=\"elementor-row\">\n<div class=\"elementor-column elementor-col-66 elementor-top-column elementor-element elementor-element-338d63a\" data-id=\"338d63a\" data-element_type=\"column\">\n<div class=\"elementor-column-wrap elementor-element-populated\">\n<div class=\"elementor-widget-wrap\">\n<div class=\"elementor-element elementor-element-fff592c elementor-widget elementor-widget-text-editor\" data-id=\"fff592c\" data-element_type=\"widget\" data-widget_type=\"text-editor.default\">\n<div class=\"elementor-widget-container\">\n<div class=\"elementor-text-editor elementor-clearfix\">\n<h1><strong>LOCA\u00c7\u00c3O\u00a0 DO SOPRANO ICE\u00a0<\/strong><\/h1>\n<p>A loca\u00e7\u00e3o de laser de depila\u00e7\u00e3o que pode mudar sua cl\u00ednica de status&#8230;<br \/>\nTecnologia israelense, veja um pouco mais da empresa por tr\u00e1s dessa maravilhosa M\u00c1QUINA DE DEPILACAO .<br \/>\nEntenda porque <em><strong>a loca\u00e7\u00e3o do Soprano Ice<\/strong><\/em> pode trazer tanto retorno para voc\u00ea<\/p>\n<\/div>\n<p><iframe src=\"\/\/www.youtube.com\/embed\/KTvudJCHDHM\" width=\"560\" height=\"314\" allowfullscreen=\"allowfullscreen\"><\/iframe><\/p>\n<div class=\"elementor-text-editor elementor-clearfix\">\n<h2><strong> LASER DA ALMA LASER PARA DEPILA\u00c7\u00c3O QUERIDINHO DAS CL\u00cdNICA DE DEPILA\u00c7\u00c3O A LASER<\/strong><\/h2>\n<h3><strong><a href=\"https:\/\/justlaser.com.br\/alugueldelasers\/locacao-do-soprano-ice\/\">LOCA\u00c7\u00c3O\u00a0 DO SOPRANO ICE<\/a>?<\/strong><\/h3>\n<p>Sim,\u00a0 a maquina \u00e9 campe\u00e3 de vendas e de resultados, os pacientes adoram, d\u00f3i menos que o LightSheer e \u00e9 bem mais r\u00e1pida.<\/p>\n<p>Quem aluga o Soprano ama e n\u00e3o se arrepende, dada a facilidade e tecnologia associadas \u00e0 maquina.<br \/>\nAparelho israelense, voc\u00ea sabe que pode contar com a tecnologia de Israel , e as\u00a0 mais avan\u00e7ada maquinas de laser da dermatologia moderna<\/p>\n<h3><strong>Veja o que o fabricante fala sobre loca\u00e7\u00e3o do aparelho Soprano Ice,\u00a0 da TECNOLOGIA SHR\u00a0<\/strong><\/h3>\n<h4><strong>Voc\u00ea que pode fazer o aluguel aqui conosco<\/strong><\/h4>\n<p>n 2006, Two visionaries took upon themselves to change the way laser hair removal is performed. Those were Alma lasers\u2019 founder and former CEO Dr. Ziv Karni and Dr. Jospeh Lepselter, one of Alma\u2019s clinical application directors. They named their innovation\u00a0<strong>SHR\u00a0technology<\/strong>.<\/p>\n<p>Up to that point in time, laser or IPL (intense pulsed light) hair removal was performed by pulsing the skin with a very strong light beam. The plan was that the melanin-containing hair follicle would absorb the\u00a0delivered\u00a0energy, heat up dramatically and be destroyed. Sounds painful, doesn\u2019t it?!<\/p>\n<p>And if the pain wasn\u2019t enough, there were many coverage issues caused by the stamping technique practitioners used. Less optimal coverage created \u2018Zebra stripes\u2019 in the treated area (stripes of skin with visible reduction followed by ones with hair growth). To make things worse, overlapping coverage (pulsing the same place more than one) could even cause burns to the patients\u2019 skin!<\/p>\n<div id=\"attachment_1144\" class=\"wp-caption alignnone\">\n<p><img decoding=\"async\" class=\"wp-image-1144 size-large entered lazyloaded\" src=\"http:\/\/www.alma-soprano.com\/wp-content\/uploads\/2020\/05\/shr_laser-e1588666840167-1024x500.jpg\" sizes=\"(max-width: 1024px) 100vw, 1024px\" srcset=\"https:\/\/www.alma-soprano.com\/wp-content\/uploads\/2020\/05\/shr_laser-e1588666840167-1024x500.jpg 1024w, https:\/\/www.alma-soprano.com\/wp-content\/uploads\/2020\/05\/shr_laser-e1588666840167-300x146.jpg 300w, https:\/\/www.alma-soprano.com\/wp-content\/uploads\/2020\/05\/shr_laser-e1588666840167-768x375.jpg 768w, https:\/\/www.alma-soprano.com\/wp-content\/uploads\/2020\/05\/shr_laser-e1588666840167.jpg 1148w\" alt=\"shr laser technology\" width=\"1024\" height=\"500\" aria-describedby=\"caption-attachment-1144\" data-lazy-srcset=\"https:\/\/www.alma-soprano.com\/wp-content\/uploads\/2020\/05\/shr_laser-e1588666840167-1024x500.jpg 1024w, https:\/\/www.alma-soprano.com\/wp-content\/uploads\/2020\/05\/shr_laser-e1588666840167-300x146.jpg 300w, https:\/\/www.alma-soprano.com\/wp-content\/uploads\/2020\/05\/shr_laser-e1588666840167-768x375.jpg 768w, https:\/\/www.alma-soprano.com\/wp-content\/uploads\/2020\/05\/shr_laser-e1588666840167.jpg 1148w\" data-lazy-sizes=\"(max-width: 1024px) 100vw, 1024px\" data-lazy-src=\"http:\/\/www.alma-soprano.com\/wp-content\/uploads\/2020\/05\/shr_laser-e1588666840167-1024x500.jpg\" data-ll-status=\"loaded\" data-lazy- title=\"\"><\/p>\n<p id=\"caption-attachment-1144\" class=\"wp-caption-text\">Sketch from the original patent application<\/p>\n<\/div>\n<h2>What is SHR\u00a0hair removal technology?<\/h2>\n<p>SHR\u2122 simply stands for \u2018<strong>Super Hair Removal<\/strong>\u2018. Dubbing something as \u2018Super\u2019 might sound arrogant and pompous. Even so, when you realize what this innovation did for the treatment calling it \u2018SHR\u2019 is\u00a0<strong>an understatement<\/strong>. The main concept behind is that the energy delivered to the target area is accumulative. It involves heating up the skin in the entire treated area to a point the hair follicles are destroyed. This process is done by using an \u201cin-motion\u201d technique, where the practitioner uses gliding motions with the laser applicator over the patients\u2019 skin.<\/p>\n<p>So rather than lasing each hair follicle individually with a high powered beam which is painful, SHR\u00a0uses lower energy with high repetition to achieve maximum results with virtually no pain at all. Moreover, the \u201cin-motion\u201d technique ensures better and more uniform coverage and\u00a0<strong>minimizes the risk of burns<\/strong>.<\/p>\n<p>&nbsp;<\/p>\n<h2>The answer for dark skinned hair removal patients<\/h2>\n<p>Other than the above mentioned benefits for all patients, SHR also was huge news for people with\u00a0<strong>darker skin types<\/strong>\u00a0that wanted to get laser hair removal. Prior to that the pain was almost unbearable, and the risk for burns was too high. The melanin rich skin absorbed too much of the laser energy and heated up considerably with traditional hair removal techniques. But with SHR those days\u00a0were long gone. Additionally, advanced laser devices using this technology such as Alma\u2019s Soprano lasers, offer specially cooled applicators that even lower the pain levels so basically most patients report only a feeling of slight warmth during the treatment session.<\/p>\n<p>O<strong>Soprano Ice\u00a0<\/strong>\u00e9 um equipamento utilizado para a remo\u00e7\u00e3o a laser definitiva dos pelos, nas seguintes \u00e1reas:<\/p>\n<ul>\n<li>Axila,<\/li>\n<li>costas,<\/li>\n<li>peito,<\/li>\n<li>perna,<\/li>\n<li>ombros e virilha<\/li>\n<li>etc&#8230;<\/li>\n<\/ul>\n<h2><strong>COMO FUNCIONA A LOCA\u00c7\u00c3O DO\u00a0 SOPRANO ICE?<\/strong><\/h2>\n<p>Entre em contato pelo whatsApp do Site.<br \/>\nA m\u00e1quina \u00e9 alugada praticamente todos os dias da semana. Pode ser que tenha dificuldade em\u00a0 achar data, vamos te ajudar<\/p>\n<p>Por meio do laser de diodo 800nm,\u00a0 <a href=\"https:\/\/www.almalasers.com\/alma-products\/soprano-ice-2\/\" target=\"_blank\" rel=\"noopener\">o <strong>Soprano Ice\u00a0<\/strong><\/a>aquece o bulbo (raiz) do pelo.<\/p>\n<p>Esse calor \u00e9 o respons\u00e1vel pela interrup\u00e7\u00e3o do crescimento dos fios.<\/p>\n<p>Para a realiza\u00e7\u00e3o desse procedimento, o equipamento pode trabalhar de dois modos diferentes:<\/p>\n<ul>\n<li>o HR, m\u00e9todo tradicional ponto a ponto;<\/li>\n<li>e o SHR, um m\u00e9todo avan\u00e7ado, que realiza fototerm\u00f3lise volum\u00e9trica.<\/li>\n<li><\/li>\n<\/ul>\n<h2><strong>QUAIS S\u00c3O AS PRINCIPAIS VANTAGENS DA LOCA\u00c7\u00c3O DO SOPRANO ICE?<\/strong><\/h2>\n<ul>\n<li>Possui um sistema exclusivo e altamente eficiente de depila\u00e7\u00e3o, o\u00a0<em>Super Hair Removal,\u00a0<\/em>respons\u00e1vel pelo r\u00e1pido desaparecimento dos pelos.<\/li>\n<li>Possui a\u00a0<em>Tecnologia ICE\u2122<\/em>\u00a0de refrigera\u00e7\u00e3o, que minimiza o risco de queimaduras na pele durante o procedimento.<\/li>\n<li>Apresenta maior possibilidade de n\u00edveis de efic\u00e1cia e de cobertura.<\/li>\n<li>Trata-se de uma t\u00e9cnica \u00e9 \u00e1gil, segura e praticamente indolor, contribuindo para o conforto do cliente.<\/li>\n<li>Pode ser utilizado em todos os tipos de pele (fototipos do I ao VI).<\/li>\n<li>Raramente apresenta efeitos colaterais.<\/li>\n<li>Respeita as normas e as regulamenta\u00e7\u00f5es da ANVISA.<\/li>\n<\/ul>\n<\/div>\n<\/div>\n<\/div>\n<\/div>\n<\/div>\n<\/div>\n<\/div>\n<\/div>\n<\/section>\n<section class=\"elementor-section elementor-top-section elementor-element elementor-element-6abf6ef elementor-section-boxed elementor-section-height-default elementor-section-height-default\" data-id=\"6abf6ef\" data-element_type=\"section\">\n<div class=\"elementor-container elementor-column-gap-default\">\n<div class=\"elementor-row\">\n<div class=\"elementor-column elementor-col-100 elementor-top-column elementor-element elementor-element-a80a484\" data-id=\"a80a484\" data-element_type=\"column\">\n<div class=\"elementor-column-wrap elementor-element-populated\">\n<div class=\"elementor-widget-wrap\">\n<div class=\"elementor-element elementor-element-78d5da5 elementor-widget elementor-widget-text-editor\" data-id=\"78d5da5\" data-element_type=\"widget\" data-widget_type=\"text-editor.default\">\n<div class=\"elementor-widget-container\">\n<div class=\"elementor-text-editor elementor-clearfix\">\n<p><strong><span style=\"font-size: 14pt;\"><a href=\"https:\/\/justlaser.com.br\/alugueldelasers\/aluguel-e-locacao-de-laser-para-depilacao-a-laser\/aluguel-soprano-ice\/\">ALUGUEL DE APARELHO DE DEPILA\u00c7\u00c3O A LASER SOPRANO ICE<\/a><\/span><\/strong><\/p>\n<p><strong><span style=\"font-size: 14pt;\"><a href=\"https:\/\/justlaser.com.br\/alugueldelasers\/locacao-do-soprano-ice\/\">LOCA\u00c7\u00c3O DE SOPRANO ICE\u00a0<\/a><\/span><\/strong><\/p>\n<p><strong><span style=\"font-size: 14pt;\"><a href=\"https:\/\/justlaser.com.br\/alugueldelasers\/locacao-do-soprano-ice\/aluguel-soprano-xl\/\">ALUGUEL SOPRANO XL\u00a0<\/a><\/span><\/strong><\/p>\n<p><span style=\"font-size: 18pt;\">Entre em contato para <a href=\"https:\/\/justlaser.com.br\/alugueldelasers\/aluguel-e-locacao-de-laser-para-depilacao-a-laser\/aluguel-soprano-ice\/\"><strong>aluguel do aparelho SOPRANO ICE<\/strong><\/a>\u00a0 ou para treinamento de Soprano<\/span><\/p>\n<\/div>\n<\/div>\n<\/div>\n<\/div>\n<\/div>\n<\/div>\n<\/div>\n<\/div>\n<\/section>\n","protected":false},"excerpt":{"rendered":"<p>LOCA\u00c7\u00c3O\u00a0 DO SOPRANO ICE\u00a0 A loca\u00e7\u00e3o de laser de depila\u00e7\u00e3o que pode mudar sua [&hellip;]<\/p>\n","protected":false},"author":2,"featured_media":0,"parent":0,"menu_order":0,"comment_status":"closed","ping_status":"closed","template":"","meta":{"footnotes":""},"_links":{"self":[{"href":"https:\/\/justlaser.com.br\/alugueldelasers\/wp-json\/wp\/v2\/pages\/2967"}],"collection":[{"href":"https:\/\/justlaser.com.br\/alugueldelasers\/wp-json\/wp\/v2\/pages"}],"about":[{"href":"https:\/\/justlaser.com.br\/alugueldelasers\/wp-json\/wp\/v2\/types\/page"}],"author":[{"embeddable":true,"href":"https:\/\/justlaser.com.br\/alugueldelasers\/wp-json\/wp\/v2\/users\/2"}],"replies":[{"embeddable":true,"href":"https:\/\/justlaser.com.br\/alugueldelasers\/wp-json\/wp\/v2\/comments?post=2967"}],"version-history":[{"count":0,"href":"https:\/\/justlaser.com.br\/alugueldelasers\/wp-json\/wp\/v2\/pages\/2967\/revisions"}],"wp:attachment":[{"href":"https:\/\/justlaser.com.br\/alugueldelasers\/wp-json\/wp\/v2\/media?parent=2967"}],"curies":[{"name":"wp","href":"https:\/\/api.w.org\/{rel}","templated":true}]}}