{"id":2970,"date":"2022-01-05T20:33:05","date_gmt":"2022-01-05T23:33:05","guid":{"rendered":"https:\/\/justlaser.com.br\/alugueldelasers\/?page_id=2970"},"modified":"2022-01-05T21:15:37","modified_gmt":"2022-01-06T00:15:37","slug":"aluguel-soprano-xl","status":"publish","type":"page","link":"https:\/\/justlaser.com.br\/alugueldelasers\/locacao-do-soprano-ice\/aluguel-soprano-xl\/","title":{"rendered":"Aluguel Soprano XL"},"content":{"rendered":"<section class=\"elementor-section elementor-top-section elementor-element elementor-element-bf4b7c2 elementor-section-boxed elementor-section-height-default elementor-section-height-default\" data-id=\"bf4b7c2\" data-element_type=\"section\">\n<div class=\"elementor-container elementor-column-gap-default\">\n<div class=\"elementor-row\">\n<div class=\"elementor-column elementor-col-66 elementor-top-column elementor-element elementor-element-338d63a\" data-id=\"338d63a\" data-element_type=\"column\">\n<div class=\"elementor-column-wrap elementor-element-populated\">\n<div class=\"elementor-widget-wrap\">\n<div class=\"elementor-element elementor-element-fff592c elementor-widget elementor-widget-text-editor\" data-id=\"fff592c\" data-element_type=\"widget\" data-widget_type=\"text-editor.default\">\n<div class=\"elementor-widget-container\">\n<div class=\"elementor-text-editor elementor-clearfix\">\n<h1><strong>ALUGUEL\u00a0 DO SOPRANO XL\u00a0<\/strong><\/h1>\n<p>&nbsp;<\/p>\n<p><strong><img decoding=\"async\" class=\"alignright\" title=\"ALUGUEL SOPRANO XL \" src=\"https:\/\/static.wixstatic.com\/media\/cbe87d_6dccf2292cb747b296beb4ec3df1a54b~mv2.png\/v1\/fill\/w_490,h_128,al_c,q_85,usm_0.66_1.00_0.01\/cbe87d_6dccf2292cb747b296beb4ec3df1a54b~mv2.webp\" alt=\"ALUGUEL SOPRANO XL \" width=\"490\" height=\"128\" \/>O <a href=\"https:\/\/www.lbtlasers.com.br\/soprano-ice\" target=\"_blank\" rel=\"noopener\">Soprano XL<\/a> , com a ponteira ICE<\/strong>, aparelho padr\u00e3o internacional de depila\u00e7\u00e3o a laser, com a ponteira ICE, \u00e9 provavelmente o aparelho de depila\u00e7\u00e3o que mais alugamos na Just Laser,\u00a0 desde o in\u00edcio da empresa..<\/p>\n<p>Cl\u00ednicas m\u00e9dicas e de est\u00e9tica por todo Brasil aprenderam a utilizar o Soprano XL, e a vender a ideia da m\u00e1quina para seus clientes.<\/p>\n<p><span style=\"font-size: 14pt;\"><strong>A loca\u00e7\u00e3o de laser para depila\u00e7\u00e3o que pode mudar sua cl\u00ednica de status&#8230;<\/strong><\/span><\/p>\n<p>&nbsp;<\/p>\n<h3><span style=\"font-size: 18pt;\">\u00a0Veja essa entrevista no SBT sobre a tecnologia do Soprano XL\u00a0<\/span><\/h3>\n<p><iframe src=\"\/\/www.youtube.com\/embed\/cnYDMnI_DNE\" width=\"560\" height=\"314\" allowfullscreen=\"allowfullscreen\"><\/iframe><\/p>\n<h3><\/h3>\n<h2><strong>ALUGUEL DO SOPRANO XL ,\u00a0 DA ALMA LASER<\/strong><\/h2>\n<h3><span style=\"font-size: 12pt;\"><strong> QUERIDINHO DAS CL\u00cdNICA M\u00c9DICAS E DE DEPILA\u00c7\u00c3O A LASER<br \/>\n<\/strong><\/span><strong><span style=\"font-size: 12pt;\">PENSANDO EM ALUGUEL DO SOPRANO XL ?<\/span><br \/>\n<\/strong>Sim,\u00a0 a maquina \u00e9 campe\u00e3 de vendas e de resultados, os pacientes adoram, d\u00f3i menos que o LightSheer e \u00e9 bem mais r\u00e1pida.<\/h3>\n<p>Quem aluga o Soprano ama e n\u00e3o se arrepende, dada a facilidade e tecnologia associadas \u00e0 maquina.<br \/>\nAparelho israelense, voc\u00ea sabe que pode contar com a tecnologia de Israel , e as\u00a0 mais avan\u00e7ada maquinas de laser da dermatologia moderna<\/p>\n<h3>Tecnologia israelense de ponta<\/h3>\n<p>Veja um pouco mais da empresa por tr\u00e1s dessa maravilhosa M\u00c1QUINA DE DEPILACAO .<\/p>\n<p>Para entender um pouco mais\u00a0 o\u00a0 porque <em><strong>o aluguel do\u00a0 do Soprano XL <\/strong><\/em>pode trazer tanto retorno financeiro para voc\u00ea, abaixo trazemos um v\u00eddeo mostrando a compra da empresa israelense por um gigantesco grupo asi\u00e1tico.<\/p>\n<\/div>\n<p><iframe src=\"\/\/www.youtube.com\/embed\/KTvudJCHDHM\" width=\"560\" height=\"314\" allowfullscreen=\"allowfullscreen\" data-mce-fragment=\"1\"><\/iframe><\/p>\n<div class=\"elementor-text-editor elementor-clearfix\">\n<p>&nbsp;<\/p>\n<h3><strong>Veja o que o fabricante fala sobre loca\u00e7\u00e3o do aparelho Soprano Ice,\u00a0 com a TECNOLOGIA SHR\u00a0<\/strong><\/h3>\n<h4><strong>Voc\u00ea que pode fazer o aluguel aqui conosco<\/strong><\/h4>\n<p>In 2006, Two visionaries took upon themselves to change the way laser hair removal is performed. Those were Alma lasers\u2019 founder and former CEO Dr. Ziv Karni and Dr. Jospeh Lepselter, one of Alma\u2019s clinical application directors. They named their innovation <strong>SHR\u00a0technology<\/strong>.<\/p>\n<p>Up to that point in time, laser or IPL (intense pulsed light) hair removal was performed by pulsing the skin with a very strong light beam. The plan was that the melanin-containing hair follicle would absorb the\u00a0delivered\u00a0energy, heat up dramatically and be destroyed. Sounds painful, doesn\u2019t it?!<\/p>\n<p>&nbsp;<\/p>\n<div id=\"comp-jjjhj8to\" class=\"_1Q9if\" data-testid=\"richTextElement\">\n<h3 class=\"font_0\">Tecnologia inovadora: Alexandrita 755nm<\/h3>\n<\/div>\n<div id=\"comp-jjjhl8iv\" class=\"_1Q9if\" data-testid=\"richTextElement\">\n<p><img decoding=\"async\" class=\"alignleft\" title=\"Aluguel de soprano XL\" src=\"https:\/\/static.wixstatic.com\/media\/cbe87d_6e567e6ea186486ca844746561764d24~mv2.png\/v1\/fill\/w_393,h_271,al_c,q_85,usm_0.66_1.00_0.01\/cbe87d_6e567e6ea186486ca844746561764d24~mv2.webp\" alt=\"Aluguel de soprano XL\" width=\"393\" height=\"271\" \/><\/p>\n<p class=\"font_7\">A escolha do comprimento de onda ideal para a depila\u00e7\u00e3o n\u00e3o \u00e9 uma tarefa f\u00e1cil. Os que possuem uma grande absor\u00e7\u00e3o pela melanina conseguem atingir muito bem os pelos claros e finos mas ficam limitados a peles mais claras. Os com menos absor\u00e7\u00e3o servem para peles mais escuras por\u00e9m n\u00e3o removem bem pelos finos e claros.<\/p>\n<p class=\"font_7\">Um comprimento de onda muito eficaz \u00e9 o de <strong>Alexandrita 755nm, novidade no Soprano XL que alugamos.\u00a0<\/strong><\/p>\n<\/div>\n<div id=\"comp-jjjhp00g\" class=\"_1Q9if\" data-testid=\"richTextElement\">\n<p class=\"font_7\">Por\u00e9m n\u00e3o permite a depila\u00e7\u00e3o de peles escuras. Com a ponteira de diodo 755nm a Alma emprega o m\u00e9todo SHR aumentado gradativamente a temperatura do fol\u00edculo mantendo a temperatura da pele baixa, e isso com o auxilio do super-resfriamento da tecnologia ICE. Estas in\u00e9ditas tecnologias permitem que o soprano Ice com a ponteira Alex 755nm trate todos os tipos de pelos em todos os foto-tipos de pele inclusive as bronzeadas, com seguran\u00e7a e m\u00ednimo desconforto.<\/p>\n<\/div>\n<div id=\"comp-jjjhqj48\" class=\"_1ncY2\">\n<div class=\"_13Lxq\" data-testid=\"container-bg\"><\/div>\n<div class=\"\" data-mesh-id=\"comp-jjjhqj48inlineContent\" data-testid=\"inline-content\">\n<div data-mesh-id=\"comp-jjjhqj48inlineContent-gridContainer\" data-testid=\"mesh-container-content\">\n<div id=\"comp-jjjhqtkr\" class=\"_1Q9if\" data-testid=\"richTextElement\">\n<h2 class=\"font_0\"><span style=\"font-size: 14pt;\">TRATA TODOS OS FOTOTIPOS DE PELE, INCLUSIVE BRONZEADAS, E OS PELOS FINOS E CLAROS!<\/span><\/h2>\n<h3>Soprano Xl para pele negra : The answer for dark skinned hair removal patients<\/h3>\n<p>Other than the above mentioned benefits for all patients, SHR also was huge news for people with\u00a0<strong>darker skin types<\/strong>\u00a0that wanted to get laser hair removal. Prior to that the pain was almost unbearable, and the risk for burns was too high. The melanin rich skin absorbed too much of the laser energy and heated up considerably with traditional hair removal techniques. But with SHR those days\u00a0were long gone. Additionally, advanced laser devices using this technology such as Alma\u2019s Soprano lasers, offer specially cooled applicators that even lower the pain levels so basically most patients report only a feeling of slight warmth during the treatment session.<\/p>\n<p>&nbsp;<\/p>\n<\/div>\n<\/div>\n<\/div>\n<\/div>\n<div id=\"comp-jjjhtk7z\" class=\"_1Q9if\" data-testid=\"richTextElement\">\n<blockquote>\n<h1 class=\"font_0\"><span style=\"font-size: 12pt;\">O Soprano XL , com a ponteira nova ICE , de Alxandrite (Alex 755nm0) \u00e9 o novo \u201cGold Standard\u201d na depila\u00e7\u00e3o a Laser<\/span><\/h1>\n<\/blockquote>\n<\/div>\n<p>&nbsp;<\/p>\n<p>O <strong>Soprano Ice\u00a0<\/strong>\u00e9 um equipamento utilizado para a remo\u00e7\u00e3o a laser definitiva dos pelos, nas seguintes \u00e1reas:<\/p>\n<ul>\n<li>Axila,<\/li>\n<li>costas,<\/li>\n<li>peito,<\/li>\n<li>perna,<\/li>\n<li>ombros e virilha<\/li>\n<li>etc&#8230;<\/li>\n<\/ul>\n<h2><strong>COMO FAZEMOS O ALUGUEL DO SOPRANO XL ?<\/strong><\/h2>\n<p>Entre em contato pelo whatsApp do Site.<br \/>\nA m\u00e1quina \u00e9 alugada praticamente todos os dias da semana. Pode ser que tenha dificuldade em\u00a0 achar data, vamos te ajudar<\/p>\n<p>Por meio do laser de diodo 800nm,\u00a0 <a href=\"https:\/\/www.almalasers.com\/alma-products\/soprano-ice-2\/\" target=\"_blank\" rel=\"noopener\">o <strong>Soprano Ice\u00a0<\/strong><\/a>aquece o bulbo (raiz) do pelo.<\/p>\n<p>Esse calor \u00e9 o respons\u00e1vel pela interrup\u00e7\u00e3o do crescimento dos fios.<\/p>\n<p>Para a realiza\u00e7\u00e3o desse procedimento, o equipamento pode trabalhar de dois modos diferentes:<\/p>\n<ul>\n<li>o HR, m\u00e9todo tradicional ponto a ponto;<\/li>\n<li>e o SHR, um m\u00e9todo avan\u00e7ado, que realiza fototerm\u00f3lise volum\u00e9trica.<\/li>\n<\/ul>\n<h2><strong>QUAIS S\u00c3O AS PRINCIPAIS VANTAGENS DO ALUGUEL DO SOPRANO XL ?<\/strong><\/h2>\n<ul>\n<li>Possui um sistema exclusivo e altamente eficiente de depila\u00e7\u00e3o, o\u00a0<em>Super Hair Removal,\u00a0<\/em>respons\u00e1vel pelo r\u00e1pido desaparecimento dos pelos.<\/li>\n<li>Possui a\u00a0<em>Tecnologia ICE\u2122<\/em>\u00a0de refrigera\u00e7\u00e3o, que minimiza o risco de queimaduras na pele durante o procedimento.<\/li>\n<li>Apresenta maior possibilidade de n\u00edveis de efic\u00e1cia e de cobertura.<\/li>\n<li>Trata-se de uma t\u00e9cnica \u00e9 \u00e1gil, segura e praticamente indolor, contribuindo para o conforto do cliente.<\/li>\n<li>Pode ser utilizado em todos os tipos de pele (fototipos do I ao VI).<\/li>\n<li>Raramente apresenta efeitos colaterais.<\/li>\n<li>Respeita as normas e as regulamenta\u00e7\u00f5es da ANVISA.<\/li>\n<\/ul>\n<\/div>\n<\/div>\n<\/div>\n<\/div>\n<\/div>\n<\/div>\n<\/div>\n<\/div>\n<\/section>\n<section class=\"elementor-section elementor-top-section elementor-element elementor-element-6abf6ef elementor-section-boxed elementor-section-height-default elementor-section-height-default\" data-id=\"6abf6ef\" data-element_type=\"section\">\n<div class=\"elementor-container elementor-column-gap-default\">\n<div class=\"elementor-row\">\n<div class=\"elementor-column elementor-col-100 elementor-top-column elementor-element elementor-element-a80a484\" data-id=\"a80a484\" data-element_type=\"column\">\n<div class=\"elementor-column-wrap elementor-element-populated\">\n<div class=\"elementor-widget-wrap\">\n<div class=\"elementor-element elementor-element-78d5da5 elementor-widget elementor-widget-text-editor\" data-id=\"78d5da5\" data-element_type=\"widget\" data-widget_type=\"text-editor.default\">\n<div class=\"elementor-widget-container\">\n<div class=\"elementor-text-editor elementor-clearfix\">\n<p><strong><span style=\"font-size: 14pt;\"><a href=\"https:\/\/justlaser.com.br\/alugueldelasers\/aluguel-e-locacao-de-laser-para-depilacao-a-laser\/aluguel-soprano-ice\/\">ALUGUEL DE APARELHO DE DEPILA\u00c7\u00c3O A LASER SOPRANO ICE<\/a><\/span><\/strong><\/p>\n<p><strong><span style=\"font-size: 14pt;\"><a href=\"https:\/\/justlaser.com.br\/alugueldelasers\/locacao-do-soprano-ice\/\">LOCA\u00c7\u00c3O DE SOPRANO ICE\u00a0<\/a><\/span><\/strong><\/p>\n<p><strong><span style=\"font-size: 14pt;\"><a href=\"https:\/\/justlaser.com.br\/alugueldelasers\/locacao-do-soprano-ice\/aluguel-soprano-xl\/\">ALUGUEL SOPRANO XL\u00a0<\/a><\/span><\/strong><\/p>\n<p><span style=\"font-size: 14pt;\"><a href=\"https:\/\/justlaser.com.br\/alugueldelasers\/aluguel-e-locacao-de-laser-para-depilacao-a-laser\/aluguel-locacao-de-laser-light-sheer-duet-sp\/\">Aluguel Loca\u00e7\u00e3o de Laser Light Sheer Duet<\/a><\/span><span style=\"font-size: 18pt;\">Entre em contato para <a href=\"https:\/\/justlaser.com.br\/alugueldelasers\/aluguel-e-locacao-de-laser-para-depilacao-a-laser\/aluguel-soprano-ice\/\"><strong>aluguel do aparelho SOPRANO ICE<\/strong><\/a>\u00a0 ou para treinamento de Soprano<\/span><\/p>\n<\/div>\n<\/div>\n<\/div>\n<\/div>\n<\/div>\n<\/div>\n<\/div>\n<\/div>\n<\/section>\n","protected":false},"excerpt":{"rendered":"<p>ALUGUEL\u00a0 DO SOPRANO XL\u00a0 &nbsp; O Soprano XL , com a ponteira ICE, aparelho [&hellip;]<\/p>\n","protected":false},"author":2,"featured_media":0,"parent":2967,"menu_order":0,"comment_status":"closed","ping_status":"closed","template":"","meta":{"footnotes":""},"_links":{"self":[{"href":"https:\/\/justlaser.com.br\/alugueldelasers\/wp-json\/wp\/v2\/pages\/2970"}],"collection":[{"href":"https:\/\/justlaser.com.br\/alugueldelasers\/wp-json\/wp\/v2\/pages"}],"about":[{"href":"https:\/\/justlaser.com.br\/alugueldelasers\/wp-json\/wp\/v2\/types\/page"}],"author":[{"embeddable":true,"href":"https:\/\/justlaser.com.br\/alugueldelasers\/wp-json\/wp\/v2\/users\/2"}],"replies":[{"embeddable":true,"href":"https:\/\/justlaser.com.br\/alugueldelasers\/wp-json\/wp\/v2\/comments?post=2970"}],"version-history":[{"count":0,"href":"https:\/\/justlaser.com.br\/alugueldelasers\/wp-json\/wp\/v2\/pages\/2970\/revisions"}],"up":[{"embeddable":true,"href":"https:\/\/justlaser.com.br\/alugueldelasers\/wp-json\/wp\/v2\/pages\/2967"}],"wp:attachment":[{"href":"https:\/\/justlaser.com.br\/alugueldelasers\/wp-json\/wp\/v2\/media?parent=2970"}],"curies":[{"name":"wp","href":"https:\/\/api.w.org\/{rel}","templated":true}]}}